{"id":4147,"date":"2023-06-15T10:48:16","date_gmt":"2023-06-15T10:48:16","guid":{"rendered":"https:\/\/elbschule.hamburg.de\/?page_id=4147"},"modified":"2023-06-26T09:25:37","modified_gmt":"2023-06-26T09:25:37","slug":"von-hummeln-honig-und-wildbienen-der-bombus-war-da","status":"publish","type":"page","link":"https:\/\/elbschule.hamburg.de\/?page_id=4147","title":{"rendered":"Von Hummeln, Honig- und Wildbienen \u2013 Der Bombus war da!"},"content":{"rendered":"<p><a href=\"https:\/\/elbschule.hamburg.de\/wp-content\/uploads\/sites\/127\/2023\/06\/TeaserBild1.jpg\" data-rel=\"lightbox\" data-rl_title=\"\" data-rl_caption=\"\" title=\"\"><img loading=\"lazy\" decoding=\"async\" class=\"aligncenter size-full wp-image-4153\" src=\"https:\/\/elbschule.hamburg.de\/wp-content\/uploads\/sites\/127\/2023\/06\/TeaserBild1.jpg\" alt=\"\" width=\"640\" height=\"360\" srcset=\"https:\/\/elbschule.hamburg.de\/wp-content\/uploads\/sites\/127\/2023\/06\/TeaserBild1.jpg 640w, https:\/\/elbschule.hamburg.de\/wp-content\/uploads\/sites\/127\/2023\/06\/TeaserBild1-300x169.jpg 300w\" sizes=\"auto, (max-width: 640px) 100vw, 640px\" \/><\/a>Der 1. Juni 2023 war ein ungew\u00f6hnlich kalter und windiger Fr\u00fchlingstag. \u00a0\u201eHeute k\u00f6nnen nur starke Hummeln mit Muskeln fliegen,\u201c erkl\u00e4rte Natur- und Umweltp\u00e4dagogin Laura Rentz den Kindern der Klasse 4\/5a.<\/p>\n<p><a href=\"https:\/\/elbschule.hamburg.de\/wp-content\/uploads\/sites\/127\/2023\/06\/Bild2.jpeg\" data-rel=\"lightbox\" data-rl_title=\"\" data-rl_caption=\"\" title=\"\"><img loading=\"lazy\" decoding=\"async\" class=\"aligncenter size-full wp-image-4149\" src=\"https:\/\/elbschule.hamburg.de\/wp-content\/uploads\/sites\/127\/2023\/06\/Bild2.jpeg\" alt=\"\" width=\"640\" height=\"480\" srcset=\"https:\/\/elbschule.hamburg.de\/wp-content\/uploads\/sites\/127\/2023\/06\/Bild2.jpeg 640w, https:\/\/elbschule.hamburg.de\/wp-content\/uploads\/sites\/127\/2023\/06\/Bild2-300x225.jpeg 300w\" sizes=\"auto, (max-width: 640px) 100vw, 640px\" \/><\/a>Auf der gro\u00dfen Wiese gegen\u00fcber der Elbschule sa\u00dfen sie um eine Decke mit vergr\u00f6\u00dferten Abbildungen unterschiedlicher Bl\u00fcten herum. Sachunterricht unter freiem Himmel \u2013 dort, wo er hingeh\u00f6rt, m\u00f6chte man meinen. An diesem Tag ging es um die Welt der Bienen und Hummeln. Laura Rentz von der Schutzgemeinschaft Deutscher Wald war an die Elbschule gekommen, um mit zwei Gruppen ein umweltp\u00e4dagogisches Projekt durchzuf\u00fchren. Mit dem Bombus (lat. f\u00fcr Hummel, sch\u00f6nes Wortspiel) hatte sie umfangreiches Anschauungsmaterial mitgebracht.<\/p>\n<p><a href=\"https:\/\/elbschule.hamburg.de\/wp-content\/uploads\/sites\/127\/2023\/06\/Bild3.jpg\" data-rel=\"lightbox\" data-rl_title=\"\" data-rl_caption=\"\" title=\"\"><img loading=\"lazy\" decoding=\"async\" class=\"aligncenter size-full wp-image-4150\" src=\"https:\/\/elbschule.hamburg.de\/wp-content\/uploads\/sites\/127\/2023\/06\/Bild3.jpg\" alt=\"\" width=\"640\" height=\"360\" srcset=\"https:\/\/elbschule.hamburg.de\/wp-content\/uploads\/sites\/127\/2023\/06\/Bild3.jpg 640w, https:\/\/elbschule.hamburg.de\/wp-content\/uploads\/sites\/127\/2023\/06\/Bild3-300x169.jpg 300w\" sizes=\"auto, (max-width: 640px) 100vw, 640px\" \/><\/a>In einem Rollenspiel lernten die Kinder die Unterschiede zwischen der Honigbiene als Haustier sowie Hummel und Wildbiene kennen. Laura Rentz erarbeitete deren unterschiedliche Lebensweisen und Anspr\u00fcche mit den Kindern und traf den richtigen \u201eTon\u201c &#8211; der in DGS \u00fcbersetzt wurde &#8211; um sie zu begeistern und zu aktiver Mitarbeit zu motivieren. Wo \u201ewohnen\u201c die unterschiedlichen Arten und welche Pollen schmecken ihnen am besten? Das Sammeln der Pollen wurde durch die Kinder spielerisch nachempfunden.<\/p>\n<p><a href=\"https:\/\/elbschule.hamburg.de\/wp-content\/uploads\/sites\/127\/2023\/06\/Bild5.jpeg\" data-rel=\"lightbox\" data-rl_title=\"\" data-rl_caption=\"\" title=\"\"><img loading=\"lazy\" decoding=\"async\" class=\"alignleft size-medium wp-image-4152\" src=\"https:\/\/elbschule.hamburg.de\/wp-content\/uploads\/sites\/127\/2023\/06\/Bild5-300x225.jpeg\" alt=\"\" width=\"300\" height=\"225\" srcset=\"https:\/\/elbschule.hamburg.de\/wp-content\/uploads\/sites\/127\/2023\/06\/Bild5-300x225.jpeg 300w, https:\/\/elbschule.hamburg.de\/wp-content\/uploads\/sites\/127\/2023\/06\/Bild5.jpeg 640w\" sizes=\"auto, (max-width: 300px) 100vw, 300px\" \/><\/a>Doch was passiert, wenn Umweltgifte die Nahrungssuche der Insekten erschweren oder wenn Varoa-Milben die Honigbienen befallen? Die aktuelle Problematik des Insektensterbens blieb in den 90 Minuten nicht ausgespart, gleichzeitig konnten die Kinder\u00a0 aber als Abschluss einen eigenen kleinen Beitrag zur Erhaltung der Artenvielfalt leisten: Sie mischten unterschiedliche Blumensamen und stellten Saatkugeln her, die sp\u00e4ter im Blumenkasten zu Hause, im Park oder auf einem Bl\u00fchstreifen am Stra\u00dfenrand zur Freude von Hummeln, Bienen und Co. erbl\u00fchen sollen.<\/p>\n<p><a href=\"https:\/\/elbschule.hamburg.de\/wp-content\/uploads\/sites\/127\/2023\/06\/Bild4.jpg\" data-rel=\"lightbox\" data-rl_title=\"\" data-rl_caption=\"\" title=\"\"><img loading=\"lazy\" decoding=\"async\" class=\"aligncenter size-full wp-image-4151\" src=\"https:\/\/elbschule.hamburg.de\/wp-content\/uploads\/sites\/127\/2023\/06\/Bild4.jpg\" alt=\"\" width=\"640\" height=\"360\" srcset=\"https:\/\/elbschule.hamburg.de\/wp-content\/uploads\/sites\/127\/2023\/06\/Bild4.jpg 640w, https:\/\/elbschule.hamburg.de\/wp-content\/uploads\/sites\/127\/2023\/06\/Bild4-300x169.jpg 300w\" sizes=\"auto, (max-width: 640px) 100vw, 640px\" \/><\/a>Herzlichen Dank an Laura Rentz f\u00fcr das sehr lebendige Projekt, sowie an die Aurubis AG als langj\u00e4hrigen Sponsor dieser gelungenen umweltp\u00e4dagogischen Arbeit mit dem Bombus.<\/p>\n<p>Zo\u00eb de Homont, Fachleiterin Sachunterricht an der Elbschule, hatte den Kontakt hergestellt und diesen Tag organisiert. Auch sie war der Meinung, das Thema sei \u201egut umgesetzt f\u00fcr die Altersgruppe\u201c gewesen und war voller Lob f\u00fcr die kindgerechte Ansprache durch Laura Rentz. De Homont will sich daf\u00fcr einsetzen, dieses Angebot k\u00fcnftig regelhaft im Sachunterricht einzuplanen, sodass der Bombus bald wieder an der Elbschule vorfahren wird.<\/p>\n<p>&nbsp;<\/p>\n<p>Karin Perwo-A\u00dfmann<\/p>\n<p>&nbsp;<\/p>\n<p>&nbsp;<\/p>\n","protected":false},"excerpt":{"rendered":"<p>Der 1. Juni 2023 war ein ungew\u00f6hnlich kalter und windiger Fr\u00fchlingstag. \u00a0\u201eHeute k\u00f6nnen nur starke Hummeln mit Muskeln fliegen,\u201c erkl\u00e4rte Natur- und Umweltp\u00e4dagogin Laura Rentz den Kindern der Klasse 4\/5a. Auf der gro\u00dfen Wiese gegen\u00fcber der Elbschule sa\u00dfen sie um eine Decke mit vergr\u00f6\u00dferten Abbildungen unterschiedlicher Bl\u00fcten herum. Sachunterricht unter freiem Himmel \u2013 dort, wo &hellip; <a href=\"https:\/\/elbschule.hamburg.de\/?page_id=4147\" class=\"more-link\"><span class=\"screen-reader-text\">Von Hummeln, Honig- und Wildbienen \u2013 Der Bombus war da!<\/span> weiterlesen <span class=\"meta-nav\">&rarr;<\/span><\/a><\/p>\n","protected":false},"author":207,"featured_media":0,"parent":0,"menu_order":0,"comment_status":"closed","ping_status":"closed","template":"","meta":{"_acf_changed":false,"footnotes":""},"class_list":["post-4147","page","type-page","status-publish","hentry"],"acf":[],"_links":{"self":[{"href":"https:\/\/elbschule.hamburg.de\/index.php?rest_route=\/wp\/v2\/pages\/4147","targetHints":{"allow":["GET"]}}],"collection":[{"href":"https:\/\/elbschule.hamburg.de\/index.php?rest_route=\/wp\/v2\/pages"}],"about":[{"href":"https:\/\/elbschule.hamburg.de\/index.php?rest_route=\/wp\/v2\/types\/page"}],"author":[{"embeddable":true,"href":"https:\/\/elbschule.hamburg.de\/index.php?rest_route=\/wp\/v2\/users\/207"}],"replies":[{"embeddable":true,"href":"https:\/\/elbschule.hamburg.de\/index.php?rest_route=%2Fwp%2Fv2%2Fcomments&post=4147"}],"version-history":[{"count":8,"href":"https:\/\/elbschule.hamburg.de\/index.php?rest_route=\/wp\/v2\/pages\/4147\/revisions"}],"predecessor-version":[{"id":4189,"href":"https:\/\/elbschule.hamburg.de\/index.php?rest_route=\/wp\/v2\/pages\/4147\/revisions\/4189"}],"wp:attachment":[{"href":"https:\/\/elbschule.hamburg.de\/index.php?rest_route=%2Fwp%2Fv2%2Fmedia&parent=4147"}],"curies":[{"name":"wp","href":"https:\/\/api.w.org\/{rel}","templated":true}]}}