{"id":4109,"date":"2023-05-25T10:36:46","date_gmt":"2023-05-25T10:36:46","guid":{"rendered":"https:\/\/elbschule.hamburg.de\/?page_id=4109"},"modified":"2023-05-31T13:25:08","modified_gmt":"2023-05-31T13:25:08","slug":"kunstpioniere-am-ziel-blitzausstellung-im-altonaer-museum","status":"publish","type":"page","link":"https:\/\/elbschule.hamburg.de\/?page_id=4109","title":{"rendered":"Kunstpioniere am Ziel \u2013 Blitzausstellung im Altonaer Museum"},"content":{"rendered":"<p>Im Verlauf der letzten Monate sind aus den Sch\u00fclerinnen und Sch\u00fclern der Klassen 9a und 7a\/d nicht nur Pioniere (= Wegbegleiter, Bahnbrecher) der Kunst, sondern auch selbstbewusste K\u00fcnstler:innen geworden.<\/p>\n<p>Vor kurzem endete f\u00fcr sie nun das umfangreiche Programm Kunstpioniere der Beh\u00f6rde f\u00fcr Schule und Berufsbildung mit einer Blitzausstellung im Altonaer Museum, dem Kooperationspartner der Elbschule.<\/p>\n<figure id=\"attachment_4112\" aria-describedby=\"caption-attachment-4112\" style=\"width: 640px\" class=\"wp-caption aligncenter\"><a href=\"https:\/\/elbschule.hamburg.de\/wp-content\/uploads\/sites\/127\/2023\/05\/Bild1_Heike-Roegler.jpeg\" data-rel=\"lightbox\" data-rl_title=\"\" data-rl_caption=\"\" title=\"\"><img loading=\"lazy\" decoding=\"async\" class=\"size-full wp-image-4112\" src=\"https:\/\/elbschule.hamburg.de\/wp-content\/uploads\/sites\/127\/2023\/05\/Bild1_Heike-Roegler.jpeg\" alt=\"\" width=\"640\" height=\"480\" srcset=\"https:\/\/elbschule.hamburg.de\/wp-content\/uploads\/sites\/127\/2023\/05\/Bild1_Heike-Roegler.jpeg 640w, https:\/\/elbschule.hamburg.de\/wp-content\/uploads\/sites\/127\/2023\/05\/Bild1_Heike-Roegler-300x225.jpeg 300w\" sizes=\"auto, (max-width: 640px) 100vw, 640px\" \/><\/a><figcaption id=\"caption-attachment-4112\" class=\"wp-caption-text\">@ Heike Roegler<\/figcaption><\/figure>\n<p>Dort, im stimmungsvollen Galionsfiguren-Saal, waren rund 100 Besucher:innen am 05.Mai 2023 von den Projektleitenden feierlich begr\u00fc\u00dft worden. Im Anschluss daran informierten die jungen Kunstpioniere in Laut-und Geb\u00e4rdensprache \u00fcber ihre unterschiedlichen Arbeiten.<\/p>\n<figure id=\"attachment_4111\" aria-describedby=\"caption-attachment-4111\" style=\"width: 300px\" class=\"wp-caption alignright\"><a href=\"https:\/\/elbschule.hamburg.de\/wp-content\/uploads\/sites\/127\/2023\/05\/Bild-2_privat.jpeg\" data-rel=\"lightbox\" data-rl_title=\"\" data-rl_caption=\"\" title=\"\"><img loading=\"lazy\" decoding=\"async\" class=\"size-medium wp-image-4111\" src=\"https:\/\/elbschule.hamburg.de\/wp-content\/uploads\/sites\/127\/2023\/05\/Bild-2_privat-300x169.jpeg\" alt=\"\" width=\"300\" height=\"169\" srcset=\"https:\/\/elbschule.hamburg.de\/wp-content\/uploads\/sites\/127\/2023\/05\/Bild-2_privat-300x169.jpeg 300w, https:\/\/elbschule.hamburg.de\/wp-content\/uploads\/sites\/127\/2023\/05\/Bild-2_privat.jpeg 640w\" sizes=\"auto, (max-width: 300px) 100vw, 300px\" \/><\/a><figcaption id=\"caption-attachment-4111\" class=\"wp-caption-text\">(privat)<\/figcaption><\/figure>\n<p>Immer wieder fiel dabei der Satz: \u201eAlles war erlaubt!&#8220; \u2013 ein Grundprinzip dieses Projektes, das Sch\u00fclerinnen und Sch\u00fcler aller Schulformen und Jahrgangsstufen zu einer forschenden und kreativen Auseinandersetzung mit aktueller Kunst anregen wollte. \u00a0In Vorbereitung auf die Ausstellung \u201eVistapoints. Postkarten von Kirchner bis Beuys\u201c hatten die Elbsch\u00fcler:innen ein dialogisches Postkartenprojekt mit der M\u00fcnsterlandschule entwickelt. Das Motto lautete: <em>Kommunikation mit Kunst und nicht mit<\/em> <em>Worten<\/em>. Zur Blitzausstellung der gemeinsamen entstandenen Kunstwerke waren Sch\u00fcler:innen des Jahrgangs 8-10 aus M\u00fcnster mit ihrer Lehrerin Katharina Ebbeskotte nach Hamburg gekommen.<\/p>\n<p>&nbsp;<\/p>\n<figure id=\"attachment_4113\" aria-describedby=\"caption-attachment-4113\" style=\"width: 640px\" class=\"wp-caption aligncenter\"><a href=\"https:\/\/elbschule.hamburg.de\/wp-content\/uploads\/sites\/127\/2023\/05\/Bild3_Heike-Roegler.jpeg\" data-rel=\"lightbox\" data-rl_title=\"\" data-rl_caption=\"\" title=\"\"><img loading=\"lazy\" decoding=\"async\" class=\"wp-image-4113 size-full\" src=\"https:\/\/elbschule.hamburg.de\/wp-content\/uploads\/sites\/127\/2023\/05\/Bild3_Heike-Roegler.jpeg\" alt=\"\" width=\"640\" height=\"427\" srcset=\"https:\/\/elbschule.hamburg.de\/wp-content\/uploads\/sites\/127\/2023\/05\/Bild3_Heike-Roegler.jpeg 640w, https:\/\/elbschule.hamburg.de\/wp-content\/uploads\/sites\/127\/2023\/05\/Bild3_Heike-Roegler-300x200.jpeg 300w\" sizes=\"auto, (max-width: 640px) 100vw, 640px\" \/><\/a><figcaption id=\"caption-attachment-4113\" class=\"wp-caption-text\">@ Heike Roegler<\/figcaption><\/figure>\n<p>Die unterschiedlichen Exponate, Forschungsergebnisse und Mitmachaktionen waren in der zentralen S\u00e4ulenhalle des Museums ausgestellt. Bereitwillig gaben die jungen K\u00fcnstler:innen Ausk\u00fcnfte zu ihren Werken und freuten sich sichtlich \u00fcber die wohlverdiente Wertsch\u00e4tzung und Begeisterung des Publikums.<\/p>\n<figure id=\"attachment_4114\" aria-describedby=\"caption-attachment-4114\" style=\"width: 640px\" class=\"wp-caption aligncenter\"><a href=\"https:\/\/elbschule.hamburg.de\/wp-content\/uploads\/sites\/127\/2023\/05\/Bild4_Heike-Roegler.jpeg\" data-rel=\"lightbox\" data-rl_title=\"\" data-rl_caption=\"\" title=\"\"><img loading=\"lazy\" decoding=\"async\" class=\"wp-image-4114 size-full\" src=\"https:\/\/elbschule.hamburg.de\/wp-content\/uploads\/sites\/127\/2023\/05\/Bild4_Heike-Roegler.jpeg\" alt=\"\" width=\"640\" height=\"427\" srcset=\"https:\/\/elbschule.hamburg.de\/wp-content\/uploads\/sites\/127\/2023\/05\/Bild4_Heike-Roegler.jpeg 640w, https:\/\/elbschule.hamburg.de\/wp-content\/uploads\/sites\/127\/2023\/05\/Bild4_Heike-Roegler-300x200.jpeg 300w\" sizes=\"auto, (max-width: 640px) 100vw, 640px\" \/><\/a><figcaption id=\"caption-attachment-4114\" class=\"wp-caption-text\">@ Heike Roegler<\/figcaption><\/figure>\n<p>Das Projekt w\u00e4re ohne die gelungene Kooperation mit Heike Roegler vom Altonaer Museum und der Fotografin Kristine Thiemann nicht m\u00f6glich gewesen. Besonderer Dank geb\u00fchrt dem Engagement von Kunstp\u00e4dagogin Christin Hubert sowie den Lehrkr\u00e4ften Theresa Boyer, Britta Visser und Henrike W\u00f6hler.<\/p>\n<p>Als Kunstpioniere haben sich die Sch\u00fclerinnen und Sch\u00fcler nicht nur k\u00fcnstlerisch entfalten k\u00f6nnen. Damit einhergehend &#8211; und nicht zu untersch\u00e4tzen &#8211; war die Weiterentwicklung ihres Selbstwertgef\u00fchls. Raian sprach aus, was sicher alle gesp\u00fcrt hatten: \u201eWow, ich bin ja ein richtiger K\u00fcnstler!\u201c<\/p>\n<p>Die Blitzausstellung kann <a href=\"https:\/\/www.kunstpioniere.de\/ausstellung\/blitzausstellung-vistapoints\/\" target=\"_blank\" rel=\"noopener\"><u>hier<\/u><\/a> online besucht werden.<br \/>\nAlle Projektberichte der Elbsch\u00fcler:innen sowie professionelle Begleitfotos und Videos finden Sie hier:<br \/>\n<a href=\"https:\/\/www.kunstpioniere.de\/schaetze-auf-postkartenformat\/\">&#8211; Kunstpioniere &#8211; Sch\u00e4tze auf Postkartenformat<\/a><\/p>\n<p><a href=\"https:\/\/www.kunstpioniere.de\/mit-kunst-kommunizieren\/\" target=\"_blank\" rel=\"noopener\">&#8211; Kunstpioniere &#8211; mit Kunst kommunizieren<\/a><\/p>\n<p><a href=\"https:\/\/www.kunstpioniere.de\/von-der-postkarte-zu-individuellen-kunstprojekten\/\" target=\"_blank\" rel=\"noopener\">&#8211; Kunstpioniere &#8211; von der Postkarte zu individuellen Kunstprojekten<\/a><\/p>\n<p>Karin Perwo-A\u00dfmann<\/p>\n","protected":false},"excerpt":{"rendered":"<p>Im Verlauf der letzten Monate sind aus den Sch\u00fclerinnen und Sch\u00fclern der Klassen 9a und 7a\/d nicht nur Pioniere (= Wegbegleiter, Bahnbrecher) der Kunst, sondern auch selbstbewusste K\u00fcnstler:innen geworden. Vor kurzem endete f\u00fcr sie nun das umfangreiche Programm Kunstpioniere der Beh\u00f6rde f\u00fcr Schule und Berufsbildung mit einer Blitzausstellung im Altonaer Museum, dem Kooperationspartner der Elbschule. &hellip; <a href=\"https:\/\/elbschule.hamburg.de\/?page_id=4109\" class=\"more-link\"><span class=\"screen-reader-text\">Kunstpioniere am Ziel \u2013 Blitzausstellung im Altonaer Museum<\/span> weiterlesen <span class=\"meta-nav\">&rarr;<\/span><\/a><\/p>\n","protected":false},"author":207,"featured_media":0,"parent":0,"menu_order":0,"comment_status":"closed","ping_status":"closed","template":"","meta":{"_acf_changed":false,"footnotes":""},"class_list":["post-4109","page","type-page","status-publish","hentry"],"acf":[],"_links":{"self":[{"href":"https:\/\/elbschule.hamburg.de\/index.php?rest_route=\/wp\/v2\/pages\/4109","targetHints":{"allow":["GET"]}}],"collection":[{"href":"https:\/\/elbschule.hamburg.de\/index.php?rest_route=\/wp\/v2\/pages"}],"about":[{"href":"https:\/\/elbschule.hamburg.de\/index.php?rest_route=\/wp\/v2\/types\/page"}],"author":[{"embeddable":true,"href":"https:\/\/elbschule.hamburg.de\/index.php?rest_route=\/wp\/v2\/users\/207"}],"replies":[{"embeddable":true,"href":"https:\/\/elbschule.hamburg.de\/index.php?rest_route=%2Fwp%2Fv2%2Fcomments&post=4109"}],"version-history":[{"count":15,"href":"https:\/\/elbschule.hamburg.de\/index.php?rest_route=\/wp\/v2\/pages\/4109\/revisions"}],"predecessor-version":[{"id":4121,"href":"https:\/\/elbschule.hamburg.de\/index.php?rest_route=\/wp\/v2\/pages\/4109\/revisions\/4121"}],"wp:attachment":[{"href":"https:\/\/elbschule.hamburg.de\/index.php?rest_route=%2Fwp%2Fv2%2Fmedia&parent=4109"}],"curies":[{"name":"wp","href":"https:\/\/api.w.org\/{rel}","templated":true}]}}