{"id":4052,"date":"2023-05-15T11:17:05","date_gmt":"2023-05-15T11:17:05","guid":{"rendered":"https:\/\/elbschule.hamburg.de\/?page_id=4052"},"modified":"2023-05-15T11:55:42","modified_gmt":"2023-05-15T11:55:42","slug":"ihr-koennt-mehr-als-ihr-denkt-2-expertentag-zur-berufsorientierung","status":"publish","type":"page","link":"https:\/\/elbschule.hamburg.de\/?page_id=4052","title":{"rendered":"\u201eIhr k\u00f6nnt mehr, als ihr denkt!\u201c \u2013 2. Expertentag zur Berufsorientierung"},"content":{"rendered":"<p><img loading=\"lazy\" decoding=\"async\" class=\"alignleft wp-image-4066\" src=\"https:\/\/elbschule.hamburg.de\/wp-content\/uploads\/sites\/127\/2023\/05\/Plakat-Expertentag23-211x300.jpg\" alt=\"\" width=\"199\" height=\"283\" srcset=\"https:\/\/elbschule.hamburg.de\/wp-content\/uploads\/sites\/127\/2023\/05\/Plakat-Expertentag23-211x300.jpg 211w, https:\/\/elbschule.hamburg.de\/wp-content\/uploads\/sites\/127\/2023\/05\/Plakat-Expertentag23.jpg 450w\" sizes=\"auto, (max-width: 199px) 100vw, 199px\" \/><\/p>\n<p>\u201eNach dem Spiel ist vor dem Spiel!\u201c Schon bald nach der Premiere im Juli 2022 hatten sich Antonia Mutke und Britta Visser vom Orga-Team erneut auf die Suche nach interessanten G\u00e4sten gemacht.<\/p>\n<p>So fanden sich am 1. M\u00e4rz 2023 f\u00fcr den zweiten Expertentag 13 engagierte Referent:innen zusammen, um den Jugendlichen der Klassen 7-10 von ihren Erfahrungen in Ausbildung, Studium und Beruf zu berichten. So unterschiedlich wie ihr H\u00f6rstatus und ihre Kommunikationsform waren auch die vorgestellten Berufsfelder: Von A wie Architektur bis Z wie Zahnmedizinische Fachangestellte.<\/p>\n<p>In jeweils 60-90 Minuten berichteten die G\u00e4ste \u00fcber ihre beruflichen Wege und Entscheidungen. Mit gut verst\u00e4ndlichen PowerPoint-Pr\u00e4sentationen und Simultan\u00fcbersetzungen in Lautsprache und DGS wurden die Sch\u00fclerinnen und Sch\u00fcler barrierefrei angesprochen.<\/p>\n<p><img loading=\"lazy\" decoding=\"async\" class=\"alignleft size-medium wp-image-4056\" src=\"https:\/\/elbschule.hamburg.de\/wp-content\/uploads\/sites\/127\/2023\/05\/0-Expertentag23-300x169.jpg\" alt=\"\" width=\"300\" height=\"169\" srcset=\"https:\/\/elbschule.hamburg.de\/wp-content\/uploads\/sites\/127\/2023\/05\/0-Expertentag23-300x169.jpg 300w, https:\/\/elbschule.hamburg.de\/wp-content\/uploads\/sites\/127\/2023\/05\/0-Expertentag23.jpg 640w\" sizes=\"auto, (max-width: 300px) 100vw, 300px\" \/><\/p>\n<p>Trotz ihrer unterschiedlichen Pers\u00f6nlichkeiten und individuellen Lebenswege war es den Referent:innen wichtig, den Jugendlichen Ratschl\u00e4ge zu Empowerment und Selbstaktivierung mit auf den Weg zu geben. Wer k\u00f6nnte dies authentischer tun, als taube und schwerh\u00f6rige Vorbilder selbst?<\/p>\n<p>Die Empfehlungen der Experten lauteten \u00fcbereinstimmend:<\/p>\n<p><strong>Berufliche Entscheidungen sind keine Einbahnstra\u00dfe.<br \/>\n<\/strong><strong>\u2192 Vielleicht ist die erste Berufswahl noch nicht<\/strong><strong> die<\/strong><strong> passend<\/strong><strong>e<\/strong><strong> gewesen.<\/strong><\/p>\n<p>Nicole Simon und Sonja Wecker hatten nach ihrer ersten Ausbildung noch ganz andere T\u00e4tigkeitsbereiche und Qualifikationen f\u00fcr sich entdeckt. Armita Madani hatte die nur halbherzige Wahl ihrer ersten Ausbildung sp\u00e4ter bereut. F\u00fcr eine zweite Ausbildung musste sie k\u00e4mpfen und ist jetzt gl\u00fccklich in ihrem Beruf als Zahnmedizinische Fachangestellte. Arne Beermann und Shania Izadi sch\u00e4tzen beide die zuvor absolvierte Ausbildung als Grundlage f\u00fcr ihr aktuelles Maschinenbau-Studium.<\/p>\n<p><img loading=\"lazy\" decoding=\"async\" class=\"alignleft wp-image-4057\" src=\"https:\/\/elbschule.hamburg.de\/wp-content\/uploads\/sites\/127\/2023\/05\/1a-Expertentag23-300x169.jpg\" alt=\"\" width=\"280\" height=\"158\" srcset=\"https:\/\/elbschule.hamburg.de\/wp-content\/uploads\/sites\/127\/2023\/05\/1a-Expertentag23-300x169.jpg 300w, https:\/\/elbschule.hamburg.de\/wp-content\/uploads\/sites\/127\/2023\/05\/1a-Expertentag23.jpg 640w\" sizes=\"auto, (max-width: 280px) 100vw, 280px\" \/> <img loading=\"lazy\" decoding=\"async\" class=\"alignright wp-image-4058\" src=\"https:\/\/elbschule.hamburg.de\/wp-content\/uploads\/sites\/127\/2023\/05\/1b-Expertentag23-300x169.jpg\" alt=\"\" width=\"280\" height=\"158\" srcset=\"https:\/\/elbschule.hamburg.de\/wp-content\/uploads\/sites\/127\/2023\/05\/1b-Expertentag23-300x169.jpg 300w, https:\/\/elbschule.hamburg.de\/wp-content\/uploads\/sites\/127\/2023\/05\/1b-Expertentag23.jpg 640w\" sizes=\"auto, (max-width: 280px) 100vw, 280px\" \/> <img loading=\"lazy\" decoding=\"async\" class=\"alignleft wp-image-4059\" src=\"https:\/\/elbschule.hamburg.de\/wp-content\/uploads\/sites\/127\/2023\/05\/1c-Expertentag23-300x169.jpg\" alt=\"\" width=\"280\" height=\"158\" srcset=\"https:\/\/elbschule.hamburg.de\/wp-content\/uploads\/sites\/127\/2023\/05\/1c-Expertentag23-300x169.jpg 300w, https:\/\/elbschule.hamburg.de\/wp-content\/uploads\/sites\/127\/2023\/05\/1c-Expertentag23.jpg 640w\" sizes=\"auto, (max-width: 280px) 100vw, 280px\" \/> <img loading=\"lazy\" decoding=\"async\" class=\"alignright wp-image-4060\" src=\"https:\/\/elbschule.hamburg.de\/wp-content\/uploads\/sites\/127\/2023\/05\/1d-Expertentag23-300x169.jpg\" alt=\"\" width=\"280\" height=\"158\" srcset=\"https:\/\/elbschule.hamburg.de\/wp-content\/uploads\/sites\/127\/2023\/05\/1d-Expertentag23-300x169.jpg 300w, https:\/\/elbschule.hamburg.de\/wp-content\/uploads\/sites\/127\/2023\/05\/1d-Expertentag23.jpg 640w\" sizes=\"auto, (max-width: 280px) 100vw, 280px\" \/><\/p>\n<p>&nbsp;<\/p>\n<p>&nbsp;<\/p>\n<p>&nbsp;<\/p>\n<p>&nbsp;<\/p>\n<p>&nbsp;<\/p>\n<p>&nbsp;<\/p>\n<p>&nbsp;<\/p>\n<p>&nbsp;<\/p>\n<p><strong>\u00a0\u201eDas geht nicht mit H\u00f6rbehinderung\u201c?<br \/>\n<\/strong><strong>\u2192 Barrieren kannst du \u00fcberwinden.<\/strong><\/p>\n<p>Nicole Simon und Metin Kurdoglu mussten gegen diesen Satz ank\u00e4mpfen und hatten sich mit Hartn\u00e4ckigkeit und Leistung gegen Vorurteile zur Wehr gesetzt.<\/p>\n<p>Til Apfel, taubblinder Studierender, berichtete von seinen Erfahrungen bei Frontrunners, einem internationalen Trainingsprogramm f\u00fcr taube Menschen in D\u00e4nemark. Er ermutigte die Jugendlichen in Hinblick auf die Berufswahl: \u201eIhr k\u00f6nnt mehr, als ihr denkt!\u201c<\/p>\n<p>Sarah Lewis, Medizinstudentin am Universit\u00e4tsklinikum Hamburg-Eppendorf (UKE) berichtete von den H\u00fcrden, die sie im Studium meistern muss. So erkl\u00e4rte sie, wie sie trotz H\u00f6rbehinderung die Ger\u00e4usche von Herz, Lunge und Darm mit einem digitalen Stethoskop abh\u00f6ren kann.<\/p>\n<p><img loading=\"lazy\" decoding=\"async\" class=\"alignleft wp-image-4061\" src=\"https:\/\/elbschule.hamburg.de\/wp-content\/uploads\/sites\/127\/2023\/05\/2a-Expertentag23-300x169.jpg\" alt=\"\" width=\"280\" height=\"158\" srcset=\"https:\/\/elbschule.hamburg.de\/wp-content\/uploads\/sites\/127\/2023\/05\/2a-Expertentag23-300x169.jpg 300w, https:\/\/elbschule.hamburg.de\/wp-content\/uploads\/sites\/127\/2023\/05\/2a-Expertentag23.jpg 640w\" sizes=\"auto, (max-width: 280px) 100vw, 280px\" \/> <img loading=\"lazy\" decoding=\"async\" class=\"alignright wp-image-4062\" src=\"https:\/\/elbschule.hamburg.de\/wp-content\/uploads\/sites\/127\/2023\/05\/2b-Expertentag23-300x169.jpg\" alt=\"\" width=\"280\" height=\"158\" srcset=\"https:\/\/elbschule.hamburg.de\/wp-content\/uploads\/sites\/127\/2023\/05\/2b-Expertentag23-300x169.jpg 300w, https:\/\/elbschule.hamburg.de\/wp-content\/uploads\/sites\/127\/2023\/05\/2b-Expertentag23.jpg 640w\" sizes=\"auto, (max-width: 280px) 100vw, 280px\" \/><\/p>\n<p><span style=\"color: #ffffff\">&#8230;<br \/>\n<\/span><strong>Was macht dich stark?<br \/>\n<\/strong><strong>\u2192 Such dir Unterst\u00fctzer und baue ein Netzwerk auf!<br \/>\n<\/strong><strong>\u2192 Nimm Nachhilfe in Anspruch; auch h\u00f6rende Azubis brauchen Unterst\u00fctzung!<br \/>\n<\/strong><strong>\u2192 Sei offen, mit H\u00f6renden zusammenzuarbeiten. So ist die Arbeitswelt!<\/strong><\/p>\n<p>Auf die Frage, wie sie es geschafft h\u00e4tte, trotz mancher Barrieren nicht aufzugeben, antwortete Nicole Simon: \u201eAufgeben kam f\u00fcr mich nicht in Frage. Ich wollte es schaffen!\u201c Sie f\u00fcgte hinzu: \u201eWenn eine Situation aber k\u00f6rperlich krank macht, dann sollte man auf seinen K\u00f6rper h\u00f6ren und reagieren.\u201c<\/p>\n<p><strong>Wie findest du deinen Traumberuf?<br \/>\n<\/strong><strong>\u2192 Frag Bekannte nach ihren Berufen und begleite sie einen Tag bei der Arbeit!<br \/>\n<\/strong><strong>\u2192 Mach viele Praktika, auch in den Ferien!<\/strong><\/p>\n<p>Jana Tietz war sich sicher, ohne vorheriges Praktikum den Ausbildungsplatz zur Fachkauffrau nicht bekommen zu haben.<\/p>\n<p><img loading=\"lazy\" decoding=\"async\" class=\"alignright wp-image-4064\" src=\"https:\/\/elbschule.hamburg.de\/wp-content\/uploads\/sites\/127\/2023\/05\/3b-Expertentag23-300x169.jpg\" alt=\"\" width=\"280\" height=\"158\" srcset=\"https:\/\/elbschule.hamburg.de\/wp-content\/uploads\/sites\/127\/2023\/05\/3b-Expertentag23-300x169.jpg 300w, https:\/\/elbschule.hamburg.de\/wp-content\/uploads\/sites\/127\/2023\/05\/3b-Expertentag23.jpg 640w\" sizes=\"auto, (max-width: 280px) 100vw, 280px\" \/>Achileas Orliakis konnte sich unter dem Berufsfeld K\u00e4lte- und Klima-Elektronik zun\u00e4chst nichts vorstellen und begriff erst im Praktikum, was dahintersteckt. Er entschied sich f\u00fcr die Ausbildung und arbeitet heute erfolgreich in seinem Beruf mit Zukunft.<\/p>\n<p>&nbsp;<\/p>\n<p><img loading=\"lazy\" decoding=\"async\" class=\"alignleft wp-image-4063\" src=\"https:\/\/elbschule.hamburg.de\/wp-content\/uploads\/sites\/127\/2023\/05\/3a-Expertentag23-300x169.jpg\" alt=\"\" width=\"280\" height=\"158\" srcset=\"https:\/\/elbschule.hamburg.de\/wp-content\/uploads\/sites\/127\/2023\/05\/3a-Expertentag23-300x169.jpg 300w, https:\/\/elbschule.hamburg.de\/wp-content\/uploads\/sites\/127\/2023\/05\/3a-Expertentag23.jpg 640w\" sizes=\"auto, (max-width: 280px) 100vw, 280px\" \/> Im Anschluss an die Vortr\u00e4ge konnten sich die Jugendlichen pers\u00f6nlich mit den Expert:innen austauschen. Die nutzten einige Sch\u00fclerinnen und Sch\u00fcler, um sich beispielsweise bei Mario Klein nach Praktikumsm\u00f6glichkeiten im Bereich Zerspanungstechnik zu erkundigen.<\/p>\n<p>&nbsp;<\/p>\n<p>Ebenso interessiert waren andere an den Arbeitsbereichen im Gesundheitsbereich. Das UKE hatte sich bereits zum zweiten Mal in der Elbschule pr\u00e4sentiert und m\u00f6chte schwerh\u00f6rige und taube Mitarbeitende gewinnen.<\/p>\n<p>Dieser ganz besondere Schultag f\u00fcr die Jugendlichen endete um 15.30 Uhr. Ein herzliches Dankesch\u00f6n an alle G\u00e4ste f\u00fcr ihre Offenheit und Ermutigung. Nicht vergessen:\u201eIhr k\u00f6nnt mehr, als ihr denkt!<\/p>\n<p>&nbsp;<\/p>\n<p>Karin Perwo-A\u00dfmann<\/p>\n","protected":false},"excerpt":{"rendered":"<p>\u201eNach dem Spiel ist vor dem Spiel!\u201c Schon bald nach der Premiere im Juli 2022 hatten sich Antonia Mutke und Britta Visser vom Orga-Team erneut auf die Suche nach interessanten G\u00e4sten gemacht. So fanden sich am 1. M\u00e4rz 2023 f\u00fcr den zweiten Expertentag 13 engagierte Referent:innen zusammen, um den Jugendlichen der Klassen 7-10 von ihren &hellip; <a href=\"https:\/\/elbschule.hamburg.de\/?page_id=4052\" class=\"more-link\"><span class=\"screen-reader-text\">\u201eIhr k\u00f6nnt mehr, als ihr denkt!\u201c \u2013 2. Expertentag zur Berufsorientierung<\/span> weiterlesen <span class=\"meta-nav\">&rarr;<\/span><\/a><\/p>\n","protected":false},"author":195,"featured_media":0,"parent":0,"menu_order":0,"comment_status":"closed","ping_status":"closed","template":"","meta":{"_acf_changed":false,"footnotes":""},"class_list":["post-4052","page","type-page","status-publish","hentry"],"acf":[],"_links":{"self":[{"href":"https:\/\/elbschule.hamburg.de\/index.php?rest_route=\/wp\/v2\/pages\/4052","targetHints":{"allow":["GET"]}}],"collection":[{"href":"https:\/\/elbschule.hamburg.de\/index.php?rest_route=\/wp\/v2\/pages"}],"about":[{"href":"https:\/\/elbschule.hamburg.de\/index.php?rest_route=\/wp\/v2\/types\/page"}],"author":[{"embeddable":true,"href":"https:\/\/elbschule.hamburg.de\/index.php?rest_route=\/wp\/v2\/users\/195"}],"replies":[{"embeddable":true,"href":"https:\/\/elbschule.hamburg.de\/index.php?rest_route=%2Fwp%2Fv2%2Fcomments&post=4052"}],"version-history":[{"count":19,"href":"https:\/\/elbschule.hamburg.de\/index.php?rest_route=\/wp\/v2\/pages\/4052\/revisions"}],"predecessor-version":[{"id":4083,"href":"https:\/\/elbschule.hamburg.de\/index.php?rest_route=\/wp\/v2\/pages\/4052\/revisions\/4083"}],"wp:attachment":[{"href":"https:\/\/elbschule.hamburg.de\/index.php?rest_route=%2Fwp%2Fv2%2Fmedia&parent=4052"}],"curies":[{"name":"wp","href":"https:\/\/api.w.org\/{rel}","templated":true}]}}