{"id":4035,"date":"2023-04-26T17:55:04","date_gmt":"2023-04-26T17:55:04","guid":{"rendered":"https:\/\/elbschule.hamburg.de\/?page_id=4035"},"modified":"2024-10-11T08:53:10","modified_gmt":"2024-10-11T08:53:10","slug":"lust-auf-maerchen-maerchenhafte-kunstwerke-an-der-elbschule","status":"publish","type":"page","link":"https:\/\/elbschule.hamburg.de\/?page_id=4035","title":{"rendered":"Lust auf M\u00e4rchen? \u2013 M\u00e4rchenhafte Kunstwerke an der Elbschule"},"content":{"rendered":"<p><strong> <img loading=\"lazy\" decoding=\"async\" class=\"alignleft size-medium wp-image-4089\" src=\"https:\/\/elbschule.hamburg.de\/wp-content\/uploads\/sites\/127\/2023\/05\/Maerchen1-225x300.jpg\" alt=\"\" width=\"225\" height=\"300\" srcset=\"https:\/\/elbschule.hamburg.de\/wp-content\/uploads\/sites\/127\/2023\/05\/Maerchen1-225x300.jpg 225w, https:\/\/elbschule.hamburg.de\/wp-content\/uploads\/sites\/127\/2023\/05\/Maerchen1-768x1024.jpg 768w, https:\/\/elbschule.hamburg.de\/wp-content\/uploads\/sites\/127\/2023\/05\/Maerchen1-1152x1536.jpg 1152w, https:\/\/elbschule.hamburg.de\/wp-content\/uploads\/sites\/127\/2023\/05\/Maerchen1.jpg 1200w\" sizes=\"auto, (max-width: 225px) 100vw, 225px\" \/><\/strong><img loading=\"lazy\" decoding=\"async\" class=\"size-medium wp-image-4091 alignleft\" src=\"https:\/\/elbschule.hamburg.de\/wp-content\/uploads\/sites\/127\/2023\/05\/Maerchen3-225x300.jpg\" alt=\"\" width=\"225\" height=\"300\" srcset=\"https:\/\/elbschule.hamburg.de\/wp-content\/uploads\/sites\/127\/2023\/05\/Maerchen3-225x300.jpg 225w, https:\/\/elbschule.hamburg.de\/wp-content\/uploads\/sites\/127\/2023\/05\/Maerchen3-768x1024.jpg 768w, https:\/\/elbschule.hamburg.de\/wp-content\/uploads\/sites\/127\/2023\/05\/Maerchen3-1152x1536.jpg 1152w, https:\/\/elbschule.hamburg.de\/wp-content\/uploads\/sites\/127\/2023\/05\/Maerchen3.jpg 1200w\" sizes=\"auto, (max-width: 225px) 100vw, 225px\" \/><\/p>\n<p>&nbsp;<\/p>\n<p>&nbsp;<\/p>\n<p>&nbsp;<\/p>\n<p>&nbsp;<\/p>\n<p>&nbsp;<\/p>\n<p>&nbsp;<\/p>\n<p>&nbsp;<\/p>\n<p>Im Flur des 1. Stockwerks hingen vom 13.2. bis zum 31.3.2023 Kunstwerke der K\u00fcnstlerin Traudl Klor. Die Expressionistin hat zwanzig M\u00e4rchen der Gebr\u00fcder Grimm auf Leinwand in Form von gro\u00dfformatigen \u00d6lbildern gestaltet und farbstarke M\u00e4rchenszenen interpretiert. Die Kunstwerke wurden der Elbschule leihweise \u00fcber das Forum Kunst&amp;Dialog UG Dr. Eva Brehm zur Verf\u00fcgung gestellt.<\/p>\n<p><img loading=\"lazy\" decoding=\"async\" class=\"alignright wp-image-4090\" src=\"https:\/\/elbschule.hamburg.de\/wp-content\/uploads\/sites\/127\/2023\/05\/Maerchen2-300x225.jpg\" alt=\"\" width=\"250\" height=\"188\" srcset=\"https:\/\/elbschule.hamburg.de\/wp-content\/uploads\/sites\/127\/2023\/05\/Maerchen2-300x225.jpg 300w, https:\/\/elbschule.hamburg.de\/wp-content\/uploads\/sites\/127\/2023\/05\/Maerchen2-1024x768.jpg 1024w, https:\/\/elbschule.hamburg.de\/wp-content\/uploads\/sites\/127\/2023\/05\/Maerchen2-768x576.jpg 768w, https:\/\/elbschule.hamburg.de\/wp-content\/uploads\/sites\/127\/2023\/05\/Maerchen2-1536x1152.jpg 1536w, https:\/\/elbschule.hamburg.de\/wp-content\/uploads\/sites\/127\/2023\/05\/Maerchen2.jpg 1600w\" sizes=\"auto, (max-width: 250px) 100vw, 250px\" \/>Auf QR-Codes konnten Interessierte Informationen zu den M\u00e4rchen sowie den Prolog zu den Kunstwerken im Anhang finden.<\/p>\n<p>&nbsp;<\/p>\n<p>&nbsp;<\/p>\n<p>&nbsp;<\/p>\n<p><strong><a href=\"https:\/\/elbschule.hamburg.de\/wp-content\/uploads\/sites\/127\/2023\/04\/IMG_2651.jpg\" data-rel=\"lightbox\" data-rl_title=\"\" data-rl_caption=\"\" title=\"\"><img loading=\"lazy\" decoding=\"async\" class=\"alignleft wp-image-4038\" src=\"https:\/\/elbschule.hamburg.de\/wp-content\/uploads\/sites\/127\/2023\/04\/IMG_2651-225x300.jpg\" alt=\"\" width=\"210\" height=\"280\" srcset=\"https:\/\/elbschule.hamburg.de\/wp-content\/uploads\/sites\/127\/2023\/04\/IMG_2651-225x300.jpg 225w, https:\/\/elbschule.hamburg.de\/wp-content\/uploads\/sites\/127\/2023\/04\/IMG_2651.jpg 640w\" sizes=\"auto, (max-width: 210px) 100vw, 210px\" \/><\/a><\/strong>Am 3. und am 24.3.23 hat die Klasse 4\/5a im Flur des ersten Stockes zu den Bildern gearbeitet. Als erstes durften die Kinder zeigen, welche M\u00e4rchen sie schon kennen und welche nicht. Dabei war es spannend auch zu erfahren, welche M\u00e4rchen in der Ukraine bekannt sind.<br \/>\nZuerst machten alle eine kleine Rallye: Die Kinder mussten Bildausschnitte, die auf dem Tablet gezeigt wurden, auf den Bildern suchen bzw. wiedererkennen. Am Anfang ging es mit einfachen Ausschnitten los und dann wurden sie immer anspruchsvoller. Anschlie\u00dfend durften sich die Kinder mit den M\u00e4rchen selbst besch\u00e4ftigen.<\/p>\n<p><a href=\"https:\/\/elbschule.hamburg.de\/wp-content\/uploads\/sites\/127\/2023\/04\/IMG_2650.jpg\" data-rel=\"lightbox\" data-rl_title=\"\" data-rl_caption=\"\" title=\"\"><img loading=\"lazy\" decoding=\"async\" class=\"alignright wp-image-4037\" src=\"https:\/\/elbschule.hamburg.de\/wp-content\/uploads\/sites\/127\/2023\/04\/IMG_2650-225x300.jpg\" alt=\"\" width=\"210\" height=\"280\" srcset=\"https:\/\/elbschule.hamburg.de\/wp-content\/uploads\/sites\/127\/2023\/04\/IMG_2650-225x300.jpg 225w, https:\/\/elbschule.hamburg.de\/wp-content\/uploads\/sites\/127\/2023\/04\/IMG_2650.jpg 640w\" sizes=\"auto, (max-width: 210px) 100vw, 210px\" \/><\/a><\/p>\n<p>Diese waren von der tauben Geb\u00e4rdensprachdolmetscherin Mandy Wyrostek zusammenfassend in DGS erz\u00e4hlt und per Video aufgenommen worden, sodass die Kinder sich zu zweit die M\u00e4rchen auf dem Tablet (\u00fcber einen QR-Code) anschauen konnten. Damit die Kinder sich die M\u00e4rchen nicht nur einfach ansahen, sondern sie auch aufmerksam anschauten und sich den Inhalt merkten, gab es danach die Aufgabe, Bildfolgen dazu in der richtigen Reihenfolge zu legen. Die Stunden machten den Kindern viel Spa\u00df und am Ende gab es ein Abschlussquiz zu den M\u00e4rchen, in dem sie in Teams gemeinsam Punkte sammeln konnten.<\/p>\n<p>Nicht nur die Klasse 4\/5a nutzte diese besondere Ausstellung, um M\u00e4rchen neu oder wieder zu entdecken. Die Bilder von Traudl Klor &#8211; intensiv in ihrer Farbgestaltung mit den kr\u00e4ftigen Pinselstrichen in \u00d6l &#8211; regten viele an zum Staunen und zur Auseinandersetzung mit den verschiedenen M\u00e4rchen.<\/p>\n<p><a href=\"https:\/\/elbschule.hamburg.de\/wp-content\/uploads\/sites\/127\/2023\/04\/IMG_2653.jpg\" data-rel=\"lightbox\" data-rl_title=\"\" data-rl_caption=\"\" title=\"\"><img loading=\"lazy\" decoding=\"async\" class=\"wp-image-4040 size-thumbnail alignleft\" src=\"https:\/\/elbschule.hamburg.de\/wp-content\/uploads\/sites\/127\/2023\/04\/IMG_2653-150x150.jpg\" alt=\"\" width=\"150\" height=\"150\" \/><\/a><a href=\"https:\/\/elbschule.hamburg.de\/wp-content\/uploads\/sites\/127\/2023\/04\/IMG_2652.jpg\" data-rel=\"lightbox\" data-rl_title=\"\" data-rl_caption=\"\" title=\"\"><img loading=\"lazy\" decoding=\"async\" class=\"alignleft size-thumbnail wp-image-4039\" src=\"https:\/\/elbschule.hamburg.de\/wp-content\/uploads\/sites\/127\/2023\/04\/IMG_2652-150x150.jpg\" alt=\"\" width=\"150\" height=\"150\" \/><\/a><\/p>\n<p>&nbsp;<\/p>\n<p>&nbsp;<\/p>\n<p>&nbsp;<\/p>\n<p>&nbsp;<\/p>\n<p>Dank der gro\u00dfz\u00fcgigen Spende der Drostei, Kulturzentrum des Kreises Pinneberg, konnten die \u00dcbersetzungen in Geb\u00e4rdensprache realisiert und via QR-Code abgerufen werden. <a href=\"http:\/\/www.Drostei.de\">www.Drostei.de<\/a><\/p>\n<p>Gabi Ernesti und Katharina von Puttkamer<\/p>\n","protected":false},"excerpt":{"rendered":"<p>&nbsp; &nbsp; &nbsp; &nbsp; &nbsp; &nbsp; &nbsp; Im Flur des 1. Stockwerks hingen vom 13.2. bis zum 31.3.2023 Kunstwerke der K\u00fcnstlerin Traudl Klor. Die Expressionistin hat zwanzig M\u00e4rchen der Gebr\u00fcder Grimm auf Leinwand in Form von gro\u00dfformatigen \u00d6lbildern gestaltet und farbstarke M\u00e4rchenszenen interpretiert. Die Kunstwerke wurden der Elbschule leihweise \u00fcber das Forum Kunst&amp;Dialog UG Dr. &hellip; <a href=\"https:\/\/elbschule.hamburg.de\/?page_id=4035\" class=\"more-link\"><span class=\"screen-reader-text\">Lust auf M\u00e4rchen? \u2013 M\u00e4rchenhafte Kunstwerke an der Elbschule<\/span> weiterlesen <span class=\"meta-nav\">&rarr;<\/span><\/a><\/p>\n","protected":false},"author":207,"featured_media":0,"parent":0,"menu_order":0,"comment_status":"closed","ping_status":"closed","template":"","meta":{"_acf_changed":false,"footnotes":""},"class_list":["post-4035","page","type-page","status-publish","hentry"],"acf":[],"_links":{"self":[{"href":"https:\/\/elbschule.hamburg.de\/index.php?rest_route=\/wp\/v2\/pages\/4035","targetHints":{"allow":["GET"]}}],"collection":[{"href":"https:\/\/elbschule.hamburg.de\/index.php?rest_route=\/wp\/v2\/pages"}],"about":[{"href":"https:\/\/elbschule.hamburg.de\/index.php?rest_route=\/wp\/v2\/types\/page"}],"author":[{"embeddable":true,"href":"https:\/\/elbschule.hamburg.de\/index.php?rest_route=\/wp\/v2\/users\/207"}],"replies":[{"embeddable":true,"href":"https:\/\/elbschule.hamburg.de\/index.php?rest_route=%2Fwp%2Fv2%2Fcomments&post=4035"}],"version-history":[{"count":23,"href":"https:\/\/elbschule.hamburg.de\/index.php?rest_route=\/wp\/v2\/pages\/4035\/revisions"}],"predecessor-version":[{"id":4863,"href":"https:\/\/elbschule.hamburg.de\/index.php?rest_route=\/wp\/v2\/pages\/4035\/revisions\/4863"}],"wp:attachment":[{"href":"https:\/\/elbschule.hamburg.de\/index.php?rest_route=%2Fwp%2Fv2%2Fmedia&parent=4035"}],"curies":[{"name":"wp","href":"https:\/\/api.w.org\/{rel}","templated":true}]}}