{"id":3943,"date":"2023-04-03T07:11:33","date_gmt":"2023-04-03T07:11:33","guid":{"rendered":"https:\/\/elbschule.hamburg.de\/?page_id=3943"},"modified":"2023-04-09T10:37:22","modified_gmt":"2023-04-09T10:37:22","slug":"wege-zum-traumjob-berufsorientierung-in-der-9c","status":"publish","type":"page","link":"https:\/\/elbschule.hamburg.de\/?page_id=3943","title":{"rendered":"Wege zum Traumjob \u2013 Berufsorientierung in der 9c"},"content":{"rendered":"<p><strong> <div id=\"metaslider-id-3958\" style=\"max-width: 640px; margin: 0 auto;\" class=\"ml-slider-3-108-0 metaslider metaslider-responsive metaslider-3958 ml-slider has-dots-nav ms-theme-default\" role=\"region\" aria-label=\"Wege zum Traumjob\" data-height=\"480\" data-width=\"640\">\n    <div id=\"metaslider_container_3958\">\n        <ul id='metaslider_3958' class='rslides'>\n            <li aria-roledescription='slide' aria-labelledby='slide-0'><img loading=\"lazy\" decoding=\"async\" src=\"https:\/\/elbschule.hamburg.de\/wp-content\/uploads\/sites\/127\/2023\/04\/Teaser.jpeg\" height=\"480\" width=\"640\" alt=\"\" class=\"slider-3958 slide-3959 msDefaultImage\" title=\"Teaser\" \/><\/li>\n            <li style='display: none;' aria-roledescription='slide' aria-labelledby='slide-1'><img loading=\"lazy\" decoding=\"async\" src=\"https:\/\/elbschule.hamburg.de\/wp-content\/uploads\/sites\/127\/2023\/04\/5c-640x480.jpeg\" height=\"480\" width=\"640\" alt=\"\" class=\"slider-3958 slide-3960 msDefaultImage\" title=\"5c\" \/><\/li>\n            <li style='display: none;' aria-roledescription='slide' aria-labelledby='slide-2'><img loading=\"lazy\" decoding=\"async\" src=\"https:\/\/elbschule.hamburg.de\/wp-content\/uploads\/sites\/127\/2023\/04\/5b.jpeg\" height=\"480\" width=\"640\" alt=\"\" class=\"slider-3958 slide-3961 msDefaultImage\" title=\"5b\" \/><\/li>\n            <li style='display: none;' aria-roledescription='slide' aria-labelledby='slide-3'><img loading=\"lazy\" decoding=\"async\" src=\"https:\/\/elbschule.hamburg.de\/wp-content\/uploads\/sites\/127\/2023\/04\/5a.jpeg\" height=\"480\" width=\"640\" alt=\"\" class=\"slider-3958 slide-3962 msDefaultImage\" title=\"5a\" \/><\/li>\n            <li style='display: none;' aria-roledescription='slide' aria-labelledby='slide-4'><img loading=\"lazy\" decoding=\"async\" src=\"https:\/\/elbschule.hamburg.de\/wp-content\/uploads\/sites\/127\/2023\/04\/4b-640x480.jpg\" height=\"480\" width=\"640\" alt=\"\" class=\"slider-3958 slide-3963 msDefaultImage\" title=\"4b\" \/><\/li>\n            <li style='display: none;' aria-roledescription='slide' aria-labelledby='slide-5'><img loading=\"lazy\" decoding=\"async\" src=\"https:\/\/elbschule.hamburg.de\/wp-content\/uploads\/sites\/127\/2023\/04\/4a-640x480.jpg\" height=\"480\" width=\"640\" alt=\"\" class=\"slider-3958 slide-3964 msDefaultImage\" title=\"4a\" \/><\/li>\n            <li style='display: none;' aria-roledescription='slide' aria-labelledby='slide-6'><img loading=\"lazy\" decoding=\"async\" src=\"https:\/\/elbschule.hamburg.de\/wp-content\/uploads\/sites\/127\/2023\/04\/3b.jpeg\" height=\"480\" width=\"640\" alt=\"\" class=\"slider-3958 slide-3965 msDefaultImage\" title=\"3b\" \/><\/li>\n            <li style='display: none;' aria-roledescription='slide' aria-labelledby='slide-7'><img loading=\"lazy\" decoding=\"async\" src=\"https:\/\/elbschule.hamburg.de\/wp-content\/uploads\/sites\/127\/2023\/04\/3a.jpeg\" height=\"480\" width=\"640\" alt=\"\" class=\"slider-3958 slide-3966 msDefaultImage\" title=\"3a\" \/><\/li>\n            <li style='display: none;' aria-roledescription='slide' aria-labelledby='slide-8'><img loading=\"lazy\" decoding=\"async\" src=\"https:\/\/elbschule.hamburg.de\/wp-content\/uploads\/sites\/127\/2023\/04\/2b.jpeg\" height=\"480\" width=\"640\" alt=\"\" class=\"slider-3958 slide-3967 msDefaultImage\" title=\"2b\" \/><\/li>\n            <li style='display: none;' aria-roledescription='slide' aria-labelledby='slide-9'><img loading=\"lazy\" decoding=\"async\" src=\"https:\/\/elbschule.hamburg.de\/wp-content\/uploads\/sites\/127\/2023\/04\/2a.jpeg\" height=\"480\" width=\"640\" alt=\"\" class=\"slider-3958 slide-3968 msDefaultImage\" title=\"2a\" \/><\/li>\n            <li style='display: none;' aria-roledescription='slide' aria-labelledby='slide-10'><img loading=\"lazy\" decoding=\"async\" src=\"https:\/\/elbschule.hamburg.de\/wp-content\/uploads\/sites\/127\/2023\/04\/1b.jpeg\" height=\"480\" width=\"640\" alt=\"\" class=\"slider-3958 slide-3969 msDefaultImage\" title=\"1b\" \/><\/li>\n            <li style='display: none;' aria-roledescription='slide' aria-labelledby='slide-11'><img loading=\"lazy\" decoding=\"async\" src=\"https:\/\/elbschule.hamburg.de\/wp-content\/uploads\/sites\/127\/2023\/04\/1a.jpeg\" height=\"480\" width=\"640\" alt=\"\" class=\"slider-3958 slide-3970 msDefaultImage\" title=\"1a\" \/><\/li>\n        <\/ul>\n        \n    <\/div>\n<\/div><\/strong><\/p>\n<p>Berufsorientierung in der Schule soll \u201emir helfen, den passenden Beruf zu finden,\u201c sagt der 15-j\u00e4hrige Linus. Sein Mitsch\u00fcler Max (14 J.) w\u00fcnscht sich eine \u00dcbersicht f\u00fcr ihn passender Berufe. In einem ersten Praktikum hatten die Neuntkl\u00e4ssler:innen von Susanne Schroeder bereits erste Erfahrungen gesammelt und ihre pers\u00f6nlichen St\u00e4rken erprobt, doch nun sollte sich ihr Horizont erweitern \u2013 es gibt schlie\u00dflich \u00fcber 300 anerkannte Ausbildungsberufe und Tausende von Studieng\u00e4ngen in Deutschland. Susanne Schroeder stellte ein mehrstufiges Paket f\u00fcr ihre Klasse 9c zusammen.<\/p>\n<p><strong>Schritt 1: Digitale Berufsorientierung<a href=\"https:\/\/elbschule.hamburg.de\/wp-content\/uploads\/sites\/127\/2023\/04\/1a.jpeg\" data-rel=\"lightbox\" data-rl_title=\"\" data-rl_caption=\"\" title=\"\"><img loading=\"lazy\" decoding=\"async\" class=\"alignright wp-image-3945 size-medium\" src=\"https:\/\/elbschule.hamburg.de\/wp-content\/uploads\/sites\/127\/2023\/04\/1a-300x225.jpeg\" alt=\"\" width=\"300\" height=\"225\" srcset=\"https:\/\/elbschule.hamburg.de\/wp-content\/uploads\/sites\/127\/2023\/04\/1a-300x225.jpeg 300w, https:\/\/elbschule.hamburg.de\/wp-content\/uploads\/sites\/127\/2023\/04\/1a.jpeg 640w\" sizes=\"auto, (max-width: 300px) 100vw, 300px\" \/><\/a><\/strong><br \/>\nMit neuen Medien die neue Generation anzusprechen, ist das Ziel der kostenlos zu entleihenden Box \u201eDein erster Tag\u201c. Mittels Tabletts und VR-Brillen (VR = Virtuelle Realit\u00e4t) erlebten die Jugendlichen hautnah verschiedene Ausbildungsberufe mit 360\u00b0-Betriebsrundg\u00e4ngen.<\/p>\n<p>&nbsp;<\/p>\n<p><strong>Schritt 2: Analoge Berufsorientierung<\/strong><br \/>\n<a href=\"https:\/\/elbschule.hamburg.de\/wp-content\/uploads\/sites\/127\/2023\/04\/2a.jpeg\" data-rel=\"lightbox\" data-rl_title=\"\" data-rl_caption=\"\" title=\"\"><img loading=\"lazy\" decoding=\"async\" class=\"alignleft wp-image-3947 size-medium\" src=\"https:\/\/elbschule.hamburg.de\/wp-content\/uploads\/sites\/127\/2023\/04\/2a-300x225.jpeg\" alt=\"\" width=\"300\" height=\"225\" srcset=\"https:\/\/elbschule.hamburg.de\/wp-content\/uploads\/sites\/127\/2023\/04\/2a-300x225.jpeg 300w, https:\/\/elbschule.hamburg.de\/wp-content\/uploads\/sites\/127\/2023\/04\/2a.jpeg 640w\" sizes=\"auto, (max-width: 300px) 100vw, 300px\" \/><\/a>Ein realer Besuch in der Hamburgischen Staatsoper mit einer F\u00fchrung durch Werkst\u00e4tten, Fundus, Zuschauer- und B\u00fchnenraum war Neuland f\u00fcr die Sch\u00fclerinnen und Sch\u00fcler. Max hatte als einziger die Staatsoper schon einmal als Zuschauer betreten. Nun blickten alle hinter die Kulissen (der Arbeitswelt) und staunten \u00fcber die gro\u00dfe Vielfalt an Berufen bei den \u00fcber 800 fest angestellten Mitarbeiter:innen. Die Hamburgische Staatsoper bietet auch Pl\u00e4tze f\u00fcr Sch\u00fclerpraktika an.<\/p>\n<p><strong>Schritt 3: IT-Kurs und Berufsorientierung<a href=\"https:\/\/elbschule.hamburg.de\/wp-content\/uploads\/sites\/127\/2023\/04\/3b.jpeg\" data-rel=\"lightbox\" data-rl_title=\"\" data-rl_caption=\"\" title=\"\"><img loading=\"lazy\" decoding=\"async\" class=\"alignright wp-image-3950 size-medium\" src=\"https:\/\/elbschule.hamburg.de\/wp-content\/uploads\/sites\/127\/2023\/04\/3b-300x225.jpeg\" alt=\"\" width=\"300\" height=\"225\" srcset=\"https:\/\/elbschule.hamburg.de\/wp-content\/uploads\/sites\/127\/2023\/04\/3b-300x225.jpeg 300w, https:\/\/elbschule.hamburg.de\/wp-content\/uploads\/sites\/127\/2023\/04\/3b.jpeg 640w\" sizes=\"auto, (max-width: 300px) 100vw, 300px\" \/><\/a><\/strong><br \/>\nUm fit f\u00fcr die Zukunft zu sein, braucht es digitale Bildung. Die gemeinn\u00fctzige Organisation <em>Hacker School<\/em> hat es sich zum Ziel gesetzt, Jugendliche f\u00fcr IT und das Programmieren zu begeistern und somit die Nachwuchskr\u00e4fte von morgen zu f\u00f6rdern. Zwei IT-Studierende vermittelten den Elbsch\u00fcler:innen einen Vormittag lang IT-Grundlagen und eine kleine Orientierung zu IT-Berufen. Sie lernten dabei die Programmiersprache Python kennen und kleine Programme mit ihr zu schreiben. Taha (15 J.) wei\u00df nun, dass er Fachinformatiker werden m\u00f6chte.<\/p>\n<p><strong>Schritt 4: Vortrag \u201eTraumjob Handwerk\u201c<\/strong><br \/>\n<a href=\"https:\/\/elbschule.hamburg.de\/wp-content\/uploads\/sites\/127\/2023\/04\/4b.jpg\" data-rel=\"lightbox\" data-rl_title=\"\" data-rl_caption=\"\" title=\"\"><img loading=\"lazy\" decoding=\"async\" class=\"alignleft wp-image-3952 size-medium\" src=\"https:\/\/elbschule.hamburg.de\/wp-content\/uploads\/sites\/127\/2023\/04\/4b-300x169.jpg\" alt=\"\" width=\"300\" height=\"169\" srcset=\"https:\/\/elbschule.hamburg.de\/wp-content\/uploads\/sites\/127\/2023\/04\/4b-300x169.jpg 300w, https:\/\/elbschule.hamburg.de\/wp-content\/uploads\/sites\/127\/2023\/04\/4b.jpg 640w\" sizes=\"auto, (max-width: 300px) 100vw, 300px\" \/><\/a>Maylin Kesper und Vanessa Hupe sind Schulberaterinnen der Handwerkskammer Hamburg, die mit einer Imagekampagne Sch\u00fcler:innen berufliche Perspektiven in den vielf\u00e4ltigen Handwerksberufen aufzeigen will. Drei Sch\u00fcler der 9c hatten in ihren Praktika bereits einen Handwerksbetrieb kennen gelernt. Doch Hamburger Betriebe bilden in ca. 100 Berufen aus, die mit moderner Technik zu tun haben und alle Bereiche des Lebens abdecken. Die Referentinnen benannten als Vorteile im Handwerk die Vielfalt der Arbeitsorte, die Befriedigung, \u201eam Ende ein Produkt in der Hand zu haben\u201c, Perspektiven mit interessanten Optionen f\u00fcr alle Schulabschl\u00fcsse und die guten Karrierechancen, denn \u201ejeder dritte der 15.000 Handwerksbetriebe sucht eine Nachfolge\u201c.<br \/>\nMit Infomaterial und besonderen Gl\u00fcckskeksen verabschiedeten sich die Referentinnen von den Sch\u00fcler:innen. Diese fanden im Innern ihrer Gl\u00fcckskekse einen Vorschlag zur Berufswahl im Handwerk.<\/p>\n<p><strong>Schritt 5: Praktischer Einblick am Schnuppertag<a href=\"https:\/\/elbschule.hamburg.de\/wp-content\/uploads\/sites\/127\/2023\/04\/5b.jpeg\" data-rel=\"lightbox\" data-rl_title=\"\" data-rl_caption=\"\" title=\"\"><img loading=\"lazy\" decoding=\"async\" class=\"alignright wp-image-3954 size-medium\" src=\"https:\/\/elbschule.hamburg.de\/wp-content\/uploads\/sites\/127\/2023\/04\/5b-300x225.jpeg\" alt=\"\" width=\"300\" height=\"225\" srcset=\"https:\/\/elbschule.hamburg.de\/wp-content\/uploads\/sites\/127\/2023\/04\/5b-300x225.jpeg 300w, https:\/\/elbschule.hamburg.de\/wp-content\/uploads\/sites\/127\/2023\/04\/5b.jpeg 640w\" sizes=\"auto, (max-width: 300px) 100vw, 300px\" \/><\/a><\/strong><br \/>\nHandwerk probiert man am besten aus \u2013 diese einleuchtende Einladung zu einem Schnuppertag nutzte Klasse 9c gern. Mit Flei\u00df, Handgeschick und viel Mehl erlebten die Jugendlichen einen Arbeitstag in der Akademie des Deutschen B\u00e4ckerhandwerks. Das Produkt in der Hand, die formsch\u00f6nen Brezel, kann sich sehen lassen!<\/p>\n<p>&nbsp;<\/p>\n<p>Die vielf\u00e4ltigen Eindr\u00fccke aus den zur\u00fcckliegenden Veranstaltungen werden die Sch\u00fclerinnen und Sch\u00fcler nun f\u00fcr die Wahl ihres zweiten Praktikums nutzen k\u00f6nnen.<\/p>\n<p>&nbsp;<\/p>\n<p>Karin Perwo-A\u00dfmann<\/p>\n","protected":false},"excerpt":{"rendered":"<p>Berufsorientierung in der Schule soll \u201emir helfen, den passenden Beruf zu finden,\u201c sagt der 15-j\u00e4hrige Linus. Sein Mitsch\u00fcler Max (14 J.) w\u00fcnscht sich eine \u00dcbersicht f\u00fcr ihn passender Berufe. In einem ersten Praktikum hatten die Neuntkl\u00e4ssler:innen von Susanne Schroeder bereits erste Erfahrungen gesammelt und ihre pers\u00f6nlichen St\u00e4rken erprobt, doch nun sollte sich ihr Horizont erweitern &hellip; <a href=\"https:\/\/elbschule.hamburg.de\/?page_id=3943\" class=\"more-link\"><span class=\"screen-reader-text\">Wege zum Traumjob \u2013 Berufsorientierung in der 9c<\/span> weiterlesen <span class=\"meta-nav\">&rarr;<\/span><\/a><\/p>\n","protected":false},"author":207,"featured_media":0,"parent":0,"menu_order":0,"comment_status":"closed","ping_status":"closed","template":"","meta":{"_acf_changed":false,"footnotes":""},"class_list":["post-3943","page","type-page","status-publish","hentry"],"acf":[],"_links":{"self":[{"href":"https:\/\/elbschule.hamburg.de\/index.php?rest_route=\/wp\/v2\/pages\/3943","targetHints":{"allow":["GET"]}}],"collection":[{"href":"https:\/\/elbschule.hamburg.de\/index.php?rest_route=\/wp\/v2\/pages"}],"about":[{"href":"https:\/\/elbschule.hamburg.de\/index.php?rest_route=\/wp\/v2\/types\/page"}],"author":[{"embeddable":true,"href":"https:\/\/elbschule.hamburg.de\/index.php?rest_route=\/wp\/v2\/users\/207"}],"replies":[{"embeddable":true,"href":"https:\/\/elbschule.hamburg.de\/index.php?rest_route=%2Fwp%2Fv2%2Fcomments&post=3943"}],"version-history":[{"count":12,"href":"https:\/\/elbschule.hamburg.de\/index.php?rest_route=\/wp\/v2\/pages\/3943\/revisions"}],"predecessor-version":[{"id":3987,"href":"https:\/\/elbschule.hamburg.de\/index.php?rest_route=\/wp\/v2\/pages\/3943\/revisions\/3987"}],"wp:attachment":[{"href":"https:\/\/elbschule.hamburg.de\/index.php?rest_route=%2Fwp%2Fv2%2Fmedia&parent=3943"}],"curies":[{"name":"wp","href":"https:\/\/api.w.org\/{rel}","templated":true}]}}