{"id":3899,"date":"2023-03-29T07:26:20","date_gmt":"2023-03-29T07:26:20","guid":{"rendered":"https:\/\/elbschule.hamburg.de\/?page_id=3899"},"modified":"2023-03-29T07:26:20","modified_gmt":"2023-03-29T07:26:20","slug":"elbschulfilmstars-klasse-4-5a-im-pinneberg-museum","status":"publish","type":"page","link":"https:\/\/elbschule.hamburg.de\/?page_id=3899","title":{"rendered":"Elbschulfilmstars \u2013 Klasse 4\/5a im Pinneberg Museum"},"content":{"rendered":"<div id=\"metaslider-id-3918\" style=\"max-width: 640px; margin: 0 auto;\" class=\"ml-slider-3-108-0 metaslider metaslider-responsive metaslider-3918 ml-slider has-dots-nav ms-theme-default\" role=\"region\" aria-label=\"Besuch in Pinneberg\" data-height=\"480\" data-width=\"640\">\n    <div id=\"metaslider_container_3918\">\n        <ul id='metaslider_3918' class='rslides'>\n            <li aria-roledescription='slide' aria-labelledby='slide-0'><img loading=\"lazy\" decoding=\"async\" src=\"https:\/\/elbschule.hamburg.de\/wp-content\/uploads\/sites\/127\/2023\/03\/Besuch-in-Pinneberg-7-640x480.jpeg\" height=\"480\" width=\"640\" alt=\"\" class=\"slider-3918 slide-3919 msDefaultImage\" title=\"Besuch in Pinneberg 7\" \/><\/li>\n            <li style='display: none;' aria-roledescription='slide' aria-labelledby='slide-1'><img loading=\"lazy\" decoding=\"async\" src=\"https:\/\/elbschule.hamburg.de\/wp-content\/uploads\/sites\/127\/2023\/03\/Besuch-in-Pinneberg-6-640x480.jpeg\" height=\"480\" width=\"640\" alt=\"\" class=\"slider-3918 slide-3920 msDefaultImage\" title=\"Besuch in Pinneberg 6\" \/><\/li>\n            <li style='display: none;' aria-roledescription='slide' aria-labelledby='slide-2'><img loading=\"lazy\" decoding=\"async\" src=\"https:\/\/elbschule.hamburg.de\/wp-content\/uploads\/sites\/127\/2023\/03\/Besuch-in-Pinneberg-5-640x480.jpeg\" height=\"480\" width=\"640\" alt=\"\" class=\"slider-3918 slide-3921 msDefaultImage\" title=\"Besuch in Pinneberg 5\" \/><\/li>\n            <li style='display: none;' aria-roledescription='slide' aria-labelledby='slide-3'><img loading=\"lazy\" decoding=\"async\" src=\"https:\/\/elbschule.hamburg.de\/wp-content\/uploads\/sites\/127\/2023\/03\/Besuch-in-Pinneberg-4-640x480.jpeg\" height=\"480\" width=\"640\" alt=\"\" class=\"slider-3918 slide-3922 msDefaultImage\" title=\"Besuch in Pinneberg 4\" \/><\/li>\n            <li style='display: none;' aria-roledescription='slide' aria-labelledby='slide-4'><img loading=\"lazy\" decoding=\"async\" src=\"https:\/\/elbschule.hamburg.de\/wp-content\/uploads\/sites\/127\/2023\/03\/Besuch-in-Pinneberg-3-640x480.jpeg\" height=\"480\" width=\"640\" alt=\"\" class=\"slider-3918 slide-3923 msDefaultImage\" title=\"Besuch in Pinneberg 3\" \/><\/li>\n            <li style='display: none;' aria-roledescription='slide' aria-labelledby='slide-5'><img loading=\"lazy\" decoding=\"async\" src=\"https:\/\/elbschule.hamburg.de\/wp-content\/uploads\/sites\/127\/2023\/03\/Besuch-in-Pinneberg-2-640x480.jpeg\" height=\"480\" width=\"640\" alt=\"\" class=\"slider-3918 slide-3924 msDefaultImage\" title=\"Besuch in Pinneberg 2\" \/><\/li>\n            <li style='display: none;' aria-roledescription='slide' aria-labelledby='slide-6'><img loading=\"lazy\" decoding=\"async\" src=\"https:\/\/elbschule.hamburg.de\/wp-content\/uploads\/sites\/127\/2023\/03\/Besuch-in-Pinneberg-1-640x480.jpeg\" height=\"480\" width=\"640\" alt=\"\" class=\"slider-3918 slide-3925 msDefaultImage\" title=\"Besuch in Pinneberg 1\" \/><\/li>\n        <\/ul>\n        \n    <\/div>\n<\/div>\n<p>Im Januar machten sich die Sch\u00fclerinnen und Sch\u00fcler der Klasse 4\/5a auf den Weg nach Pinneberg. Sie wollten die Ausstellung \u201eZusammen. \u00dcber Freundschaft\u201c besuchen, die seit Dezember im Pinneberg Museum gezeigt wird. Ein thematisch passender Filmclip in DGS wurde im Vorwege professionell mit Klasse 4\/5a produziert und sollte im Rahmen der Ausstellung pr\u00e4sentiert werden. Darauf waren die Kinder sehr gespannt, denn sie kannten den fertigen Film noch nicht.<\/p>\n<p>Museumsleiterin Dr. Caroline Schr\u00f6der begr\u00fc\u00dfte die Kinder mit den P\u00e4dagoginnen Gabriele Ernesti, Daniela Gnerlich und Juliane Tietz herzlich bei Getr\u00e4nken und S\u00fc\u00dfigkeiten. Aufgeregt setzten sie sich dann vor den Beamer, der den siebenmin\u00fctigen Film in Dauerschleife abspielte. Es gab Gel\u00e4chter an einigen Stellen und Freude, wenn sich die Kinder selbst auf der Leinwand sahen. Sie beantworten in Dialogform, was einen guten Freund f\u00fcr sie ausmacht &#8211; Vertrauen und gegenseitiges Verst\u00e4ndnis, aber auch das Teilen von Schokokeksen. Ihre Geb\u00e4rden zum Mitmachen f\u00fcr die Besucher der Ausstellung (u.a. <em>Spa\u00df, lachen, Freunde besuchen, helfen, entschuldigen) <\/em>werden von den Handpuppen Jan und Henry (absichtlich?) versucht, nachzuahmen. Die falsche Geb\u00e4rdenrichtung des Puppenspielers fiel den Kindern sofort auf und am\u00fcsierte sie.<\/p>\n<p>Die Ausstellung bietet insgesamt viele Aktionen zum Mitmachen, wie das Kn\u00fcpfen von Freundschaftsb\u00e4ndern oder das Malen des K\u00f6rperumrisses der besten Freundin \/ des besten Freundes. Klasse 4\/5a kann den Besuch im Pinneberg Museum bis zum 23. April unbedingt empfehlen.<\/p>\n<p>Den Bericht zum Making-of gibt es <u><a href=\"https:\/\/elbschule.hamburg.de\/?page_id=3741\" target=\"_blank\" rel=\"noopener\">hier<\/a>.<\/u><\/p>\n<p>Alle Bilder: Pinneberg Museum<\/p>\n<p>Karin Perwo-A\u00dfmann<\/p>\n","protected":false},"excerpt":{"rendered":"<p>Im Januar machten sich die Sch\u00fclerinnen und Sch\u00fcler der Klasse 4\/5a auf den Weg nach Pinneberg. Sie wollten die Ausstellung \u201eZusammen. \u00dcber Freundschaft\u201c besuchen, die seit Dezember im Pinneberg Museum gezeigt wird. Ein thematisch passender Filmclip in DGS wurde im Vorwege professionell mit Klasse 4\/5a produziert und sollte im Rahmen der Ausstellung pr\u00e4sentiert werden. Darauf &hellip; <a href=\"https:\/\/elbschule.hamburg.de\/?page_id=3899\" class=\"more-link\"><span class=\"screen-reader-text\">Elbschulfilmstars \u2013 Klasse 4\/5a im Pinneberg Museum<\/span> weiterlesen <span class=\"meta-nav\">&rarr;<\/span><\/a><\/p>\n","protected":false},"author":207,"featured_media":0,"parent":0,"menu_order":0,"comment_status":"closed","ping_status":"closed","template":"","meta":{"_acf_changed":false,"footnotes":""},"class_list":["post-3899","page","type-page","status-publish","hentry"],"acf":[],"_links":{"self":[{"href":"https:\/\/elbschule.hamburg.de\/index.php?rest_route=\/wp\/v2\/pages\/3899","targetHints":{"allow":["GET"]}}],"collection":[{"href":"https:\/\/elbschule.hamburg.de\/index.php?rest_route=\/wp\/v2\/pages"}],"about":[{"href":"https:\/\/elbschule.hamburg.de\/index.php?rest_route=\/wp\/v2\/types\/page"}],"author":[{"embeddable":true,"href":"https:\/\/elbschule.hamburg.de\/index.php?rest_route=\/wp\/v2\/users\/207"}],"replies":[{"embeddable":true,"href":"https:\/\/elbschule.hamburg.de\/index.php?rest_route=%2Fwp%2Fv2%2Fcomments&post=3899"}],"version-history":[{"count":3,"href":"https:\/\/elbschule.hamburg.de\/index.php?rest_route=\/wp\/v2\/pages\/3899\/revisions"}],"predecessor-version":[{"id":3927,"href":"https:\/\/elbschule.hamburg.de\/index.php?rest_route=\/wp\/v2\/pages\/3899\/revisions\/3927"}],"wp:attachment":[{"href":"https:\/\/elbschule.hamburg.de\/index.php?rest_route=%2Fwp%2Fv2%2Fmedia&parent=3899"}],"curies":[{"name":"wp","href":"https:\/\/api.w.org\/{rel}","templated":true}]}}