{"id":3891,"date":"2023-02-23T11:46:25","date_gmt":"2023-02-23T11:46:25","guid":{"rendered":"https:\/\/elbschule.hamburg.de\/?page_id=3891"},"modified":"2023-03-02T16:29:37","modified_gmt":"2023-03-02T16:29:37","slug":"besuch-beim-5-jugendfestival-der-deutschen-gehoerlosen-jugend-in-hamburg","status":"publish","type":"page","link":"https:\/\/elbschule.hamburg.de\/?page_id=3891","title":{"rendered":"Besuch beim 5. Jugendfestival der Deutschen Geh\u00f6rlosen-Jugend in Hamburg"},"content":{"rendered":"<p>Am 1. und 2. Oktober 2022 fand das 5. Jugendfestival endlich im Norden Deutschlands statt. Nach Frankfurt, Berlin, Stuttgart und M\u00fcnchen war nun Hamburg dran. Motto des Festivals war \u201eVolle Kraft voraus!\u201c. Das 5. Jugendfestival wurde gemeinsam von der Deutschen Geh\u00f6rlosen-Jugend und dem Hamburger Geb\u00e4rdensprachjugendclub \u201eNordlicht\u201c organisiert.<\/p>\n<div class=\"external_content_blocker_container\" data-content-rel=\"youtube\" data-content-replacement=\"%3Ciframe%20title%3D%22Jugendfestival%205%22%20width%3D%22474%22%20height%3D%22267%22%20src%3D%22https%3A%2F%2Fwww.youtube-nocookie.com%2Fembed%2Fj2WPBdrJ2EM%3Ffeature%3Doembed%22%20frameborder%3D%220%22%20allow%3D%22accelerometer%3B%20autoplay%3B%20clipboard-write%3B%20encrypted-media%3B%20gyroscope%3B%20picture-in-picture%3B%20web-share%22%20referrerpolicy%3D%22strict-origin-when-cross-origin%22%20allowfullscreen%3E%3C%2Fiframe%3E\" data-content-domain=\"www.youtube-nocookie.com\" data-content-site-id=\"127\" data-additional-tags=\"false\" style=\"padding:24px 12px;color:#0f0f0f;border-radius:0px;background-color:#ececec;\">\n<div class=\"external_content_blocker_wrapper\">\n<div class=\"external_content_blocker_content\">\n<div class=\"external_content_blocker_text\" style=\"\">\n<p>Bei Aktivierung des Videos werden Daten an Google \u00fcbermittelt. <br \/><a href=\"https:\/\/policies.google.com\/privacy?hl=de&amp;gl=de\" target=\"_blank\" rel=\"noopener\">Datenschutzerkl\u00e4rung von Google<\/a><\/p>\n<\/div>\n<div class=\"external_content_blocker_button\"><a class=\"enable-external-content\" href=\"#enable_external_content\" style=\"padding:5px 15px;border-radius:3px;background-color:#ff0000;color:#ffffff;\" >YouTube-Video laden<\/a><a class=\"enable-all-external-content\" href=\"#enable_all_external_content\" data-content-rel=\"youtube\" style=\"padding:5px 15px;border-radius:3px;background-color:#ff0000;color:#ffffff;\">YouTube-Videos immer laden<\/a><\/div>\n<div class=\"external_content_blocker_global_link\"><a href=\"#enable_global_external_content\" style=\"color:#0f0f0f;\">Externen Inhalte immer anzeigen<\/a><\/div>\n<\/div>\n<\/div>\n<\/div>\n<p>F\u00fcr unsere Sch\u00fclerinnen und Sch\u00fcler bedeutete das, dass sie diesmal keinen langen Anfahrtsweg hatten. Wir waren eine bunte Zusammenstellung aus Klassen 6a, 8a und 9\/10d. Dank einer gro\u00dfz\u00fcgigen Spende der Stiftungsfonds \u201eWerner M\u00fclkens\u201c von der GLS-Treuhand hatten alle Sch\u00fclerinnen und Sch\u00fcler die M\u00f6glichkeit f\u00fcr ein kleines Entgelt am Jugendfestival teilzunehmen. Ferner waren auch mehrere Sch\u00fclerinnen und Sch\u00fcler aus h\u00f6heren Klassen da, sowie ehemalige Sch\u00fclerinnen und Sch\u00fcler, die momentan die Stadtteilschule Hamburg-Mitte besuchen.<\/p>\n<p>Am Jugendfestival nahmen etwa 1600 Personen aus ganz Deutschland und auch aus dem Ausland teil. So gab es nach der Corona-Pandemie ein gro\u00dfes Wiedersehen und auch vieles zu Erz\u00e4hlen.<\/p>\n<p>An beiden Tagen gab es ein sehr umfangreiches Programm mit vielen Vortr\u00e4gen, Workshops und Ausstellungen. Das Festival startete am Samstag um 10 Uhr mit einem Er\u00f6ffnungsprogramm und endete am Sonntagabend mit einer Abschlussfeier. Der Jugendpreis der Deutschen Geh\u00f6rlosen-Jugend ging unter anderem auch an den Hamburger Jugendclub \u201eNordlicht\u201c f\u00fcr deren Engagement.<\/p>\n<p>Das n\u00e4chste Jugendfestival wird 2025 im Westen Deutschlands, in Essen stattfinden.<\/p>\n<p>Bericht: Christian Borgwardt<\/p>\n","protected":false},"excerpt":{"rendered":"<p>Am 1. und 2. Oktober 2022 fand das 5. Jugendfestival endlich im Norden Deutschlands statt. Nach Frankfurt, Berlin, Stuttgart und M\u00fcnchen war nun Hamburg dran. Motto des Festivals war \u201eVolle Kraft voraus!\u201c. Das 5. Jugendfestival wurde gemeinsam von der Deutschen Geh\u00f6rlosen-Jugend und dem Hamburger Geb\u00e4rdensprachjugendclub \u201eNordlicht\u201c organisiert. Bei Aktivierung des Videos werden Daten an Google &hellip; <a href=\"https:\/\/elbschule.hamburg.de\/?page_id=3891\" class=\"more-link\"><span class=\"screen-reader-text\">Besuch beim 5. Jugendfestival der Deutschen Geh\u00f6rlosen-Jugend in Hamburg<\/span> weiterlesen <span class=\"meta-nav\">&rarr;<\/span><\/a><\/p>\n","protected":false},"author":195,"featured_media":0,"parent":0,"menu_order":0,"comment_status":"closed","ping_status":"closed","template":"","meta":{"_acf_changed":false,"footnotes":""},"class_list":["post-3891","page","type-page","status-publish","hentry"],"acf":[],"_links":{"self":[{"href":"https:\/\/elbschule.hamburg.de\/index.php?rest_route=\/wp\/v2\/pages\/3891","targetHints":{"allow":["GET"]}}],"collection":[{"href":"https:\/\/elbschule.hamburg.de\/index.php?rest_route=\/wp\/v2\/pages"}],"about":[{"href":"https:\/\/elbschule.hamburg.de\/index.php?rest_route=\/wp\/v2\/types\/page"}],"author":[{"embeddable":true,"href":"https:\/\/elbschule.hamburg.de\/index.php?rest_route=\/wp\/v2\/users\/195"}],"replies":[{"embeddable":true,"href":"https:\/\/elbschule.hamburg.de\/index.php?rest_route=%2Fwp%2Fv2%2Fcomments&post=3891"}],"version-history":[{"count":5,"href":"https:\/\/elbschule.hamburg.de\/index.php?rest_route=\/wp\/v2\/pages\/3891\/revisions"}],"predecessor-version":[{"id":3898,"href":"https:\/\/elbschule.hamburg.de\/index.php?rest_route=\/wp\/v2\/pages\/3891\/revisions\/3898"}],"wp:attachment":[{"href":"https:\/\/elbschule.hamburg.de\/index.php?rest_route=%2Fwp%2Fv2%2Fmedia&parent=3891"}],"curies":[{"name":"wp","href":"https:\/\/api.w.org\/{rel}","templated":true}]}}