{"id":3843,"date":"2023-01-22T14:32:23","date_gmt":"2023-01-22T14:32:23","guid":{"rendered":"https:\/\/elbschule.hamburg.de\/?page_id=3843"},"modified":"2023-01-22T14:32:23","modified_gmt":"2023-01-22T14:32:23","slug":"hundstage-in-der-elbschule-aus-der-perspektive-von-anni","status":"publish","type":"page","link":"https:\/\/elbschule.hamburg.de\/?page_id=3843","title":{"rendered":"Hundstage in der Elbschule \u2013 Aus der Perspektive von Anni"},"content":{"rendered":"<p><strong> <div id=\"metaslider-id-3858\" style=\"max-width: 640px; margin: 0 auto;\" class=\"ml-slider-3-107-0 metaslider metaslider-responsive metaslider-3858 ml-slider has-dots-nav ms-theme-default\" role=\"region\" aria-label=\"Hundstage an der Elbschule\" data-height=\"480\" data-width=\"640\">\n    <div id=\"metaslider_container_3858\">\n        <ul id='metaslider_3858' class='rslides'>\n            <li aria-roledescription='slide' aria-labelledby='slide-0'><img loading=\"lazy\" decoding=\"async\" src=\"https:\/\/elbschule.hamburg.de\/wp-content\/uploads\/sites\/127\/2023\/01\/12-rotated.jpg\" height=\"480\" width=\"640\" alt=\"\" class=\"slider-3858 slide-3859 msDefaultImage\" title=\"12\" \/><\/li>\n            <li style='display: none;' aria-roledescription='slide' aria-labelledby='slide-1'><img loading=\"lazy\" decoding=\"async\" src=\"https:\/\/elbschule.hamburg.de\/wp-content\/uploads\/sites\/127\/2023\/01\/11.jpg\" height=\"480\" width=\"640\" alt=\"\" class=\"slider-3858 slide-3860 msDefaultImage\" title=\"11\" \/><\/li>\n            <li style='display: none;' aria-roledescription='slide' aria-labelledby='slide-2'><img loading=\"lazy\" decoding=\"async\" src=\"https:\/\/elbschule.hamburg.de\/wp-content\/uploads\/sites\/127\/2023\/01\/10-640x480.jpg\" height=\"480\" width=\"640\" alt=\"\" class=\"slider-3858 slide-3861 msDefaultImage\" title=\"10\" \/><\/li>\n            <li style='display: none;' aria-roledescription='slide' aria-labelledby='slide-3'><img loading=\"lazy\" decoding=\"async\" src=\"https:\/\/elbschule.hamburg.de\/wp-content\/uploads\/sites\/127\/2023\/01\/9-640x480.jpg\" height=\"480\" width=\"640\" alt=\"\" class=\"slider-3858 slide-3862 msDefaultImage\" title=\"9\" \/><\/li>\n            <li style='display: none;' aria-roledescription='slide' aria-labelledby='slide-4'><img loading=\"lazy\" decoding=\"async\" src=\"https:\/\/elbschule.hamburg.de\/wp-content\/uploads\/sites\/127\/2023\/01\/8-640x480.jpg\" height=\"480\" width=\"640\" alt=\"\" class=\"slider-3858 slide-3863 msDefaultImage\" title=\"8\" \/><\/li>\n            <li style='display: none;' aria-roledescription='slide' aria-labelledby='slide-5'><img loading=\"lazy\" decoding=\"async\" src=\"https:\/\/elbschule.hamburg.de\/wp-content\/uploads\/sites\/127\/2023\/01\/7-rotated.jpg\" height=\"480\" width=\"640\" alt=\"\" class=\"slider-3858 slide-3864 msDefaultImage\" title=\"7\" \/><\/li>\n            <li style='display: none;' aria-roledescription='slide' aria-labelledby='slide-6'><img loading=\"lazy\" decoding=\"async\" src=\"https:\/\/elbschule.hamburg.de\/wp-content\/uploads\/sites\/127\/2023\/01\/6-rotated.jpg\" height=\"480\" width=\"640\" alt=\"\" class=\"slider-3858 slide-3865 msDefaultImage\" title=\"6\" \/><\/li>\n            <li style='display: none;' aria-roledescription='slide' aria-labelledby='slide-7'><img loading=\"lazy\" decoding=\"async\" src=\"https:\/\/elbschule.hamburg.de\/wp-content\/uploads\/sites\/127\/2023\/01\/5-rotated.jpg\" height=\"480\" width=\"640\" alt=\"\" class=\"slider-3858 slide-3866 msDefaultImage\" title=\"5\" \/><\/li>\n            <li style='display: none;' aria-roledescription='slide' aria-labelledby='slide-8'><img loading=\"lazy\" decoding=\"async\" src=\"https:\/\/elbschule.hamburg.de\/wp-content\/uploads\/sites\/127\/2023\/01\/4.jpg\" height=\"480\" width=\"640\" alt=\"\" class=\"slider-3858 slide-3867 msDefaultImage\" title=\"4\" \/><\/li>\n            <li style='display: none;' aria-roledescription='slide' aria-labelledby='slide-9'><img loading=\"lazy\" decoding=\"async\" src=\"https:\/\/elbschule.hamburg.de\/wp-content\/uploads\/sites\/127\/2023\/01\/3.jpg\" height=\"480\" width=\"640\" alt=\"\" class=\"slider-3858 slide-3868 msDefaultImage\" title=\"3\" \/><\/li>\n            <li style='display: none;' aria-roledescription='slide' aria-labelledby='slide-10'><img loading=\"lazy\" decoding=\"async\" src=\"https:\/\/elbschule.hamburg.de\/wp-content\/uploads\/sites\/127\/2023\/01\/2.jpg\" height=\"480\" width=\"640\" alt=\"\" class=\"slider-3858 slide-3869 msDefaultImage\" title=\"2\" \/><\/li>\n            <li style='display: none;' aria-roledescription='slide' aria-labelledby='slide-11'><img loading=\"lazy\" decoding=\"async\" src=\"https:\/\/elbschule.hamburg.de\/wp-content\/uploads\/sites\/127\/2023\/01\/1.jpg\" height=\"480\" width=\"640\" alt=\"\" class=\"slider-3858 slide-3870 msDefaultImage\" title=\"1\" \/><\/li>\n            <li style='display: none;' aria-roledescription='slide' aria-labelledby='slide-12'><img loading=\"lazy\" decoding=\"async\" src=\"https:\/\/elbschule.hamburg.de\/wp-content\/uploads\/sites\/127\/2023\/01\/1-Titelbild-640x480.jpg\" height=\"480\" width=\"640\" alt=\"\" class=\"slider-3858 slide-3871 msDefaultImage\" title=\"1 Titelbild\" \/><\/li>\n        <\/ul>\n        \n    <\/div>\n<\/div><\/strong><\/p>\n<p>Hallo ihr Menschen, mein Frauchen hat mir gesagt, ich solle doch mal aus meiner Sicht meine Schultage in der Elbschule beschreiben. Also: Ich bin Anni, bin seit fast zehn Menschenjahren auf der Welt, das sind 63 Hundejahre \u2013 also nicht mehr lange bis zur Pension ; ) Seit fast sieben Jahren bin ich als Schulh\u00fcndin an der Elbschule im Dienst und begleite mein Frauchen an zwei Tagen in ihrem Unterricht. Manchmal wechseln wir die Klassen, zum Gl\u00fcck ist mein K\u00f6rbchen mit meinen Stofftieren immer dabei. Obwohl ich meistens am liebsten mitten im Klassenraum auf dem Teppich liege. So habe ich alle Kinder im Blick. Eine Stunde in der Woche ist meine offizielle Hundestunde. Da gehen wir in eine Klasse, die uns \u201agebucht\u2018 hat. Dort treffen manche Kinder zum ersten Mal auf einen Hund wie mich und haben manchmal erst einmal Angst vor mir \u2013 ich bin n\u00e4mlich ganz schwarz und f\u00fcr Kinder auch ziemlich gro\u00df. In den Pausen laufen wir mit vielen Kindern auf die Hundewiese gegen\u00fcber und da spielen sie mit mir und meinem Lieblingsball. Sie \u00fcben dadurch das Werfen und das Schie\u00dfen und manchmal rennen sie mit mir um die Wette. Nat\u00fcrlich gewinne ich meistens! Das macht uns allen ziemlich viel Spa\u00df! Aber daran denke ich morgens fr\u00fch nicht, wenn Frauchen ihre Schultasche packt und mich mitnehmen will. Viel zu fr\u00fch, viel zu dunkel, ich will weiterschlafen. Keine Lust auf Schule! Doch, wenn sie dann den Ball und die Leckerlis in die Tasche packt und mir gut zuredet, dann gehe ich &#8211; noch etwas m\u00fcde- mit ihr zum Auto. Autofahren mag ich \u00fcberhaupt nicht, doch wenn wir an der Schule ankommen, dann freue ich mich riesig \u00fcber jeden Menschen, der mir begegnet, und die freuen sich auch. Von \u00fcberall rufen sie fr\u00f6hlich meinen Namen und alle wollen mich streicheln, meist mehrere auf einmal \u2013 bisschen viel manchmal, aber wenn es ihnen denn Freude macht\u2026<\/p>\n<p>Mein erster Weg im Schulgeb\u00e4ude f\u00fchrt erst mal zu den Hausmeistern, das sind meine Freunde, weil es da fast immer etwas aus dem Schrank gibt f\u00fcr mich: Leckerlis &#8211; meine Leidenschaft! An einigen Tagen ist Attila da, das ist der Hund des Hausmeisters. Ein kleiner Junge, der mich manchmal k\u00fcssen will, daf\u00fcr stellt er sich auf die Hinterl\u00e4ufe, um an meine Schnauze zu kommen. Das ist lustig!<\/p>\n<p>Dann geht es in die Klasse und der Unterricht beginnt. Ich liege meistens faul rum oder guck mal, was die Kinder so machen. Sehr oft krieg ich eine Streicheleinheit von denen. Doch das Beste sind die kleinen Pausen, denn da holen alle ihre Brotdosen heraus. Das ist mein Highlight: \u00dcberall riecht es wunderbar und ich wei\u00df gar nicht, zu wem ich zuerst hinlaufen soll. Irgendwie haben sie alle etwas f\u00fcr mich in ihren Dosen: Apfelst\u00fccke, Gurkenscheiben, kleine Wurstst\u00fcckchen, eine Ecke vom Leberwurstbrot, K\u00e4se oder eine Karotte. Dann bin ich sehr gl\u00fccklich und wei\u00df wieder, warum ich heute Morgen doch mitgegangen bin\u2026 In den langen Pausen geht\u2019s auf die Hundewiese. Da sind alle fr\u00f6hlich und spielen mit mir. Es sind auch andere Hunde da, aber die interessieren mich nicht so wie mein Ball und die Kinder. Die Menschen unterhalten sich alle miteinander und lernen auch andere Hunde kennen. Aber ich bin nicht eifers\u00fcchtig, ich wei\u00df ja, dass ich ihr Schulhund bin und nicht die anderen. Hauptsache, sie werfen weiterhin den Ball und f\u00fcttern mich mit ihren leckeren Sachen aus den bunten Dosen. Im Sommer machen wir auch mal Ausfl\u00fcge an die Elbe und buddeln um die Wette im Sand. Das k\u00f6nnen die Kinder fast so gut wie ich!<\/p>\n<p>Wenn wir dann eine andere Klasse besuchen, muss ich mich besonders anstrengen, nett zu sein und alles zu machen, was Frauchen von mir will. Es gibt doch viele Kinder, die Angst vor uns Hunden haben und sie sollen sehen, dass Hunde richtig lieb sein k\u00f6nnen. Deshalb strenge ich mich auch so an, bin vorsichtig, wenn sie sich trauen, mir ein Leckerli zu geben. Manche Kinder k\u00f6nnen nicht so gut sprechen und \u00fcben meinen Namen und die Kommandos, damit ich sie auch verstehen kann, wenn sie mich rufen oder auffordern, etwas zu machen. Sie sind ganz stolz, wenn sie mir das Kommando \u201eSitz und Pfote\u201c sagen, und ich das dann auch brav mache: Mich hinsetzen und meine Pfote in ihre Hand lege. Daf\u00fcr kassiere ich dann aber auch ein Leckerli \u2013 und daf\u00fcr mache ich einfach &#8211; fast &#8211; alles! Es gibt dann auch ein tolles Versteckspiel: Die Kinder verstecken kleine K\u00e4se- oder Wurstst\u00fcckchen im Klassenraum und ich muss sie suchen. Das macht richtig Spa\u00df! Die Kinder sind aufgeregt, ob ich sie finde, und ich freue mich \u00fcber die Leckereien. Drau\u00dfen auf dem Flur oder auf dem Schulhof spielen wir dann wieder mit dem Ball und ich bringe jedem Kind den Ball zur\u00fcck, nachdem ich ihn gefangen habe. Das kann ich gut \u2013 ich bin n\u00e4mlich sehr sportlich. Obwohl ich inzwischen auch mehr Pausen brauche. Wenn wir dann zur\u00fcck gehen, d\u00fcrfen die Kinder mich abwechselnd an der Leine f\u00fchren, das finden sie ganz toll und ich trotte ganz brav neben ihnen her. Hauptsache mein Frauchen ist dabei, sonst gehe ich nicht weiter! Wenn ich dann mittags \u201eFeierabend\u201c habe, bin ich ziemlich erledigt und schlafe meist schon im Auto ein. So ein Schultag als Schulhund ist doch anstrengend, aber macht gro\u00dfen Spa\u00df!<\/p>\n<p>Anni mit Frauchen Katharina von Puttkamer<\/p>\n<p>&nbsp;<\/p>\n","protected":false},"excerpt":{"rendered":"<p>Hallo ihr Menschen, mein Frauchen hat mir gesagt, ich solle doch mal aus meiner Sicht meine Schultage in der Elbschule beschreiben. Also: Ich bin Anni, bin seit fast zehn Menschenjahren auf der Welt, das sind 63 Hundejahre \u2013 also nicht mehr lange bis zur Pension ; ) Seit fast sieben Jahren bin ich als Schulh\u00fcndin &hellip; <a href=\"https:\/\/elbschule.hamburg.de\/?page_id=3843\" class=\"more-link\"><span class=\"screen-reader-text\">Hundstage in der Elbschule \u2013 Aus der Perspektive von Anni<\/span> weiterlesen <span class=\"meta-nav\">&rarr;<\/span><\/a><\/p>\n","protected":false},"author":207,"featured_media":0,"parent":0,"menu_order":0,"comment_status":"closed","ping_status":"closed","template":"","meta":{"_acf_changed":false,"footnotes":""},"class_list":["post-3843","page","type-page","status-publish","hentry"],"acf":[],"_links":{"self":[{"href":"https:\/\/elbschule.hamburg.de\/index.php?rest_route=\/wp\/v2\/pages\/3843","targetHints":{"allow":["GET"]}}],"collection":[{"href":"https:\/\/elbschule.hamburg.de\/index.php?rest_route=\/wp\/v2\/pages"}],"about":[{"href":"https:\/\/elbschule.hamburg.de\/index.php?rest_route=\/wp\/v2\/types\/page"}],"author":[{"embeddable":true,"href":"https:\/\/elbschule.hamburg.de\/index.php?rest_route=\/wp\/v2\/users\/207"}],"replies":[{"embeddable":true,"href":"https:\/\/elbschule.hamburg.de\/index.php?rest_route=%2Fwp%2Fv2%2Fcomments&post=3843"}],"version-history":[{"count":2,"href":"https:\/\/elbschule.hamburg.de\/index.php?rest_route=\/wp\/v2\/pages\/3843\/revisions"}],"predecessor-version":[{"id":3872,"href":"https:\/\/elbschule.hamburg.de\/index.php?rest_route=\/wp\/v2\/pages\/3843\/revisions\/3872"}],"wp:attachment":[{"href":"https:\/\/elbschule.hamburg.de\/index.php?rest_route=%2Fwp%2Fv2%2Fmedia&parent=3843"}],"curies":[{"name":"wp","href":"https:\/\/api.w.org\/{rel}","templated":true}]}}