{"id":3820,"date":"2023-01-19T13:58:09","date_gmt":"2023-01-19T13:58:09","guid":{"rendered":"https:\/\/elbschule.hamburg.de\/?page_id=3820"},"modified":"2023-01-19T13:58:09","modified_gmt":"2023-01-19T13:58:09","slug":"medienscouts-klaeren-auf-verhalten-im-internet","status":"publish","type":"page","link":"https:\/\/elbschule.hamburg.de\/?page_id=3820","title":{"rendered":"Medienscouts kl\u00e4ren auf \u2013 Verhalten im Internet"},"content":{"rendered":"<p><strong> <div id=\"metaslider-id-3822\" style=\"max-width: 640px; margin: 0 auto;\" class=\"ml-slider-3-107-0 metaslider metaslider-responsive metaslider-3822 ml-slider has-dots-nav ms-theme-default\" role=\"region\" aria-label=\"Medienscouts kl\u00e4ren auf!\" data-height=\"480\" data-width=\"640\">\n    <div id=\"metaslider_container_3822\">\n        <ul id='metaslider_3822' class='rslides'>\n            <li aria-roledescription='slide' aria-labelledby='slide-0'><img loading=\"lazy\" decoding=\"async\" src=\"https:\/\/elbschule.hamburg.de\/wp-content\/uploads\/sites\/127\/2023\/01\/Titelbild.jpg\" height=\"480\" width=\"640\" alt=\"\" class=\"slider-3822 slide-3823 msDefaultImage\" title=\"Titelbild\" \/><\/li>\n            <li style='display: none;' aria-roledescription='slide' aria-labelledby='slide-1'><img loading=\"lazy\" decoding=\"async\" src=\"https:\/\/elbschule.hamburg.de\/wp-content\/uploads\/sites\/127\/2023\/01\/Bild-1.jpg\" height=\"480\" width=\"640\" alt=\"\" class=\"slider-3822 slide-3824 msDefaultImage\" title=\"Bild 1\" \/><\/li>\n            <li style='display: none;' aria-roledescription='slide' aria-labelledby='slide-2'><img loading=\"lazy\" decoding=\"async\" src=\"https:\/\/elbschule.hamburg.de\/wp-content\/uploads\/sites\/127\/2023\/01\/Bild-2.jpg\" height=\"480\" width=\"640\" alt=\"\" class=\"slider-3822 slide-3825 msDefaultImage\" title=\"Bild 2\" \/><\/li>\n            <li style='display: none;' aria-roledescription='slide' aria-labelledby='slide-3'><img loading=\"lazy\" decoding=\"async\" src=\"https:\/\/elbschule.hamburg.de\/wp-content\/uploads\/sites\/127\/2023\/01\/Bild-3.jpg\" height=\"480\" width=\"640\" alt=\"\" class=\"slider-3822 slide-3826 msDefaultImage\" title=\"Bild 3\" \/><\/li>\n            <li style='display: none;' aria-roledescription='slide' aria-labelledby='slide-4'><img loading=\"lazy\" decoding=\"async\" src=\"https:\/\/elbschule.hamburg.de\/wp-content\/uploads\/sites\/127\/2023\/01\/Bild-4.jpg\" height=\"480\" width=\"640\" alt=\"\" class=\"slider-3822 slide-3827 msDefaultImage\" title=\"Bild 4\" \/><\/li>\n            <li style='display: none;' aria-roledescription='slide' aria-labelledby='slide-5'><img loading=\"lazy\" decoding=\"async\" src=\"https:\/\/elbschule.hamburg.de\/wp-content\/uploads\/sites\/127\/2023\/01\/Bild-5.jpg\" height=\"480\" width=\"640\" alt=\"\" class=\"slider-3822 slide-3828 msDefaultImage\" title=\"Bild 5\" \/><\/li>\n            <li style='display: none;' aria-roledescription='slide' aria-labelledby='slide-6'><img loading=\"lazy\" decoding=\"async\" src=\"https:\/\/elbschule.hamburg.de\/wp-content\/uploads\/sites\/127\/2023\/01\/Bild-6.jpg\" height=\"480\" width=\"640\" alt=\"\" class=\"slider-3822 slide-3829 msDefaultImage\" title=\"Bild 6\" \/><\/li>\n            <li style='display: none;' aria-roledescription='slide' aria-labelledby='slide-7'><img loading=\"lazy\" decoding=\"async\" src=\"https:\/\/elbschule.hamburg.de\/wp-content\/uploads\/sites\/127\/2023\/01\/Bild-7.jpg\" height=\"480\" width=\"640\" alt=\"\" class=\"slider-3822 slide-3830 msDefaultImage\" title=\"Bild 7\" \/><\/li>\n            <li style='display: none;' aria-roledescription='slide' aria-labelledby='slide-8'><img loading=\"lazy\" decoding=\"async\" src=\"https:\/\/elbschule.hamburg.de\/wp-content\/uploads\/sites\/127\/2023\/01\/Bild-8.jpg\" height=\"480\" width=\"640\" alt=\"\" class=\"slider-3822 slide-3831 msDefaultImage\" title=\"Bild 8\" \/><\/li>\n        <\/ul>\n        \n    <\/div>\n<\/div><\/strong><\/p>\n<p>Das Programm MedienScouts Hamburg wird gemeinsam vom Landesinstitut f\u00fcr Lehrerbildung und Schulentwicklung Hamburg (LI) und dem Hamburger B\u00fcrger- und Ausbildungskanal TIDE organisiert und durch die Beh\u00f6rde f\u00fcr Schule und Berufsbildung (BSB) gef\u00f6rdert.<\/p>\n<p>Die MedienScouts der Elbschule aus Klasse 8c und 9a erwarben ihr Wissen in einem mehrt\u00e4gigen Training und entwickelten mit Hilfe der Lehrkr\u00e4fte Helene Flohr und Christian Grulich Workshops, die sie in den Jahrg\u00e4ngen 5 bis 7 durchf\u00fchren. Die Ma\u00dfnahme basiert auf dem Peer-to-Peer-Prinzip: Die MedienScouts sind ausgebildete Sch\u00fcler:innen mit Kenntnissen in Sachen digitale Medien und geben j\u00fcngeren Sch\u00fcler:innen Workshops zu aktuellen Medien-Themen. Darauf aufbauend k\u00f6nnen sie ihre Funktionen und Aufgaben erweitern, zum Beispiel durch die Einrichtung von Sprechstunden f\u00fcr Sch\u00fcler:innen oder ihren Einsatz bei Veranstaltungen, Konferenzen und Elternabenden finden.<\/p>\n<p>Noch vor den Weihnachtsferien gestaltete eine Teilgruppe der Medienscouts Lenja, Lotta, Milena und Nike mit der Unterst\u00fctzung von Helene Flohr einen Workshop zum Thema \u201aVerhalten im Internet\u2018 in der Klasse 6c. Zuerst wurde die Handynutzung der Sechstkl\u00e4ssler:innen eruiert unter der \u00dcberschrift \u201aAlles Handy oder was?\u2018. Anschlie\u00dfend erarbeiteten sie zusammen, was man im Internet von sich preisgeben kann und was Privatsache ist \u2013 und auf keinen Fall gepostet werden sollte. An dem Punkt wurden wesentliche Irrt\u00fcmer der Sechstkl\u00e4ssler:innen aufgekl\u00e4rt und ihr Wissen erweitert durch die Frage \u201aWas soll auf keinen Fall passieren?\u2018. Beim Thema \u201aChatverlauf\u2018 wurden anhand von Rollenspielen fingierte Chatverl\u00e4ufe bewertet mit \u201eGeht klar\u201c oder \u201eNo-Go\u201c. Daraufhin diskutierten die Kinder in Zweiergruppen, was ihnen wichtig ist beim Surfen im Internet. Aus den Ergebnissen dieser Diskussionen und den Erfahrungen, die sie im ersten Teil des Workshops gemacht hatten, formulierten sie gemeinsam mit den Medienscouts ihre eigenen Internetregeln. Diese wurden auf einem Plakat festgehalten und von allen unterschrieben.<\/p>\n<p>Der Workshop wurde von Lenja geb\u00e4rdet und von Nike, Lotta und Milena lautsprachlich moderiert. Sie gestalteten den Workshop abwechslungsreich mit verschiedenen Methoden, sodass die Sch\u00fcler:innen -nicht nur themenbedingt- sehr interessiert und konzentriert mitarbeiteten und sich einbrachten mit vielen Beitr\u00e4gen und Fragen. Insgesamt war es eine gelungene Aufkl\u00e4rung zwischen Gefahr und Beruhigung, mit Hinweisen auf Hilfen, von Sch\u00fclerinnen f\u00fcr Sch\u00fcler:innen.<\/p>\n<p>Katharina von Puttkamer<\/p>\n","protected":false},"excerpt":{"rendered":"<p>Das Programm MedienScouts Hamburg wird gemeinsam vom Landesinstitut f\u00fcr Lehrerbildung und Schulentwicklung Hamburg (LI) und dem Hamburger B\u00fcrger- und Ausbildungskanal TIDE organisiert und durch die Beh\u00f6rde f\u00fcr Schule und Berufsbildung (BSB) gef\u00f6rdert. Die MedienScouts der Elbschule aus Klasse 8c und 9a erwarben ihr Wissen in einem mehrt\u00e4gigen Training und entwickelten mit Hilfe der Lehrkr\u00e4fte Helene &hellip; <a href=\"https:\/\/elbschule.hamburg.de\/?page_id=3820\" class=\"more-link\"><span class=\"screen-reader-text\">Medienscouts kl\u00e4ren auf \u2013 Verhalten im Internet<\/span> weiterlesen <span class=\"meta-nav\">&rarr;<\/span><\/a><\/p>\n","protected":false},"author":207,"featured_media":0,"parent":0,"menu_order":0,"comment_status":"closed","ping_status":"closed","template":"","meta":{"_acf_changed":false,"footnotes":""},"class_list":["post-3820","page","type-page","status-publish","hentry"],"acf":[],"_links":{"self":[{"href":"https:\/\/elbschule.hamburg.de\/index.php?rest_route=\/wp\/v2\/pages\/3820","targetHints":{"allow":["GET"]}}],"collection":[{"href":"https:\/\/elbschule.hamburg.de\/index.php?rest_route=\/wp\/v2\/pages"}],"about":[{"href":"https:\/\/elbschule.hamburg.de\/index.php?rest_route=\/wp\/v2\/types\/page"}],"author":[{"embeddable":true,"href":"https:\/\/elbschule.hamburg.de\/index.php?rest_route=\/wp\/v2\/users\/207"}],"replies":[{"embeddable":true,"href":"https:\/\/elbschule.hamburg.de\/index.php?rest_route=%2Fwp%2Fv2%2Fcomments&post=3820"}],"version-history":[{"count":2,"href":"https:\/\/elbschule.hamburg.de\/index.php?rest_route=\/wp\/v2\/pages\/3820\/revisions"}],"predecessor-version":[{"id":3832,"href":"https:\/\/elbschule.hamburg.de\/index.php?rest_route=\/wp\/v2\/pages\/3820\/revisions\/3832"}],"wp:attachment":[{"href":"https:\/\/elbschule.hamburg.de\/index.php?rest_route=%2Fwp%2Fv2%2Fmedia&parent=3820"}],"curies":[{"name":"wp","href":"https:\/\/api.w.org\/{rel}","templated":true}]}}