{"id":377,"date":"2015-08-29T09:31:20","date_gmt":"2015-08-29T09:31:20","guid":{"rendered":"http:\/\/elbschule.schulhomepages.hamburg.de\/?page_id=377"},"modified":"2016-02-27T10:32:18","modified_gmt":"2016-02-27T10:32:18","slug":"elbstadtland","status":"publish","type":"page","link":"https:\/\/elbschule.hamburg.de\/?page_id=377","title":{"rendered":"ElbStadtLand\u2013 Berufsorientierung in Hamburg und um Hamburg herum"},"content":{"rendered":"<p>&nbsp;<\/p>\n<figure id=\"attachment_374\" aria-describedby=\"caption-attachment-374\" style=\"width: 640px\" class=\"wp-caption alignnone\"><a href=\"https:\/\/elbschule.hamburg.de\/wp-content\/uploads\/sites\/127\/2015\/08\/Kulturschulleben-ElbStadtLand-I.jpg\" data-rel=\"lightbox\" data-rl_title=\"\" data-rl_caption=\"\" title=\"\"><img loading=\"lazy\" decoding=\"async\" class=\"size-full wp-image-374\" src=\"https:\/\/elbschule.hamburg.de\/wp-content\/uploads\/sites\/127\/2015\/08\/Kulturschulleben-ElbStadtLand-I.jpg\" alt=\"Abschlussveranstaltung: Podiumsdikussion mit h\u00f6rgesch\u00e4digten Experten\" width=\"640\" height=\"480\" srcset=\"https:\/\/elbschule.hamburg.de\/wp-content\/uploads\/sites\/127\/2015\/08\/Kulturschulleben-ElbStadtLand-I.jpg 640w, https:\/\/elbschule.hamburg.de\/wp-content\/uploads\/sites\/127\/2015\/08\/Kulturschulleben-ElbStadtLand-I-300x225.jpg 300w\" sizes=\"auto, (max-width: 640px) 100vw, 640px\" \/><\/a><figcaption id=\"caption-attachment-374\" class=\"wp-caption-text\">Abschlussveranstaltung: Podiumsdikussion mit h\u00f6rgesch\u00e4digten Experten<\/figcaption><\/figure>\n<p>\u00dcber Schul- und Landesgrenzen hinweg fand am 27.11.2014 die Abschlussveranstaltung zu einem au\u00dfergew\u00f6hnlichen, erstmals durchgef\u00fchrten Projekt zur Berufsorientierung statt.<\/p>\n<p>In Zeiten knapper Kassen und Ressourcen hatten die <strong>Elb<\/strong>schule in Hamburg, die <strong>Stadt<\/strong>teilschule Hamburg Mitte und das <strong>Land<\/strong>esf\u00f6rderzentrum H\u00f6ren und Sprache in Schleswig ein gemeinsames Projekt mit dem Namen \u201eElbStadtLand&#8220; entwickelt, das den Projektnamen nach den teilnehmenden Schulen erhielt. Die Organisatoren Renate Beduhn(SL), Inga Beecken(SL), Thomas Nedden (HH-STS Mitte), Karin Perwo-A\u00dfmann(HH-Elbschule), Ingrid Roth(HH-Elbschule), Monika Thomas(HH-Elbschule) hatten eine vielseitige Veranstaltungsreihe entwickelt, die auch h\u00f6rgesch\u00e4digte Sch\u00fcler aus der Inklusion aus Hamburg und dem schleswig-holsteinischen Umland ansprechen sollte.<\/p>\n<figure id=\"attachment_375\" aria-describedby=\"caption-attachment-375\" style=\"width: 436px\" class=\"wp-caption alignnone\"><a href=\"https:\/\/elbschule.hamburg.de\/wp-content\/uploads\/sites\/127\/2015\/08\/Kulturschulleben-ElbStadtLand-II.jpg\" data-rel=\"lightbox\" data-rl_title=\"\" data-rl_caption=\"\" title=\"\"><img loading=\"lazy\" decoding=\"async\" class=\"size-full wp-image-375\" src=\"https:\/\/elbschule.hamburg.de\/wp-content\/uploads\/sites\/127\/2015\/08\/Kulturschulleben-ElbStadtLand-II.jpg\" alt=\"Auftaktveranstaltung: Ausstellung technischer Hilfsmittel\" width=\"436\" height=\"327\" srcset=\"https:\/\/elbschule.hamburg.de\/wp-content\/uploads\/sites\/127\/2015\/08\/Kulturschulleben-ElbStadtLand-II.jpg 436w, https:\/\/elbschule.hamburg.de\/wp-content\/uploads\/sites\/127\/2015\/08\/Kulturschulleben-ElbStadtLand-II-300x225.jpg 300w\" sizes=\"auto, (max-width: 436px) 100vw, 436px\" \/><\/a><figcaption id=\"caption-attachment-375\" class=\"wp-caption-text\">Auftaktveranstaltung: Ausstellung technischer Hilfsmittel<\/figcaption><\/figure>\n<p>21 Sch\u00fclerinnen und Sch\u00fcler mit H\u00f6rbehinderung aus Hamburg und dem schleswig-holsteinischen Umland hatten das praxisbezogene Angebot zu Einblicken in die Arbeitswelt h\u00f6rgesch\u00e4digter Menschen genutzt. Schwellen\u00e4ngste sollten abgebaut und eine realistische Berufseinsch\u00e4tzung angestrebt werden.<\/p>\n<figure id=\"attachment_376\" aria-describedby=\"caption-attachment-376\" style=\"width: 436px\" class=\"wp-caption alignnone\"><a href=\"https:\/\/elbschule.hamburg.de\/wp-content\/uploads\/sites\/127\/2015\/08\/Kulturschulleben-ElbStadtLand-III.jpg\" data-rel=\"lightbox\" data-rl_title=\"\" data-rl_caption=\"\" title=\"\"><img loading=\"lazy\" decoding=\"async\" class=\"size-full wp-image-376\" src=\"https:\/\/elbschule.hamburg.de\/wp-content\/uploads\/sites\/127\/2015\/08\/Kulturschulleben-ElbStadtLand-III.jpg\" alt=\"Arbeitsplatzerkundung: Die zahnmedizinische Fachangestellte erkl\u00e4rt die Apparaturen\" width=\"436\" height=\"327\" srcset=\"https:\/\/elbschule.hamburg.de\/wp-content\/uploads\/sites\/127\/2015\/08\/Kulturschulleben-ElbStadtLand-III.jpg 436w, https:\/\/elbschule.hamburg.de\/wp-content\/uploads\/sites\/127\/2015\/08\/Kulturschulleben-ElbStadtLand-III-300x225.jpg 300w\" sizes=\"auto, (max-width: 436px) 100vw, 436px\" \/><\/a><figcaption id=\"caption-attachment-376\" class=\"wp-caption-text\">Arbeitsplatzerkundung: Die zahnmedizinische Fachangestellte erkl\u00e4rt die Apparaturen<\/figcaption><\/figure>\n<p>Ehemalige Sch\u00fclerinnen und Sch\u00fcler konnten als motivierte Experten gewonnen werden, die \u00fcber ihre individuellen Erfahrungen in Ausbildung und Berufst\u00e4tigkeit berichteten und ihren Arbeitsplatz vorstellten. Die betroffenen Unternehmen standen dem Projekt ebenfalls aufgeschlossen gegen\u00fcber und unterst\u00fctzten ihre Mitarbeiter gern dabei.<\/p>\n<p><strong>Das Gesamtprojekt<\/strong> bestand aus vier Teilen:<\/p>\n<ul class=\"unIndentedList\">\n<li>einer eint\u00e4gigen Auftaktveranstaltung Anfang September in der Elbschule mit interessanten Workshops und vielen Informationen<\/li>\n<li>einem Bewerbungstraining beim DGB (Deutscher Gewerkschaftsbund) in Hamburg<\/li>\n<li>zwei Arbeitsplatzbesichtigungen aus einem Angebot von zehn Berufsfeldern<\/li>\n<li>einer halbt\u00e4gigen Schlussveranstaltung in der Elbschule mit Teilnahme der h\u00f6rbehinderten Experten, die interessante Gespr\u00e4che mit vielen Tipps erm\u00f6glichte.<\/li>\n<\/ul>\n<p><strong>Zusammenfassung:<br \/>\n<\/strong>Am Ende der Abschlussveranstaltung gab es lebhafte R\u00fcckmeldung. Den Sch\u00fclern hatte der Kontakt untereinander sehr gefallen, aber auch Idee und Durchf\u00fchrung des Projektes erhielten Lob. Verbesserungsvorschl\u00e4ge f\u00fcr den n\u00e4chsten Durchlauf nahmen die Organisatoren gern auf. Die geladenen Experten werden das Projekt ElbStadtLand gern wieder unterst\u00fctzen.<\/p>\n<p>Eine weitere Veranstaltungsreihe zum Thema \u201eStudium mit H\u00f6rsch\u00e4digung&#8220; wurde in Kooperation mit der Universit\u00e4t Hamburg und dem Studierendenwerk von ElbStadtLand ebenfalls auf den Weg gebracht.<\/p>\n<p align=\"right\">\u00a0\u00a0\u00a0\u00a0\u00a0\u00a0\u00a0\u00a0\u00a0\u00a0\u00a0\u00a0\u00a0\u00a0\u00a0\u00a0\u00a0\u00a0\u00a0\u00a0\u00a0\u00a0\u00a0\u00a0 Renate Beduhn und\u00a0 Karin Perwo-A\u00dfmann<\/p>\n","protected":false},"excerpt":{"rendered":"<p>&nbsp; \u00dcber Schul- und Landesgrenzen hinweg fand am 27.11.2014 die Abschlussveranstaltung zu einem au\u00dfergew\u00f6hnlichen, erstmals durchgef\u00fchrten Projekt zur Berufsorientierung statt. In Zeiten knapper Kassen und Ressourcen hatten die Elbschule in Hamburg, die Stadtteilschule Hamburg Mitte und das Landesf\u00f6rderzentrum H\u00f6ren und Sprache in Schleswig ein gemeinsames Projekt mit dem Namen \u201eElbStadtLand&#8220; entwickelt, das den Projektnamen nach &hellip; <a href=\"https:\/\/elbschule.hamburg.de\/?page_id=377\" class=\"more-link\"><span class=\"screen-reader-text\">ElbStadtLand\u2013 Berufsorientierung in Hamburg und um Hamburg herum<\/span> weiterlesen <span class=\"meta-nav\">&rarr;<\/span><\/a><\/p>\n","protected":false},"author":206,"featured_media":0,"parent":0,"menu_order":3,"comment_status":"closed","ping_status":"closed","template":"","meta":{"_acf_changed":false,"footnotes":""},"class_list":["post-377","page","type-page","status-publish","hentry"],"acf":[],"_links":{"self":[{"href":"https:\/\/elbschule.hamburg.de\/index.php?rest_route=\/wp\/v2\/pages\/377","targetHints":{"allow":["GET"]}}],"collection":[{"href":"https:\/\/elbschule.hamburg.de\/index.php?rest_route=\/wp\/v2\/pages"}],"about":[{"href":"https:\/\/elbschule.hamburg.de\/index.php?rest_route=\/wp\/v2\/types\/page"}],"author":[{"embeddable":true,"href":"https:\/\/elbschule.hamburg.de\/index.php?rest_route=\/wp\/v2\/users\/206"}],"replies":[{"embeddable":true,"href":"https:\/\/elbschule.hamburg.de\/index.php?rest_route=%2Fwp%2Fv2%2Fcomments&post=377"}],"version-history":[{"count":0,"href":"https:\/\/elbschule.hamburg.de\/index.php?rest_route=\/wp\/v2\/pages\/377\/revisions"}],"wp:attachment":[{"href":"https:\/\/elbschule.hamburg.de\/index.php?rest_route=%2Fwp%2Fv2%2Fmedia&parent=377"}],"curies":[{"name":"wp","href":"https:\/\/api.w.org\/{rel}","templated":true}]}}