{"id":3741,"date":"2022-12-09T10:29:06","date_gmt":"2022-12-09T10:29:06","guid":{"rendered":"https:\/\/elbschule.hamburg.de\/?page_id=3741"},"modified":"2022-12-12T09:12:11","modified_gmt":"2022-12-12T09:12:11","slug":"zusammen-elbschule-zum-thema-freundschaft-im-pinneberg-museum","status":"publish","type":"page","link":"https:\/\/elbschule.hamburg.de\/?page_id=3741","title":{"rendered":"Zusammen \u2013 Elbschule zum Thema FREUNDSCHAFT im Pinneberg Museum"},"content":{"rendered":"<p>Das Thema Freundschaft ist so alt wie die Menschheit. Gute Freunde sichern das \u00dcberleben, sie geben unserem Leben Sinn und machen uns zu besseren Menschen. Freundschaft ist gar so wichtig, dass die Vereinten Nationen im Jahr 2011 weltweit den 30. Juli zum Tag der Freundschaft erkl\u00e4rten.<\/p>\n<p>Nun widmet das Pinneberg Museum dem Thema eine Ausstellung, die den Titel<br \/>\n<strong>Zusammen. \u00dcber Freundschaft<\/strong> tr\u00e4gt.<\/p>\n<p>Besucher:innen werden anhand von drei Leitfragen durch die R\u00e4ume geleitet und zum Nachdenken angeregt:<\/p>\n<ul>\n<li>Was braucht Freundschaft?<\/li>\n<li>Wie bleibt Freundschaft?<\/li>\n<li>Was st\u00f6rt Freundschaft?<\/li>\n<\/ul>\n<p>Zumindest ein wichtiger Aspekt zum Erhalt von Freundschaft ist der Austausch und die Verst\u00e4ndigung in gesprochenen oder geschriebenen Worten und auch in Geb\u00e4rdensprache.<\/p>\n<p>Hier kam die Elbschule ins Spiel! Aus einer Kooperation 2021 zur Janosch-Ausstellung im Museum f\u00fcr Kunst &amp; Gewerbe (<a href=\"https:\/\/elbschule.hamburg.de\/?page_id=3148\">https:\/\/elbschule.hamburg.de\/?page_id=3148<\/a><u>)<\/u> war ein guter Kontakt zu Dr. Caroline Schr\u00f6der entstanden. Im Sommer 2022 schlug sie in neuer Funktion als Leiterin des Pinneberg Museums der Elbschule eine erneute Kooperation vor. Gern sagte Gabriele Ernesti, die Klassenlehrerin der 4a\/5a, ihre Mitwirkung an dem Projekt Freundschaft zu. Mit Unterst\u00fctzung durch Daniela Gnerlich und Juliane Tietz wurde das Thema im Rahmen einer kleinen Unterrichtseinheit in das Bewusstsein der Kinder ger\u00fcckt. Denn anders als reflektierende Erwachsene, sp\u00fcren Kinder intuitiv im gemeinsamen Spiel, mit wem sie gern oder nicht so gern Zeit verbringen. Gabriele Ernesti stellte fest, dass sich die ethischen Anspr\u00fcche an Freundschaft bei Kindern und Erwachsenen unterscheiden:<br \/>\n\u201eBei Erwachsenen sind es ja oft Werte wie Loyalit\u00e4t, Vertrauen, Zuh\u00f6ren, F\u00fcreinander da sein in der Not usw. Umso \u00fcberraschender fand ich die Antworten der Kinder, in denen es um ethische Werte wie gerecht teilen\/abgeben, nicht neidisch sein, geliehene Sachen nicht kaputt machen (\u2026) ging.\u201c<\/p>\n<div id=\"metaslider-id-3752\" style=\"max-width: 640px; margin: 0 auto;\" class=\"ml-slider-3-107-0 metaslider metaslider-responsive metaslider-3752 ml-slider has-dots-nav ms-theme-default\" role=\"region\" aria-label=\"Freundschaft\" data-height=\"480\" data-width=\"640\">\n    <div id=\"metaslider_container_3752\">\n        <ul id='metaslider_3752' class='rslides'>\n            <li aria-roledescription='slide' aria-labelledby='slide-0'><img loading=\"lazy\" decoding=\"async\" src=\"https:\/\/elbschule.hamburg.de\/wp-content\/uploads\/sites\/127\/2022\/12\/Bild1.jpg\" height=\"480\" width=\"640\" alt=\"\" class=\"slider-3752 slide-3761 msDefaultImage\" title=\"Bild1\" \/><div class=\"caption-wrap\"><div class=\"caption\">privat<\/div><\/div><\/li>\n            <li style='display: none;' aria-roledescription='slide' aria-labelledby='slide-1'><img loading=\"lazy\" decoding=\"async\" src=\"https:\/\/elbschule.hamburg.de\/wp-content\/uploads\/sites\/127\/2022\/12\/Bild2-scaled-640x480.jpg\" height=\"480\" width=\"640\" alt=\"\" class=\"slider-3752 slide-3760 msDefaultImage\" title=\"Bild2\" \/><div class=\"caption-wrap\"><div class=\"caption\">privat<\/div><\/div><\/li>\n            <li style='display: none;' aria-roledescription='slide' aria-labelledby='slide-2'><img loading=\"lazy\" decoding=\"async\" src=\"https:\/\/elbschule.hamburg.de\/wp-content\/uploads\/sites\/127\/2022\/12\/Bild3-scaled-640x480.jpg\" height=\"480\" width=\"640\" alt=\"\" class=\"slider-3752 slide-3759 msDefaultImage\" title=\"Bild3\" \/><div class=\"caption-wrap\"><div class=\"caption\">privat<\/div><\/div><\/li>\n            <li style='display: none;' aria-roledescription='slide' aria-labelledby='slide-3'><img loading=\"lazy\" decoding=\"async\" src=\"https:\/\/elbschule.hamburg.de\/wp-content\/uploads\/sites\/127\/2022\/12\/Teaserbild-scaled-640x480.jpg\" height=\"480\" width=\"640\" alt=\"\" class=\"slider-3752 slide-3764 msDefaultImage\" title=\"Teaserbild\" \/><div class=\"caption-wrap\"><div class=\"caption\">privat<\/div><\/div><\/li>\n            <li style='display: none;' aria-roledescription='slide' aria-labelledby='slide-4'><img loading=\"lazy\" decoding=\"async\" src=\"https:\/\/elbschule.hamburg.de\/wp-content\/uploads\/sites\/127\/2022\/12\/Bild4-scaled-640x480.jpg\" height=\"480\" width=\"640\" alt=\"\" class=\"slider-3752 slide-3758 msDefaultImage\" title=\"Bild4\" \/><div class=\"caption-wrap\"><div class=\"caption\">privat<\/div><\/div><\/li>\n            <li style='display: none;' aria-roledescription='slide' aria-labelledby='slide-5'><img loading=\"lazy\" decoding=\"async\" src=\"https:\/\/elbschule.hamburg.de\/wp-content\/uploads\/sites\/127\/2022\/12\/Bild51-scaled-640x480.jpg\" height=\"480\" width=\"640\" alt=\"\" class=\"slider-3752 slide-3757 msDefaultImage\" title=\"Bild5(1)\" \/><div class=\"caption-wrap\"><div class=\"caption\">Pinneberg Museum (bearb.)<\/div><\/div><\/li>\n            <li style='display: none;' aria-roledescription='slide' aria-labelledby='slide-6'><img loading=\"lazy\" decoding=\"async\" src=\"https:\/\/elbschule.hamburg.de\/wp-content\/uploads\/sites\/127\/2022\/12\/Bild61-640x480.jpg\" height=\"480\" width=\"640\" alt=\"\" class=\"slider-3752 slide-3756 msDefaultImage\" title=\"Bild6(1)\" \/><div class=\"caption-wrap\"><div class=\"caption\">Pinneberg Museum (bearb.)<\/div><\/div><\/li>\n            <li style='display: none;' aria-roledescription='slide' aria-labelledby='slide-7'><img loading=\"lazy\" decoding=\"async\" src=\"https:\/\/elbschule.hamburg.de\/wp-content\/uploads\/sites\/127\/2022\/12\/Bild71-scaled-640x480.jpg\" height=\"480\" width=\"640\" alt=\"\" class=\"slider-3752 slide-3755 msDefaultImage\" title=\"Bild7(1)\" \/><div class=\"caption-wrap\"><div class=\"caption\">Pinneberg Museum (bearb.)<\/div><\/div><\/li>\n            <li style='display: none;' aria-roledescription='slide' aria-labelledby='slide-8'><img loading=\"lazy\" decoding=\"async\" src=\"https:\/\/elbschule.hamburg.de\/wp-content\/uploads\/sites\/127\/2022\/12\/Bild8_bearb-scaled-640x480.jpeg\" height=\"480\" width=\"640\" alt=\"\" class=\"slider-3752 slide-3754 msDefaultImage\" title=\"Bild8_bearb\" \/><div class=\"caption-wrap\"><div class=\"caption\">Pinneberg Museum (bearb.)<\/div><\/div><\/li>\n            <li style='display: none;' aria-roledescription='slide' aria-labelledby='slide-9'><img loading=\"lazy\" decoding=\"async\" src=\"https:\/\/elbschule.hamburg.de\/wp-content\/uploads\/sites\/127\/2022\/12\/Bild91-scaled-640x480.jpg\" height=\"480\" width=\"640\" alt=\"\" class=\"slider-3752 slide-3753 msDefaultImage\" title=\"Bild9(1)\" \/><div class=\"caption-wrap\"><div class=\"caption\">Pinneberg Museum (bearb.)<\/div><\/div><\/li>\n        <\/ul>\n        \n    <\/div>\n<\/div>\n<p>Dar\u00fcber, was Freundschaft f\u00fcr sie bedeutet, erz\u00e4hlen die 13 Kinder in einem Video, das in die Ausstellung integriert ist. Auch die f\u00fcnf ukrainischen Sch\u00fcler:innen der Klasse, die erst seit Kurzem DGS lernen, konnten sich mit einzelnen geb\u00e4rdeten Schlagworten filmisch beteiligen: \u00a0\u201e\u2026 sie zeigen den G\u00e4sten der Ausstellung, wie man wichtige Freundschaftsdinge in Deutscher Geb\u00e4rdensprache ausdr\u00fcckt\u201c , erl\u00e4utert Caroline Schr\u00f6der. Hier ist Mitmachen erw\u00fcnscht! Auch Jan &amp; Henry, die vom Sandm\u00e4nnchen und aus dem KIKA bekannten Erdm\u00e4nnchen des Puppenspielers Martin Reinl, versuchen, es den Kindern nachzutun. Das verspricht viel Spa\u00df und gute Unterhaltung.<\/p>\n<p>In der Ausstellung werden passende St\u00fccke aus der museumseigenen Sammlung pr\u00e4sentiert und durch Leihgaben von kollegial-freundschaftlich verbundenen lokalen Institutionen erg\u00e4nzt.<\/p>\n<p>\u201eDie Ausstellung lebt auch vom Mitmachen und Weiterdenken. Hinterlassen Sie Spuren davon, was Freundschaft f\u00fcr Sie bedeutet\u201c, fordert Caroline Schr\u00f6der die G\u00e4ste zu vielf\u00e4ltigen Aktionen auf.<\/p>\n<p><strong>Zusammen. \u00dcber Freundschaft <\/strong>ist vom 07.12.2022 bis 23.04.2023 im Pinneberg Museum zu sehen. Weitere Informationen finden Sie <u><a href=\"https:\/\/pinnebergmuseum.de\/sonderausstellung\/\" target=\"_blank\" rel=\"noopener\">hier<\/a>.<\/u><\/p>\n<p>&nbsp;<\/p>\n<p>Karin Perwo-A\u00dfmann<\/p>\n","protected":false},"excerpt":{"rendered":"<p>Das Thema Freundschaft ist so alt wie die Menschheit. Gute Freunde sichern das \u00dcberleben, sie geben unserem Leben Sinn und machen uns zu besseren Menschen. Freundschaft ist gar so wichtig, dass die Vereinten Nationen im Jahr 2011 weltweit den 30. Juli zum Tag der Freundschaft erkl\u00e4rten. Nun widmet das Pinneberg Museum dem Thema eine Ausstellung, &hellip; <a href=\"https:\/\/elbschule.hamburg.de\/?page_id=3741\" class=\"more-link\"><span class=\"screen-reader-text\">Zusammen \u2013 Elbschule zum Thema FREUNDSCHAFT im Pinneberg Museum<\/span> weiterlesen <span class=\"meta-nav\">&rarr;<\/span><\/a><\/p>\n","protected":false},"author":207,"featured_media":0,"parent":0,"menu_order":0,"comment_status":"closed","ping_status":"closed","template":"","meta":{"_acf_changed":false,"footnotes":""},"class_list":["post-3741","page","type-page","status-publish","hentry"],"acf":[],"_links":{"self":[{"href":"https:\/\/elbschule.hamburg.de\/index.php?rest_route=\/wp\/v2\/pages\/3741","targetHints":{"allow":["GET"]}}],"collection":[{"href":"https:\/\/elbschule.hamburg.de\/index.php?rest_route=\/wp\/v2\/pages"}],"about":[{"href":"https:\/\/elbschule.hamburg.de\/index.php?rest_route=\/wp\/v2\/types\/page"}],"author":[{"embeddable":true,"href":"https:\/\/elbschule.hamburg.de\/index.php?rest_route=\/wp\/v2\/users\/207"}],"replies":[{"embeddable":true,"href":"https:\/\/elbschule.hamburg.de\/index.php?rest_route=%2Fwp%2Fv2%2Fcomments&post=3741"}],"version-history":[{"count":5,"href":"https:\/\/elbschule.hamburg.de\/index.php?rest_route=\/wp\/v2\/pages\/3741\/revisions"}],"predecessor-version":[{"id":3770,"href":"https:\/\/elbschule.hamburg.de\/index.php?rest_route=\/wp\/v2\/pages\/3741\/revisions\/3770"}],"wp:attachment":[{"href":"https:\/\/elbschule.hamburg.de\/index.php?rest_route=%2Fwp%2Fv2%2Fmedia&parent=3741"}],"curies":[{"name":"wp","href":"https:\/\/api.w.org\/{rel}","templated":true}]}}