{"id":3725,"date":"2022-12-07T09:58:47","date_gmt":"2022-12-07T09:58:47","guid":{"rendered":"https:\/\/elbschule.hamburg.de\/?page_id=3725"},"modified":"2023-03-29T07:29:26","modified_gmt":"2023-03-29T07:29:26","slug":"schaetze-auf-postkartenformat-die-kunstpioniere-am-werk","status":"publish","type":"page","link":"https:\/\/elbschule.hamburg.de\/?page_id=3725","title":{"rendered":"Kunst-Pioniere \u2013 Mit Kunst kommunizieren"},"content":{"rendered":"<p>Das Postkartenprojekt der Kunstpioniere geht weiter. Die Elbsch\u00fcler:innen berichten selbst \u00fcber ihre Kooperation mit der M\u00fcnsterlandschule in Nordrhein-Westfalen und haben einen kleinen Film dazu gedreht.<\/p>\n<p><a href=\"https:\/\/www.kunstpioniere.de\/mit-kunst-kommunizieren\/\">https:\/\/www.kunstpioniere.de\/mit-kunst-kommunizieren\/<\/a><\/p>\n<div id=\"metaslider-id-3727\" style=\"max-width: 640px; margin: 0 auto;\" class=\"ml-slider-3-107-0 metaslider metaslider-responsive metaslider-3727 ml-slider has-dots-nav ms-theme-default\" role=\"region\" aria-label=\"Die Kunstpioniere\" data-height=\"480\" data-width=\"640\">\n    <div id=\"metaslider_container_3727\">\n        <ul id='metaslider_3727' class='rslides'>\n            <li aria-roledescription='slide' aria-labelledby='slide-0'><img loading=\"lazy\" decoding=\"async\" src=\"https:\/\/elbschule.hamburg.de\/wp-content\/uploads\/sites\/127\/2022\/12\/Vista_Point_Karten4-640x480.jpeg\" height=\"480\" width=\"640\" alt=\"\" class=\"slider-3727 slide-3728 msDefaultImage\" title=\"Vista_Point_Karten4\" \/><\/li>\n            <li style='display: none;' aria-roledescription='slide' aria-labelledby='slide-1'><img loading=\"lazy\" decoding=\"async\" src=\"https:\/\/elbschule.hamburg.de\/wp-content\/uploads\/sites\/127\/2022\/12\/Vista_Point_Karten2-640x480.jpeg\" height=\"480\" width=\"640\" alt=\"\" class=\"slider-3727 slide-3729 msDefaultImage\" title=\"Vista_Point_Karten2\" \/><\/li>\n            <li style='display: none;' aria-roledescription='slide' aria-labelledby='slide-2'><img loading=\"lazy\" decoding=\"async\" src=\"https:\/\/elbschule.hamburg.de\/wp-content\/uploads\/sites\/127\/2022\/12\/Vista_Point_Karte1-640x480.jpeg\" height=\"480\" width=\"640\" alt=\"\" class=\"slider-3727 slide-3730 msDefaultImage\" title=\"Vista_Point_Karte1\" \/><\/li>\n            <li style='display: none;' aria-roledescription='slide' aria-labelledby='slide-3'><img loading=\"lazy\" decoding=\"async\" src=\"https:\/\/elbschule.hamburg.de\/wp-content\/uploads\/sites\/127\/2022\/12\/Titelbild_5617-640x480.jpg\" height=\"480\" width=\"640\" alt=\"\" class=\"slider-3727 slide-3731 msDefaultImage\" title=\"Titelbild_5617\" \/><\/li>\n            <li style='display: none;' aria-roledescription='slide' aria-labelledby='slide-4'><img loading=\"lazy\" decoding=\"async\" src=\"https:\/\/elbschule.hamburg.de\/wp-content\/uploads\/sites\/127\/2022\/12\/IMG_3954-640x480.jpg\" height=\"480\" width=\"640\" alt=\"\" class=\"slider-3727 slide-3732 msDefaultImage\" title=\"IMG_3954\" \/><\/li>\n            <li style='display: none;' aria-roledescription='slide' aria-labelledby='slide-5'><img loading=\"lazy\" decoding=\"async\" src=\"https:\/\/elbschule.hamburg.de\/wp-content\/uploads\/sites\/127\/2022\/12\/IMG_3946.jpeg\" height=\"480\" width=\"640\" alt=\"\" class=\"slider-3727 slide-3733 msDefaultImage\" title=\"IMG_3946\" \/><\/li>\n            <li style='display: none;' aria-roledescription='slide' aria-labelledby='slide-6'><img loading=\"lazy\" decoding=\"async\" src=\"https:\/\/elbschule.hamburg.de\/wp-content\/uploads\/sites\/127\/2022\/12\/109-KP_Elbschule_Ero\u0308ffnung__KT_5498-640x480.jpg\" height=\"480\" width=\"640\" alt=\"\" class=\"slider-3727 slide-3734 msDefaultImage\" title=\"109-KP_Elbschule_Ero\u0308ffnung__KT_5498\" \/><\/li>\n            <li style='display: none;' aria-roledescription='slide' aria-labelledby='slide-7'><img loading=\"lazy\" decoding=\"async\" src=\"https:\/\/elbschule.hamburg.de\/wp-content\/uploads\/sites\/127\/2022\/12\/96-KP_Elbschule_Ero\u0308ffnung__KT_5485-640x480.jpg\" height=\"480\" width=\"640\" alt=\"\" class=\"slider-3727 slide-3735 msDefaultImage\" title=\"96-KP_Elbschule_Ero\u0308ffnung__KT_5485\" \/><\/li>\n            <li style='display: none;' aria-roledescription='slide' aria-labelledby='slide-8'><img loading=\"lazy\" decoding=\"async\" src=\"https:\/\/elbschule.hamburg.de\/wp-content\/uploads\/sites\/127\/2022\/12\/24-KP_Elbschule_Ero\u0308ffnung__KT_5358-640x480.jpg\" height=\"480\" width=\"640\" alt=\"\" class=\"slider-3727 slide-3736 msDefaultImage\" title=\"24-KP_Elbschule_Ero\u0308ffnung__KT_5358\" \/><\/li>\n            <li style='display: none;' aria-roledescription='slide' aria-labelledby='slide-9'><img loading=\"lazy\" decoding=\"async\" src=\"https:\/\/elbschule.hamburg.de\/wp-content\/uploads\/sites\/127\/2022\/12\/20-KP_Elbschule_Ero\u0308ffnung__KT_5352-640x480.jpg\" height=\"480\" width=\"640\" alt=\"\" class=\"slider-3727 slide-3737 msDefaultImage\" title=\"20-KP_Elbschule_Ero\u0308ffnung__KT_5352\" \/><\/li>\n        <\/ul>\n        \n    <\/div>\n<\/div>\n<h2>Sch\u00e4tze auf Postkartenformat &#8211; Die Kunstpioniere am Werk<\/h2>\n<p>Postkarten gibt es offiziell seit 1870 und wurden kurze Zeit sp\u00e4ter von K\u00fcnstler:innen entdeckt f\u00fcr kleine Skizzen, die sie als Information, aber auch zur Eigenwerbung nutzten. Im Altonaer Museum gibt es mit rund 1,75 Millionen Bildpostkarten eine der weltweit gr\u00f6\u00dften Sammlungen.\u00a0 Ein Teil der selbstgestalteten &#8211; von Kirchner bis Beuys &#8211; ist aktuell im Altonaer Museum in der Ausstellung \u201aVistapoints\u2018 zu bewundern.<\/p>\n<p>Die Elbschule wurde als eine von zehn Schulen f\u00fcr das Kunstpionierprojekt ausgew\u00e4hlt. \u00a0Kunstp\u00e4dagogin Christin Hubert sowie Klassenlehrerin Theresa Boyer leiten das Projekt. Die Sch\u00fcler:innen der Klasse 9a nehmen als \u201eKunstpioniere\u201c an diesem Projekt teil und durften die Er\u00f6ffnungsveranstaltung der Ausstellung \u201aVistapoints\u2018 aktiv mitgestalten.<\/p>\n<p>Sie gestalteten 130 eigene &#8211; halbfertige &#8211; Werke in Postkartenformat, die sie bei der Er\u00f6ffnung der Ausstellung im Altonaer Museum den Besucher:innen aush\u00e4ndigten. Diese wurden aufgefordert, die H\u00e4lften der Karten entweder vor Ort zu erg\u00e4nzen oder zu Hause, um sie nach Fertigstellung zur\u00fcck ans Museum zu schicken.<\/p>\n<p><em>\u201eWir machen zusammen Postkartenkunst. Wir wollen mit Kunst kommunizieren, nicht mit Worten. Alles ist erlaubt: Schreiben, zeichnen, kleben, malen. Lassen Sie Ihrer Kreativit\u00e4t freien Lauf!\u201c<\/em>, erkl\u00e4rten die Sch\u00fclerin Julia Felten und der Sch\u00fcler Harun Koca auf der B\u00fchne dem Publikum in DGS und LBG.\u00a0 Anschlie\u00dfend konnten die Besucher:innen an einem Tisch ihre Karten fertigstellen und Fragen an die Kunstpioniere stellen.<\/p>\n<p>Die Kunstpioniere freuen sich schon auf die kommenden Projekttage, in denen sie gemeinsam mit Fotografin Kristine Thiemann an ihren eigenen Projekten mit gesammelten Ideen aus der Ausstellung \u201aVistapoints\u2018 arbeiten k\u00f6nnen. Diese werden sie dann in ihrer eigenen Ausstellung im Rahmen von \u201aVistapoints\u2018 pr\u00e4sentieren. All diese Sch\u00e4tze k\u00f6nnen am 04.05 und 05.05.2023 im Altonaer Museum bewundert werden.<\/p>\n<p>Katharina von Puttkamer<\/p>\n","protected":false},"excerpt":{"rendered":"<p>Das Postkartenprojekt der Kunstpioniere geht weiter. Die Elbsch\u00fcler:innen berichten selbst \u00fcber ihre Kooperation mit der M\u00fcnsterlandschule in Nordrhein-Westfalen und haben einen kleinen Film dazu gedreht. https:\/\/www.kunstpioniere.de\/mit-kunst-kommunizieren\/ Sch\u00e4tze auf Postkartenformat &#8211; Die Kunstpioniere am Werk Postkarten gibt es offiziell seit 1870 und wurden kurze Zeit sp\u00e4ter von K\u00fcnstler:innen entdeckt f\u00fcr kleine Skizzen, die sie als Information, &hellip; <a href=\"https:\/\/elbschule.hamburg.de\/?page_id=3725\" class=\"more-link\"><span class=\"screen-reader-text\">Kunst-Pioniere \u2013 Mit Kunst kommunizieren<\/span> weiterlesen <span class=\"meta-nav\">&rarr;<\/span><\/a><\/p>\n","protected":false},"author":207,"featured_media":0,"parent":0,"menu_order":0,"comment_status":"closed","ping_status":"closed","template":"","meta":{"_acf_changed":false,"footnotes":""},"class_list":["post-3725","page","type-page","status-publish","hentry"],"acf":[],"_links":{"self":[{"href":"https:\/\/elbschule.hamburg.de\/index.php?rest_route=\/wp\/v2\/pages\/3725","targetHints":{"allow":["GET"]}}],"collection":[{"href":"https:\/\/elbschule.hamburg.de\/index.php?rest_route=\/wp\/v2\/pages"}],"about":[{"href":"https:\/\/elbschule.hamburg.de\/index.php?rest_route=\/wp\/v2\/types\/page"}],"author":[{"embeddable":true,"href":"https:\/\/elbschule.hamburg.de\/index.php?rest_route=\/wp\/v2\/users\/207"}],"replies":[{"embeddable":true,"href":"https:\/\/elbschule.hamburg.de\/index.php?rest_route=%2Fwp%2Fv2%2Fcomments&post=3725"}],"version-history":[{"count":7,"href":"https:\/\/elbschule.hamburg.de\/index.php?rest_route=\/wp\/v2\/pages\/3725\/revisions"}],"predecessor-version":[{"id":3933,"href":"https:\/\/elbschule.hamburg.de\/index.php?rest_route=\/wp\/v2\/pages\/3725\/revisions\/3933"}],"wp:attachment":[{"href":"https:\/\/elbschule.hamburg.de\/index.php?rest_route=%2Fwp%2Fv2%2Fmedia&parent=3725"}],"curies":[{"name":"wp","href":"https:\/\/api.w.org\/{rel}","templated":true}]}}