{"id":366,"date":"2015-08-29T08:50:12","date_gmt":"2015-08-29T08:50:12","guid":{"rendered":"http:\/\/elbschule.schulhomepages.hamburg.de\/?page_id=366"},"modified":"2015-08-29T08:52:49","modified_gmt":"2015-08-29T08:52:49","slug":"hamburger-schulmeisterschaften-klettern-2014","status":"publish","type":"page","link":"https:\/\/elbschule.hamburg.de\/?page_id=366","title":{"rendered":"Schulmeisterschaften Klettern 2014"},"content":{"rendered":"<p>Der Neigungskurs Klettern war nun bereits zum 3. Mal bei den Hamburger Schulmeisterschaften im Topropeklettern dabei&#8230;<\/p>\n<p><a href=\"https:\/\/elbschule.hamburg.de\/wp-content\/uploads\/sites\/127\/2015\/08\/hall-of-fame-Klettern-2014-I.jpg\" data-rel=\"lightbox\" data-rl_title=\"\" data-rl_caption=\"\" title=\"\"><img loading=\"lazy\" decoding=\"async\" class=\"alignnone size-full wp-image-365\" src=\"https:\/\/elbschule.hamburg.de\/wp-content\/uploads\/sites\/127\/2015\/08\/hall-of-fame-Klettern-2014-I.jpg\" alt=\"hall of fame Klettern 2014 I\" width=\"640\" height=\"452\" srcset=\"https:\/\/elbschule.hamburg.de\/wp-content\/uploads\/sites\/127\/2015\/08\/hall-of-fame-Klettern-2014-I.jpg 640w, https:\/\/elbschule.hamburg.de\/wp-content\/uploads\/sites\/127\/2015\/08\/hall-of-fame-Klettern-2014-I-300x212.jpg 300w\" sizes=\"auto, (max-width: 640px) 100vw, 640px\" \/><\/a><\/p>\n<p>Diesmal wollten wir im Jahrgangsbereich 9\/10 mit zwei Viererteams antreten. Leider fiel einer unserer Kletterer verletzungsbedingt kurzfristig aus. Das Dreierteam der Elbschule wurde daraufhin spontan von einer Sch\u00fclerin der Sch\u00fclerschule unterst\u00fctzt &#8211; vielen Dank daf\u00fcr!<br \/>\nZwei Stunden hatten die Sch\u00fclerinnen und Sch\u00fcler Zeit m\u00f6glichst viele und m\u00f6glichst schwere Routen an der Kletterwand der Goethe-Schule zu erklettern.<br \/>\nDie vier besten Routen gingen in die Bewertung ein. Die Punkte wurden im 4erTeam zusammengez\u00e4hlt und von der Jury ausgewertet.<\/p>\n<p>Die beiden Teams der Elbschule bestanden aus &#8222;alten Kletterhasen&#8220; (einige Sch\u00fclerinnen und Sch\u00fcler klettern bereits seit drei Jahren an der Elbschule) und &#8222;Neulingen&#8220; (erst seit zwei Monaten im Neigungskurs Klettern).<\/p>\n<p>Die Routen waren diesmal besonders schwer geschraubt, sodass die Kletterer alles an Kraft und Technik einsetzen mussten, um den Top-Griff zu erreichen.<\/p>\n<p>Am Ende stand fest: Die Elbschule hat den 3. und 4. Platz erzielt!<\/p>\n<figure id=\"attachment_364\" aria-describedby=\"caption-attachment-364\" style=\"width: 640px\" class=\"wp-caption alignnone\"><a href=\"https:\/\/elbschule.hamburg.de\/wp-content\/uploads\/sites\/127\/2015\/08\/hall-of-fame-Klettern-2014.jpg\" data-rel=\"lightbox\" data-rl_title=\"\" data-rl_caption=\"\" title=\"\"><img loading=\"lazy\" decoding=\"async\" class=\"size-full wp-image-364\" src=\"https:\/\/elbschule.hamburg.de\/wp-content\/uploads\/sites\/127\/2015\/08\/hall-of-fame-Klettern-2014.jpg\" alt=\"Team Elbschule + Ersatzkletterin von der Sch\u00fclerschule\" width=\"640\" height=\"480\" srcset=\"https:\/\/elbschule.hamburg.de\/wp-content\/uploads\/sites\/127\/2015\/08\/hall-of-fame-Klettern-2014.jpg 640w, https:\/\/elbschule.hamburg.de\/wp-content\/uploads\/sites\/127\/2015\/08\/hall-of-fame-Klettern-2014-300x225.jpg 300w\" sizes=\"auto, (max-width: 640px) 100vw, 640px\" \/><\/a><figcaption id=\"caption-attachment-364\" class=\"wp-caption-text\">Team Elbschule + Ersatzkletterin von der Sch\u00fclerschule<\/figcaption><\/figure>\n<p>So gute Ergebnisse k\u00f6nnen nur durch unser regelm\u00e4\u00dfiges Training in der Nordwandhalle erlangt werden. Damit dies weiterhin regelm\u00e4\u00dfig stattfinden kann, sind wir auf Spenden und Sponsoren angewiesen. Somit m\u00f6chten wir der Heidehofstiftung danken, die uns mit 2500\u20ac unterst\u00fctzt und damit den Erhalt des Neigungskurses Klettern f\u00fcr die n\u00e4chsten Jahre gew\u00e4hrleistet!<\/p>\n<p>Wir freuen uns schon auf die Schulmeisterschaften im Bouldern am 28.04.2015!!<\/p>\n","protected":false},"excerpt":{"rendered":"<p>Der Neigungskurs Klettern war nun bereits zum 3. Mal bei den Hamburger Schulmeisterschaften im Topropeklettern dabei&#8230; Diesmal wollten wir im Jahrgangsbereich 9\/10 mit zwei Viererteams antreten. Leider fiel einer unserer Kletterer verletzungsbedingt kurzfristig aus. Das Dreierteam der Elbschule wurde daraufhin spontan von einer Sch\u00fclerin der Sch\u00fclerschule unterst\u00fctzt &#8211; vielen Dank daf\u00fcr! Zwei Stunden hatten die &hellip; <a href=\"https:\/\/elbschule.hamburg.de\/?page_id=366\" class=\"more-link\"><span class=\"screen-reader-text\">Schulmeisterschaften Klettern 2014<\/span> weiterlesen <span class=\"meta-nav\">&rarr;<\/span><\/a><\/p>\n","protected":false},"author":206,"featured_media":0,"parent":0,"menu_order":0,"comment_status":"closed","ping_status":"closed","template":"","meta":{"_acf_changed":false,"footnotes":""},"class_list":["post-366","page","type-page","status-publish","hentry"],"acf":[],"_links":{"self":[{"href":"https:\/\/elbschule.hamburg.de\/index.php?rest_route=\/wp\/v2\/pages\/366","targetHints":{"allow":["GET"]}}],"collection":[{"href":"https:\/\/elbschule.hamburg.de\/index.php?rest_route=\/wp\/v2\/pages"}],"about":[{"href":"https:\/\/elbschule.hamburg.de\/index.php?rest_route=\/wp\/v2\/types\/page"}],"author":[{"embeddable":true,"href":"https:\/\/elbschule.hamburg.de\/index.php?rest_route=\/wp\/v2\/users\/206"}],"replies":[{"embeddable":true,"href":"https:\/\/elbschule.hamburg.de\/index.php?rest_route=%2Fwp%2Fv2%2Fcomments&post=366"}],"version-history":[{"count":0,"href":"https:\/\/elbschule.hamburg.de\/index.php?rest_route=\/wp\/v2\/pages\/366\/revisions"}],"wp:attachment":[{"href":"https:\/\/elbschule.hamburg.de\/index.php?rest_route=%2Fwp%2Fv2%2Fmedia&parent=366"}],"curies":[{"name":"wp","href":"https:\/\/api.w.org\/{rel}","templated":true}]}}