{"id":3623,"date":"2022-11-05T13:01:19","date_gmt":"2022-11-05T13:01:19","guid":{"rendered":"https:\/\/elbschule.hamburg.de\/?page_id=3623"},"modified":"2022-11-05T13:01:19","modified_gmt":"2022-11-05T13:01:19","slug":"vorbilder-sind-so-wichtig-expertentag-zur-berufsorientierung","status":"publish","type":"page","link":"https:\/\/elbschule.hamburg.de\/?page_id=3623","title":{"rendered":"\u201eVorbilder sind so wichtig!\u201c \u2013 Expertentag zur Berufsorientierung"},"content":{"rendered":"<p><a href=\"https:\/\/elbschule.hamburg.de\/wp-content\/uploads\/sites\/127\/2022\/11\/Expertentag.jpg\" data-rel=\"lightbox\" data-rl_title=\"\" data-rl_caption=\"\" title=\"\"><img loading=\"lazy\" decoding=\"async\" class=\"alignleft size-full wp-image-3625\" src=\"https:\/\/elbschule.hamburg.de\/wp-content\/uploads\/sites\/127\/2022\/11\/Expertentag.jpg\" alt=\"\" width=\"640\" height=\"253\" srcset=\"https:\/\/elbschule.hamburg.de\/wp-content\/uploads\/sites\/127\/2022\/11\/Expertentag.jpg 640w, https:\/\/elbschule.hamburg.de\/wp-content\/uploads\/sites\/127\/2022\/11\/Expertentag-300x119.jpg 300w\" sizes=\"auto, (max-width: 640px) 100vw, 640px\" \/><\/a><\/p>\n<p><em>Welche speziellen Herausforderungen f\u00fcr Menschen mit H\u00f6rbehinderungen gibt es in Ausbildung und Beruf? Welche Erfahrungen haben geh\u00f6rlose und schwerh\u00f6rige Erwachsene im Berufsleben gemacht, aus denen ich lernen kann?<\/em><\/p>\n<p>Bei der Berufsorientierung von Jugendlichen mit einer H\u00f6rbeeintr\u00e4chtigung spielen Empowerment und die Kompetenz zur Selbstwahrnehmung eine wichtige Rolle. Der vor den Sommerferien veranstaltete<strong> Expertentag zur Berufsorientierung<\/strong> konnte den Sch\u00fclerinnen und Sch\u00fclern der Klassenstufen 8-10 in diesem Zusammenhang hilfreiche Erkenntnisse bieten.<\/p>\n<p>Mit dem Ziel, den Jugendlichen Einblicke in unterschiedliche Berufsfelder und Karrieren zu erm\u00f6glichen, waren 13 schwerh\u00f6rige und geh\u00f6rlose Berufst\u00e4tige der Einladung in die Elbschule gefolgt. In jeweils einst\u00fcndigen Workshops pr\u00e4sentierten sie ihre beeindruckenden beruflichen Lebenswege und die dabei gesammelten Erfahrungen. Einige der G\u00e4ste sprachen zum ersten Mal vor einer Sch\u00fclergruppe und waren dementsprechend aufgeregt. Doch die Begeisterung \u00fcber das Angebot hatte sie alle zur Teilnahme bewegt. Viele betonten, dass \u201eVorbilder so wichtig\u201c seien und sie sich selbst in ihrer Schulzeit vergleichbare Angebote gew\u00fcnscht h\u00e4tten.<\/p>\n<p>Mit dem Verlauf des Expertentages waren alle Beteiligten sehr zufrieden. Lehrerin Antonia Mutke f\u00fchlte sich am Ende der Veranstaltung \u201ebeseelt und fix und alle\u201c. Der hohe Vorbereitungsaufwand des Orga-Teams habe sich jedoch mehr als gelohnt: \u201eLehrer:innen reden und ermahnen h\u00e4ufig umsonst\u201c, schmunzelte sie, w\u00e4hrend der eindringliche Appell der eingeladenen Expertin Melissa Dethloff <strong>\u201eIhr seid f\u00fcr euer Gl\u00fcck verantwortlich\u201c<\/strong> von den Jugendlichen bereitwilliger angenommen werde.<\/p>\n<p>Und auch bei den Sch\u00fcler:innen kam das Angebot gut an. Viele \u00e4u\u00dferten sich mit leuchtenden Augen: \u201cEs war richtig gut!\u201c\u00a0 Die Workshops hatten sie auch zur Auseinandersetzung mit sich selbst und ihrer Wirkung auf andere angeregt, beispielsweise in zuk\u00fcnftigen Vorstellungsgespr\u00e4chen. <strong>\u201eIn 30 Sekunden kann ich sehen, was f\u00fcr ein Typ du bist und ob die Chemie zwischen uns passt oder nicht,\u201c<\/strong> lernten die Jugendlichen von Ralph Raule, der seine Erfahrung als Arbeitgeber gerne weitergab.<\/p>\n<p>Auch wenn eine vergleichbare Veranstaltung an der Elbschule schon einige Jahre zur\u00fcckliegt, steht schon jetzt fest, dass der n\u00e4chste Expertentag nicht so lange auf sich warten lassen soll: Bereits im n\u00e4chsten Jahr soll das Format wiederholt werden. Der Kontakt zu einigen G\u00e4sten bleibt bestehen \u2013 und weitere Expert:innen sind willkommen. Melden Sie sich gern unter \u00a0<a href=\"https:\/\/elbschule-hh.de\/iserv\/mail?path=INBOX&amp;msg=50\">expertentag.beruf@elbschule-hh.de<\/a>. Das Orga-Team freut sich!<\/p>\n<p>Lesen Sie <a href=\"https:\/\/elbschule.hamburg.de\/wp-content\/uploads\/sites\/127\/2022\/11\/Meinungen-zum-Expertentag.pdf\" target=\"_blank\" rel=\"noopener\"><u>hier<\/u><\/a> die Eindr\u00fccke der Zehntkl\u00e4ssler:innen vom diesj\u00e4hrigen Expertentag.<\/p>\n<p>Karin Perwo-A\u00dfmann<\/p>\n","protected":false},"excerpt":{"rendered":"<p>Welche speziellen Herausforderungen f\u00fcr Menschen mit H\u00f6rbehinderungen gibt es in Ausbildung und Beruf? Welche Erfahrungen haben geh\u00f6rlose und schwerh\u00f6rige Erwachsene im Berufsleben gemacht, aus denen ich lernen kann? Bei der Berufsorientierung von Jugendlichen mit einer H\u00f6rbeeintr\u00e4chtigung spielen Empowerment und die Kompetenz zur Selbstwahrnehmung eine wichtige Rolle. Der vor den Sommerferien veranstaltete Expertentag zur Berufsorientierung konnte &hellip; <a href=\"https:\/\/elbschule.hamburg.de\/?page_id=3623\" class=\"more-link\"><span class=\"screen-reader-text\">\u201eVorbilder sind so wichtig!\u201c \u2013 Expertentag zur Berufsorientierung<\/span> weiterlesen <span class=\"meta-nav\">&rarr;<\/span><\/a><\/p>\n","protected":false},"author":207,"featured_media":0,"parent":0,"menu_order":0,"comment_status":"closed","ping_status":"closed","template":"","meta":{"_acf_changed":false,"footnotes":""},"class_list":["post-3623","page","type-page","status-publish","hentry"],"acf":[],"_links":{"self":[{"href":"https:\/\/elbschule.hamburg.de\/index.php?rest_route=\/wp\/v2\/pages\/3623","targetHints":{"allow":["GET"]}}],"collection":[{"href":"https:\/\/elbschule.hamburg.de\/index.php?rest_route=\/wp\/v2\/pages"}],"about":[{"href":"https:\/\/elbschule.hamburg.de\/index.php?rest_route=\/wp\/v2\/types\/page"}],"author":[{"embeddable":true,"href":"https:\/\/elbschule.hamburg.de\/index.php?rest_route=\/wp\/v2\/users\/207"}],"replies":[{"embeddable":true,"href":"https:\/\/elbschule.hamburg.de\/index.php?rest_route=%2Fwp%2Fv2%2Fcomments&post=3623"}],"version-history":[{"count":3,"href":"https:\/\/elbschule.hamburg.de\/index.php?rest_route=\/wp\/v2\/pages\/3623\/revisions"}],"predecessor-version":[{"id":3628,"href":"https:\/\/elbschule.hamburg.de\/index.php?rest_route=\/wp\/v2\/pages\/3623\/revisions\/3628"}],"wp:attachment":[{"href":"https:\/\/elbschule.hamburg.de\/index.php?rest_route=%2Fwp%2Fv2%2Fmedia&parent=3623"}],"curies":[{"name":"wp","href":"https:\/\/api.w.org\/{rel}","templated":true}]}}