{"id":3575,"date":"2022-09-06T12:37:06","date_gmt":"2022-09-06T12:37:06","guid":{"rendered":"https:\/\/elbschule.hamburg.de\/?page_id=3575"},"modified":"2022-09-06T14:17:05","modified_gmt":"2022-09-06T14:17:05","slug":"schuljahr-2019-20","status":"publish","type":"page","link":"https:\/\/elbschule.hamburg.de\/?page_id=3575","title":{"rendered":"Schuljahr 2019\/20"},"content":{"rendered":"<p>Hier finden Sie Beitr\u00e4ge aus dem Schuljahr 2019 \/ 2020.<\/p>\n<p>Viel Spa\u00df beim St\u00f6bern!<\/p>\n<p><a href=\"https:\/\/elbschule.hamburg.de\/?page_id=2688\">15quadrat macht Schule<\/a><\/p>\n<p><a href=\"https:\/\/elbschule.hamburg.de\/?page_id=2390\">Der Besuch eines Hundertj\u00e4hrigen &#8230;<\/a><\/p>\n<p><a href=\"https:\/\/elbschule.hamburg.de\/?page_id=2503\">Feel the Music<\/a><\/p>\n<p><a href=\"https:\/\/elbschule.hamburg.de\/?page_id=2328\">Das kreative Tortenprojekt<\/a><\/p>\n<p><a href=\"https:\/\/elbschule.hamburg.de\/?page_id=2315\">Ich wurde in die DDR entf\u00fchrt &#8230;<\/a><\/p>\n<p><a href=\"https:\/\/elbschule.hamburg.de\/?page_id=2295\">Besuch aus Connecticut (USA)<\/a><\/p>\n<p><a href=\"https:\/\/elbschule.hamburg.de\/?page_id=2283\">Gut zu wissen &#8211; woher kommt das Fleisch auf unseren Tellern?<\/a><\/p>\n<p><a href=\"https:\/\/elbschule.hamburg.de\/?page_id=2270\">Projekt der Klasse 6a und 6\/7b: Freundschaft<\/a><\/p>\n<p><a href=\"https:\/\/elbschule.hamburg.de\/?page_id=2258\">Neues Schuljahr &#8211; Neue Mitarbeiter:innen<\/a><\/p>\n<p><a href=\"https:\/\/elbschule.hamburg.de\/?page_id=2242\">Esther Bejarano &#8211; Vom M\u00e4dchenorchester in Auschwitz zur Rap-Band gegen rechts<\/a><\/p>\n<p><a href=\"https:\/\/elbschule.hamburg.de\/?page_id=2230\">Er\u00f6ffnung des Kreativ-Raumes<\/a><\/p>\n<p><a href=\"https:\/\/elbschule.hamburg.de\/?page_id=2221\">Einschulung 2019<\/a><\/p>\n<p><a href=\"https:\/\/elbschule.hamburg.de\/?page_id=2206\" target=\"_blank\" rel=\"noopener\">Streitschlichtung an der Elbschule<\/a><\/p>\n<p>&nbsp;<\/p>\n","protected":false},"excerpt":{"rendered":"<p>Hier finden Sie Beitr\u00e4ge aus dem Schuljahr 2019 \/ 2020. Viel Spa\u00df beim St\u00f6bern! 15quadrat macht Schule Der Besuch eines Hundertj\u00e4hrigen &#8230; Feel the Music Das kreative Tortenprojekt Ich wurde in die DDR entf\u00fchrt &#8230; Besuch aus Connecticut (USA) Gut zu wissen &#8211; woher kommt das Fleisch auf unseren Tellern? Projekt der Klasse 6a und &hellip; <a href=\"https:\/\/elbschule.hamburg.de\/?page_id=3575\" class=\"more-link\"><span class=\"screen-reader-text\">Schuljahr 2019\/20<\/span> weiterlesen <span class=\"meta-nav\">&rarr;<\/span><\/a><\/p>\n","protected":false},"author":195,"featured_media":0,"parent":0,"menu_order":0,"comment_status":"closed","ping_status":"closed","template":"","meta":{"_acf_changed":false,"footnotes":""},"class_list":["post-3575","page","type-page","status-publish","hentry"],"acf":[],"_links":{"self":[{"href":"https:\/\/elbschule.hamburg.de\/index.php?rest_route=\/wp\/v2\/pages\/3575","targetHints":{"allow":["GET"]}}],"collection":[{"href":"https:\/\/elbschule.hamburg.de\/index.php?rest_route=\/wp\/v2\/pages"}],"about":[{"href":"https:\/\/elbschule.hamburg.de\/index.php?rest_route=\/wp\/v2\/types\/page"}],"author":[{"embeddable":true,"href":"https:\/\/elbschule.hamburg.de\/index.php?rest_route=\/wp\/v2\/users\/195"}],"replies":[{"embeddable":true,"href":"https:\/\/elbschule.hamburg.de\/index.php?rest_route=%2Fwp%2Fv2%2Fcomments&post=3575"}],"version-history":[{"count":7,"href":"https:\/\/elbschule.hamburg.de\/index.php?rest_route=\/wp\/v2\/pages\/3575\/revisions"}],"predecessor-version":[{"id":3588,"href":"https:\/\/elbschule.hamburg.de\/index.php?rest_route=\/wp\/v2\/pages\/3575\/revisions\/3588"}],"wp:attachment":[{"href":"https:\/\/elbschule.hamburg.de\/index.php?rest_route=%2Fwp%2Fv2%2Fmedia&parent=3575"}],"curies":[{"name":"wp","href":"https:\/\/api.w.org\/{rel}","templated":true}]}}