{"id":3568,"date":"2022-08-30T12:55:53","date_gmt":"2022-08-30T12:55:53","guid":{"rendered":"https:\/\/elbschule.hamburg.de\/?page_id=3568"},"modified":"2022-09-01T06:00:43","modified_gmt":"2022-09-01T06:00:43","slug":"sponsor-fuer-digitalen-unterricht-an-der-elbschule","status":"publish","type":"page","link":"https:\/\/elbschule.hamburg.de\/?page_id=3568","title":{"rendered":"Sponsor f\u00fcr digitalen Unterricht an der Elbschule"},"content":{"rendered":"<p><a href=\"https:\/\/elbschule.hamburg.de\/wp-content\/uploads\/sites\/127\/2022\/08\/IMG_1870-rotated.jpg\" data-rel=\"lightbox\" data-rl_title=\"\" data-rl_caption=\"\" title=\"\"><img loading=\"lazy\" decoding=\"async\" class=\"alignleft size-full wp-image-3567\" src=\"https:\/\/elbschule.hamburg.de\/wp-content\/uploads\/sites\/127\/2022\/08\/IMG_1870-rotated.jpg\" alt=\"\" width=\"640\" height=\"480\" srcset=\"https:\/\/elbschule.hamburg.de\/wp-content\/uploads\/sites\/127\/2022\/08\/IMG_1870-rotated.jpg 640w, https:\/\/elbschule.hamburg.de\/wp-content\/uploads\/sites\/127\/2022\/08\/IMG_1870-300x225.jpg 300w\" sizes=\"auto, (max-width: 640px) 100vw, 640px\" \/><\/a><\/p>\n<p>Eine gro\u00dfz\u00fcgige Spende der Firma <em>WEINMANN Emergency<\/em> erm\u00f6glicht es nun noch mehr Sch\u00fcler:innen, im Unterricht am Laptop zu arbeiten. Die neun gespendeten Laptops k\u00f6nnen ab sofort erg\u00e4nzend zum digitalen Angebot der Elbschule genutzt werden. Schon in der Grundschule schreiben die Kinder Texte am Laptop oder suchen im Netz nach Informationen. Der Bedarf an digitalen Medien ist an der Elbschule besonders gro\u00df, die diese auch als visuelle Unterst\u00fctzung im Unterricht eine wichtige Rolle spielen.<\/p>\n<p>Vielen Dank der Firma <em>WEINMANN Emergency<\/em>!<\/p>\n<p>Katharina von Puttkamer<\/p>\n","protected":false},"excerpt":{"rendered":"<p>Eine gro\u00dfz\u00fcgige Spende der Firma WEINMANN Emergency erm\u00f6glicht es nun noch mehr Sch\u00fcler:innen, im Unterricht am Laptop zu arbeiten. Die neun gespendeten Laptops k\u00f6nnen ab sofort erg\u00e4nzend zum digitalen Angebot der Elbschule genutzt werden. Schon in der Grundschule schreiben die Kinder Texte am Laptop oder suchen im Netz nach Informationen. Der Bedarf an digitalen Medien &hellip; <a href=\"https:\/\/elbschule.hamburg.de\/?page_id=3568\" class=\"more-link\"><span class=\"screen-reader-text\">Sponsor f\u00fcr digitalen Unterricht an der Elbschule<\/span> weiterlesen <span class=\"meta-nav\">&rarr;<\/span><\/a><\/p>\n","protected":false},"author":207,"featured_media":0,"parent":0,"menu_order":0,"comment_status":"closed","ping_status":"closed","template":"","meta":{"_acf_changed":false,"footnotes":""},"class_list":["post-3568","page","type-page","status-publish","hentry"],"acf":[],"_links":{"self":[{"href":"https:\/\/elbschule.hamburg.de\/index.php?rest_route=\/wp\/v2\/pages\/3568","targetHints":{"allow":["GET"]}}],"collection":[{"href":"https:\/\/elbschule.hamburg.de\/index.php?rest_route=\/wp\/v2\/pages"}],"about":[{"href":"https:\/\/elbschule.hamburg.de\/index.php?rest_route=\/wp\/v2\/types\/page"}],"author":[{"embeddable":true,"href":"https:\/\/elbschule.hamburg.de\/index.php?rest_route=\/wp\/v2\/users\/207"}],"replies":[{"embeddable":true,"href":"https:\/\/elbschule.hamburg.de\/index.php?rest_route=%2Fwp%2Fv2%2Fcomments&post=3568"}],"version-history":[{"count":4,"href":"https:\/\/elbschule.hamburg.de\/index.php?rest_route=\/wp\/v2\/pages\/3568\/revisions"}],"predecessor-version":[{"id":3573,"href":"https:\/\/elbschule.hamburg.de\/index.php?rest_route=\/wp\/v2\/pages\/3568\/revisions\/3573"}],"wp:attachment":[{"href":"https:\/\/elbschule.hamburg.de\/index.php?rest_route=%2Fwp%2Fv2%2Fmedia&parent=3568"}],"curies":[{"name":"wp","href":"https:\/\/api.w.org\/{rel}","templated":true}]}}