{"id":3555,"date":"2022-08-28T13:32:13","date_gmt":"2022-08-28T13:32:13","guid":{"rendered":"https:\/\/elbschule.hamburg.de\/?page_id=3555"},"modified":"2022-08-28T13:49:08","modified_gmt":"2022-08-28T13:49:08","slug":"sommerfest-der-fruehfoerderung","status":"publish","type":"page","link":"https:\/\/elbschule.hamburg.de\/?page_id=3555","title":{"rendered":"Sommerfest der Fr\u00fchf\u00f6rderung"},"content":{"rendered":"<p>&nbsp;<\/p>\n<p>Am 02.07.2022 fand nach zwei Jahren coronabedingter Pause wieder das allj\u00e4hrliche Sommerfest der Fr\u00fchf\u00f6rderung statt. Bei sommerlichem Wetter nahmen ca. 40 Familien teil.<\/p>\n<p><img loading=\"lazy\" decoding=\"async\" class=\" wp-image-3547 alignleft\" src=\"https:\/\/elbschule.hamburg.de\/wp-content\/uploads\/sites\/127\/2022\/08\/Sommerfest-FF-1.jpg\" alt=\"\" width=\"261\" height=\"348\" srcset=\"https:\/\/elbschule.hamburg.de\/wp-content\/uploads\/sites\/127\/2022\/08\/Sommerfest-FF-1.jpg 480w, https:\/\/elbschule.hamburg.de\/wp-content\/uploads\/sites\/127\/2022\/08\/Sommerfest-FF-1-225x300.jpg 225w\" sizes=\"auto, (max-width: 261px) 100vw, 261px\" \/><\/p>\n<p><img loading=\"lazy\" decoding=\"async\" class=\" wp-image-3548 alignright\" src=\"https:\/\/elbschule.hamburg.de\/wp-content\/uploads\/sites\/127\/2022\/08\/Sommerfest-FF-2.jpeg\" alt=\"\" width=\"291\" height=\"349\" srcset=\"https:\/\/elbschule.hamburg.de\/wp-content\/uploads\/sites\/127\/2022\/08\/Sommerfest-FF-2.jpeg 961w, https:\/\/elbschule.hamburg.de\/wp-content\/uploads\/sites\/127\/2022\/08\/Sommerfest-FF-2-250x300.jpeg 250w, https:\/\/elbschule.hamburg.de\/wp-content\/uploads\/sites\/127\/2022\/08\/Sommerfest-FF-2-854x1024.jpeg 854w, https:\/\/elbschule.hamburg.de\/wp-content\/uploads\/sites\/127\/2022\/08\/Sommerfest-FF-2-768x921.jpeg 768w\" sizes=\"auto, (max-width: 291px) 100vw, 291px\" \/><\/p>\n<p>&nbsp;<\/p>\n<p>&nbsp;<\/p>\n<p>Kinder, von klein bis gro\u00df, tummelten sich auf der H\u00fcpfburg, lie\u00dfen sich schminken oder erfreuten sich an einem der vielen Spiele. Nach zwischenzeitlicher St\u00e4rkung am reichhaltigen kalten Buffet gingen alle hoffentlich \ud83d\ude42 zufrieden nach Hause. Bis zum n\u00e4chsten Jahr!<\/p>\n<p>C. Verhuven<\/p>\n","protected":false},"excerpt":{"rendered":"<p>&nbsp; Am 02.07.2022 fand nach zwei Jahren coronabedingter Pause wieder das allj\u00e4hrliche Sommerfest der Fr\u00fchf\u00f6rderung statt. Bei sommerlichem Wetter nahmen ca. 40 Familien teil. &nbsp; &nbsp; Kinder, von klein bis gro\u00df, tummelten sich auf der H\u00fcpfburg, lie\u00dfen sich schminken oder erfreuten sich an einem der vielen Spiele. Nach zwischenzeitlicher St\u00e4rkung am reichhaltigen kalten Buffet gingen &hellip; <a href=\"https:\/\/elbschule.hamburg.de\/?page_id=3555\" class=\"more-link\"><span class=\"screen-reader-text\">Sommerfest der Fr\u00fchf\u00f6rderung<\/span> weiterlesen <span class=\"meta-nav\">&rarr;<\/span><\/a><\/p>\n","protected":false},"author":195,"featured_media":0,"parent":0,"menu_order":0,"comment_status":"closed","ping_status":"closed","template":"","meta":{"_acf_changed":false,"footnotes":""},"class_list":["post-3555","page","type-page","status-publish","hentry"],"acf":[],"_links":{"self":[{"href":"https:\/\/elbschule.hamburg.de\/index.php?rest_route=\/wp\/v2\/pages\/3555","targetHints":{"allow":["GET"]}}],"collection":[{"href":"https:\/\/elbschule.hamburg.de\/index.php?rest_route=\/wp\/v2\/pages"}],"about":[{"href":"https:\/\/elbschule.hamburg.de\/index.php?rest_route=\/wp\/v2\/types\/page"}],"author":[{"embeddable":true,"href":"https:\/\/elbschule.hamburg.de\/index.php?rest_route=\/wp\/v2\/users\/195"}],"replies":[{"embeddable":true,"href":"https:\/\/elbschule.hamburg.de\/index.php?rest_route=%2Fwp%2Fv2%2Fcomments&post=3555"}],"version-history":[{"count":8,"href":"https:\/\/elbschule.hamburg.de\/index.php?rest_route=\/wp\/v2\/pages\/3555\/revisions"}],"predecessor-version":[{"id":3565,"href":"https:\/\/elbschule.hamburg.de\/index.php?rest_route=\/wp\/v2\/pages\/3555\/revisions\/3565"}],"wp:attachment":[{"href":"https:\/\/elbschule.hamburg.de\/index.php?rest_route=%2Fwp%2Fv2%2Fmedia&parent=3555"}],"curies":[{"name":"wp","href":"https:\/\/api.w.org\/{rel}","templated":true}]}}