{"id":3530,"date":"2022-08-28T12:48:09","date_gmt":"2022-08-28T12:48:09","guid":{"rendered":"https:\/\/elbschule.hamburg.de\/?page_id=3530"},"modified":"2022-08-28T12:56:17","modified_gmt":"2022-08-28T12:56:17","slug":"fit-mit-gebaerdensprache-elbschulklasse-gewinnt-programmierwettbewerb","status":"publish","type":"page","link":"https:\/\/elbschule.hamburg.de\/?page_id=3530","title":{"rendered":"Fit mit Geb\u00e4rdensprache &#8211; Elbschulklasse gewinnt Programmierwettbewerb"},"content":{"rendered":"<div id=\"metaslider-id-3532\" style=\"max-width: 640px; margin: 0 auto;\" class=\"ml-slider-3-107-0 metaslider metaslider-responsive metaslider-3532 ml-slider has-dots-nav ms-theme-default\" role=\"region\" aria-label=\"Fit mit Scratch und DGS\" data-height=\"480\" data-width=\"640\">\n    <div id=\"metaslider_container_3532\">\n        <ul id='metaslider_3532' class='rslides'>\n            <li aria-roledescription='slide' aria-labelledby='slide-0'><img loading=\"lazy\" decoding=\"async\" src=\"https:\/\/elbschule.hamburg.de\/wp-content\/uploads\/sites\/127\/2022\/08\/Fit-mit-Scratch-0-Buehnenbild-640x480.jpg\" height=\"480\" width=\"640\" alt=\"\" class=\"slider-3532 slide-3533 msDefaultImage\" title=\"Fit mit Scratch- 0 B\u00fchnenbild\" \/><div class=\"caption-wrap\"><div class=\"caption\">B\u00fchnenbild Stars mit Gesichtern<\/div><\/div><\/li>\n            <li style='display: none;' aria-roledescription='slide' aria-labelledby='slide-1'><img loading=\"lazy\" decoding=\"async\" src=\"https:\/\/elbschule.hamburg.de\/wp-content\/uploads\/sites\/127\/2022\/08\/Fit-mit-Scratch-7a-2-640x480.jpg\" height=\"480\" width=\"640\" alt=\"\" class=\"slider-3532 slide-3538 msDefaultImage\" title=\"Fit mit Scratch 7a-2\" \/><div class=\"caption-wrap\"><div class=\"caption\">Wie wir gearbeitet haben<\/div><\/div><\/li>\n            <li style='display: none;' aria-roledescription='slide' aria-labelledby='slide-2'><img loading=\"lazy\" decoding=\"async\" src=\"https:\/\/elbschule.hamburg.de\/wp-content\/uploads\/sites\/127\/2022\/08\/Fit-mit-Scratch-7a-1-640x480.jpg\" height=\"480\" width=\"640\" alt=\"\" class=\"slider-3532 slide-3534 msDefaultImage\" title=\"Fit mit Scratch 7a-1\" \/><div class=\"caption-wrap\"><div class=\"caption\">Figur<\/div><\/div><\/li>\n            <li style='display: none;' aria-roledescription='slide' aria-labelledby='slide-3'><img loading=\"lazy\" decoding=\"async\" src=\"https:\/\/elbschule.hamburg.de\/wp-content\/uploads\/sites\/127\/2022\/08\/Fit-mit-Scratch-7a-3-640x480.jpg\" height=\"480\" width=\"640\" alt=\"\" class=\"slider-3532 slide-3535 msDefaultImage\" title=\"Fit mit Scratch 7a-3\" \/><div class=\"caption-wrap\"><div class=\"caption\">Sch\u00fcler arbeiten 1<\/div><\/div><\/li>\n            <li style='display: none;' aria-roledescription='slide' aria-labelledby='slide-4'><img loading=\"lazy\" decoding=\"async\" src=\"https:\/\/elbschule.hamburg.de\/wp-content\/uploads\/sites\/127\/2022\/08\/Fit-mit-Scratch-7a-4-640x480.jpg\" height=\"480\" width=\"640\" alt=\"\" class=\"slider-3532 slide-3536 msDefaultImage\" title=\"Fit mit Scratch 7a-4\" \/><div class=\"caption-wrap\"><div class=\"caption\">Sch\u00fcler arbeiten 2<\/div><\/div><\/li>\n            <li style='display: none;' aria-roledescription='slide' aria-labelledby='slide-5'><img loading=\"lazy\" decoding=\"async\" src=\"https:\/\/elbschule.hamburg.de\/wp-content\/uploads\/sites\/127\/2022\/08\/Fit-mit-Scratch-7a-5-640x480.jpg\" height=\"480\" width=\"640\" alt=\"\" class=\"slider-3532 slide-3537 msDefaultImage\" title=\"Fit mit Scratch 7a-5\" \/><div class=\"caption-wrap\"><div class=\"caption\">Sch\u00fcler arbeiten 3<\/div><\/div><\/li>\n            <li style='display: none;' aria-roledescription='slide' aria-labelledby='slide-6'><img loading=\"lazy\" decoding=\"async\" src=\"https:\/\/elbschule.hamburg.de\/wp-content\/uploads\/sites\/127\/2022\/08\/Fit-mit-Scratch-7a-6.jpg\" height=\"480\" width=\"640\" alt=\"\" class=\"slider-3532 slide-3539 msDefaultImage\" title=\"Fit mit Scratch 7a-6\" \/><div class=\"caption-wrap\"><div class=\"caption\">Programmierkarte<\/div><\/div><\/li>\n            <li style='display: none;' aria-roledescription='slide' aria-labelledby='slide-7'><img loading=\"lazy\" decoding=\"async\" src=\"https:\/\/elbschule.hamburg.de\/wp-content\/uploads\/sites\/127\/2022\/08\/Fit-mit-Scratch-7a-7-640x480.jpg\" height=\"480\" width=\"640\" alt=\"\" class=\"slider-3532 slide-3540 msDefaultImage\" title=\"Fit mit Scratch 7a-7\" \/><div class=\"caption-wrap\"><div class=\"caption\">Programme untersuchen<\/div><\/div><\/li>\n            <li style='display: none;' aria-roledescription='slide' aria-labelledby='slide-8'><img loading=\"lazy\" decoding=\"async\" src=\"https:\/\/elbschule.hamburg.de\/wp-content\/uploads\/sites\/127\/2022\/08\/Fit-mit-Scratch-7a-8-640x480.jpg\" height=\"480\" width=\"640\" alt=\"\" class=\"slider-3532 slide-3541 msDefaultImage\" title=\"Fit mit Scratch 7a-8\" \/><div class=\"caption-wrap\"><div class=\"caption\">Urkunde<\/div><\/div><\/li>\n        <\/ul>\n        \n    <\/div>\n<\/div>\n<p><strong>Der Wettbewerb<\/strong><br \/>\nIm Fr\u00fchjahr 2022 haben wir, die 7a, an einem Programmierwettbewerb teilgenommen. Die Firma AppCamps hat zusammen mit der Versicherung Securvita den Wettbewerb \u201eFit mit Scratch\u201c veranstaltet und Frau H\u00e4nel hat uns vorgeschlagen, dass wir daf\u00fcr ein Programm schreiben. Das Programm musste mit der Software \u201eScratch\u201c geschrieben werden und mit Bewegung zu tun haben. Sch\u00fcler und Sch\u00fclerinnen von Klasse 4 bis 8 in ganz Deutschland konnten teilnehmen und ihre Beitr\u00e4ge bis Ende Februar abgeben. Wir hatten fr\u00fcher schon einmal mit Scratch programmiert und wir haben alle Spa\u00df an Sport. Also wollten wir es probieren.<\/p>\n<p><strong>Die Vorbereitung<\/strong><br \/>\nZuerst haben wir ein paar Beispiele ausprobiert und uns die Programme genauer angeschaut. In den Beispielen gab es Fitness\u00fcbungen, Dehn\u00fcbungen und ein Tanzspiel. In den Programmen haben wir untersucht, wie verschiedene Probleme gel\u00f6st wurden, zum Beispiel Buttons zum Ausw\u00e4hlen, Timer, Wiederholungen, Bewegungen und anderes. Die Beispiele von AppCamps findest du hier: <a href=\"https:\/\/t1p.de\/FMSBeispiele\">https:\/\/t1p.de\/FMSBeispiele<\/a>. Wir haben auch mit Hilfe von Programmierkarten kleine Programme selber nachgemacht.<\/p>\n<p><strong>Unsere Ideen<\/strong><br \/>\nDanach mussten wir \u00fcberlegen, wie unser Beitrag aussehen sollte. Wir hatten am Anfang viele Ideen, ein Fu\u00dfballprogramm, ein Wettspiel, Punkte sammeln, viele Wahlm\u00f6glichkeiten, aber wir mussten \u00fcberlegen, was wir in drei Wochen schaffen k\u00f6nnen. Wir wussten schnell, dass wir das Programm f\u00fcr schwerh\u00f6rige und geh\u00f6rlose Kinder barrierefrei machen wollten. Darum sollten alle Informationen schriftlich oder mit Geb\u00e4rdensprache sein. Au\u00dferdem wollten wir Fitness- und Dehn\u00fcbungen zeigen und das mit Fotos machen.<\/p>\n<p><strong>Wie haben wir gearbeitet?<br \/>\n<\/strong>Wir haben zusammen \u00fcberlegt, welche Teile unser Programm haben soll und was wir daf\u00fcr brauchen.\u00a0 Dann haben wir uns in drei Gruppen aufgeteilt. Die erste Gruppe hat f\u00fcr jeden Teil einen passenden Hintergrund ausgesucht. Dabei haben wir auch gelernt, dass man nicht alle Bilder und Fotos aus dem Internet benutzen darf. Man braucht immer eine Erlaubnis oder muss Bilder auf speziellen Seiten suchen, wie z.B. Pixabay. Die zweite Gruppe hat die Texte geschrieben und \u00fcberlegt, welche Geb\u00e4rden wir brauchen. Die dritte Gruppe hat mit Frau Neumeyer die Fotos f\u00fcr die Bewegungen gemacht und bearbeitet.<\/p>\n<p><strong>Bewegungen programmieren<\/strong><br \/>\nLeider kann man in Scratch keine Videos benutzen. Darum mussten wir uns f\u00fcr die Sport\u00fcbungen und f\u00fcr die Geb\u00e4rden etwas \u00fcberlegen. Wir haben uns entschieden, dass wir Fotos machen, die schnell hin und her wechseln. Das sieht dann aus wie Bewegung. Wir mussten f\u00fcr jede Geb\u00e4rde und Sport\u00fcbung \u00fcberlegen, welche Fotos wir machen m\u00fcssen, damit man die Bewegung sp\u00e4ter erkennen kann. Dann haben wir alle Fotos gemacht und oft wiederholt, bis wir mit den Fotos zufrieden waren. Wir haben ein Programm im Internet benutzt und damit die Fotos \u201efreigestellt\u201c. Das hei\u00dft, dass man nur noch die Person sieht, der Hintergrund ist durchsichtig. Das war viel Arbeit und es hat lange gedauert. Wir haben nicht alle Informationen in Geb\u00e4rden \u00fcbersetzt, weil wir nicht genug Zeit hatten. Wir wollten alle nicht, dass jeder unsere Gesichter erkennt. Darum haben wir mit der App \u201eDoodleFace\u201c Comic-Gesichter gemacht und sie in den Fotos vor unsere Gesichter gesetzt.<\/p>\n<p><strong>Das Programm<br \/>\n<\/strong>Einige Sch\u00fcler haben zusammen mit Frau H\u00e4nel \u00fcberlegt, wie wir unseren Beitrag in Scratch programmieren m\u00fcssen. Ein Programm ist zusammengesetzt aus mehreren Bl\u00f6cken mit Befehlen. Wenn das Programm richtig ist und man es startet, dann sieht man auf dem Bildschirm genau die Bewegungen, Bilder und Texte, die wir uns \u00fcberlegt haben. Einige Stellen in unserem Programm waren schwierig und wir mussten probieren, bis es geklappt hat. Einiges haben wir auch ge\u00e4ndert, weil wir keine gute L\u00f6sung gefunden haben. Wir haben uns das Programm aufgeteilt und wieder in Gruppen gearbeitet. Als alles fertig war, haben wir das ganze Programm mehrmals ausprobiert und immer wieder kleine Fehler verbessert. Am Ende haben wir nach einem guten Namen gesucht. Der Name des Wettbewerbs war \u201eFit mit Scratch\u201c. Wir fanden, dass \u201eFit mit Geb\u00e4rdensprache\u201c gut passt.<\/p>\n<p><strong>Das Ergebnis<\/strong> <strong><br \/>\n<\/strong>Frau H\u00e4nel hat uns angemeldet und unser Programm eingeschickt. Dann mussten wir warten. Im April haben wir eine E-Mail von AppCamps bekommen. Wir haben den 1. Preis gewonnen! Wir konnten es fast nicht glauben, als wir die Urkunde gesehen haben. Aber wir haben nicht nur eine Urkunde bekommen, sondern auch noch 1000\u20ac f\u00fcr die Klassenkasse. Das ist ein toller Gewinn! Wir haben diskutiert, was wir mit dem Geld machen wollen. Wir wissen, dass es vielen Menschen im Moment nicht so gut geht wie uns. Wir haben uns entschieden, dass wir 300\u20ac an \u201eDeaf Refugees\u201c spenden, weil da Menschen freiwillig geh\u00f6rlosen Fl\u00fcchtlingen helfen, gut in Deutschland anzukommen. Der Rest des Geldes ist auf unserem Klassenkonto. Wir haben von dem Geld schon einen Ausflug in den Trampolinpark gemacht. Wir haben noch genug Geld \u00fcbrig, dass wir auch jetzt in der achten Klasse noch tolle Ausfl\u00fcge machen k\u00f6nnen, auch wenn sie etwas teurer sind.<\/p>\n<p><strong>\u201eFit mit Geb\u00e4rdensprache\u201c<\/strong><br \/>\nUnser Programm l\u00e4uft im Moment als Film auf den Monitoren in der Schule. Da kann man es sich in den Pausen ansehen. Wenn du das Programm selber ausprobieren und die Sport\u00fcbungen mitmachen m\u00f6chtest, findest du es auch im Internet unter diesem link: <a href=\"https:\/\/scratch.mit.edu\/projects\/643388907\/fullscreen\/\">https:\/\/scratch.mit.edu\/projects\/643388907\/fullscreen\/<\/a>.<br \/>\nUnter dem folgenden link gibt es ein Video mit Untertiteln (CC) von AppCamps und Securvita. Darin kannst du Beispiele aus den vielen Wettbewerbsprogrammen sehen. Findest du unser Programm? <a href=\"https:\/\/vimeo.com\/695704196\/954dc2d22a\">https:\/\/vimeo.com\/695704196\/954dc2d22a<\/a><\/p>\n<p>Klasse 8a mit Frau H\u00e4nel und Frau Neumeyer<\/p>\n","protected":false},"excerpt":{"rendered":"<p>Der Wettbewerb Im Fr\u00fchjahr 2022 haben wir, die 7a, an einem Programmierwettbewerb teilgenommen. Die Firma AppCamps hat zusammen mit der Versicherung Securvita den Wettbewerb \u201eFit mit Scratch\u201c veranstaltet und Frau H\u00e4nel hat uns vorgeschlagen, dass wir daf\u00fcr ein Programm schreiben. Das Programm musste mit der Software \u201eScratch\u201c geschrieben werden und mit Bewegung zu tun haben. &hellip; <a href=\"https:\/\/elbschule.hamburg.de\/?page_id=3530\" class=\"more-link\"><span class=\"screen-reader-text\">Fit mit Geb\u00e4rdensprache &#8211; Elbschulklasse gewinnt Programmierwettbewerb<\/span> weiterlesen <span class=\"meta-nav\">&rarr;<\/span><\/a><\/p>\n","protected":false},"author":195,"featured_media":0,"parent":0,"menu_order":0,"comment_status":"closed","ping_status":"closed","template":"","meta":{"_acf_changed":false,"footnotes":""},"class_list":["post-3530","page","type-page","status-publish","hentry"],"acf":[],"_links":{"self":[{"href":"https:\/\/elbschule.hamburg.de\/index.php?rest_route=\/wp\/v2\/pages\/3530","targetHints":{"allow":["GET"]}}],"collection":[{"href":"https:\/\/elbschule.hamburg.de\/index.php?rest_route=\/wp\/v2\/pages"}],"about":[{"href":"https:\/\/elbschule.hamburg.de\/index.php?rest_route=\/wp\/v2\/types\/page"}],"author":[{"embeddable":true,"href":"https:\/\/elbschule.hamburg.de\/index.php?rest_route=\/wp\/v2\/users\/195"}],"replies":[{"embeddable":true,"href":"https:\/\/elbschule.hamburg.de\/index.php?rest_route=%2Fwp%2Fv2%2Fcomments&post=3530"}],"version-history":[{"count":2,"href":"https:\/\/elbschule.hamburg.de\/index.php?rest_route=\/wp\/v2\/pages\/3530\/revisions"}],"predecessor-version":[{"id":3542,"href":"https:\/\/elbschule.hamburg.de\/index.php?rest_route=\/wp\/v2\/pages\/3530\/revisions\/3542"}],"wp:attachment":[{"href":"https:\/\/elbschule.hamburg.de\/index.php?rest_route=%2Fwp%2Fv2%2Fmedia&parent=3530"}],"curies":[{"name":"wp","href":"https:\/\/api.w.org\/{rel}","templated":true}]}}