{"id":3507,"date":"2022-07-03T16:39:48","date_gmt":"2022-07-03T16:39:48","guid":{"rendered":"https:\/\/elbschule.hamburg.de\/?page_id=3507"},"modified":"2022-07-03T16:41:31","modified_gmt":"2022-07-03T16:41:31","slug":"coole-ideen-coole-gewinner","status":"publish","type":"page","link":"https:\/\/elbschule.hamburg.de\/?page_id=3507","title":{"rendered":"Coole Ideen \u2013 coole Gewinner"},"content":{"rendered":"<p><strong>Siegerehrung des 56. Plakatwettbewerbs der Polizei Hamburg e.v.<\/strong><\/p>\n<p><a href=\"https:\/\/elbschule.hamburg.de\/wp-content\/uploads\/sites\/127\/2022\/07\/Helm-ist-cool-Kopie.jpg\" data-rel=\"lightbox\" data-rl_title=\"\" data-rl_caption=\"\" title=\"\"><img loading=\"lazy\" decoding=\"async\" class=\"alignleft size-full wp-image-3504\" src=\"https:\/\/elbschule.hamburg.de\/wp-content\/uploads\/sites\/127\/2022\/07\/Helm-ist-cool-Kopie.jpg\" alt=\"\" width=\"640\" height=\"480\" srcset=\"https:\/\/elbschule.hamburg.de\/wp-content\/uploads\/sites\/127\/2022\/07\/Helm-ist-cool-Kopie.jpg 640w, https:\/\/elbschule.hamburg.de\/wp-content\/uploads\/sites\/127\/2022\/07\/Helm-ist-cool-Kopie-300x225.jpg 300w\" sizes=\"auto, (max-width: 640px) 100vw, 640px\" \/><\/a><\/p>\n<p>\u201eHelm ist cool\u201c, so lautete das Motto, welches \u00fcber 500 K\u00fcnstler*innen von den dritten bis zu den neunten Klassen in ihren Werken mit Leben gef\u00fcllt haben. Kunstp\u00e4dagogin Christin Hubert erm\u00f6glichte es der Klasse 8a daran teilzunehmen und reichte deren Bilder bei dem Plakatwettbewerb der Polizei ein.<\/p>\n<p><a href=\"https:\/\/elbschule.hamburg.de\/wp-content\/uploads\/sites\/127\/2022\/07\/Kategorie-Sieger.jpeg\" data-rel=\"lightbox\" data-rl_title=\"\" data-rl_caption=\"\" title=\"\"><img loading=\"lazy\" decoding=\"async\" class=\"alignleft size-full wp-image-3505\" src=\"https:\/\/elbschule.hamburg.de\/wp-content\/uploads\/sites\/127\/2022\/07\/Kategorie-Sieger.jpeg\" alt=\"\" width=\"640\" height=\"480\" srcset=\"https:\/\/elbschule.hamburg.de\/wp-content\/uploads\/sites\/127\/2022\/07\/Kategorie-Sieger.jpeg 640w, https:\/\/elbschule.hamburg.de\/wp-content\/uploads\/sites\/127\/2022\/07\/Kategorie-Sieger-300x225.jpeg 300w\" sizes=\"auto, (max-width: 640px) 100vw, 640px\" \/><\/a><\/p>\n<p>Am 22.Juni war die Preisverleihung und die Ausstellung aller Siegerplakate im Foyer des Ernst Deutsch Theaters zu sehen. Drei Sch\u00fcler*innen erlebten diese besondere Ehrung ihrer Werke &#8211; die anderen Sch\u00fcler*innen waren auf Klassenfahrt und konnten leider nicht dabei sein.<\/p>\n<p>Nach Gru\u00dfworten des Landesschulrates Herrn Altenburg-Hack wurden die Preise f\u00fcr Klasse 3 bis 9 vergeben. Die Sch\u00fcler*innen wurden aufgerufen und ihr Werk gro\u00df projiziert.<\/p>\n<p><a href=\"https:\/\/elbschule.hamburg.de\/wp-content\/uploads\/sites\/127\/2022\/07\/Titelbild.jpeg\" data-rel=\"lightbox\" data-rl_title=\"\" data-rl_caption=\"\" title=\"\"><img loading=\"lazy\" decoding=\"async\" class=\"alignleft size-full wp-image-3506\" src=\"https:\/\/elbschule.hamburg.de\/wp-content\/uploads\/sites\/127\/2022\/07\/Titelbild.jpeg\" alt=\"\" width=\"640\" height=\"480\" srcset=\"https:\/\/elbschule.hamburg.de\/wp-content\/uploads\/sites\/127\/2022\/07\/Titelbild.jpeg 640w, https:\/\/elbschule.hamburg.de\/wp-content\/uploads\/sites\/127\/2022\/07\/Titelbild-300x225.jpeg 300w\" sizes=\"auto, (max-width: 640px) 100vw, 640px\" \/><\/a><\/p>\n<p>Aus Klasse 8a gewannen: Lilliana, Julia, Emily, Harun, Julien und Roudi. Herzlichen Gl\u00fcckwunsch! F\u00fcr jede Jahrgangsstufe gibt es Kategorie-Sieger &#8211; das sind die \u201eHauptsieger\u201c des Jahrgangs: Diese Ehrung konnte Julien stolz entgegennehmen.<\/p>\n<p>Katharina von Puttkamer<\/p>\n","protected":false},"excerpt":{"rendered":"<p>Siegerehrung des 56. Plakatwettbewerbs der Polizei Hamburg e.v. \u201eHelm ist cool\u201c, so lautete das Motto, welches \u00fcber 500 K\u00fcnstler*innen von den dritten bis zu den neunten Klassen in ihren Werken mit Leben gef\u00fcllt haben. Kunstp\u00e4dagogin Christin Hubert erm\u00f6glichte es der Klasse 8a daran teilzunehmen und reichte deren Bilder bei dem Plakatwettbewerb der Polizei ein. Am &hellip; <a href=\"https:\/\/elbschule.hamburg.de\/?page_id=3507\" class=\"more-link\"><span class=\"screen-reader-text\">Coole Ideen \u2013 coole Gewinner<\/span> weiterlesen <span class=\"meta-nav\">&rarr;<\/span><\/a><\/p>\n","protected":false},"author":207,"featured_media":0,"parent":0,"menu_order":0,"comment_status":"closed","ping_status":"closed","template":"","meta":{"_acf_changed":false,"footnotes":""},"class_list":["post-3507","page","type-page","status-publish","hentry"],"acf":[],"_links":{"self":[{"href":"https:\/\/elbschule.hamburg.de\/index.php?rest_route=\/wp\/v2\/pages\/3507","targetHints":{"allow":["GET"]}}],"collection":[{"href":"https:\/\/elbschule.hamburg.de\/index.php?rest_route=\/wp\/v2\/pages"}],"about":[{"href":"https:\/\/elbschule.hamburg.de\/index.php?rest_route=\/wp\/v2\/types\/page"}],"author":[{"embeddable":true,"href":"https:\/\/elbschule.hamburg.de\/index.php?rest_route=\/wp\/v2\/users\/207"}],"replies":[{"embeddable":true,"href":"https:\/\/elbschule.hamburg.de\/index.php?rest_route=%2Fwp%2Fv2%2Fcomments&post=3507"}],"version-history":[{"count":2,"href":"https:\/\/elbschule.hamburg.de\/index.php?rest_route=\/wp\/v2\/pages\/3507\/revisions"}],"predecessor-version":[{"id":3510,"href":"https:\/\/elbschule.hamburg.de\/index.php?rest_route=\/wp\/v2\/pages\/3507\/revisions\/3510"}],"wp:attachment":[{"href":"https:\/\/elbschule.hamburg.de\/index.php?rest_route=%2Fwp%2Fv2%2Fmedia&parent=3507"}],"curies":[{"name":"wp","href":"https:\/\/api.w.org\/{rel}","templated":true}]}}