{"id":347,"date":"2015-08-29T07:46:04","date_gmt":"2015-08-29T07:46:04","guid":{"rendered":"http:\/\/elbschule.schulhomepages.hamburg.de\/?page_id=347"},"modified":"2015-09-03T17:56:56","modified_gmt":"2015-09-03T17:56:56","slug":"werner-otto-sportpreis-2013","status":"publish","type":"page","link":"https:\/\/elbschule.hamburg.de\/?page_id=347","title":{"rendered":"Herzlichen Gl\u00fcckwunsch! &#8211; Verleihung des Werner Otto Sportpreises"},"content":{"rendered":"<p><strong>Die Kletter-AG hat sich beworben und&#8230;<\/strong><\/p>\n<p style=\"text-align: center\"><a href=\"https:\/\/elbschule.hamburg.de\/wp-content\/uploads\/sites\/127\/2015\/08\/hall-of-fame-Werner-Otto-Preis-2013.jpg\" data-rel=\"lightbox\" data-rl_title=\"\" data-rl_caption=\"\" title=\"\"><img loading=\"lazy\" decoding=\"async\" class=\"alignnone size-full wp-image-362\" src=\"https:\/\/elbschule.hamburg.de\/wp-content\/uploads\/sites\/127\/2015\/08\/hall-of-fame-Werner-Otto-Preis-2013.jpg\" alt=\"hall of fame Werner Otto Preis 2013\" width=\"486\" height=\"324\" srcset=\"https:\/\/elbschule.hamburg.de\/wp-content\/uploads\/sites\/127\/2015\/08\/hall-of-fame-Werner-Otto-Preis-2013.jpg 486w, https:\/\/elbschule.hamburg.de\/wp-content\/uploads\/sites\/127\/2015\/08\/hall-of-fame-Werner-Otto-Preis-2013-300x200.jpg 300w\" sizes=\"auto, (max-width: 486px) 100vw, 486px\" \/><\/a><\/p>\n<p>Die Alexander Otto Sportstiftung hat am 28.02.2013 zum dritten Mal den mit insgesamt 30.000 Euro dotierten Werner-Otto-Preis im Hamburger Behindertensport verliehen. Neben dem Hauptpreis erhielten drei weitere Projekte Anerkennungen, verbunden mit Preisgeldern von jeweils 5000 Euro, darunter die Kletter-AG der Elbschule!<\/p>\n<p>Eine Fachjury k\u00fcrte die Gewinner unter 16 eingereichten Projekten. Preisw\u00fcrdig waren Projekte im Bereich des Behindertensports, die zur Inklusion und F\u00f6rderung von Menschen mit Behinderung im Sport beitragen. Die Preisverleihung fand im Rahmen eines Senatsempfangs im Beisein von B\u00fcrgerschaftspr\u00e4sidentin Carola Veit, Sportsenator Michael Neumann sowie rund 100 G\u00e4sten aus Hamburgs Sport, Politik, Wirtschaft, Kultur und Medien im Hamburger Rathaus statt.<br \/>\nEine Sch\u00fclerin, zwei Sch\u00fcler und die beiden Leiterinnen Frau Hilpert und Frau B\u00f6ttjer haben die Kletter-AG bei der Preisverleihung vertreten. F\u00fcr sie alle war es ein aufregendes und sch\u00f6nes Erlebnis, im Hamburger Rathaus einen Preis verliehen zu bekommen!<\/p>\n<p><a href=\"https:\/\/elbschule.hamburg.de\/wp-content\/uploads\/sites\/127\/2015\/08\/Febr.-2013.jpg\" data-rel=\"lightbox\" data-rl_title=\"\" data-rl_caption=\"\" title=\"\"><img loading=\"lazy\" decoding=\"async\" class=\" size-full wp-image-607 aligncenter\" src=\"https:\/\/elbschule.hamburg.de\/wp-content\/uploads\/sites\/127\/2015\/08\/Febr.-2013.jpg\" alt=\"hall of fame Werner Otto Preis\" width=\"437\" height=\"291\" srcset=\"https:\/\/elbschule.hamburg.de\/wp-content\/uploads\/sites\/127\/2015\/08\/Febr.-2013.jpg 437w, https:\/\/elbschule.hamburg.de\/wp-content\/uploads\/sites\/127\/2015\/08\/Febr.-2013-300x200.jpg 300w\" sizes=\"auto, (max-width: 437px) 100vw, 437px\" \/><\/a><\/p>\n<p>&nbsp;<\/p>\n","protected":false},"excerpt":{"rendered":"<p>Die Kletter-AG hat sich beworben und&#8230; Die Alexander Otto Sportstiftung hat am 28.02.2013 zum dritten Mal den mit insgesamt 30.000 Euro dotierten Werner-Otto-Preis im Hamburger Behindertensport verliehen. Neben dem Hauptpreis erhielten drei weitere Projekte Anerkennungen, verbunden mit Preisgeldern von jeweils 5000 Euro, darunter die Kletter-AG der Elbschule! Eine Fachjury k\u00fcrte die Gewinner unter 16 eingereichten &hellip; <a href=\"https:\/\/elbschule.hamburg.de\/?page_id=347\" class=\"more-link\"><span class=\"screen-reader-text\">Herzlichen Gl\u00fcckwunsch! &#8211; Verleihung des Werner Otto Sportpreises<\/span> weiterlesen <span class=\"meta-nav\">&rarr;<\/span><\/a><\/p>\n","protected":false},"author":206,"featured_media":0,"parent":0,"menu_order":0,"comment_status":"closed","ping_status":"closed","template":"","meta":{"_acf_changed":false,"footnotes":""},"class_list":["post-347","page","type-page","status-publish","hentry"],"acf":[],"_links":{"self":[{"href":"https:\/\/elbschule.hamburg.de\/index.php?rest_route=\/wp\/v2\/pages\/347","targetHints":{"allow":["GET"]}}],"collection":[{"href":"https:\/\/elbschule.hamburg.de\/index.php?rest_route=\/wp\/v2\/pages"}],"about":[{"href":"https:\/\/elbschule.hamburg.de\/index.php?rest_route=\/wp\/v2\/types\/page"}],"author":[{"embeddable":true,"href":"https:\/\/elbschule.hamburg.de\/index.php?rest_route=\/wp\/v2\/users\/206"}],"replies":[{"embeddable":true,"href":"https:\/\/elbschule.hamburg.de\/index.php?rest_route=%2Fwp%2Fv2%2Fcomments&post=347"}],"version-history":[{"count":1,"href":"https:\/\/elbschule.hamburg.de\/index.php?rest_route=\/wp\/v2\/pages\/347\/revisions"}],"predecessor-version":[{"id":606,"href":"https:\/\/elbschule.hamburg.de\/index.php?rest_route=\/wp\/v2\/pages\/347\/revisions\/606"}],"wp:attachment":[{"href":"https:\/\/elbschule.hamburg.de\/index.php?rest_route=%2Fwp%2Fv2%2Fmedia&parent=347"}],"curies":[{"name":"wp","href":"https:\/\/api.w.org\/{rel}","templated":true}]}}