{"id":3452,"date":"2022-06-18T13:41:09","date_gmt":"2022-06-18T13:41:09","guid":{"rendered":"https:\/\/elbschule.hamburg.de\/?page_id=3452"},"modified":"2022-06-18T13:52:51","modified_gmt":"2022-06-18T13:52:51","slug":"abgedreht-und-abgeraeumt-elbschueler-gewinnen-beim-69-europaeischen-wettbewerb","status":"publish","type":"page","link":"https:\/\/elbschule.hamburg.de\/?page_id=3452","title":{"rendered":"Abgedreht und abger\u00e4umt \u2013  Elbsch\u00fcler gewinnen beim 69. Europ\u00e4ischen Wettbewerb"},"content":{"rendered":"<p>Klasse 6c hat mit einem eigenen Film am Europ\u00e4ischen Wettbewerb teilgenommen und in Hamburg gewonnen, sowie auch auf Bundesebene in Berlin einen Preis erhalten. Der 69. Europ\u00e4ische Wettbewerb fragte nach unserem \u00f6kologischen Fu\u00dfabdruck in Europa, nach Umweltschutzprojekten und nach Ans\u00e4tzen f\u00fcr eine nachhaltigere Zukunft.<\/p>\n<p><img loading=\"lazy\" decoding=\"async\" class=\"aligncenter size-full wp-image-3455\" src=\"https:\/\/elbschule.hamburg.de\/wp-content\/uploads\/sites\/127\/2022\/06\/Bild-2.jpg\" alt=\"\" width=\"640\" height=\"360\" srcset=\"https:\/\/elbschule.hamburg.de\/wp-content\/uploads\/sites\/127\/2022\/06\/Bild-2.jpg 640w, https:\/\/elbschule.hamburg.de\/wp-content\/uploads\/sites\/127\/2022\/06\/Bild-2-300x169.jpg 300w\" sizes=\"auto, (max-width: 640px) 100vw, 640px\" \/><\/p>\n<p>&#8222;Europas junge Ideen f\u00fcr den Umweltschutz\u201c &#8211; Erfindungen, die M\u00fcll aus dem Meer oder der Landschaft sammeln, CO2-Staubsauger, Maschinen, die auf originelle Art deinen Energiebedarf decken\u2026 Was f\u00e4llt dir ein, um unsere Umwelt zu sch\u00fctzen?&#8220; So lautete die Aufgabe. Die Teilnehmer*innen konnten ihre Ideen f\u00fcr eine nachhaltigere Gesellschaft, f\u00fcr mehr Klima- und Umweltschutz sowie f\u00fcr gemeinsames europ\u00e4isches Handeln zeichnen, basteln, schreiben, filmen oder singen.<\/p>\n<p>Die Kunstlehrerin Christin Hubert hat dieses Thema mit der Klasse 6c in einen Film umgesetzt: Das Umweltproblem k\u00f6nnte gel\u00f6st werden durch ein Monster, welches den M\u00fcll frisst und gleichzeitig gut f\u00fcr Natur und Luft ist. Diese Filmidee hat die Klasse 6c in liebevoller Idee in Szene gesetzt und animiert. Es entstand folgender Film in Eigenregie:<\/p>\n<p><iframe loading=\"lazy\" src=\"https:\/\/www.youtube.com\/embed\/5Fii769NEC4\" width=\"560\" height=\"315\" frameborder=\"0\" allowfullscreen=\"allowfullscreen\"><\/iframe><\/p>\n<p>Das Preisgeld von 200 Euro werden die Sch\u00fcler*innen im Jumphouse f\u00fcr ihre Freudenspr\u00fcnge nutzen. Herzlichen Gl\u00fcckwunsch!<\/p>\n<p style=\"text-align: right\">Katharina von Puttkamer<\/p>\n","protected":false},"excerpt":{"rendered":"<p>Klasse 6c hat mit einem eigenen Film am Europ\u00e4ischen Wettbewerb teilgenommen und in Hamburg gewonnen, sowie auch auf Bundesebene in Berlin einen Preis erhalten. Der 69. Europ\u00e4ische Wettbewerb fragte nach unserem \u00f6kologischen Fu\u00dfabdruck in Europa, nach Umweltschutzprojekten und nach Ans\u00e4tzen f\u00fcr eine nachhaltigere Zukunft. &#8222;Europas junge Ideen f\u00fcr den Umweltschutz\u201c &#8211; Erfindungen, die M\u00fcll aus &hellip; <a href=\"https:\/\/elbschule.hamburg.de\/?page_id=3452\" class=\"more-link\"><span class=\"screen-reader-text\">Abgedreht und abger\u00e4umt \u2013  Elbsch\u00fcler gewinnen beim 69. Europ\u00e4ischen Wettbewerb<\/span> weiterlesen <span class=\"meta-nav\">&rarr;<\/span><\/a><\/p>\n","protected":false},"author":195,"featured_media":0,"parent":0,"menu_order":0,"comment_status":"closed","ping_status":"closed","template":"","meta":{"_acf_changed":false,"footnotes":""},"class_list":["post-3452","page","type-page","status-publish","hentry"],"acf":[],"_links":{"self":[{"href":"https:\/\/elbschule.hamburg.de\/index.php?rest_route=\/wp\/v2\/pages\/3452","targetHints":{"allow":["GET"]}}],"collection":[{"href":"https:\/\/elbschule.hamburg.de\/index.php?rest_route=\/wp\/v2\/pages"}],"about":[{"href":"https:\/\/elbschule.hamburg.de\/index.php?rest_route=\/wp\/v2\/types\/page"}],"author":[{"embeddable":true,"href":"https:\/\/elbschule.hamburg.de\/index.php?rest_route=\/wp\/v2\/users\/195"}],"replies":[{"embeddable":true,"href":"https:\/\/elbschule.hamburg.de\/index.php?rest_route=%2Fwp%2Fv2%2Fcomments&post=3452"}],"version-history":[{"count":7,"href":"https:\/\/elbschule.hamburg.de\/index.php?rest_route=\/wp\/v2\/pages\/3452\/revisions"}],"predecessor-version":[{"id":3461,"href":"https:\/\/elbschule.hamburg.de\/index.php?rest_route=\/wp\/v2\/pages\/3452\/revisions\/3461"}],"wp:attachment":[{"href":"https:\/\/elbschule.hamburg.de\/index.php?rest_route=%2Fwp%2Fv2%2Fmedia&parent=3452"}],"curies":[{"name":"wp","href":"https:\/\/api.w.org\/{rel}","templated":true}]}}