{"id":3437,"date":"2022-06-18T13:36:44","date_gmt":"2022-06-18T13:36:44","guid":{"rendered":"https:\/\/elbschule.hamburg.de\/?page_id=3437"},"modified":"2022-06-18T13:57:58","modified_gmt":"2022-06-18T13:57:58","slug":"grenzenlos-ausdauernd-die-elbschule-laeuft-fuer-aerzte-ohne-grenzen","status":"publish","type":"page","link":"https:\/\/elbschule.hamburg.de\/?page_id=3437","title":{"rendered":"Grenzenlos ausdauernd &#8211; Die Elbschule l\u00e4uft f\u00fcr \u201a\u00c4rzte ohne Grenzen\u2018"},"content":{"rendered":"<p>Endlich wieder ein Spendenlauf an der Elbschule! Ein Ereignis, das die Schulgemeinschaft st\u00e4rkt und miteinander verbindet in dem Willen, so viele Runden &#8211; und somit so viel Spendengeld &#8211; wie m\u00f6glich zu erlaufen. Herr von der Oelsnitz, von der Organisation \u201a\u00c4rzte ohne Grenzen\u2018, erz\u00e4hlte den L\u00e4ufer*innen vor Laufbeginn von der Arbeit der \u00c4rzte und dass dieses Spendengeld auch f\u00fcr Eins\u00e4tze in der Ukraine ben\u00f6tigt wird. Eine weitere Motivation f\u00fcr alle!<\/p>\n<div id=\"metaslider-id-3462\" style=\"max-width: 640px; margin: 0 auto;\" class=\"ml-slider-3-107-0 metaslider metaslider-responsive metaslider-3462 ml-slider has-dots-nav ms-theme-default\" role=\"region\" aria-label=\"Spendenlauf\" data-height=\"480\" data-width=\"640\">\n    <div id=\"metaslider_container_3462\">\n        <ul id='metaslider_3462' class='rslides'>\n            <li aria-roledescription='slide' aria-labelledby='slide-0'><img loading=\"lazy\" decoding=\"async\" src=\"https:\/\/elbschule.hamburg.de\/wp-content\/uploads\/sites\/127\/2022\/06\/1.jpg\" height=\"480\" width=\"640\" alt=\"\" class=\"slider-3462 slide-3463 msDefaultImage\" title=\"1\" \/><\/li>\n            <li style='display: none;' aria-roledescription='slide' aria-labelledby='slide-1'><img loading=\"lazy\" decoding=\"async\" src=\"https:\/\/elbschule.hamburg.de\/wp-content\/uploads\/sites\/127\/2022\/06\/2.jpg\" height=\"480\" width=\"640\" alt=\"\" class=\"slider-3462 slide-3464 msDefaultImage\" title=\"2\" \/><\/li>\n            <li style='display: none;' aria-roledescription='slide' aria-labelledby='slide-2'><img loading=\"lazy\" decoding=\"async\" src=\"https:\/\/elbschule.hamburg.de\/wp-content\/uploads\/sites\/127\/2022\/06\/3.jpg\" height=\"480\" width=\"640\" alt=\"\" class=\"slider-3462 slide-3465 msDefaultImage\" title=\"3\" \/><\/li>\n            <li style='display: none;' aria-roledescription='slide' aria-labelledby='slide-3'><img loading=\"lazy\" decoding=\"async\" src=\"https:\/\/elbschule.hamburg.de\/wp-content\/uploads\/sites\/127\/2022\/06\/4.jpg\" height=\"480\" width=\"640\" alt=\"\" class=\"slider-3462 slide-3466 msDefaultImage\" title=\"4\" \/><\/li>\n            <li style='display: none;' aria-roledescription='slide' aria-labelledby='slide-4'><img loading=\"lazy\" decoding=\"async\" src=\"https:\/\/elbschule.hamburg.de\/wp-content\/uploads\/sites\/127\/2022\/06\/5-640x480.jpg\" height=\"480\" width=\"640\" alt=\"\" class=\"slider-3462 slide-3467 msDefaultImage\" title=\"5\" \/><\/li>\n            <li style='display: none;' aria-roledescription='slide' aria-labelledby='slide-5'><img loading=\"lazy\" decoding=\"async\" src=\"https:\/\/elbschule.hamburg.de\/wp-content\/uploads\/sites\/127\/2022\/06\/6-640x480.jpg\" height=\"480\" width=\"640\" alt=\"\" class=\"slider-3462 slide-3468 msDefaultImage\" title=\"6\" \/><\/li>\n            <li style='display: none;' aria-roledescription='slide' aria-labelledby='slide-6'><img loading=\"lazy\" decoding=\"async\" src=\"https:\/\/elbschule.hamburg.de\/wp-content\/uploads\/sites\/127\/2022\/06\/7-640x480.jpg\" height=\"480\" width=\"640\" alt=\"\" class=\"slider-3462 slide-3469 msDefaultImage\" title=\"7\" \/><\/li>\n            <li style='display: none;' aria-roledescription='slide' aria-labelledby='slide-7'><img loading=\"lazy\" decoding=\"async\" src=\"https:\/\/elbschule.hamburg.de\/wp-content\/uploads\/sites\/127\/2022\/06\/8-640x480.jpg\" height=\"480\" width=\"640\" alt=\"\" class=\"slider-3462 slide-3470 msDefaultImage\" title=\"8\" \/><\/li>\n            <li style='display: none;' aria-roledescription='slide' aria-labelledby='slide-8'><img loading=\"lazy\" decoding=\"async\" src=\"https:\/\/elbschule.hamburg.de\/wp-content\/uploads\/sites\/127\/2022\/06\/9-640x480.jpg\" height=\"480\" width=\"640\" alt=\"\" class=\"slider-3462 slide-3471 msDefaultImage\" title=\"9\" \/><\/li>\n            <li style='display: none;' aria-roledescription='slide' aria-labelledby='slide-9'><img loading=\"lazy\" decoding=\"async\" src=\"https:\/\/elbschule.hamburg.de\/wp-content\/uploads\/sites\/127\/2022\/06\/10.jpg\" height=\"480\" width=\"640\" alt=\"\" class=\"slider-3462 slide-3472 msDefaultImage\" title=\"10\" \/><\/li>\n            <li style='display: none;' aria-roledescription='slide' aria-labelledby='slide-10'><img loading=\"lazy\" decoding=\"async\" src=\"https:\/\/elbschule.hamburg.de\/wp-content\/uploads\/sites\/127\/2022\/06\/11.jpg\" height=\"480\" width=\"640\" alt=\"\" class=\"slider-3462 slide-3473 msDefaultImage\" title=\"11\" \/><\/li>\n        <\/ul>\n        \n    <\/div>\n<\/div>\n<p>Sorgf\u00e4ltig geplant und bestens organisiert von den Lehrkr\u00e4ften Susanne Schroeder und Jan Finkelmeyer und den Sportassistent*innen. Die \u201aSportasse\u2018 hatten ihre Ausbildung vor zwei Jahren gemacht und organisierten weitgehend selbst\u00e4ndig den Spendenlauf in diesem Jahr. Sie meldeten den Lauf im Rathenau Park bei der Stadtverwaltung an, informierten die Lehrkr\u00e4fte und Sch\u00fcler*innen, verteilten die Laufzettel in den Klassen und erfragten <strong>Obstspenden bei<\/strong> <strong>Rewe Glasmeyer<\/strong> in den Othmarscher H\u00f6fen, sodass alle zum Schluss mit einem Apfel versorgt werden konnten. Herzlichen Dank f\u00fcr diese gesunde Spende! Beim Lauf selbst begleiteten die \u201aSportasse\u2018 die Grundschulkinder, indem sie diese durch Mitlaufen motivierten, sie bei Bedarf an die Hand nahmen und manchem Kind die Laufrichtung wiesen.<\/p>\n<p>Auch beim anschlie\u00dfenden Fr\u00fchlingsfest in der Elbschule hatten die \u201aSportasse\u2018 sich Stationen ausgedacht wie Dosenwerfen, Schwammlauf, Stelzenlauf, Boxen, Eierlauf, die sie organisierten und begleiteten. Zum Gelingen dieses sch\u00f6nen Tages haben vor allem sie beigetragen mit ihrem Engagement!<\/p>\n<p>Dar\u00fcber hinaus gab es weitere motivierende Angebote wie Trampolinspringen, eine H\u00fcpfburg, eine Schminkstation, einen Verkleidungslauf, einen Fahrzeugparcour und vielf\u00e4ltige Sportangebote in der Sporthalle, die trotz des Laufes am Vormittag von unerm\u00fcdlichen Kindern gerne angenommen wurden. Ein Erfrischungsgetr\u00e4nk, <strong>gespendet vom Schulverein<\/strong>, wurde von allen dankbar entgegen genommen.<\/p>\n<p>Selbst das Wetter hatten die Organisator*innen an diesem Tag perfekt organisiert: das Fr\u00fchlingsfest wurde mit 26 Grad zu einem Sommerfest!<\/p>\n<p>Ein gro\u00dfes Dankesch\u00f6n an alle, die das erm\u00f6glicht haben, die mitgelaufen sind, die \u00fcppig gespendet und im Gro\u00dfen und Kleinen unterst\u00fctzt haben!<\/p>\n<p>Nachdem alle Spenden eingegangen waren, fand in der Aula die Spenden\u00fcbergabe an \u201a\u00c4rzte ohne Grenzen\u2018, vertreten durch Herr von der Oelsnitz, statt. Der Jubel war gro\u00df, als der Betrag von 8618,89 Euro genannt wurde. Der Scheck wurde Herrn von der Oelsnitz symbolisch \u00fcberreicht, der sich im Namen der \u201a\u00c4rzte ohne Grenzen\u2018 herzlich bedankte. Diese hohe Summe war f\u00fcr alle L\u00e4ufer*innen eine Best\u00e4tigung ihrer Motivation, die diese erm\u00f6glicht hat!<\/p>\n<p style=\"text-align: right\">Katharina von Puttkamer<\/p>\n","protected":false},"excerpt":{"rendered":"<p>Endlich wieder ein Spendenlauf an der Elbschule! Ein Ereignis, das die Schulgemeinschaft st\u00e4rkt und miteinander verbindet in dem Willen, so viele Runden &#8211; und somit so viel Spendengeld &#8211; wie m\u00f6glich zu erlaufen. Herr von der Oelsnitz, von der Organisation \u201a\u00c4rzte ohne Grenzen\u2018, erz\u00e4hlte den L\u00e4ufer*innen vor Laufbeginn von der Arbeit der \u00c4rzte und dass &hellip; <a href=\"https:\/\/elbschule.hamburg.de\/?page_id=3437\" class=\"more-link\"><span class=\"screen-reader-text\">Grenzenlos ausdauernd &#8211; Die Elbschule l\u00e4uft f\u00fcr \u201a\u00c4rzte ohne Grenzen\u2018<\/span> weiterlesen <span class=\"meta-nav\">&rarr;<\/span><\/a><\/p>\n","protected":false},"author":195,"featured_media":0,"parent":0,"menu_order":0,"comment_status":"closed","ping_status":"closed","template":"","meta":{"_acf_changed":false,"footnotes":""},"class_list":["post-3437","page","type-page","status-publish","hentry"],"acf":[],"_links":{"self":[{"href":"https:\/\/elbschule.hamburg.de\/index.php?rest_route=\/wp\/v2\/pages\/3437","targetHints":{"allow":["GET"]}}],"collection":[{"href":"https:\/\/elbschule.hamburg.de\/index.php?rest_route=\/wp\/v2\/pages"}],"about":[{"href":"https:\/\/elbschule.hamburg.de\/index.php?rest_route=\/wp\/v2\/types\/page"}],"author":[{"embeddable":true,"href":"https:\/\/elbschule.hamburg.de\/index.php?rest_route=\/wp\/v2\/users\/195"}],"replies":[{"embeddable":true,"href":"https:\/\/elbschule.hamburg.de\/index.php?rest_route=%2Fwp%2Fv2%2Fcomments&post=3437"}],"version-history":[{"count":3,"href":"https:\/\/elbschule.hamburg.de\/index.php?rest_route=\/wp\/v2\/pages\/3437\/revisions"}],"predecessor-version":[{"id":3474,"href":"https:\/\/elbschule.hamburg.de\/index.php?rest_route=\/wp\/v2\/pages\/3437\/revisions\/3474"}],"wp:attachment":[{"href":"https:\/\/elbschule.hamburg.de\/index.php?rest_route=%2Fwp%2Fv2%2Fmedia&parent=3437"}],"curies":[{"name":"wp","href":"https:\/\/api.w.org\/{rel}","templated":true}]}}