{"id":3408,"date":"2022-05-30T15:54:58","date_gmt":"2022-05-30T15:54:58","guid":{"rendered":"https:\/\/elbschule.hamburg.de\/?page_id=3408"},"modified":"2022-05-31T07:18:34","modified_gmt":"2022-05-31T07:18:34","slug":"kindertheater-barrierefrei-gastspiel-von-pieddefou-in-der-elbschule","status":"publish","type":"page","link":"https:\/\/elbschule.hamburg.de\/?page_id=3408","title":{"rendered":"Kindertheater barrierefrei \u2013 Gastspiel von \u201ePied De Fou\u201c in der Elbschule"},"content":{"rendered":"<p><strong> <div id=\"metaslider-id-3410\" style=\"max-width: 640px; margin: 0 auto;\" class=\"ml-slider-3-107-0 metaslider metaslider-responsive metaslider-3410 ml-slider has-dots-nav ms-theme-default\" role=\"region\" aria-label=\"Kindertheater barrierefrei\" data-height=\"480\" data-width=\"640\">\n    <div id=\"metaslider_container_3410\">\n        <ul id='metaslider_3410' class='rslides'>\n            <li aria-roledescription='slide' aria-labelledby='slide-0'><img loading=\"lazy\" decoding=\"async\" src=\"https:\/\/elbschule.hamburg.de\/wp-content\/uploads\/sites\/127\/2022\/05\/Schlautauben_Pied-de-Fou-640x480.jpg\" height=\"480\" width=\"640\" alt=\"\" class=\"slider-3410 slide-3411 msDefaultImage\" title=\"Schlautauben_Pied de Fou\" \/><div class=\"caption-wrap\"><div class=\"caption\">Pied De Fou<\/div><\/div><\/li>\n            <li style='display: none;' aria-roledescription='slide' aria-labelledby='slide-1'><img loading=\"lazy\" decoding=\"async\" src=\"https:\/\/elbschule.hamburg.de\/wp-content\/uploads\/sites\/127\/2022\/05\/Schlautauben_Pied-de-Fou-3-640x480.jpg\" height=\"480\" width=\"640\" alt=\"\" class=\"slider-3410 slide-3412 msDefaultImage\" title=\"Schlautauben_Pied de Fou (3)\" \/><div class=\"caption-wrap\"><div class=\"caption\">Pied De Fou<\/div><\/div><\/li>\n            <li style='display: none;' aria-roledescription='slide' aria-labelledby='slide-2'><img loading=\"lazy\" decoding=\"async\" src=\"https:\/\/elbschule.hamburg.de\/wp-content\/uploads\/sites\/127\/2022\/05\/Schlautauben_Pied-de-Fou-2-640x480.jpg\" height=\"480\" width=\"640\" alt=\"\" class=\"slider-3410 slide-3413 msDefaultImage\" title=\"Schlautauben_Pied de Fou (2)\" \/><div class=\"caption-wrap\"><div class=\"caption\">Pied De Fou<\/div><\/div><\/li>\n            <li style='display: none;' aria-roledescription='slide' aria-labelledby='slide-3'><img loading=\"lazy\" decoding=\"async\" src=\"https:\/\/elbschule.hamburg.de\/wp-content\/uploads\/sites\/127\/2022\/05\/Beerdigungen_Pied-de-Fou-640x480.jpg\" height=\"480\" width=\"640\" alt=\"\" class=\"slider-3410 slide-3414 msDefaultImage\" title=\"Beerdigungen_Pied de Fou\" \/><div class=\"caption-wrap\"><div class=\"caption\">Pied De Fou<\/div><\/div><\/li>\n            <li style='display: none;' aria-roledescription='slide' aria-labelledby='slide-4'><img loading=\"lazy\" decoding=\"async\" src=\"https:\/\/elbschule.hamburg.de\/wp-content\/uploads\/sites\/127\/2022\/05\/Beerdigungen_Pied-de-Fou-3-640x480.jpg\" height=\"480\" width=\"640\" alt=\"\" class=\"slider-3410 slide-3415 msDefaultImage\" title=\"Beerdigungen_Pied de Fou (3)\" \/><div class=\"caption-wrap\"><div class=\"caption\">Pied De Fou<\/div><\/div><\/li>\n            <li style='display: none;' aria-roledescription='slide' aria-labelledby='slide-5'><img loading=\"lazy\" decoding=\"async\" src=\"https:\/\/elbschule.hamburg.de\/wp-content\/uploads\/sites\/127\/2022\/05\/Zuschauer-640x480.jpg\" height=\"480\" width=\"640\" alt=\"\" class=\"slider-3410 slide-3419 msDefaultImage\" title=\"Zuschauer\" \/><div class=\"caption-wrap\"><div class=\"caption\">privat<\/div><\/div><\/li>\n        <\/ul>\n        \n    <\/div>\n<\/div><\/strong><\/p>\n<p>Nur selten kommen Kinder mit H\u00f6rbeeintr\u00e4chtigungen in den Genuss einer inklusiven Theaterauff\u00fchrung \u2013 von Weihnachtsm\u00e4rchen mit DGS-\u00dcbersetzung einmal abgesehen. So war das Gastspiel von <strong>Pied De Fou <\/strong>am 1. April f\u00fcr die Grundschulkinder der Elbschule ein besonderes Ereignis.<\/p>\n<p>Pied de Fou ist eine freie Theatergruppe aus Hildesheim, die sich auf bilinguales Geb\u00e4rdensprachtheater spezialisiert hat. Seit 2016 hat es sich das dreik\u00f6pfige Darstellerinnen-Team zur Aufgabe gemacht, gesellschaftlich relevante und alltagsnahe Themen auf die B\u00fchne zu bringen. \u201eMit einer Mischung aus Geb\u00e4rden- und Lautsprache sowie Musik, die durch Tanz f\u00fcr alle visualisiert und erfahrbar wird, sind unserer St\u00fccke f\u00fcr taube und h\u00f6rende Menschen gleicherma\u00dfen verst\u00e4ndlich\u201c, hei\u00dft es auf ihrer Website.<\/p>\n<p>Gleich zwei St\u00fccke kamen in der Elbschule mit einem mobilen B\u00fchnenbild zum Einsatz: \u00a0Die Vorschulkinder und die Klassen 1 und 2 lernten \u00fcber die Endlichkeit des Lebens in \u201eDie besten Beerdigungen der Welt\u201c. In dem gleichnamigen schwedischen Kinderbuch von Ulf Nilsson sorgen sich drei Kinder um eine tote Hummel und weitere unbeachtet gestorbene Tiere.<\/p>\n<p>Die Klassen 3 und 4 wurden in \u201eDie Schlautauben und das ganze Gef\u00fchlsdingsda\u201c in eine spannende Detektivgeschichte eingebunden und f\u00fcr einen empathischen Blick auf andere Menschen sensibilisiert: \u201eAlle Menschen machen Fehler, aber kein Mensch ist falsch\u201c, lautete die Kernaussage des St\u00fcckes. Das Wirrwarr kindlicher Gef\u00fchle wurde in einem gleichberechtigten Nebeneinander von Laut- und Geb\u00e4rdensprache unterhaltsam zum Ausdruck gebracht. Das junge Publikum war davon gefesselt, auch wenn wohl nicht jedes Kind alle Nuancen verstanden hat. Aber wie beim Umgang mit M\u00e4rchen rezipiert doch jeder genau das, was in seiner aktuellen Entwicklungsstufe passend und f\u00fcr ihn von Nutzen ist.<\/p>\n<p>Finanziert wurde dieser besondere Theatervormittag vom Schulverein der Elbschule.<\/p>\n<p>Karin Perwo-A\u00dfmann<\/p>\n","protected":false},"excerpt":{"rendered":"<p>Nur selten kommen Kinder mit H\u00f6rbeeintr\u00e4chtigungen in den Genuss einer inklusiven Theaterauff\u00fchrung \u2013 von Weihnachtsm\u00e4rchen mit DGS-\u00dcbersetzung einmal abgesehen. So war das Gastspiel von Pied De Fou am 1. April f\u00fcr die Grundschulkinder der Elbschule ein besonderes Ereignis. Pied de Fou ist eine freie Theatergruppe aus Hildesheim, die sich auf bilinguales Geb\u00e4rdensprachtheater spezialisiert hat. Seit &hellip; <a href=\"https:\/\/elbschule.hamburg.de\/?page_id=3408\" class=\"more-link\"><span class=\"screen-reader-text\">Kindertheater barrierefrei \u2013 Gastspiel von \u201ePied De Fou\u201c in der Elbschule<\/span> weiterlesen <span class=\"meta-nav\">&rarr;<\/span><\/a><\/p>\n","protected":false},"author":207,"featured_media":0,"parent":0,"menu_order":0,"comment_status":"closed","ping_status":"closed","template":"","meta":{"_acf_changed":false,"footnotes":""},"class_list":["post-3408","page","type-page","status-publish","hentry"],"acf":[],"_links":{"self":[{"href":"https:\/\/elbschule.hamburg.de\/index.php?rest_route=\/wp\/v2\/pages\/3408","targetHints":{"allow":["GET"]}}],"collection":[{"href":"https:\/\/elbschule.hamburg.de\/index.php?rest_route=\/wp\/v2\/pages"}],"about":[{"href":"https:\/\/elbschule.hamburg.de\/index.php?rest_route=\/wp\/v2\/types\/page"}],"author":[{"embeddable":true,"href":"https:\/\/elbschule.hamburg.de\/index.php?rest_route=\/wp\/v2\/users\/207"}],"replies":[{"embeddable":true,"href":"https:\/\/elbschule.hamburg.de\/index.php?rest_route=%2Fwp%2Fv2%2Fcomments&post=3408"}],"version-history":[{"count":4,"href":"https:\/\/elbschule.hamburg.de\/index.php?rest_route=\/wp\/v2\/pages\/3408\/revisions"}],"predecessor-version":[{"id":3421,"href":"https:\/\/elbschule.hamburg.de\/index.php?rest_route=\/wp\/v2\/pages\/3408\/revisions\/3421"}],"wp:attachment":[{"href":"https:\/\/elbschule.hamburg.de\/index.php?rest_route=%2Fwp%2Fv2%2Fmedia&parent=3408"}],"curies":[{"name":"wp","href":"https:\/\/api.w.org\/{rel}","templated":true}]}}