{"id":3396,"date":"2022-05-17T12:35:54","date_gmt":"2022-05-17T12:35:54","guid":{"rendered":"https:\/\/elbschule.hamburg.de\/?page_id=3396"},"modified":"2022-05-29T12:20:57","modified_gmt":"2022-05-29T12:20:57","slug":"hamburg-raeumt-auf-elbschule-raeumt-mit","status":"publish","type":"page","link":"https:\/\/elbschule.hamburg.de\/?page_id=3396","title":{"rendered":"\u201eHamburg r\u00e4umt auf!\u201c \u2013 Elbschule r\u00e4umt mit"},"content":{"rendered":"<p>Die j\u00e4hrliche Aufr\u00e4umaktion der Hamburger Stadtreinigung hat seit \u00fcber 20 Jahren Tradition: Jeweils zum Fr\u00fchjahrsbeginn sammeln B\u00fcrger:innen der Hansestadt den M\u00fcll von Fl\u00e4chen, die nicht vom Reinigungsauftrag der Stadtreinigung abgedeckt sind. Noch nie hatten sich so viele Initiativen wie im Jahr 2022 beim M\u00fcllsammeln beteiligt.<\/p>\n<p>Auch die Elbschule war Ende M\u00e4rz an f\u00fcnf Tagen mit der rekordverd\u00e4chtigen Anzahl von 15 Klassen am Start. Ausgestattet mit Handschuhen, M\u00fclls\u00e4cken und einigen Greifzangen erledigten die Kinder und Jugendlichen mit Feuereifer den Fr\u00fchjahrsputz in schulnahen Gr\u00fcnanlagen, Parks sowie am Elbstrand.<\/p>\n<p>Die Kinder der 7a waren erschrocken, wie viel M\u00fcll drau\u00dfen herumlag, vor allem Zigaretten und Masken. Sie fragten sich: \u201cWarum schmei\u00dfen die Leute das hier hin? Da ist doch ein M\u00fclleimer!\u201c Auch die Gro\u00dfen aus Klasse 9\/10a hatten ein Aha-Erlebnis. Vor dem Start war ihre einhellige Meinung: \u201eWarum m\u00fcssen wir Sammeln gehen? Hamburg ist doch sauber!\u201c Doch bereits kurze Zeit sp\u00e4ter staunten sie nicht schlecht \u00fcber ihre Ausbeute. Das gr\u00f6\u00dfte Fundst\u00fcck war ein achtlos entsorgter Autoreifen mit Felge.<\/p>\n<p><a href=\"https:\/\/elbschule.hamburg.de\/wp-content\/uploads\/sites\/127\/2022\/05\/Collage-r-b3.jpg\" data-rel=\"lightbox\" data-rl_title=\"\" data-rl_caption=\"\" title=\"\"><img loading=\"lazy\" decoding=\"async\" class=\"alignleft size-full wp-image-3395\" src=\"https:\/\/elbschule.hamburg.de\/wp-content\/uploads\/sites\/127\/2022\/05\/Collage-r-b3.jpg\" alt=\"\" width=\"640\" height=\"453\" srcset=\"https:\/\/elbschule.hamburg.de\/wp-content\/uploads\/sites\/127\/2022\/05\/Collage-r-b3.jpg 640w, https:\/\/elbschule.hamburg.de\/wp-content\/uploads\/sites\/127\/2022\/05\/Collage-r-b3-300x212.jpg 300w\" sizes=\"auto, (max-width: 640px) 100vw, 640px\" \/><\/a><\/p>\n<p>Die unz\u00e4hligen, von allen Elbsch\u00fcler:innen gef\u00fcllten, M\u00fclls\u00e4cke wurden an der Schule gesammelt und am Ende der Woche von der Stadtreinigung abgeholt.<\/p>\n<p>Zoe de Homont, Klassenlehrerin der E1, hatte die Aktion an der Elbschule organisiert. Sie war mit dem Engagement der Sch\u00fcler:innen sehr zufrieden. Warum nicht den Umweltgedanken aufgreifen und f\u00fcr das eigene Schulgel\u00e4nde \u00fcbernehmen? \u201eAb n\u00e4chster Woche ist es nicht vorbei\u201c, informierte de Homont die Schulgemeinschaft Ende M\u00e4rz, \u201ewir bleiben dran und die Klassen wechseln sich beim Aufr\u00e4umen des Schulhofs ab.\u201c<br \/>\nJede Klasse ist seitdem eine Woche lang in den Pausen f\u00fcr Sauberkeit auf dem Gel\u00e4nde zust\u00e4ndig. Die vertrauten \u201eWerkzeuge\u201c daf\u00fcr sind noch vorhanden und bis es im n\u00e4chsten Jahr wieder hei\u00dft \u201eHamburg r\u00e4umt auf!\u201c, kann die gemeinsame Verantwortung f\u00fcr einen sauberen Lebensraum von den Sch\u00fcler:innen verinnerlicht werden.<\/p>\n<p>&nbsp;<\/p>\n<p>Karin Perwo-A\u00dfmann<\/p>\n","protected":false},"excerpt":{"rendered":"<p>Die j\u00e4hrliche Aufr\u00e4umaktion der Hamburger Stadtreinigung hat seit \u00fcber 20 Jahren Tradition: Jeweils zum Fr\u00fchjahrsbeginn sammeln B\u00fcrger:innen der Hansestadt den M\u00fcll von Fl\u00e4chen, die nicht vom Reinigungsauftrag der Stadtreinigung abgedeckt sind. Noch nie hatten sich so viele Initiativen wie im Jahr 2022 beim M\u00fcllsammeln beteiligt. Auch die Elbschule war Ende M\u00e4rz an f\u00fcnf Tagen mit &hellip; <a href=\"https:\/\/elbschule.hamburg.de\/?page_id=3396\" class=\"more-link\"><span class=\"screen-reader-text\">\u201eHamburg r\u00e4umt auf!\u201c \u2013 Elbschule r\u00e4umt mit<\/span> weiterlesen <span class=\"meta-nav\">&rarr;<\/span><\/a><\/p>\n","protected":false},"author":207,"featured_media":0,"parent":0,"menu_order":0,"comment_status":"closed","ping_status":"closed","template":"","meta":{"_acf_changed":false,"footnotes":""},"class_list":["post-3396","page","type-page","status-publish","hentry"],"acf":[],"_links":{"self":[{"href":"https:\/\/elbschule.hamburg.de\/index.php?rest_route=\/wp\/v2\/pages\/3396","targetHints":{"allow":["GET"]}}],"collection":[{"href":"https:\/\/elbschule.hamburg.de\/index.php?rest_route=\/wp\/v2\/pages"}],"about":[{"href":"https:\/\/elbschule.hamburg.de\/index.php?rest_route=\/wp\/v2\/types\/page"}],"author":[{"embeddable":true,"href":"https:\/\/elbschule.hamburg.de\/index.php?rest_route=\/wp\/v2\/users\/207"}],"replies":[{"embeddable":true,"href":"https:\/\/elbschule.hamburg.de\/index.php?rest_route=%2Fwp%2Fv2%2Fcomments&post=3396"}],"version-history":[{"count":3,"href":"https:\/\/elbschule.hamburg.de\/index.php?rest_route=\/wp\/v2\/pages\/3396\/revisions"}],"predecessor-version":[{"id":3402,"href":"https:\/\/elbschule.hamburg.de\/index.php?rest_route=\/wp\/v2\/pages\/3396\/revisions\/3402"}],"wp:attachment":[{"href":"https:\/\/elbschule.hamburg.de\/index.php?rest_route=%2Fwp%2Fv2%2Fmedia&parent=3396"}],"curies":[{"name":"wp","href":"https:\/\/api.w.org\/{rel}","templated":true}]}}