{"id":3318,"date":"2022-05-15T15:48:37","date_gmt":"2022-05-15T15:48:37","guid":{"rendered":"https:\/\/elbschule.hamburg.de\/?page_id=3318"},"modified":"2022-05-15T15:53:31","modified_gmt":"2022-05-15T15:53:31","slug":"abgeraeumt-elbschule-holt-drei-titel-im-basketball","status":"publish","type":"page","link":"https:\/\/elbschule.hamburg.de\/?page_id=3318","title":{"rendered":"Abger\u00e4umt &#8211; Elbschule holt drei Titel im Basketball"},"content":{"rendered":"<p>Bericht \u00fcber die Nord-Ost-Deutschen Meisterschaften im Basketball in Braunschweig<\/p>\n<div id=\"metaslider-id-3327\" style=\"max-width: 640px; margin: 0 auto;\" class=\"ml-slider-3-107-0 metaslider metaslider-responsive metaslider-3327 ml-slider has-dots-nav ms-theme-default\" role=\"region\" aria-label=\"Elbschule holt drei Titel im Basketball\" data-height=\"480\" data-width=\"640\">\n    <div id=\"metaslider_container_3327\">\n        <ul id='metaslider_3327' class='rslides'>\n            <li aria-roledescription='slide' aria-labelledby='slide-0'><img loading=\"lazy\" decoding=\"async\" src=\"https:\/\/elbschule.hamburg.de\/wp-content\/uploads\/sites\/127\/2022\/05\/BB-B-2022-Mannschaft-II-640x480.jpeg\" height=\"480\" width=\"640\" alt=\"\" class=\"slider-3327 slide-3328 msDefaultImage\" title=\"BB, B, 2022 Mannschaft II\" \/><\/li>\n            <li style='display: none;' aria-roledescription='slide' aria-labelledby='slide-1'><img loading=\"lazy\" decoding=\"async\" src=\"https:\/\/elbschule.hamburg.de\/wp-content\/uploads\/sites\/127\/2022\/05\/BB-B-2022-Mannschaft-640x480.jpeg\" height=\"480\" width=\"640\" alt=\"\" class=\"slider-3327 slide-3335 msDefaultImage\" title=\"BB, B, 2022 Mannschaft\" \/><\/li>\n            <li style='display: none;' aria-roledescription='slide' aria-labelledby='slide-2'><img loading=\"lazy\" decoding=\"async\" src=\"https:\/\/elbschule.hamburg.de\/wp-content\/uploads\/sites\/127\/2022\/05\/BBB-2022-Junioren-Peter-und-Ralf-640x480.jpg\" height=\"480\" width=\"640\" alt=\"\" class=\"slider-3327 slide-3336 msDefaultImage\" title=\"BB,B, 2022, Junioren + Peter und Ralf\" \/><\/li>\n            <li style='display: none;' aria-roledescription='slide' aria-labelledby='slide-3'><img loading=\"lazy\" decoding=\"async\" src=\"https:\/\/elbschule.hamburg.de\/wp-content\/uploads\/sites\/127\/2022\/05\/BB-B-Junioren-Mannschaft-640x480.jpg\" height=\"480\" width=\"640\" alt=\"\" class=\"slider-3327 slide-3337 msDefaultImage\" title=\"BB, B, Junioren Mannschaft\" \/><\/li>\n            <li style='display: none;' aria-roledescription='slide' aria-labelledby='slide-4'><img loading=\"lazy\" decoding=\"async\" src=\"https:\/\/elbschule.hamburg.de\/wp-content\/uploads\/sites\/127\/2022\/05\/BB-B-2022Ma\u0308dchen-Peter.jpg\" height=\"480\" width=\"640\" alt=\"\" class=\"slider-3327 slide-3338 msDefaultImage\" title=\"BB, B, 2022,Ma\u0308dchen + Peter\" \/><\/li>\n            <li style='display: none;' aria-roledescription='slide' aria-labelledby='slide-5'><img loading=\"lazy\" decoding=\"async\" src=\"https:\/\/elbschule.hamburg.de\/wp-content\/uploads\/sites\/127\/2022\/05\/BB-B-2022-Ma\u0308dchenkreis-640x480.jpg\" height=\"480\" width=\"640\" alt=\"\" class=\"slider-3327 slide-3339 msDefaultImage\" title=\"BB, B, 2022, Ma\u0308dchenkreis\" \/><\/li>\n            <li style='display: none;' aria-roledescription='slide' aria-labelledby='slide-6'><img loading=\"lazy\" decoding=\"async\" src=\"https:\/\/elbschule.hamburg.de\/wp-content\/uploads\/sites\/127\/2022\/05\/BB-B-2022-Jungen-Mannschaft.jpg\" height=\"480\" width=\"640\" alt=\"\" class=\"slider-3327 slide-3340 msDefaultImage\" title=\"BB, B, 2022, Jungen, Mannschaft\" \/><\/li>\n        <\/ul>\n        \n    <\/div>\n<\/div>\n<p>Die Idee entstand im Sportunterricht der Klassen 5a, 7a, 8d, 9d und 9\/10a:<\/p>\n<p>Nicht nur das Basketballspiel als Unterrichtsgegenstand schematisch abzuarbeiten, sondern in einer Art Projektunterricht das Ziel \u201eTeilnahme an der Deutschen Meisterschaft f\u00fcr H\u00f6rgesch\u00e4digtenschulen\u201c anzugehen. Dazu wurden die Sch\u00fcler:innen stark mit eingebunden und Trainingsgruppen gebildet: Jungen, M\u00e4dchen, Junioren. Sch\u00fcler:innen fungierten als Kapit\u00e4ne und organisierten in Zusammenarbeit mit Herrn Krueger und mir das Training und die Teambildung. Dazu wurden von den geh\u00f6rlosen Sch\u00fcler:innen erfreulicherweise auch Sch\u00fcler:innen\u00a0 anderer Klassen miteinbezogen, so dass sich am Ende gemischte Mannschaften aus h\u00f6renden, schwerh\u00f6rigen und geh\u00f6rlosen Sch\u00fcler:innen ergaben. \u00a0\u00a0\u00a0\u00a0\u00a0\u00a0\u00a0\u00a0\u00a0Nur bei den Junioren haben wir diese Mischung mit Absicht nicht durchgef\u00fchrt.<\/p>\n<p>&nbsp;<\/p>\n<p>Die Ausf\u00fchrung am 26.April beim Turnier in Braunschweig:<\/p>\n<p>Nach fast 2-monatiger Vorbereitungszeit war es dann soweit. W\u00fcrden alle 25 eingeladenen Spieler:innen bis 05:30 Uhr am Hbf. Hamburg erscheinen? Bis auf eine Sch\u00fclerin, die kurzfristig ihre Teilnahme krankheitsbedingt absagen musste, waren <strong>alle <\/strong>p\u00fcnktlich vor Ort.\u00a0\u00a0\u00a0\u00a0 Ein erster gro\u00dfartiger Erfolg! Nach 3-st\u00fcndiger Bahnfahrt mit Umsteigen in Uelzen (Hundertwasser-Bahnhof \u2192Kunst!) kamen wir ausgeschlafen in Braunschweig an und fuhren mit der Stra\u00dfenbahn (Einige zum ersten Mal!) zum Austragungsort. Dort gewannen alle drei Mannschaften der Elbschule in beeindruckender Weise all ihre Spiele und wurden zu Recht Norddeutsche Meister in ihren Altersklassen. Ein Erfolg der harmonischen Teambildung!\u00a0\u00a0\u00a0 Als noch nie dagewesene \u201e<strong>Triple-Meister<\/strong>\u201c konnten wir um 14 Uhr die R\u00fcckreise nach Hamburg antreten.<\/p>\n<p>&nbsp;<\/p>\n<p>Nachlese zum Basketballturnier in Braunschweig:<\/p>\n<p>Am n\u00e4chsten Tag hatten alle Sch\u00fcler:Innen bis auf drei, die Strapazen weggesteckt und waren \u00fcberrascht, dass die Schulleitung \u201e den roten Teppich\u201c ausrollte \u00a0und \u201eChampagner f\u00fcr alle\u201c (Bionade) ausgab. Die Ehrung der Sportler:innen fand mit allen Sch\u00fcler:innen der Klassen 5 \u2013 10 in der Aula statt. Frau Neumeyer und ich verteilten die Urkunden f\u00fcr den 1. Platz, die beteiligten Sch\u00fcler:innen beantworteten viele Fragen und zu guter Letzt gab es den \u201eChampagner\u201c! ?<\/p>\n<p>Vom 27. 09. \u2013 29.09. findet nun das Bundesfinale der Jungen und M\u00e4dchen in M\u00fcnster statt. Mit doppelter Beteiligung der Elbschule! Alle freuen sich schon sehr darauf, auch wenn wir uns von vier starken Spieler:Innen verabschieden m\u00fcssen, die entweder umziehen oder (im positiven Sinne) entlassen werden. Vielen Dank Liliana, Vanessa, Mikka und Jonas!<\/p>\n<p>&nbsp;<\/p>\n<p>PS: Ach ja. F\u00fcr die Reise mit \u00dcbernachtungen in M\u00fcnster werden noch <strong>Sponsoren<\/strong> gesucht! Gerne im Schulb\u00fcro melden!<\/p>\n<p>Ralf Windhoff<\/p>\n<p>&nbsp;<\/p>\n","protected":false},"excerpt":{"rendered":"<p>Bericht \u00fcber die Nord-Ost-Deutschen Meisterschaften im Basketball in Braunschweig Die Idee entstand im Sportunterricht der Klassen 5a, 7a, 8d, 9d und 9\/10a: Nicht nur das Basketballspiel als Unterrichtsgegenstand schematisch abzuarbeiten, sondern in einer Art Projektunterricht das Ziel \u201eTeilnahme an der Deutschen Meisterschaft f\u00fcr H\u00f6rgesch\u00e4digtenschulen\u201c anzugehen. Dazu wurden die Sch\u00fcler:innen stark mit eingebunden und Trainingsgruppen gebildet: &hellip; <a href=\"https:\/\/elbschule.hamburg.de\/?page_id=3318\" class=\"more-link\"><span class=\"screen-reader-text\">Abger\u00e4umt &#8211; Elbschule holt drei Titel im Basketball<\/span> weiterlesen <span class=\"meta-nav\">&rarr;<\/span><\/a><\/p>\n","protected":false},"author":207,"featured_media":0,"parent":0,"menu_order":0,"comment_status":"closed","ping_status":"closed","template":"","meta":{"_acf_changed":false,"footnotes":""},"class_list":["post-3318","page","type-page","status-publish","hentry"],"acf":[],"_links":{"self":[{"href":"https:\/\/elbschule.hamburg.de\/index.php?rest_route=\/wp\/v2\/pages\/3318","targetHints":{"allow":["GET"]}}],"collection":[{"href":"https:\/\/elbschule.hamburg.de\/index.php?rest_route=\/wp\/v2\/pages"}],"about":[{"href":"https:\/\/elbschule.hamburg.de\/index.php?rest_route=\/wp\/v2\/types\/page"}],"author":[{"embeddable":true,"href":"https:\/\/elbschule.hamburg.de\/index.php?rest_route=\/wp\/v2\/users\/207"}],"replies":[{"embeddable":true,"href":"https:\/\/elbschule.hamburg.de\/index.php?rest_route=%2Fwp%2Fv2%2Fcomments&post=3318"}],"version-history":[{"count":6,"href":"https:\/\/elbschule.hamburg.de\/index.php?rest_route=\/wp\/v2\/pages\/3318\/revisions"}],"predecessor-version":[{"id":3342,"href":"https:\/\/elbschule.hamburg.de\/index.php?rest_route=\/wp\/v2\/pages\/3318\/revisions\/3342"}],"wp:attachment":[{"href":"https:\/\/elbschule.hamburg.de\/index.php?rest_route=%2Fwp%2Fv2%2Fmedia&parent=3318"}],"curies":[{"name":"wp","href":"https:\/\/api.w.org\/{rel}","templated":true}]}}