{"id":3250,"date":"2022-02-13T15:20:08","date_gmt":"2022-02-13T15:20:08","guid":{"rendered":"https:\/\/elbschule.hamburg.de\/?page_id=3250"},"modified":"2022-02-13T15:20:12","modified_gmt":"2022-02-13T15:20:12","slug":"teamplayer-nicht-nur-im-stadion-auch-im-klassenzimmer","status":"publish","type":"page","link":"https:\/\/elbschule.hamburg.de\/?page_id=3250","title":{"rendered":"Teamplayer  &#8211; nicht nur im Stadion, auch im Klassenzimmer"},"content":{"rendered":"<p><div id=\"metaslider-id-3260\" style=\"max-width: 640px; margin: 0 auto;\" class=\"ml-slider-3-108-0 metaslider metaslider-responsive metaslider-3260 ml-slider has-dots-nav ms-theme-default\" role=\"region\" aria-label=\"Teamplayer\" data-height=\"480\" data-width=\"640\">\n    <div id=\"metaslider_container_3260\">\n        <ul id='metaslider_3260' class='rslides'>\n            <li aria-roledescription='slide' aria-labelledby='slide-0'><img loading=\"lazy\" decoding=\"async\" src=\"https:\/\/elbschule.hamburg.de\/wp-content\/uploads\/sites\/127\/2022\/02\/Titelbild--640x480.jpg\" height=\"480\" width=\"640\" alt=\"\" class=\"slider-3260 slide-3261 msDefaultImage\" title=\"Titelbild\" \/><\/li>\n            <li style='display: none;' aria-roledescription='slide' aria-labelledby='slide-1'><img loading=\"lazy\" decoding=\"async\" src=\"https:\/\/elbschule.hamburg.de\/wp-content\/uploads\/sites\/127\/2022\/02\/Teamarbeit.jpg\" height=\"480\" width=\"640\" alt=\"\" class=\"slider-3260 slide-3262 msDefaultImage\" title=\"Teamarbeit\" \/><\/li>\n            <li style='display: none;' aria-roledescription='slide' aria-labelledby='slide-2'><img loading=\"lazy\" decoding=\"async\" src=\"https:\/\/elbschule.hamburg.de\/wp-content\/uploads\/sites\/127\/2022\/02\/echter-HSV-Fan-640x480.jpg\" height=\"480\" width=\"640\" alt=\"\" class=\"slider-3260 slide-3263 msDefaultImage\" title=\"echter HSV Fan\" \/><\/li>\n            <li style='display: none;' aria-roledescription='slide' aria-labelledby='slide-3'><img loading=\"lazy\" decoding=\"async\" src=\"https:\/\/elbschule.hamburg.de\/wp-content\/uploads\/sites\/127\/2022\/02\/Auf-grossem-Fuss-640x480.jpg\" height=\"480\" width=\"640\" alt=\"\" class=\"slider-3260 slide-3264 msDefaultImage\" title=\"Auf gro\u00dfem Fu\u00df\" \/><\/li>\n            <li style='display: none;' aria-roledescription='slide' aria-labelledby='slide-4'><img loading=\"lazy\" decoding=\"async\" src=\"https:\/\/elbschule.hamburg.de\/wp-content\/uploads\/sites\/127\/2022\/02\/Wir-haben-die-Fa\u0308den-in-der-Hand-.jpg\" height=\"480\" width=\"640\" alt=\"\" class=\"slider-3260 slide-3265 msDefaultImage\" title=\"Wir haben die Fa\u0308den in der Hand\" \/><\/li>\n            <li style='display: none;' aria-roledescription='slide' aria-labelledby='slide-5'><img loading=\"lazy\" decoding=\"async\" src=\"https:\/\/elbschule.hamburg.de\/wp-content\/uploads\/sites\/127\/2022\/02\/Auf-der-Tribu\u0308ne.jpg\" height=\"480\" width=\"640\" alt=\"\" class=\"slider-3260 slide-3266 msDefaultImage\" title=\"Auf der Tribu\u0308ne\" \/><\/li>\n        <\/ul>\n        \n    <\/div>\n<\/div><br \/>\nDie Klasse 5c hatte am 1. Februar die M\u00f6glichkeit an dem Projekt \u201eDas Hamburger Weg Klassenzimmer&#8220; der HSV-Stiftung \u201eDer Hamburger Weg\u201c teilzunehmen. Das HSV-Volksparkstadion wurde an diesem Tag zu einem au\u00dfergew\u00f6hnlichen Lernort f\u00fcr die Klasse!<br \/>\nDas Modul \u201eTeamplayer\u201c richtet sich an Sch\u00fclerinnen und Sch\u00fcler des f\u00fcnften und sechsten Jahrgangs, die sich in einer neuen Klassengemeinschaft zusammenfinden. \u201e\u00c4hnlich wie eine professionelle Fu\u00dfballmannschaft, bildet auch eine Klassengemeinschaft ein Team. Ein Team, in dem jedes Mitglied ein St\u00fcck Verantwortung f\u00fcr ein funktionierendes Miteinander tr\u00e4gt. Alle bringen ihre pers\u00f6nlichen St\u00e4rken ein und schaffen es so, dass gemeinsame Ziele erreicht werden k\u00f6nnen. Genau wie beim Fu\u00dfball stehen bei diesem einmaligen Lernerlebnis Grundwerte wie Toleranz, Teamgeist und Fair Play im Mittelpunkt. Spielformen und Gruppenherausforderungen st\u00e4rken die Gemeinschaft und erproben gemeinsames, zielgerichtetes Handeln spielerisch. Durch die Reflexionen im Anschluss an die Spielphasen erfahren und thematisieren die Kinder, wie erfolgreiche Zusammenarbeit gelingen kann. \u201c (https:\/\/www.hsv.de\/bildung\/das-hamburger-weg-klassenzimmer).<br \/>\nZu Beginn wurden gemeinsam mit dem kompetenten P\u00e4dagogen Antworten erarbeitet zu Fragen \u201eWas zeichnet ein erfolgreiches Team aus? Welche Verantwortung tragen Einzelne? Was w\u00fcnschen sich die Kinder f\u00fcr ihre Klasse?\u201c<br \/>\nNach einer ausgewogenen Mittagsmahlzeit ging es Richtung Trib\u00fcne, um dort eine Herausforderung als Gruppe zu bew\u00e4ltigen: Alle hatten \u201adie F\u00e4den in der Hand\u2018, um einen Turm zu bauen. Sie schafften es bis zum letzten Klotz, da fiel er um!<br \/>\nF\u00fcr Bewegung wurde auch gesorgt: Es durfte Fu\u00dfball gespielt werden! Sie gaben alles -trotz Maske- und zeigten durchgehend Fair Play.<br \/>\nDann kam f\u00fcr einige der H\u00f6hepunkt: eine F\u00fchrung durch das HSV-Stadion!  Diejenigen, die noch nie in einem Stadion gewesen waren, fanden es sehr beeindruckend.<br \/>\nWas sie mitgenommen haben aus diesem Projekt?<br \/>\n\u201eDass Respekt, anfeuern, Vertrauen und Ehrlichkeit wichtig sind f\u00fcr ein Team.\u201c (Emily)<br \/>\n\u201eZusammenhalten ist wichtig f\u00fcr die Klasse\u201c (Oskar)<br \/>\n \u201eStreit verhindert Teamplay\u201c (Julius) \u201eals Team braucht man Regeln, damit es keine Streitigkeiten gibt. (David)<br \/>\n\u201eIch habe noch mal gemerkt, wie toll unsere Klassengemeinschaft ist.\u201c (Marie) \u201eIch fand es sehr wichtig, dass wir alle zusammen Spa\u00df hatten und keiner ausgeschlossen wurde. Schlie\u00dflich sind wir ein Team!\u201c (Tom).<br \/>\nMit Idas Worten: \u201eDas war ein sehr sch\u00f6ner Ausflug und ein tolles Erlebnis: Wir haben als Klasse zusammengehalten.\u201c<br \/>\n\t\t\t\t\t\t\t\tKatharina von Puttkamer<\/p>\n","protected":false},"excerpt":{"rendered":"<p>Die Klasse 5c hatte am 1. Februar die M\u00f6glichkeit an dem Projekt \u201eDas Hamburger Weg Klassenzimmer&#8220; der HSV-Stiftung \u201eDer Hamburger Weg\u201c teilzunehmen. Das HSV-Volksparkstadion wurde an diesem Tag zu einem au\u00dfergew\u00f6hnlichen Lernort f\u00fcr die Klasse! Das Modul \u201eTeamplayer\u201c richtet sich an Sch\u00fclerinnen und Sch\u00fcler des f\u00fcnften und sechsten Jahrgangs, die sich in einer neuen Klassengemeinschaft &hellip; <a href=\"https:\/\/elbschule.hamburg.de\/?page_id=3250\" class=\"more-link\"><span class=\"screen-reader-text\">Teamplayer  &#8211; nicht nur im Stadion, auch im Klassenzimmer<\/span> weiterlesen <span class=\"meta-nav\">&rarr;<\/span><\/a><\/p>\n","protected":false},"author":207,"featured_media":0,"parent":0,"menu_order":0,"comment_status":"closed","ping_status":"closed","template":"","meta":{"_acf_changed":false,"footnotes":""},"class_list":["post-3250","page","type-page","status-publish","hentry"],"acf":[],"_links":{"self":[{"href":"https:\/\/elbschule.hamburg.de\/index.php?rest_route=\/wp\/v2\/pages\/3250","targetHints":{"allow":["GET"]}}],"collection":[{"href":"https:\/\/elbschule.hamburg.de\/index.php?rest_route=\/wp\/v2\/pages"}],"about":[{"href":"https:\/\/elbschule.hamburg.de\/index.php?rest_route=\/wp\/v2\/types\/page"}],"author":[{"embeddable":true,"href":"https:\/\/elbschule.hamburg.de\/index.php?rest_route=\/wp\/v2\/users\/207"}],"replies":[{"embeddable":true,"href":"https:\/\/elbschule.hamburg.de\/index.php?rest_route=%2Fwp%2Fv2%2Fcomments&post=3250"}],"version-history":[{"count":3,"href":"https:\/\/elbschule.hamburg.de\/index.php?rest_route=\/wp\/v2\/pages\/3250\/revisions"}],"predecessor-version":[{"id":3269,"href":"https:\/\/elbschule.hamburg.de\/index.php?rest_route=\/wp\/v2\/pages\/3250\/revisions\/3269"}],"wp:attachment":[{"href":"https:\/\/elbschule.hamburg.de\/index.php?rest_route=%2Fwp%2Fv2%2Fmedia&parent=3250"}],"curies":[{"name":"wp","href":"https:\/\/api.w.org\/{rel}","templated":true}]}}