{"id":3129,"date":"2021-10-20T10:44:27","date_gmt":"2021-10-20T10:44:27","guid":{"rendered":"https:\/\/elbschule.hamburg.de\/?page_id=3129"},"modified":"2021-10-20T10:44:35","modified_gmt":"2021-10-20T10:44:35","slug":"es-gibt-neu-ausgebildete-streitschlichter-an-der-elbschule","status":"publish","type":"page","link":"https:\/\/elbschule.hamburg.de\/?page_id=3129","title":{"rendered":"Es gibt neu ausgebildete Streitschlichter an der Elbschule!"},"content":{"rendered":"<p><a href=\"https:\/\/elbschule.hamburg.de\/wp-content\/uploads\/sites\/127\/2021\/10\/3.jpg\" data-rel=\"lightbox\" data-rl_title=\"\" data-rl_caption=\"\" title=\"\"><img loading=\"lazy\" decoding=\"async\" class=\"alignleft size-medium wp-image-3127\" src=\"https:\/\/elbschule.hamburg.de\/wp-content\/uploads\/sites\/127\/2021\/10\/3-225x300.jpg\" alt=\"\" width=\"225\" height=\"300\" srcset=\"https:\/\/elbschule.hamburg.de\/wp-content\/uploads\/sites\/127\/2021\/10\/3-225x300.jpg 225w, https:\/\/elbschule.hamburg.de\/wp-content\/uploads\/sites\/127\/2021\/10\/3.jpg 480w\" sizes=\"auto, (max-width: 225px) 100vw, 225px\" \/><\/a>Vom 10.-13.September fand in Scharbeutz der Abschluss der Streitschlichterausbildung statt. Sechzehn Sch\u00fcler*innen nahmen daran teil und verlebten ein sch\u00f6nes Wochenende mit Spiel, Spa\u00df, Strand und \u2026 Streitschlichtung.<br \/>\nDie Ausbildung findet in der Regel in einem einj\u00e4hrigen Neigungskurs statt, doch dieses Mal verliefen die Ausbildungsdauer und der Rahmen durch die Coronabeschr\u00e4nkungen anders als sonst. Die eine Gruppe besuchte ein halbes Jahr den Neigungskurs und hatte zweimal drei Kompakttage in Scharbeutz f\u00fcr die Ausbildung zur Verf\u00fcgung, die andere einen ganzj\u00e4hrigen Kurs in der Schule.<a href=\"https:\/\/elbschule.hamburg.de\/wp-content\/uploads\/sites\/127\/2021\/10\/1.jpg\" data-rel=\"lightbox\" data-rl_title=\"\" data-rl_caption=\"\" title=\"\"><img loading=\"lazy\" decoding=\"async\" class=\"alignright size-medium wp-image-3125\" src=\"https:\/\/elbschule.hamburg.de\/wp-content\/uploads\/sites\/127\/2021\/10\/1-300x225.jpg\" alt=\"\" width=\"300\" height=\"225\" srcset=\"https:\/\/elbschule.hamburg.de\/wp-content\/uploads\/sites\/127\/2021\/10\/1-300x225.jpg 300w, https:\/\/elbschule.hamburg.de\/wp-content\/uploads\/sites\/127\/2021\/10\/1.jpg 640w\" sizes=\"auto, (max-width: 300px) 100vw, 300px\" \/><\/a><\/p>\n<p>Alle sechzehn Sch\u00fcler*innen entschieden sich, die Pr\u00fcfung zu absolvieren und schafften sie erfolgreich. \u201eDas Prinzip der Freiwilligkeit ist ganz entscheidend bei der Streitschlichtung\u201c, so die Ausbilderin Frau Schmidt de Cavallos.<br \/>\n\u201eAm Sonntag war Pr\u00fcfungstag. Morgens nach dem Fr\u00fchst\u00fcck ging es los. Es gab vier verschiedene Gruppen mit jeweils vier Leuten. Zwei, die \u201estreiten\u201c und zwei, die schlichten. Frau Witte und Frau de Homont sind extra als Jury gekommen. Wir haben Streit geschlichtet und Fragen beantwortet. Wir waren alle sehr aufgeregt, doch alle haben bestanden!\u201c, berichtet Paula.<\/p>\n<p><a href=\"https:\/\/elbschule.hamburg.de\/wp-content\/uploads\/sites\/127\/2021\/10\/2.jpg\" data-rel=\"lightbox\" data-rl_title=\"\" data-rl_caption=\"\" title=\"\"><img loading=\"lazy\" decoding=\"async\" class=\"alignright size-medium wp-image-3126\" src=\"https:\/\/elbschule.hamburg.de\/wp-content\/uploads\/sites\/127\/2021\/10\/2-300x225.jpg\" alt=\"\" width=\"300\" height=\"225\" srcset=\"https:\/\/elbschule.hamburg.de\/wp-content\/uploads\/sites\/127\/2021\/10\/2-300x225.jpg 300w, https:\/\/elbschule.hamburg.de\/wp-content\/uploads\/sites\/127\/2021\/10\/2.jpg 640w\" sizes=\"auto, (max-width: 300px) 100vw, 300px\" \/><\/a>\u201eNachmittags hatten wir dann frei. Weil das Wetter sch\u00f6n war, waren wir am Strand und haben Hasan eingebuddelt. Und am Abend haben wir dann eine Nachtwanderung gemacht. Das war sehr toll!\u201c, erz\u00e4hlt Lenja.<br \/>\nFolgende Angebote, die die Streitschlichter in Zukunft den Mitsch\u00fcler*innen machen werden, sind t\u00e4gliche Sprechstunden f\u00fcr Streitschlichtung, Pausenangebote f\u00fcr j\u00fcngere Klassen (Kooperationsspiele) und die Gestaltung eines Werbefilms f\u00fcr die Streitschlichtung, um \u00fcber ihre T\u00e4tigkeiten zu informieren.<\/p>\n<p><a href=\"https:\/\/elbschule.hamburg.de\/wp-content\/uploads\/sites\/127\/2021\/10\/4.jpg\" data-rel=\"lightbox\" data-rl_title=\"\" data-rl_caption=\"\" title=\"\"><img loading=\"lazy\" decoding=\"async\" class=\"alignright size-full wp-image-3128\" src=\"https:\/\/elbschule.hamburg.de\/wp-content\/uploads\/sites\/127\/2021\/10\/4.jpg\" alt=\"\" width=\"640\" height=\"480\" srcset=\"https:\/\/elbschule.hamburg.de\/wp-content\/uploads\/sites\/127\/2021\/10\/4.jpg 640w, https:\/\/elbschule.hamburg.de\/wp-content\/uploads\/sites\/127\/2021\/10\/4-300x225.jpg 300w\" sizes=\"auto, (max-width: 640px) 100vw, 640px\" \/><\/a><br \/>\nHerzlichen Gl\u00fcckwunsch den gepr\u00fcften Streitschlichtern und viel Erfolg f\u00fcr ihre Arbeit an der Elbschule!<br \/>\nKatharina von Puttkamer<\/p>\n","protected":false},"excerpt":{"rendered":"<p>Vom 10.-13.September fand in Scharbeutz der Abschluss der Streitschlichterausbildung statt. Sechzehn Sch\u00fcler*innen nahmen daran teil und verlebten ein sch\u00f6nes Wochenende mit Spiel, Spa\u00df, Strand und \u2026 Streitschlichtung. Die Ausbildung findet in der Regel in einem einj\u00e4hrigen Neigungskurs statt, doch dieses Mal verliefen die Ausbildungsdauer und der Rahmen durch die Coronabeschr\u00e4nkungen anders als sonst. Die eine &hellip; <a href=\"https:\/\/elbschule.hamburg.de\/?page_id=3129\" class=\"more-link\"><span class=\"screen-reader-text\">Es gibt neu ausgebildete Streitschlichter an der Elbschule!<\/span> weiterlesen <span class=\"meta-nav\">&rarr;<\/span><\/a><\/p>\n","protected":false},"author":207,"featured_media":0,"parent":0,"menu_order":0,"comment_status":"closed","ping_status":"closed","template":"","meta":{"_acf_changed":false,"footnotes":""},"class_list":["post-3129","page","type-page","status-publish","hentry"],"acf":[],"_links":{"self":[{"href":"https:\/\/elbschule.hamburg.de\/index.php?rest_route=\/wp\/v2\/pages\/3129","targetHints":{"allow":["GET"]}}],"collection":[{"href":"https:\/\/elbschule.hamburg.de\/index.php?rest_route=\/wp\/v2\/pages"}],"about":[{"href":"https:\/\/elbschule.hamburg.de\/index.php?rest_route=\/wp\/v2\/types\/page"}],"author":[{"embeddable":true,"href":"https:\/\/elbschule.hamburg.de\/index.php?rest_route=\/wp\/v2\/users\/207"}],"replies":[{"embeddable":true,"href":"https:\/\/elbschule.hamburg.de\/index.php?rest_route=%2Fwp%2Fv2%2Fcomments&post=3129"}],"version-history":[{"count":3,"href":"https:\/\/elbschule.hamburg.de\/index.php?rest_route=\/wp\/v2\/pages\/3129\/revisions"}],"predecessor-version":[{"id":3132,"href":"https:\/\/elbschule.hamburg.de\/index.php?rest_route=\/wp\/v2\/pages\/3129\/revisions\/3132"}],"wp:attachment":[{"href":"https:\/\/elbschule.hamburg.de\/index.php?rest_route=%2Fwp%2Fv2%2Fmedia&parent=3129"}],"curies":[{"name":"wp","href":"https:\/\/api.w.org\/{rel}","templated":true}]}}