{"id":3078,"date":"2021-08-20T13:46:53","date_gmt":"2021-08-20T13:46:53","guid":{"rendered":"https:\/\/elbschule.hamburg.de\/?page_id=3078"},"modified":"2021-08-20T13:46:53","modified_gmt":"2021-08-20T13:46:53","slug":"tweety-ein-kanarienvogel-auf-abwegen","status":"publish","type":"page","link":"https:\/\/elbschule.hamburg.de\/?page_id=3078","title":{"rendered":"Tweety \u2013 Ein Kanarienvogel auf Abwegen"},"content":{"rendered":"<p><strong>Eine Rettungsaktion aus Sicht des Schulhausmeisters Mirco Kossmann<\/strong><\/p>\n<p><a href=\"https:\/\/elbschule.hamburg.de\/wp-content\/uploads\/sites\/127\/2021\/08\/Bild-1.jpg\" data-rel=\"lightbox\" data-rl_title=\"\" data-rl_caption=\"\" title=\"\"><img loading=\"lazy\" decoding=\"async\" class=\"wp-image-3072 size-medium alignleft\" src=\"https:\/\/elbschule.hamburg.de\/wp-content\/uploads\/sites\/127\/2021\/08\/Bild-1-300x300.jpg\" alt=\"\" width=\"300\" height=\"300\" srcset=\"https:\/\/elbschule.hamburg.de\/wp-content\/uploads\/sites\/127\/2021\/08\/Bild-1-300x300.jpg 300w, https:\/\/elbschule.hamburg.de\/wp-content\/uploads\/sites\/127\/2021\/08\/Bild-1-1024x1024.jpg 1024w, https:\/\/elbschule.hamburg.de\/wp-content\/uploads\/sites\/127\/2021\/08\/Bild-1-150x150.jpg 150w, https:\/\/elbschule.hamburg.de\/wp-content\/uploads\/sites\/127\/2021\/08\/Bild-1-768x768.jpg 768w, https:\/\/elbschule.hamburg.de\/wp-content\/uploads\/sites\/127\/2021\/08\/Bild-1.jpg 1440w\" sizes=\"auto, (max-width: 300px) 100vw, 300px\" \/><\/a>\u201eVogel\u201c und \u201eBus\u201c- die beiden einzigen Geb\u00e4rden, die ich verstand, als drei aufgebrachte Sch\u00fcler\/innen kurz vor den Sommerferien, p\u00fcnktlich zur Abholzeit durch die Schulbusse, vor mir standen und wild durcheinander geb\u00e4rdeten und riefen. \u201eOh nein, nicht schon wieder so ein traumatisierendes Erlebnis wie mit der abgest\u00fcrzten Taube heute Vormittag vor der Sporthalle\u201c, dachte ich und wollte mir schon eine Schaufel greifen.<\/p>\n<p>&nbsp;<\/p>\n<p>Drau\u00dfen auf der Busspur erwartete mich aber ein v\u00f6llig anderes <a href=\"https:\/\/elbschule.hamburg.de\/wp-content\/uploads\/sites\/127\/2021\/08\/Bild-2.jpg\" data-rel=\"lightbox\" data-rl_title=\"\" data-rl_caption=\"\" title=\"\"><img loading=\"lazy\" decoding=\"async\" class=\"size-medium wp-image-3073 alignright\" src=\"https:\/\/elbschule.hamburg.de\/wp-content\/uploads\/sites\/127\/2021\/08\/Bild-2-300x300.jpg\" alt=\"\" width=\"300\" height=\"300\" srcset=\"https:\/\/elbschule.hamburg.de\/wp-content\/uploads\/sites\/127\/2021\/08\/Bild-2-300x300.jpg 300w, https:\/\/elbschule.hamburg.de\/wp-content\/uploads\/sites\/127\/2021\/08\/Bild-2-1024x1024.jpg 1024w, https:\/\/elbschule.hamburg.de\/wp-content\/uploads\/sites\/127\/2021\/08\/Bild-2-150x150.jpg 150w, https:\/\/elbschule.hamburg.de\/wp-content\/uploads\/sites\/127\/2021\/08\/Bild-2-768x768.jpg 768w, https:\/\/elbschule.hamburg.de\/wp-content\/uploads\/sites\/127\/2021\/08\/Bild-2.jpg 1440w\" sizes=\"auto, (max-width: 300px) 100vw, 300px\" \/><\/a>Bild: Die Busse hatten eine lange Schlange gebildet und konnten nicht abfahren, weil vor dem ersten Bus ein quietschgelber Kanarienvogel sa\u00df, und gen\u00fcsslich Brotkr\u00fcmel aufpickte, die einer der Busfahrer ihm bereits hingestreut hatte. N\u00e4herte man sich dem Vogel, h\u00fcpfte er schnell unter das Auto. An Abfahrt war hier nicht zu denken. Also schnell zwei Kartons geholt. Einen gro\u00dfen, unter dem wir, begleitet vom lauten Gejohle der umstehenden Kinder und Busfahrer, den kleinen Kerl einfingen, und einen kleinen durchl\u00f6cherten Maskenkarton <strong>(Bild 1),<\/strong> in dem er dann transportiert werden konnte. Busfahrer Marko erkl\u00e4rte sich spontan bereit, ihn mit zu sich nach Hause zu nehmen. Dort bastelte er gleich einen Vogelk\u00e4fig <strong>(Bild 2)<\/strong> aus Karton und Folie, in dem der Kanarienvogel sich so wohl f\u00fchlte, dass er am n\u00e4chsten Morgen zu singen anfing.<\/p>\n<p><a href=\"https:\/\/elbschule.hamburg.de\/wp-content\/uploads\/sites\/127\/2021\/08\/Bild-3.jpg\" data-rel=\"lightbox\" data-rl_title=\"\" data-rl_caption=\"\" title=\"\"><img loading=\"lazy\" decoding=\"async\" class=\"alignleft size-medium wp-image-3074\" src=\"https:\/\/elbschule.hamburg.de\/wp-content\/uploads\/sites\/127\/2021\/08\/Bild-3-300x300.jpg\" alt=\"\" width=\"300\" height=\"300\" srcset=\"https:\/\/elbschule.hamburg.de\/wp-content\/uploads\/sites\/127\/2021\/08\/Bild-3-300x300.jpg 300w, https:\/\/elbschule.hamburg.de\/wp-content\/uploads\/sites\/127\/2021\/08\/Bild-3-1024x1024.jpg 1024w, https:\/\/elbschule.hamburg.de\/wp-content\/uploads\/sites\/127\/2021\/08\/Bild-3-150x150.jpg 150w, https:\/\/elbschule.hamburg.de\/wp-content\/uploads\/sites\/127\/2021\/08\/Bild-3-768x768.jpg 768w, https:\/\/elbschule.hamburg.de\/wp-content\/uploads\/sites\/127\/2021\/08\/Bild-3.jpg 1440w\" sizes=\"auto, (max-width: 300px) 100vw, 300px\" \/><\/a>Markos Freundin ging am gleichen Tag in den Zooladen, um f\u00fcr <strong>Tweety<\/strong>, so hie\u00df der Vogel seit dieser ersten Gesangsvorstellung, Futter zu besorgen. Im Zooladen erz\u00e4hlte sie Tweetys Geschichte. Einer \u00e4lteren Dame gefiel die Geschichte so gut, dass sie nur kurze Zeit sp\u00e4ter zur\u00fcckkam und einen gro\u00dfen K\u00e4fig <strong>(Bild 3)<\/strong> f\u00fcr Tweety mitbrachte. Sie hatte fr\u00fcher selbst Kanarienv\u00f6gel gehalten und den K\u00e4fig noch aufbewahrt. Nun hatte Tweety sogar ein sch\u00f6nes Zuhause und leckeres Futter.<\/p>\n<p>&nbsp;<\/p>\n<p>W\u00e4hrenddessen h\u00e4ngte ich in der Umgebung der Schule Zettel auf in der Hoffnung, so vielleicht Tweetys Besitzer zu finden: \u201eKanarienvogel zugeflogen\u201c Denn eines war klar: Marko w\u00fcrde den Vogel leider nicht behalten k\u00f6nnen. Tagelang gab es keine Antwort. Doch am Wochenende rief eine Frau aus Lurup an und sagte, Tweety k\u00f6nne durchaus ihr geh\u00f6ren. Einer ihrer 22 (!) Kanarienv\u00f6gel sei schon Anfang Mai entflogen.<\/p>\n<p>Schnell wurde f\u00fcr die kommende Woche eine \u00dcbergabe verabredet. <a href=\"https:\/\/elbschule.hamburg.de\/wp-content\/uploads\/sites\/127\/2021\/08\/Bild-4.jpg\" data-rel=\"lightbox\" data-rl_title=\"\" data-rl_caption=\"\" title=\"\"><img loading=\"lazy\" decoding=\"async\" class=\"size-medium wp-image-3077 alignright\" src=\"https:\/\/elbschule.hamburg.de\/wp-content\/uploads\/sites\/127\/2021\/08\/Bild-4-225x300.jpg\" alt=\"\" width=\"225\" height=\"300\" srcset=\"https:\/\/elbschule.hamburg.de\/wp-content\/uploads\/sites\/127\/2021\/08\/Bild-4-225x300.jpg 225w, https:\/\/elbschule.hamburg.de\/wp-content\/uploads\/sites\/127\/2021\/08\/Bild-4-768x1024.jpg 768w, https:\/\/elbschule.hamburg.de\/wp-content\/uploads\/sites\/127\/2021\/08\/Bild-4-1152x1536.jpg 1152w, https:\/\/elbschule.hamburg.de\/wp-content\/uploads\/sites\/127\/2021\/08\/Bild-4.jpg 1512w\" sizes=\"auto, (max-width: 225px) 100vw, 225px\" \/><\/a>Und das wurde auch Zeit, denn je l\u00e4nger Tweety bei Marko war, umso wohler f\u00fchlte er sich, was er durch immer lauteres und h\u00e4ufigeres Singen ausdr\u00fcckte. So laut und sch\u00f6n, dass sich der Hund bellend in der hintersten Ecke der Wohnung versteckte. Ich hielt das f\u00fcr etwas \u00fcbertrieben. So ein kleiner Vogel\u2026 so schlimm konnte das doch nicht sein. F\u00fcr Dienstagnachmittag war die \u00dcbergabe verabredet und Marko hatte mich gebeten, vormittags auf Tweety aufzupassen. Also verbrachte er den Tag in meinem B\u00fcro <strong>(Bild 4).<\/strong> Kaum hatte er sich an die neue Umgebung gew\u00f6hnt, fing er auch an zu singen. Erst vorsichtig und zaghaft. Dann schon etwas lauter. Beeindruckend, wie viele verschiedene T\u00f6ne Kanarienv\u00f6gel singen k\u00f6nnen. Innerhalb k\u00fcrzester Zeit wurde der Gesang allerdings so laut, dass Frau Metzendorf ihn klar und deutlich in ihrem weit entfernten B\u00fcro h\u00f6ren konnte, obwohl meine und ihre T\u00fcr geschlossen waren. Je l\u00e4nger Tweety in meinem B\u00fcro war, desto besser konnte ich verstehen, dass niemand diesen Vogel dauerhaft in seiner Wohnung behalten kann. So einen Schreihals hatte ich bisher noch nie erlebt. Der h\u00f6rte gar nicht mehr auf.<\/p>\n<p>Am Nachmittag fand dann die \u00dcbergabe statt: Wie sich <a href=\"https:\/\/elbschule.hamburg.de\/wp-content\/uploads\/sites\/127\/2021\/08\/Bild-5.jpg\" data-rel=\"lightbox\" data-rl_title=\"\" data-rl_caption=\"\" title=\"\"><img loading=\"lazy\" decoding=\"async\" class=\"size-medium wp-image-3075 alignright\" src=\"https:\/\/elbschule.hamburg.de\/wp-content\/uploads\/sites\/127\/2021\/08\/Bild-5-225x300.jpg\" alt=\"\" width=\"225\" height=\"300\" srcset=\"https:\/\/elbschule.hamburg.de\/wp-content\/uploads\/sites\/127\/2021\/08\/Bild-5-225x300.jpg 225w, https:\/\/elbschule.hamburg.de\/wp-content\/uploads\/sites\/127\/2021\/08\/Bild-5-768x1023.jpg 768w, https:\/\/elbschule.hamburg.de\/wp-content\/uploads\/sites\/127\/2021\/08\/Bild-5-1153x1536.jpg 1153w, https:\/\/elbschule.hamburg.de\/wp-content\/uploads\/sites\/127\/2021\/08\/Bild-5.jpg 1200w\" sizes=\"auto, (max-width: 225px) 100vw, 225px\" \/><\/a>herausstellte, geh\u00f6rte Tweety gar nicht der Frau aus Lurup. Allerdings sagte sie, dass es nun auf einen Piepser mehr oder weniger auch nicht mehr ank\u00e4me, und so durfte Tweety bei ihr einziehen.<\/p>\n<p>Jetzt lebt er in Lurup mit 21 Kanarienvogelkumpels in einer riesigen Voli\u00e8re <strong>(Bild 5)<\/strong> und darf von morgens bis abends nach Herzenslust singen und schreien und geht damit h\u00f6chstens den Nachbarn oder seinen Kumpels auf die Nerven <strong>(Bild 6).<\/strong><\/p>\n<p>&nbsp;<\/p>\n<p><a href=\"https:\/\/elbschule.hamburg.de\/wp-content\/uploads\/sites\/127\/2021\/08\/Bild-6.jpg\" data-rel=\"lightbox\" data-rl_title=\"\" data-rl_caption=\"\" title=\"\"><img loading=\"lazy\" decoding=\"async\" class=\"alignleft size-medium wp-image-3076\" src=\"https:\/\/elbschule.hamburg.de\/wp-content\/uploads\/sites\/127\/2021\/08\/Bild-6-225x300.jpg\" alt=\"\" width=\"225\" height=\"300\" srcset=\"https:\/\/elbschule.hamburg.de\/wp-content\/uploads\/sites\/127\/2021\/08\/Bild-6-225x300.jpg 225w, https:\/\/elbschule.hamburg.de\/wp-content\/uploads\/sites\/127\/2021\/08\/Bild-6-768x1023.jpg 768w, https:\/\/elbschule.hamburg.de\/wp-content\/uploads\/sites\/127\/2021\/08\/Bild-6-1153x1536.jpg 1153w, https:\/\/elbschule.hamburg.de\/wp-content\/uploads\/sites\/127\/2021\/08\/Bild-6.jpg 1200w\" sizes=\"auto, (max-width: 225px) 100vw, 225px\" \/><\/a><\/p>\n<p>Ende gut \u2013 alles gut!<\/p>\n<p>Fotos: privat<\/p>\n","protected":false},"excerpt":{"rendered":"<p>Eine Rettungsaktion aus Sicht des Schulhausmeisters Mirco Kossmann \u201eVogel\u201c und \u201eBus\u201c- die beiden einzigen Geb\u00e4rden, die ich verstand, als drei aufgebrachte Sch\u00fcler\/innen kurz vor den Sommerferien, p\u00fcnktlich zur Abholzeit durch die Schulbusse, vor mir standen und wild durcheinander geb\u00e4rdeten und riefen. \u201eOh nein, nicht schon wieder so ein traumatisierendes Erlebnis wie mit der abgest\u00fcrzten Taube &hellip; <a href=\"https:\/\/elbschule.hamburg.de\/?page_id=3078\" class=\"more-link\"><span class=\"screen-reader-text\">Tweety \u2013 Ein Kanarienvogel auf Abwegen<\/span> weiterlesen <span class=\"meta-nav\">&rarr;<\/span><\/a><\/p>\n","protected":false},"author":207,"featured_media":0,"parent":0,"menu_order":0,"comment_status":"closed","ping_status":"closed","template":"","meta":{"_acf_changed":false,"footnotes":""},"class_list":["post-3078","page","type-page","status-publish","hentry"],"acf":[],"_links":{"self":[{"href":"https:\/\/elbschule.hamburg.de\/index.php?rest_route=\/wp\/v2\/pages\/3078","targetHints":{"allow":["GET"]}}],"collection":[{"href":"https:\/\/elbschule.hamburg.de\/index.php?rest_route=\/wp\/v2\/pages"}],"about":[{"href":"https:\/\/elbschule.hamburg.de\/index.php?rest_route=\/wp\/v2\/types\/page"}],"author":[{"embeddable":true,"href":"https:\/\/elbschule.hamburg.de\/index.php?rest_route=\/wp\/v2\/users\/207"}],"replies":[{"embeddable":true,"href":"https:\/\/elbschule.hamburg.de\/index.php?rest_route=%2Fwp%2Fv2%2Fcomments&post=3078"}],"version-history":[{"count":16,"href":"https:\/\/elbschule.hamburg.de\/index.php?rest_route=\/wp\/v2\/pages\/3078\/revisions"}],"predecessor-version":[{"id":3094,"href":"https:\/\/elbschule.hamburg.de\/index.php?rest_route=\/wp\/v2\/pages\/3078\/revisions\/3094"}],"wp:attachment":[{"href":"https:\/\/elbschule.hamburg.de\/index.php?rest_route=%2Fwp%2Fv2%2Fmedia&parent=3078"}],"curies":[{"name":"wp","href":"https:\/\/api.w.org\/{rel}","templated":true}]}}