{"id":2571,"date":"2020-04-16T14:25:28","date_gmt":"2020-04-16T14:25:28","guid":{"rendered":"https:\/\/elbschule.hamburg.de\/?page_id=2571"},"modified":"2020-04-17T12:26:55","modified_gmt":"2020-04-17T12:26:55","slug":"kreativraum-ausstellung-muell-und-reststoffe-als-kreative-rohstoffe","status":"publish","type":"page","link":"https:\/\/elbschule.hamburg.de\/?page_id=2571","title":{"rendered":"M\u00fcll und Reststoffe als kreative Rohstoffe"},"content":{"rendered":"<div id=\"metaslider-id-2556\" style=\"max-width: 640px; margin: 0 auto;\" class=\"ml-slider-3-107-0 metaslider metaslider-coin metaslider-2556 ml-slider has-dots-nav ms-theme-cubic\" role=\"region\" aria-label=\"Modeprojekt\" data-height=\"480\" data-width=\"640\">\n    <div id=\"metaslider_container_2556\">\n        <div id='metaslider_2556' class='coin-slider'>\n<a href=\"javascript:void(0)\" target=\"_self\"><img loading=\"lazy\" decoding=\"async\" src=\"https:\/\/elbschule.hamburg.de\/wp-content\/uploads\/sites\/127\/2020\/04\/Foto-24.02.20-07-59-04-640x480.jpg\" height=\"480\" width=\"640\" alt=\"\" class=\"slider-2556 slide-2563 msDefaultImage\" title=\"Modeprojekt\" style=\"display: none;\" \/><\/a>\n<a href=\"javascript:void(0)\" target=\"_self\"><img loading=\"lazy\" decoding=\"async\" src=\"https:\/\/elbschule.hamburg.de\/wp-content\/uploads\/sites\/127\/2020\/04\/f7208b3d-7e93-4a81-9194-2225f748dc18-640x480.jpg\" height=\"480\" width=\"640\" alt=\"\" class=\"slider-2556 slide-2565 msDefaultImage\" title=\"Modeprojekt\" style=\"display: none;\" \/><\/a>\n<a href=\"javascript:void(0)\" target=\"_self\"><img loading=\"lazy\" decoding=\"async\" src=\"https:\/\/elbschule.hamburg.de\/wp-content\/uploads\/sites\/127\/2020\/04\/b384b29b-fcd5-4c00-9df4-5b6de342f0e8-640x480.jpg\" height=\"480\" width=\"640\" alt=\"\" class=\"slider-2556 slide-2566 msDefaultImage\" title=\"Modeprojekt\" style=\"display: none;\" \/><\/a>\n<a href=\"javascript:void(0)\" target=\"_self\"><img loading=\"lazy\" decoding=\"async\" src=\"https:\/\/elbschule.hamburg.de\/wp-content\/uploads\/sites\/127\/2020\/04\/620d352c-3a4a-4f80-a73e-e8618c45d6e7-640x480.jpg\" height=\"480\" width=\"640\" alt=\"\" class=\"slider-2556 slide-2567 msDefaultImage\" title=\"Modeprojekt\" style=\"display: none;\" \/><\/a>\n<a href=\"javascript:void(0)\" target=\"_self\"><img loading=\"lazy\" decoding=\"async\" src=\"https:\/\/elbschule.hamburg.de\/wp-content\/uploads\/sites\/127\/2020\/04\/20a4114d-5a7c-4cdb-af1e-cada9c611c9c-640x480.jpg\" height=\"480\" width=\"640\" alt=\"\" class=\"slider-2556 slide-2568 msDefaultImage\" title=\"Modeprojekt\" style=\"display: none;\" \/><\/a>\n<a href=\"javascript:void(0)\" target=\"_self\"><img loading=\"lazy\" decoding=\"async\" src=\"https:\/\/elbschule.hamburg.de\/wp-content\/uploads\/sites\/127\/2020\/04\/6e646f3b-4c7b-48f3-ab1a-5fb45d991acd-640x480.jpg\" height=\"480\" width=\"640\" alt=\"\" class=\"slider-2556 slide-2569 msDefaultImage\" title=\"Modeprojekt\" style=\"display: none;\" \/><\/a>\n<a href=\"javascript:void(0)\" target=\"_self\"><img loading=\"lazy\" decoding=\"async\" src=\"https:\/\/elbschule.hamburg.de\/wp-content\/uploads\/sites\/127\/2020\/04\/0d3839be-ed4a-4d7a-9d0c-b288ecae99f1-640x480.jpg\" height=\"480\" width=\"640\" alt=\"\" class=\"slider-2556 slide-2570 msDefaultImage\" title=\"Modeprojekt\" style=\"display: none;\" \/><\/a>\n        <\/div>\n        \n    <\/div>\n<\/div>\n<p>Das Thema des Projektsunterricht und der Ausstellung war \u201eUpcycling &#8211; M\u00fcll und Reststoffe als kreative Rohstoffe\u201c. Beim Upcycling werden Dinge aufgewertet. So entsteht meist ein neuer Verwendungszweck. Anders als beim Recycling werden die Dinge nicht in ihre Grundbestandteile zerlegt \u2013 sie werden nicht wiederverwertet, sondern aufgewertet.<\/p>\n<p><code class=\"rl-shortcode\"><div class=\"rl-gallery-container rl-loading\" id=\"rl-gallery-container-1\" data-gallery_id=\"2573\"> <div class=\"rl-gallery rl-basicgrid-gallery \" id=\"rl-gallery-1\" data-gallery_no=\"1\"> <div class=\"rl-gallery-item\"><a href=\"https:\/\/elbschule.hamburg.de\/wp-content\/uploads\/sites\/127\/2020\/04\/f141d3c9-f334-411d-8fbd-e5c29dc3f128.jpg\" title=\"\" data-rl_title=\"\" class=\"rl-gallery-link\" data-rl_caption=\"\" data-rel=\"lightbox-gallery-1\"><img loading=\"lazy\" decoding=\"async\" src=\"https:\/\/elbschule.hamburg.de\/wp-content\/uploads\/sites\/127\/2020\/04\/f141d3c9-f334-411d-8fbd-e5c29dc3f128-300x225.jpg\" width=\"300\" height=\"225\" alt=\"\" \/><\/a><\/div><div class=\"rl-gallery-item\"><a href=\"https:\/\/elbschule.hamburg.de\/wp-content\/uploads\/sites\/127\/2020\/04\/d95c90a5-cdd8-49ba-b676-4301879bd90e.jpg\" title=\"\" data-rl_title=\"\" class=\"rl-gallery-link\" data-rl_caption=\"\" data-rel=\"lightbox-gallery-1\"><img loading=\"lazy\" decoding=\"async\" src=\"https:\/\/elbschule.hamburg.de\/wp-content\/uploads\/sites\/127\/2020\/04\/d95c90a5-cdd8-49ba-b676-4301879bd90e-300x225.jpg\" width=\"300\" height=\"225\" alt=\"\" \/><\/a><\/div><div class=\"rl-gallery-item\"><a href=\"https:\/\/elbschule.hamburg.de\/wp-content\/uploads\/sites\/127\/2020\/04\/568812ef-944a-45bc-94c2-81c307a58a5a.jpg\" title=\"\" data-rl_title=\"\" class=\"rl-gallery-link\" data-rl_caption=\"\" data-rel=\"lightbox-gallery-1\"><img loading=\"lazy\" decoding=\"async\" src=\"https:\/\/elbschule.hamburg.de\/wp-content\/uploads\/sites\/127\/2020\/04\/568812ef-944a-45bc-94c2-81c307a58a5a-300x225.jpg\" width=\"300\" height=\"225\" alt=\"\" \/><\/a><\/div><div class=\"rl-gallery-item\"><a href=\"https:\/\/elbschule.hamburg.de\/wp-content\/uploads\/sites\/127\/2020\/04\/58c56600-f055-4217-ad54-8ce4310976d5.jpg\" title=\"\" data-rl_title=\"\" class=\"rl-gallery-link\" data-rl_caption=\"\" data-rel=\"lightbox-gallery-1\"><img loading=\"lazy\" decoding=\"async\" src=\"https:\/\/elbschule.hamburg.de\/wp-content\/uploads\/sites\/127\/2020\/04\/58c56600-f055-4217-ad54-8ce4310976d5-300x225.jpg\" width=\"300\" height=\"225\" alt=\"\" \/><\/a><\/div> <\/div> <\/div><\/code><\/p>\n<p>Die Klassen 5c-I und 5b-I haben mit den Fachlehrern Frau Heine, Frau Lammers und Herrn Braun aus Reststoffen und anderem M\u00fcll Kleidung und Musikinstrumente hergestellt. Am 10.02.2020 gab es eine Modenschau und Musikvorf\u00fchrung in der Aula, wo die Kleidung und Instrumente pr\u00e4sentiert wurden. Die upgecycelten Anziehsachen und Musikinstrumente wurden anschlie\u00dfend \u00fcber mehrere Wochen im Kreativraum ausgestellt.<\/p>\n<p>Und so geht Recycling:<\/p>\n<div class=\"external_content_blocker_container\" data-content-rel=\"youtube\" data-content-replacement=\"%3Ciframe%20title%3D%22Recycling%22%20width%3D%22474%22%20height%3D%22267%22%20src%3D%22https%3A%2F%2Fwww.youtube-nocookie.com%2Fembed%2FSGohm7U0JS0%3Ffeature%3Doembed%22%20frameborder%3D%220%22%20allow%3D%22accelerometer%3B%20autoplay%3B%20clipboard-write%3B%20encrypted-media%3B%20gyroscope%3B%20picture-in-picture%3B%20web-share%22%20referrerpolicy%3D%22strict-origin-when-cross-origin%22%20allowfullscreen%3E%3C%2Fiframe%3E\" data-content-domain=\"www.youtube-nocookie.com\" data-content-site-id=\"127\" data-additional-tags=\"false\" style=\"padding:24px 12px;color:#0f0f0f;border-radius:0px;background-color:#ececec;\">\n<div class=\"external_content_blocker_wrapper\">\n<div class=\"external_content_blocker_content\">\n<div class=\"external_content_blocker_text\" style=\"\">\n<p>Bei Aktivierung des Videos werden Daten an Google \u00fcbermittelt. <br \/><a href=\"https:\/\/policies.google.com\/privacy?hl=de&amp;gl=de\" target=\"_blank\" rel=\"noopener\">Datenschutzerkl\u00e4rung von Google<\/a><\/p>\n<\/div>\n<div class=\"external_content_blocker_button\"><a class=\"enable-external-content\" href=\"#enable_external_content\" style=\"padding:5px 15px;border-radius:3px;background-color:#ff0000;color:#ffffff;\" >YouTube-Video laden<\/a><a class=\"enable-all-external-content\" href=\"#enable_all_external_content\" data-content-rel=\"youtube\" style=\"padding:5px 15px;border-radius:3px;background-color:#ff0000;color:#ffffff;\">YouTube-Videos immer laden<\/a><\/div>\n<div class=\"external_content_blocker_global_link\"><a href=\"#enable_global_external_content\" style=\"color:#0f0f0f;\">Externen Inhalte immer anzeigen<\/a><\/div>\n<\/div>\n<\/div>\n<\/div>\n<p>Bettina Heine, Lena Lammers und Nils Braun<\/p>\n","protected":false},"excerpt":{"rendered":"<p>Das Thema des Projektsunterricht und der Ausstellung war \u201eUpcycling &#8211; M\u00fcll und Reststoffe als kreative Rohstoffe\u201c. Beim Upcycling werden Dinge aufgewertet. So entsteht meist ein neuer Verwendungszweck. Anders als beim Recycling werden die Dinge nicht in ihre Grundbestandteile zerlegt \u2013 sie werden nicht wiederverwertet, sondern aufgewertet. Die Klassen 5c-I und 5b-I haben mit den Fachlehrern &hellip; <a href=\"https:\/\/elbschule.hamburg.de\/?page_id=2571\" class=\"more-link\"><span class=\"screen-reader-text\">M\u00fcll und Reststoffe als kreative Rohstoffe<\/span> weiterlesen <span class=\"meta-nav\">&rarr;<\/span><\/a><\/p>\n","protected":false},"author":206,"featured_media":0,"parent":0,"menu_order":0,"comment_status":"closed","ping_status":"closed","template":"","meta":{"_acf_changed":false,"footnotes":""},"class_list":["post-2571","page","type-page","status-publish","hentry"],"acf":[],"_links":{"self":[{"href":"https:\/\/elbschule.hamburg.de\/index.php?rest_route=\/wp\/v2\/pages\/2571","targetHints":{"allow":["GET"]}}],"collection":[{"href":"https:\/\/elbschule.hamburg.de\/index.php?rest_route=\/wp\/v2\/pages"}],"about":[{"href":"https:\/\/elbschule.hamburg.de\/index.php?rest_route=\/wp\/v2\/types\/page"}],"author":[{"embeddable":true,"href":"https:\/\/elbschule.hamburg.de\/index.php?rest_route=\/wp\/v2\/users\/206"}],"replies":[{"embeddable":true,"href":"https:\/\/elbschule.hamburg.de\/index.php?rest_route=%2Fwp%2Fv2%2Fcomments&post=2571"}],"version-history":[{"count":6,"href":"https:\/\/elbschule.hamburg.de\/index.php?rest_route=\/wp\/v2\/pages\/2571\/revisions"}],"predecessor-version":[{"id":2579,"href":"https:\/\/elbschule.hamburg.de\/index.php?rest_route=\/wp\/v2\/pages\/2571\/revisions\/2579"}],"wp:attachment":[{"href":"https:\/\/elbschule.hamburg.de\/index.php?rest_route=%2Fwp%2Fv2%2Fmedia&parent=2571"}],"curies":[{"name":"wp","href":"https:\/\/api.w.org\/{rel}","templated":true}]}}