{"id":2503,"date":"2020-04-15T12:12:18","date_gmt":"2020-04-15T12:12:18","guid":{"rendered":"https:\/\/elbschule.hamburg.de\/?page_id=2503"},"modified":"2020-04-15T12:41:46","modified_gmt":"2020-04-15T12:41:46","slug":"feel-the-music-2","status":"publish","type":"page","link":"https:\/\/elbschule.hamburg.de\/?page_id=2503","title":{"rendered":"&#8222;Feel the Music&#8220; &#8211; Workshop"},"content":{"rendered":"<p style=\"text-align: center\">\n<div class=\"external_content_blocker_container\" data-content-rel=\"youtube\" data-content-replacement=\"%3Ciframe%20title%3D%22Feel%20The%20Music%20%E2%80%93%20Ein%20Workshop%20f%C3%BCr%20Kinder%20mit%20H%C3%B6reinschr%C3%A4nkungen%20%7C%20Elbphilharmonie%20Education%22%20width%3D%22474%22%20height%3D%22267%22%20src%3D%22https%3A%2F%2Fwww.youtube-nocookie.com%2Fembed%2FuQCAeIZHHW8%3Ffeature%3Doembed%22%20frameborder%3D%220%22%20allow%3D%22accelerometer%3B%20autoplay%3B%20clipboard-write%3B%20encrypted-media%3B%20gyroscope%3B%20picture-in-picture%3B%20web-share%22%20referrerpolicy%3D%22strict-origin-when-cross-origin%22%20allowfullscreen%3E%3C%2Fiframe%3E\" data-content-domain=\"www.youtube-nocookie.com\" data-content-site-id=\"127\" data-additional-tags=\"false\" style=\"padding:24px 12px;color:#0f0f0f;border-radius:0px;background-color:#ececec;\">\n<div class=\"external_content_blocker_wrapper\">\n<div class=\"external_content_blocker_content\">\n<div class=\"external_content_blocker_text\" style=\"\">\n<p>Bei Aktivierung des Videos werden Daten an Google \u00fcbermittelt. <br \/><a href=\"https:\/\/policies.google.com\/privacy?hl=de&amp;gl=de\" target=\"_blank\" rel=\"noopener\">Datenschutzerkl\u00e4rung von Google<\/a><\/p>\n<\/div>\n<div class=\"external_content_blocker_button\"><a class=\"enable-external-content\" href=\"#enable_external_content\" style=\"padding:5px 15px;border-radius:3px;background-color:#ff0000;color:#ffffff;\" >YouTube-Video laden<\/a><a class=\"enable-all-external-content\" href=\"#enable_all_external_content\" data-content-rel=\"youtube\" style=\"padding:5px 15px;border-radius:3px;background-color:#ff0000;color:#ffffff;\">YouTube-Videos immer laden<\/a><\/div>\n<div class=\"external_content_blocker_global_link\"><a href=\"#enable_global_external_content\" style=\"color:#0f0f0f;\">Externen Inhalte immer anzeigen<\/a><\/div>\n<\/div>\n<\/div>\n<\/div>\n<p style=\"text-align: center\">Video: Feel The Music \u2013 Ein Workshop f\u00fcr Kinder mit H\u00f6reinschr\u00e4nkungen<br \/>\n| Elbphilharmonie Education<\/p>\n<p>Die Sch\u00fcler\/innen der Elbschule (Klassen 5a und 6\/7e) nahmen im Dezember 2019 an dem Projekt <strong>\u201eFeel The Music\u201c<\/strong> mit dem \u201eMahler Chamber Orchestra\u201c in der Elbphilharmonie teil. Das Projekt erm\u00f6glichte den Sch\u00fcler\/innen eine Begegnung mit klassischer Musik. Unterst\u00fctzung f\u00fcr die Organisation erhielt die Elbschule von der Theaterp\u00e4dagogin Susanne Tod (Stadtteil- &amp; Kulturzentrum MOTTE e.V.). Das dreit\u00e4gige Projekt bestand aus einem Workshop mit Musikern in der Elbphilharmonie, einer Konzertprobe und dem anschlie\u00dfenden Konzert des Orchesters im Gro\u00dfen Saal der Elbphilharmonie an einem Samstag. F\u00fcr die Verarbeitung des Erlebten wurde in der Schule ein kreativer Malworkshop veranstaltet.<\/p>\n<p>Britta Frohb\u00f6se<\/p>\n","protected":false},"excerpt":{"rendered":"<p>Bei Aktivierung des Videos werden Daten an Google \u00fcbermittelt. Datenschutzerkl\u00e4rung von Google YouTube-Video ladenYouTube-Videos immer laden Externen Inhalte immer anzeigen Video: Feel The Music \u2013 Ein Workshop f\u00fcr Kinder mit H\u00f6reinschr\u00e4nkungen | Elbphilharmonie Education Die Sch\u00fcler\/innen der Elbschule (Klassen 5a und 6\/7e) nahmen im Dezember 2019 an dem Projekt \u201eFeel The Music\u201c mit dem \u201eMahler &hellip; <a href=\"https:\/\/elbschule.hamburg.de\/?page_id=2503\" class=\"more-link\"><span class=\"screen-reader-text\">&#8222;Feel the Music&#8220; &#8211; Workshop<\/span> weiterlesen <span class=\"meta-nav\">&rarr;<\/span><\/a><\/p>\n","protected":false},"author":195,"featured_media":0,"parent":0,"menu_order":0,"comment_status":"closed","ping_status":"closed","template":"","meta":{"_acf_changed":false,"footnotes":""},"class_list":["post-2503","page","type-page","status-publish","hentry"],"acf":[],"_links":{"self":[{"href":"https:\/\/elbschule.hamburg.de\/index.php?rest_route=\/wp\/v2\/pages\/2503","targetHints":{"allow":["GET"]}}],"collection":[{"href":"https:\/\/elbschule.hamburg.de\/index.php?rest_route=\/wp\/v2\/pages"}],"about":[{"href":"https:\/\/elbschule.hamburg.de\/index.php?rest_route=\/wp\/v2\/types\/page"}],"author":[{"embeddable":true,"href":"https:\/\/elbschule.hamburg.de\/index.php?rest_route=\/wp\/v2\/users\/195"}],"replies":[{"embeddable":true,"href":"https:\/\/elbschule.hamburg.de\/index.php?rest_route=%2Fwp%2Fv2%2Fcomments&post=2503"}],"version-history":[{"count":8,"href":"https:\/\/elbschule.hamburg.de\/index.php?rest_route=\/wp\/v2\/pages\/2503\/revisions"}],"predecessor-version":[{"id":2512,"href":"https:\/\/elbschule.hamburg.de\/index.php?rest_route=\/wp\/v2\/pages\/2503\/revisions\/2512"}],"wp:attachment":[{"href":"https:\/\/elbschule.hamburg.de\/index.php?rest_route=%2Fwp%2Fv2%2Fmedia&parent=2503"}],"curies":[{"name":"wp","href":"https:\/\/api.w.org\/{rel}","templated":true}]}}