{"id":240,"date":"2015-07-05T12:06:46","date_gmt":"2015-07-05T12:06:46","guid":{"rendered":"http:\/\/elbschule.schulhomepages.hamburg.de\/?page_id=240"},"modified":"2022-09-21T07:29:50","modified_gmt":"2022-09-21T07:29:50","slug":"mittagszeit-2","status":"publish","type":"page","link":"https:\/\/elbschule.hamburg.de\/?page_id=240","title":{"rendered":"Mittagszeit"},"content":{"rendered":"<div id=\"metaslider-id-241\" style=\"max-width: 600px; margin: 0 auto;\" class=\"ml-slider-3-107-0 metaslider metaslider-flex metaslider-241 ml-slider has-dots-nav ms-theme-default\" role=\"region\" aria-label=\"Mittagszeit\" data-height=\"450\" data-width=\"600\">\n    <div id=\"metaslider_container_241\">\n        <div id=\"metaslider_241\" class=\"flexslider\">\n            <ul class='slides'>\n                <li style=\"display: block; width: 100%;\" class=\"slide-239 ms-image \" aria-roledescription=\"slide\" data-date=\"2015-07-05 12:00:17\" data-filename=\"Bilder-Schulrestaurant-4-600x450.jpg\" data-slide-type=\"image\"><img loading=\"lazy\" decoding=\"async\" src=\"https:\/\/elbschule.hamburg.de\/wp-content\/uploads\/sites\/127\/2015\/07\/Bilder-Schulrestaurant-4-600x450.jpg\" height=\"450\" width=\"600\" alt=\"\" class=\"slider-241 slide-239 msDefaultImage\" \/><\/li>\n                <li style=\"display: none; width: 100%;\" class=\"slide-237 ms-image \" aria-roledescription=\"slide\" data-date=\"2015-07-05 12:00:13\" data-filename=\"Schulrestaurant-2-600x450.jpg\" data-slide-type=\"image\"><img loading=\"lazy\" decoding=\"async\" src=\"https:\/\/elbschule.hamburg.de\/wp-content\/uploads\/sites\/127\/2015\/07\/Schulrestaurant-2-600x450.jpg\" height=\"450\" width=\"600\" alt=\"\" class=\"slider-241 slide-237 msDefaultImage\" \/><\/li>\n                <li style=\"display: none; width: 100%;\" class=\"slide-236 ms-image \" aria-roledescription=\"slide\" data-date=\"2015-07-05 12:00:12\" data-filename=\"Schulrestaurant-1-600x450.jpg\" data-slide-type=\"image\"><img loading=\"lazy\" decoding=\"async\" src=\"https:\/\/elbschule.hamburg.de\/wp-content\/uploads\/sites\/127\/2015\/07\/Schulrestaurant-1-600x450.jpg\" height=\"450\" width=\"600\" alt=\"\" class=\"slider-241 slide-236 msDefaultImage\" \/><\/li>\n            <\/ul>\n        <\/div>\n        \n    <\/div>\n<\/div>\n<p>Das Essen wird in unserer Produktionsk\u00fcche frisch zubereitet. Dabei wird nur auf BIO-Produkte zur\u00fcckgegriffen. Selbstverst\u00e4ndlich in unserer multikulturellen Schulgemeinschaft ist der Verzicht auf Schweinefleisch. Die Sch\u00fclerinnen und Sch\u00fcler k\u00f6nnen aus mehreren Angeboten ausw\u00e4hlen. Gegessen wird in dem gem\u00fctlichen Schulrestaurant.<\/p>\n<p>Zu unserem K\u00fcchenpersonal geh\u00f6rt auch ein geh\u00f6rloser Mitarbeiter, ein ehemaliger Sch\u00fcler der Elbschule. Die h\u00f6renden K\u00f6che haben Geb\u00e4rdenkurse besucht und k\u00f6nnen mit t\u00e4glicher \u00dcbung schon gut in Geb\u00e4rdensprache kommunizieren. Das ist wichtig f\u00fcr unsere Schulgemeinschaft.<\/p>\n<p>Es wird\u00a0in drei Schichten von 45 Minuten L\u00e4nge gegessen. Die Grundschulklassen werden von vertrauten Erzieherinnen oder Sozialp\u00e4dagoginnen begleitet.<\/p>\n<p>&nbsp;<\/p>\n","protected":false},"excerpt":{"rendered":"<p>Das Essen wird in unserer Produktionsk\u00fcche frisch zubereitet. Dabei wird nur auf BIO-Produkte zur\u00fcckgegriffen. Selbstverst\u00e4ndlich in unserer multikulturellen Schulgemeinschaft ist der Verzicht auf Schweinefleisch. Die Sch\u00fclerinnen und Sch\u00fcler k\u00f6nnen aus mehreren Angeboten ausw\u00e4hlen. Gegessen wird in dem gem\u00fctlichen Schulrestaurant. Zu unserem K\u00fcchenpersonal geh\u00f6rt auch ein geh\u00f6rloser Mitarbeiter, ein ehemaliger Sch\u00fcler der Elbschule. Die h\u00f6renden K\u00f6che &hellip; <a href=\"https:\/\/elbschule.hamburg.de\/?page_id=240\" class=\"more-link\"><span class=\"screen-reader-text\">Mittagszeit<\/span> weiterlesen <span class=\"meta-nav\">&rarr;<\/span><\/a><\/p>\n","protected":false},"author":206,"featured_media":0,"parent":0,"menu_order":0,"comment_status":"closed","ping_status":"closed","template":"","meta":{"_acf_changed":false,"footnotes":""},"class_list":["post-240","page","type-page","status-publish","hentry"],"acf":[],"_links":{"self":[{"href":"https:\/\/elbschule.hamburg.de\/index.php?rest_route=\/wp\/v2\/pages\/240","targetHints":{"allow":["GET"]}}],"collection":[{"href":"https:\/\/elbschule.hamburg.de\/index.php?rest_route=\/wp\/v2\/pages"}],"about":[{"href":"https:\/\/elbschule.hamburg.de\/index.php?rest_route=\/wp\/v2\/types\/page"}],"author":[{"embeddable":true,"href":"https:\/\/elbschule.hamburg.de\/index.php?rest_route=\/wp\/v2\/users\/206"}],"replies":[{"embeddable":true,"href":"https:\/\/elbschule.hamburg.de\/index.php?rest_route=%2Fwp%2Fv2%2Fcomments&post=240"}],"version-history":[{"count":2,"href":"https:\/\/elbschule.hamburg.de\/index.php?rest_route=\/wp\/v2\/pages\/240\/revisions"}],"predecessor-version":[{"id":3597,"href":"https:\/\/elbschule.hamburg.de\/index.php?rest_route=\/wp\/v2\/pages\/240\/revisions\/3597"}],"wp:attachment":[{"href":"https:\/\/elbschule.hamburg.de\/index.php?rest_route=%2Fwp%2Fv2%2Fmedia&parent=240"}],"curies":[{"name":"wp","href":"https:\/\/api.w.org\/{rel}","templated":true}]}}