{"id":2399,"date":"2020-04-06T10:41:52","date_gmt":"2020-04-06T10:41:52","guid":{"rendered":"https:\/\/elbschule.hamburg.de\/?page_id=2399"},"modified":"2020-04-06T12:39:12","modified_gmt":"2020-04-06T12:39:12","slug":"unsere-museumsstadt","status":"publish","type":"page","link":"https:\/\/elbschule.hamburg.de\/?page_id=2399","title":{"rendered":"\u201eUnsere Museumsstadt\u201c"},"content":{"rendered":"<p><strong>Ein Hausbauprojekt der Klasse 4B-I<\/strong><\/p>\n<p>Die Klasse 4B-I baut in ihrem Klassenzimmer leidenschaftlich gerne mit Baukl\u00f6tzen.<br \/>\nWarum also nicht auch mal im Kunstunterricht bauen?<\/p>\n<div id=\"metaslider-id-2439\" style=\"max-width: 640px; margin: 0 auto;\" class=\"ml-slider-3-107-0 metaslider metaslider-nivo metaslider-2439 ml-slider has-dots-nav ms-theme-outline\" role=\"region\" aria-label=\"Kunstprojekt 4b\" data-height=\"480\" data-width=\"640\">\n    <div id=\"metaslider_container_2439\">\n        <div class='slider-wrapper theme-default'><div class='ribbon'><\/div><div id='metaslider_2439' class='nivoSlider'><img loading=\"lazy\" decoding=\"async\" src=\"https:\/\/elbschule.hamburg.de\/wp-content\/uploads\/sites\/127\/2020\/04\/Foto-14.01.20-10-25-29-6-295x221.jpg\" height=\"480\" width=\"640\" title=\"Kunstprojekt 4b 14\" alt=\"\" class=\"slider-2439 slide-2440 msDefaultImage\" \/><img loading=\"lazy\" decoding=\"async\" src=\"https:\/\/elbschule.hamburg.de\/wp-content\/uploads\/sites\/127\/2020\/04\/IMG_5768-3-525x393.jpg\" height=\"480\" width=\"640\" title=\"Kunstprojekt 4b 1\" alt=\"\" class=\"slider-2439 slide-2441 msDefaultImage\" \/><img loading=\"lazy\" decoding=\"async\" src=\"https:\/\/elbschule.hamburg.de\/wp-content\/uploads\/sites\/127\/2020\/04\/IMG_5765-2-295x221.jpg\" height=\"480\" width=\"640\" title=\"Kunstprojekt 4b 2\" alt=\"\" class=\"slider-2439 slide-2442 msDefaultImage\" \/><img loading=\"lazy\" decoding=\"async\" src=\"https:\/\/elbschule.hamburg.de\/wp-content\/uploads\/sites\/127\/2020\/04\/IMG_5762-1-295x221.jpg\" height=\"480\" width=\"640\" title=\"Kunstprojekt 4b 3\" alt=\"\" class=\"slider-2439 slide-2443 msDefaultImage\" \/><img loading=\"lazy\" decoding=\"async\" src=\"https:\/\/elbschule.hamburg.de\/wp-content\/uploads\/sites\/127\/2020\/04\/IMG_0802-14-525x393.jpg\" height=\"480\" width=\"640\" title=\"Kunstprojekt 4b 4\" alt=\"\" class=\"slider-2439 slide-2444 msDefaultImage\" \/><img loading=\"lazy\" decoding=\"async\" src=\"https:\/\/elbschule.hamburg.de\/wp-content\/uploads\/sites\/127\/2020\/04\/IMG_0772-5-295x221.jpg\" height=\"480\" width=\"640\" title=\"Kunstprojekt 4b 5\" alt=\"\" class=\"slider-2439 slide-2445 msDefaultImage\" \/><img loading=\"lazy\" decoding=\"async\" src=\"https:\/\/elbschule.hamburg.de\/wp-content\/uploads\/sites\/127\/2020\/04\/IMG_0768-4-525x393.jpg\" height=\"480\" width=\"640\" title=\"Kunstprojekt 4b 6\" alt=\"\" class=\"slider-2439 slide-2446 msDefaultImage\" \/><img loading=\"lazy\" decoding=\"async\" src=\"https:\/\/elbschule.hamburg.de\/wp-content\/uploads\/sites\/127\/2020\/04\/Foto-14.01.20-10-52-39-13-525x393.jpg\" height=\"480\" width=\"640\" title=\"Kunstprojekt 4b  7\" alt=\"\" class=\"slider-2439 slide-2447 msDefaultImage\" \/><img loading=\"lazy\" decoding=\"async\" src=\"https:\/\/elbschule.hamburg.de\/wp-content\/uploads\/sites\/127\/2020\/04\/Foto-14.01.20-10-30-59-12-525x393.jpg\" height=\"480\" width=\"640\" title=\"Kunstprojekt 4b 8\" alt=\"\" class=\"slider-2439 slide-2448 msDefaultImage\" \/><img loading=\"lazy\" decoding=\"async\" src=\"https:\/\/elbschule.hamburg.de\/wp-content\/uploads\/sites\/127\/2020\/04\/Foto-14.01.20-10-30-16-10-295x221.jpg\" height=\"480\" width=\"640\" title=\"Kunstprojekt 4b 10\" alt=\"\" class=\"slider-2439 slide-2449 msDefaultImage\" \/><img loading=\"lazy\" decoding=\"async\" src=\"https:\/\/elbschule.hamburg.de\/wp-content\/uploads\/sites\/127\/2020\/04\/Foto-14.01.20-10-30-42-11-295x221.jpg\" height=\"480\" width=\"640\" title=\"Kunstprojekt 4b 9\" alt=\"\" class=\"slider-2439 slide-2450 msDefaultImage\" \/><img loading=\"lazy\" decoding=\"async\" src=\"https:\/\/elbschule.hamburg.de\/wp-content\/uploads\/sites\/127\/2020\/04\/Foto-14.01.20-10-29-58-9-295x221.jpg\" height=\"480\" width=\"640\" title=\"Kunstprojekt 4b 11\" alt=\"\" class=\"slider-2439 slide-2451 msDefaultImage\" \/><img loading=\"lazy\" decoding=\"async\" src=\"https:\/\/elbschule.hamburg.de\/wp-content\/uploads\/sites\/127\/2020\/04\/Foto-14.01.20-10-29-13-8-525x393.jpg\" height=\"480\" width=\"640\" title=\"Kunstprojekt 4b 12\" alt=\"\" class=\"slider-2439 slide-2452 msDefaultImage\" \/><img loading=\"lazy\" decoding=\"async\" src=\"https:\/\/elbschule.hamburg.de\/wp-content\/uploads\/sites\/127\/2020\/04\/Foto-14.01.20-10-25-52-7-295x221.jpg\" height=\"480\" width=\"640\" title=\"Kunstprojekt 4b 13\" alt=\"\" class=\"slider-2439 slide-2453 msDefaultImage\" \/><\/div><\/div>\n        \n    <\/div>\n<\/div>\n<p>&nbsp;<\/p>\n<p>Das Bauprojekt kann starten. Die Kinder bauen flei\u00dfig H\u00e4user aus alten Papierabf\u00e4llen, zeichnen in \u201eBaupl\u00e4nen\u201c und malen Bilder zu ihren H\u00e4usern. Im Deutschunterricht schreiben sie Kurzgeschichten. Nach zwei Monaten sind sie dann bereit f\u00fcr ihre erste eigene Kunstausstellung: Im Januar 2020 stellen sie ihre H\u00e4user, Bilder und Kurzgeschichten im Kreativraum aus und stellen sie anderen Klassen vor. Sie sind dabei sehr stolz. Zurecht wie wir finden!<\/p>\n<p>L. Streubel<\/p>\n<p>&nbsp;<\/p>\n","protected":false},"excerpt":{"rendered":"<p>Ein Hausbauprojekt der Klasse 4B-I Die Klasse 4B-I baut in ihrem Klassenzimmer leidenschaftlich gerne mit Baukl\u00f6tzen. Warum also nicht auch mal im Kunstunterricht bauen? &nbsp; Das Bauprojekt kann starten. Die Kinder bauen flei\u00dfig H\u00e4user aus alten Papierabf\u00e4llen, zeichnen in \u201eBaupl\u00e4nen\u201c und malen Bilder zu ihren H\u00e4usern. Im Deutschunterricht schreiben sie Kurzgeschichten. Nach zwei Monaten sind &hellip; <a href=\"https:\/\/elbschule.hamburg.de\/?page_id=2399\" class=\"more-link\"><span class=\"screen-reader-text\">\u201eUnsere Museumsstadt\u201c<\/span> weiterlesen <span class=\"meta-nav\">&rarr;<\/span><\/a><\/p>\n","protected":false},"author":206,"featured_media":0,"parent":0,"menu_order":0,"comment_status":"closed","ping_status":"closed","template":"","meta":{"_acf_changed":false,"footnotes":""},"class_list":["post-2399","page","type-page","status-publish","hentry"],"acf":[],"_links":{"self":[{"href":"https:\/\/elbschule.hamburg.de\/index.php?rest_route=\/wp\/v2\/pages\/2399","targetHints":{"allow":["GET"]}}],"collection":[{"href":"https:\/\/elbschule.hamburg.de\/index.php?rest_route=\/wp\/v2\/pages"}],"about":[{"href":"https:\/\/elbschule.hamburg.de\/index.php?rest_route=\/wp\/v2\/types\/page"}],"author":[{"embeddable":true,"href":"https:\/\/elbschule.hamburg.de\/index.php?rest_route=\/wp\/v2\/users\/206"}],"replies":[{"embeddable":true,"href":"https:\/\/elbschule.hamburg.de\/index.php?rest_route=%2Fwp%2Fv2%2Fcomments&post=2399"}],"version-history":[{"count":8,"href":"https:\/\/elbschule.hamburg.de\/index.php?rest_route=\/wp\/v2\/pages\/2399\/revisions"}],"predecessor-version":[{"id":2458,"href":"https:\/\/elbschule.hamburg.de\/index.php?rest_route=\/wp\/v2\/pages\/2399\/revisions\/2458"}],"wp:attachment":[{"href":"https:\/\/elbschule.hamburg.de\/index.php?rest_route=%2Fwp%2Fv2%2Fmedia&parent=2399"}],"curies":[{"name":"wp","href":"https:\/\/api.w.org\/{rel}","templated":true}]}}