{"id":2283,"date":"2019-12-06T12:47:18","date_gmt":"2019-12-06T12:47:18","guid":{"rendered":"https:\/\/elbschule.hamburg.de\/?page_id=2283"},"modified":"2019-12-09T22:02:54","modified_gmt":"2019-12-09T22:02:54","slug":"gut-zu-wissen-woher-kommt-das-fleisch-auf-unseren-tellern","status":"publish","type":"page","link":"https:\/\/elbschule.hamburg.de\/?page_id=2283","title":{"rendered":"Gut zu wissen \u2013 Woher kommt das Fleisch auf unseren Tellern?"},"content":{"rendered":"<p><img loading=\"lazy\" decoding=\"async\" class=\"size-medium wp-image-2282 alignleft\" src=\"https:\/\/elbschule.hamburg.de\/wp-content\/uploads\/sites\/127\/2019\/12\/20191121_114311-9-225x300.jpg\" alt=\"\" width=\"225\" height=\"300\" srcset=\"https:\/\/elbschule.hamburg.de\/wp-content\/uploads\/sites\/127\/2019\/12\/20191121_114311-9-225x300.jpg 225w, https:\/\/elbschule.hamburg.de\/wp-content\/uploads\/sites\/127\/2019\/12\/20191121_114311-9.jpg 295w\" sizes=\"auto, (max-width: 225px) 100vw, 225px\" \/>Ein Donnerstagmittag in Hamburgs sch\u00f6nstem Schulrestaurant:<br \/>\n\u201eDie Kids drehen durch,\u201c schmunzelt K\u00fcchenchef Michael Plum, \u201eweil heute Fleischtag ist.\u201c Gem\u00e4\u00df den Empfehlungen der Deutschen Gesellschaft f\u00fcr Ern\u00e4hrung stehen nur einmal in der Woche Fleischgerichte auf dem Speiseplan. Sie kommen bei kleinen und gro\u00dfen Essern immer gut an. Heute gibt es Gulasch mit viel Gem\u00fcse.<\/p>\n<p>Die frische, naturbelassene Milch wird auf 72\u00b0C erhitzt und ist 10 Tage haltbar. Nat\u00fcrlich hatte Anette M\u00f6ller leckere Herbstmilch und stichfesten Joghurt zur Verkostung dabei \u2013 mmmhhh!<\/p>\n<p>Seit 2,5 Jahren bezieht der Caterer <em>Kinderwelt Hamburg <\/em>Fleisch und Milchprodukte von <em>De \u00d6ko Melkburen <\/em>f\u00fcr das frische Bioessen aus regionalem Anbau an sieben Hamburger Schulen und nahegelegenen Kitas. Bei einem Besuch auf dem Hof von Hans und Anette M\u00f6ller konnten sich die Mitarbeiter\/innen von <em>Kinderwelt Hamburg<\/em> unl\u00e4ngst von der nachhaltigen \u00f6kologischen Herkunft der Nahrungsmittel \u00fcberzeugen. Nach dem Prinzip der Solidarischen Landwirtschaft wird ein Tier erst dann geschlachtet, wenn das Fleisch vorab komplett an Kunden verkauft wurde. Michael Plum muss daher f\u00fcr die K\u00fcche der Elbschule jeweils vier Monate im Voraus planen und bestellen.<\/p>\n<div class=\"rl-gallery-container rl-loading\" id=\"rl-gallery-container-1\" data-gallery_id=\"2284\"> <div class=\"rl-gallery rl-basicmasonry-gallery rl-hover-effect-1\" id=\"rl-gallery-1\" data-gallery_no=\"1\"> <div class=\"rl-gutter-sizer\"><\/div><div class=\"rl-grid-sizer\"><\/div> <div class=\"rl-gallery-item rl-gallery-item-width-4\" > <div class=\"rl-gallery-item-content\"> <a href=\"https:\/\/elbschule.hamburg.de\/wp-content\/uploads\/sites\/127\/2019\/12\/20191121_102245-3.jpg\" title=\"\" data-rl_title=\"\" class=\"rl-gallery-link\" data-rl_caption=\"\" data-rel=\"lightbox-gallery-1\"><img loading=\"lazy\" decoding=\"async\" src=\"https:\/\/elbschule.hamburg.de\/wp-content\/uploads\/sites\/127\/2019\/12\/20191121_102245-3-300x225.jpg\" width=\"300\" height=\"225\" alt=\"\" \/><\/a> <\/div> <\/div> <div class=\"rl-gallery-item\" > <div class=\"rl-gallery-item-content\"> <a href=\"https:\/\/elbschule.hamburg.de\/wp-content\/uploads\/sites\/127\/2019\/12\/20191121_102201-2.jpg\" title=\"\" data-rl_title=\"\" class=\"rl-gallery-link\" data-rl_caption=\"\" data-rel=\"lightbox-gallery-1\"><img loading=\"lazy\" decoding=\"async\" src=\"https:\/\/elbschule.hamburg.de\/wp-content\/uploads\/sites\/127\/2019\/12\/20191121_102201-2-300x225.jpg\" width=\"300\" height=\"225\" alt=\"\" \/><\/a> <\/div> <\/div> <div class=\"rl-gallery-item\" > <div class=\"rl-gallery-item-content\"> <a href=\"https:\/\/elbschule.hamburg.de\/wp-content\/uploads\/sites\/127\/2019\/12\/20191121_113127-8.jpg\" title=\"\" data-rl_title=\"\" class=\"rl-gallery-link\" data-rl_caption=\"\" data-rel=\"lightbox-gallery-1\"><img loading=\"lazy\" decoding=\"async\" src=\"https:\/\/elbschule.hamburg.de\/wp-content\/uploads\/sites\/127\/2019\/12\/20191121_113127-8-225x300.jpg\" width=\"225\" height=\"300\" alt=\"\" \/><\/a> <\/div> <\/div> <div class=\"rl-gallery-item\" > <div class=\"rl-gallery-item-content\"> <a href=\"https:\/\/elbschule.hamburg.de\/wp-content\/uploads\/sites\/127\/2019\/12\/20191121_095828-1.jpg\" title=\"\" data-rl_title=\"\" class=\"rl-gallery-link\" data-rl_caption=\"\" data-rel=\"lightbox-gallery-1\"><img loading=\"lazy\" decoding=\"async\" src=\"https:\/\/elbschule.hamburg.de\/wp-content\/uploads\/sites\/127\/2019\/12\/20191121_095828-1-300x225.jpg\" width=\"300\" height=\"225\" alt=\"\" \/><\/a> <\/div> <\/div> <div class=\"rl-gallery-item\" > <div class=\"rl-gallery-item-content\"> <a href=\"https:\/\/elbschule.hamburg.de\/wp-content\/uploads\/sites\/127\/2019\/12\/20191121_105751-6.jpg\" title=\"\" data-rl_title=\"\" class=\"rl-gallery-link\" data-rl_caption=\"\" data-rel=\"lightbox-gallery-1\"><img loading=\"lazy\" decoding=\"async\" src=\"https:\/\/elbschule.hamburg.de\/wp-content\/uploads\/sites\/127\/2019\/12\/20191121_105751-6-300x225.jpg\" width=\"300\" height=\"225\" alt=\"\" \/><\/a> <\/div> <\/div> <div class=\"rl-gallery-item\" > <div class=\"rl-gallery-item-content\"> <a href=\"https:\/\/elbschule.hamburg.de\/wp-content\/uploads\/sites\/127\/2019\/12\/20191121_110009-7.jpg\" title=\"\" data-rl_title=\"\" class=\"rl-gallery-link\" data-rl_caption=\"\" data-rel=\"lightbox-gallery-1\"><img loading=\"lazy\" decoding=\"async\" src=\"https:\/\/elbschule.hamburg.de\/wp-content\/uploads\/sites\/127\/2019\/12\/20191121_110009-7-225x300.jpg\" width=\"225\" height=\"300\" alt=\"\" \/><\/a> <\/div> <\/div> <div class=\"rl-gallery-item\" > <div class=\"rl-gallery-item-content\"> <a href=\"https:\/\/elbschule.hamburg.de\/wp-content\/uploads\/sites\/127\/2019\/12\/20191121_105641-5.jpg\" title=\"\" data-rl_title=\"\" class=\"rl-gallery-link\" data-rl_caption=\"\" data-rel=\"lightbox-gallery-1\"><img loading=\"lazy\" decoding=\"async\" src=\"https:\/\/elbschule.hamburg.de\/wp-content\/uploads\/sites\/127\/2019\/12\/20191121_105641-5-300x225.jpg\" width=\"300\" height=\"225\" alt=\"\" \/><\/a> <\/div> <\/div> <div class=\"rl-gallery-item\" > <div class=\"rl-gallery-item-content\"> <a href=\"https:\/\/elbschule.hamburg.de\/wp-content\/uploads\/sites\/127\/2019\/12\/20191121_1056200-4.jpg\" title=\"\" data-rl_title=\"\" class=\"rl-gallery-link\" data-rl_caption=\"\" data-rel=\"lightbox-gallery-1\"><img loading=\"lazy\" decoding=\"async\" src=\"https:\/\/elbschule.hamburg.de\/wp-content\/uploads\/sites\/127\/2019\/12\/20191121_1056200-4-300x225.jpg\" width=\"300\" height=\"225\" alt=\"\" \/><\/a> <\/div> <\/div> <\/div> <\/div>\n<p>Der Unterricht von Anette M\u00f6ller sprach alle Sinne der Sch\u00fcler\/innen an und vermittelte ihnen ein ethisches Verst\u00e4ndnis f\u00fcr Herkunft und Erzeugung der Nahrungsmittel \u2013 Expertenwissen eben!<br \/>\nDas zarte Gulasch schmeckte \u00fcbrigens k\u00f6stlich. Davon konnte sich wiederum die Landwirtin im Schulrestaurant selbst \u00fcberzeugen.<\/p>\n<p>Karin Perwo-A\u00dfmann<\/p>\n","protected":false},"excerpt":{"rendered":"<p>Ein Donnerstagmittag in Hamburgs sch\u00f6nstem Schulrestaurant: \u201eDie Kids drehen durch,\u201c schmunzelt K\u00fcchenchef Michael Plum, \u201eweil heute Fleischtag ist.\u201c Gem\u00e4\u00df den Empfehlungen der Deutschen Gesellschaft f\u00fcr Ern\u00e4hrung stehen nur einmal in der Woche Fleischgerichte auf dem Speiseplan. Sie kommen bei kleinen und gro\u00dfen Essern immer gut an. Heute gibt es Gulasch mit viel Gem\u00fcse. Die frische, &hellip; <a href=\"https:\/\/elbschule.hamburg.de\/?page_id=2283\" class=\"more-link\"><span class=\"screen-reader-text\">Gut zu wissen \u2013 Woher kommt das Fleisch auf unseren Tellern?<\/span> weiterlesen <span class=\"meta-nav\">&rarr;<\/span><\/a><\/p>\n","protected":false},"author":206,"featured_media":0,"parent":0,"menu_order":0,"comment_status":"closed","ping_status":"closed","template":"","meta":{"_acf_changed":false,"footnotes":""},"class_list":["post-2283","page","type-page","status-publish","hentry"],"acf":[],"_links":{"self":[{"href":"https:\/\/elbschule.hamburg.de\/index.php?rest_route=\/wp\/v2\/pages\/2283","targetHints":{"allow":["GET"]}}],"collection":[{"href":"https:\/\/elbschule.hamburg.de\/index.php?rest_route=\/wp\/v2\/pages"}],"about":[{"href":"https:\/\/elbschule.hamburg.de\/index.php?rest_route=\/wp\/v2\/types\/page"}],"author":[{"embeddable":true,"href":"https:\/\/elbschule.hamburg.de\/index.php?rest_route=\/wp\/v2\/users\/206"}],"replies":[{"embeddable":true,"href":"https:\/\/elbschule.hamburg.de\/index.php?rest_route=%2Fwp%2Fv2%2Fcomments&post=2283"}],"version-history":[{"count":0,"href":"https:\/\/elbschule.hamburg.de\/index.php?rest_route=\/wp\/v2\/pages\/2283\/revisions"}],"wp:attachment":[{"href":"https:\/\/elbschule.hamburg.de\/index.php?rest_route=%2Fwp%2Fv2%2Fmedia&parent=2283"}],"curies":[{"name":"wp","href":"https:\/\/api.w.org\/{rel}","templated":true}]}}