{"id":2221,"date":"2019-10-18T17:01:05","date_gmt":"2019-10-18T17:01:05","guid":{"rendered":"https:\/\/elbschule.hamburg.de\/?page_id=2221"},"modified":"2019-10-18T17:01:05","modified_gmt":"2019-10-18T17:01:05","slug":"einschulungen-2019","status":"publish","type":"page","link":"https:\/\/elbschule.hamburg.de\/?page_id=2221","title":{"rendered":"Einschulungen 2019"},"content":{"rendered":"<p>26 ehemalige Grundschulkinder wurden am 12. August zu \u201eLeichtmatrosinnen und \u2013matrosen\u201c der Stadtteilschule. Mit Sonnenblumen und gemeinsamer Begr\u00fc\u00dfung durch die Abteilungsleiterinnen starteten die Klassen 5a und 5b in ihren neuen Lebensabschnitt.<br \/>\nDie 13 Sch\u00fcler\/innen der inklusiven Klasse 5c sind zum Teil neu an der Elbschule und wurden mit ihren Familien von der Schulleitung und den Jugendlichen der Klasse 6c im Schulrestaurant herzlich begr\u00fc\u00dft.<\/p>\n<figure id=\"attachment_2219\" aria-describedby=\"caption-attachment-2219\" style=\"width: 640px\" class=\"wp-caption alignleft\"><a href=\"https:\/\/elbschule.hamburg.de\/wp-content\/uploads\/sites\/127\/2019\/10\/Einschulung-1.jpg\" data-rel=\"lightbox\" data-rl_title=\"\" data-rl_caption=\"\" title=\"\"><img loading=\"lazy\" decoding=\"async\" class=\"wp-image-2219\" src=\"https:\/\/elbschule.hamburg.de\/wp-content\/uploads\/sites\/127\/2019\/10\/Einschulung-1.jpg\" alt=\"\" width=\"640\" height=\"480\" srcset=\"https:\/\/elbschule.hamburg.de\/wp-content\/uploads\/sites\/127\/2019\/10\/Einschulung-1.jpg 1000w, https:\/\/elbschule.hamburg.de\/wp-content\/uploads\/sites\/127\/2019\/10\/Einschulung-1-300x225.jpg 300w, https:\/\/elbschule.hamburg.de\/wp-content\/uploads\/sites\/127\/2019\/10\/Einschulung-1-768x576.jpg 768w\" sizes=\"auto, (max-width: 640px) 100vw, 640px\" \/><\/a><figcaption id=\"caption-attachment-2219\" class=\"wp-caption-text\">Klassen 5a und 5b<\/figcaption><\/figure>\n<figure id=\"attachment_2220\" aria-describedby=\"caption-attachment-2220\" style=\"width: 640px\" class=\"wp-caption alignleft\"><a href=\"https:\/\/elbschule.hamburg.de\/wp-content\/uploads\/sites\/127\/2019\/10\/Einschulung-2.jpg\" data-rel=\"lightbox\" data-rl_title=\"\" data-rl_caption=\"\" title=\"\"><img loading=\"lazy\" decoding=\"async\" class=\"wp-image-2220\" src=\"https:\/\/elbschule.hamburg.de\/wp-content\/uploads\/sites\/127\/2019\/10\/Einschulung-2.jpg\" alt=\"\" width=\"640\" height=\"463\" srcset=\"https:\/\/elbschule.hamburg.de\/wp-content\/uploads\/sites\/127\/2019\/10\/Einschulung-2.jpg 940w, https:\/\/elbschule.hamburg.de\/wp-content\/uploads\/sites\/127\/2019\/10\/Einschulung-2-300x217.jpg 300w, https:\/\/elbschule.hamburg.de\/wp-content\/uploads\/sites\/127\/2019\/10\/Einschulung-2-768x556.jpg 768w\" sizes=\"auto, (max-width: 640px) 100vw, 640px\" \/><\/a><figcaption id=\"caption-attachment-2220\" class=\"wp-caption-text\">Klasse 5c<\/figcaption><\/figure>\n<p>Am folgenden Tag standen die J\u00fcngsten im Mittelpunkt: 32 \u201eSchiffsjungen und \u2013m\u00e4dchen\u201c starteten mit ihren bunten Schult\u00fcten in der Vorschulklasse und drei Grundschulklassen.\u00a0 Die 4. Klassen pr\u00e4sentierten dazu in der Aula ein humorvolles Zirkusprogramm und konnten Klein und Gro\u00df auf das Beste unterhalten.<\/p>\n<p>Ahoi und ein herzliches Willkommen den neuen Elbsch\u00fcler\/innen!<\/p>\n<figure id=\"attachment_2215\" aria-describedby=\"caption-attachment-2215\" style=\"width: 640px\" class=\"wp-caption alignleft\"><a href=\"https:\/\/elbschule.hamburg.de\/wp-content\/uploads\/sites\/127\/2019\/10\/Einschulung-3.jpg\" data-rel=\"lightbox\" data-rl_title=\"\" data-rl_caption=\"\" title=\"\"><img loading=\"lazy\" decoding=\"async\" class=\"wp-image-2215 size-full\" src=\"https:\/\/elbschule.hamburg.de\/wp-content\/uploads\/sites\/127\/2019\/10\/Einschulung-3.jpg\" alt=\"\" width=\"640\" height=\"531\" srcset=\"https:\/\/elbschule.hamburg.de\/wp-content\/uploads\/sites\/127\/2019\/10\/Einschulung-3.jpg 640w, https:\/\/elbschule.hamburg.de\/wp-content\/uploads\/sites\/127\/2019\/10\/Einschulung-3-300x249.jpg 300w\" sizes=\"auto, (max-width: 640px) 100vw, 640px\" \/><\/a><figcaption id=\"caption-attachment-2215\" class=\"wp-caption-text\">VSK &#8211; Schult\u00fcten zum Schulanfang<\/figcaption><\/figure>\n<figure id=\"attachment_2216\" aria-describedby=\"caption-attachment-2216\" style=\"width: 640px\" class=\"wp-caption alignleft\"><a href=\"https:\/\/elbschule.hamburg.de\/wp-content\/uploads\/sites\/127\/2019\/10\/Einschulung-4.jpg\" data-rel=\"lightbox\" data-rl_title=\"\" data-rl_caption=\"\" title=\"\"><img loading=\"lazy\" decoding=\"async\" class=\"wp-image-2216\" src=\"https:\/\/elbschule.hamburg.de\/wp-content\/uploads\/sites\/127\/2019\/10\/Einschulung-4.jpg\" alt=\"\" width=\"640\" height=\"360\" srcset=\"https:\/\/elbschule.hamburg.de\/wp-content\/uploads\/sites\/127\/2019\/10\/Einschulung-4.jpg 1000w, https:\/\/elbschule.hamburg.de\/wp-content\/uploads\/sites\/127\/2019\/10\/Einschulung-4-300x169.jpg 300w, https:\/\/elbschule.hamburg.de\/wp-content\/uploads\/sites\/127\/2019\/10\/Einschulung-4-768x432.jpg 768w\" sizes=\"auto, (max-width: 640px) 100vw, 640px\" \/><\/a><figcaption id=\"caption-attachment-2216\" class=\"wp-caption-text\">Klasse E1<\/figcaption><\/figure>\n<figure id=\"attachment_2217\" aria-describedby=\"caption-attachment-2217\" style=\"width: 640px\" class=\"wp-caption alignleft\"><a href=\"https:\/\/elbschule.hamburg.de\/wp-content\/uploads\/sites\/127\/2019\/10\/Einschulung-5.jpg\" data-rel=\"lightbox\" data-rl_title=\"\" data-rl_caption=\"\" title=\"\"><img loading=\"lazy\" decoding=\"async\" class=\"wp-image-2217\" src=\"https:\/\/elbschule.hamburg.de\/wp-content\/uploads\/sites\/127\/2019\/10\/Einschulung-5.jpg\" alt=\"\" width=\"640\" height=\"360\" srcset=\"https:\/\/elbschule.hamburg.de\/wp-content\/uploads\/sites\/127\/2019\/10\/Einschulung-5.jpg 611w, https:\/\/elbschule.hamburg.de\/wp-content\/uploads\/sites\/127\/2019\/10\/Einschulung-5-300x169.jpg 300w\" sizes=\"auto, (max-width: 640px) 100vw, 640px\" \/><\/a><figcaption id=\"caption-attachment-2217\" class=\"wp-caption-text\">Klasse 1b<\/figcaption><\/figure>\n<figure id=\"attachment_2218\" aria-describedby=\"caption-attachment-2218\" style=\"width: 640px\" class=\"wp-caption alignleft\"><a href=\"https:\/\/elbschule.hamburg.de\/wp-content\/uploads\/sites\/127\/2019\/10\/Einschulung-6.jpg\" data-rel=\"lightbox\" data-rl_title=\"\" data-rl_caption=\"\" title=\"\"><img loading=\"lazy\" decoding=\"async\" class=\"wp-image-2218\" src=\"https:\/\/elbschule.hamburg.de\/wp-content\/uploads\/sites\/127\/2019\/10\/Einschulung-6.jpg\" alt=\"\" width=\"640\" height=\"360\" srcset=\"https:\/\/elbschule.hamburg.de\/wp-content\/uploads\/sites\/127\/2019\/10\/Einschulung-6.jpg 1000w, https:\/\/elbschule.hamburg.de\/wp-content\/uploads\/sites\/127\/2019\/10\/Einschulung-6-300x169.jpg 300w, https:\/\/elbschule.hamburg.de\/wp-content\/uploads\/sites\/127\/2019\/10\/Einschulung-6-768x432.jpg 768w\" sizes=\"auto, (max-width: 640px) 100vw, 640px\" \/><\/a><figcaption id=\"caption-attachment-2218\" class=\"wp-caption-text\">Klasse 1c<\/figcaption><\/figure>\n<p>&nbsp;<\/p>\n<p>Karin Perwo-A\u00dfmann<\/p>\n","protected":false},"excerpt":{"rendered":"<p>26 ehemalige Grundschulkinder wurden am 12. August zu \u201eLeichtmatrosinnen und \u2013matrosen\u201c der Stadtteilschule. Mit Sonnenblumen und gemeinsamer Begr\u00fc\u00dfung durch die Abteilungsleiterinnen starteten die Klassen 5a und 5b in ihren neuen Lebensabschnitt. Die 13 Sch\u00fcler\/innen der inklusiven Klasse 5c sind zum Teil neu an der Elbschule und wurden mit ihren Familien von der Schulleitung und den &hellip; <a href=\"https:\/\/elbschule.hamburg.de\/?page_id=2221\" class=\"more-link\"><span class=\"screen-reader-text\">Einschulungen 2019<\/span> weiterlesen <span class=\"meta-nav\">&rarr;<\/span><\/a><\/p>\n","protected":false},"author":195,"featured_media":0,"parent":0,"menu_order":0,"comment_status":"closed","ping_status":"closed","template":"","meta":{"_acf_changed":false,"footnotes":""},"class_list":["post-2221","page","type-page","status-publish","hentry"],"acf":[],"_links":{"self":[{"href":"https:\/\/elbschule.hamburg.de\/index.php?rest_route=\/wp\/v2\/pages\/2221","targetHints":{"allow":["GET"]}}],"collection":[{"href":"https:\/\/elbschule.hamburg.de\/index.php?rest_route=\/wp\/v2\/pages"}],"about":[{"href":"https:\/\/elbschule.hamburg.de\/index.php?rest_route=\/wp\/v2\/types\/page"}],"author":[{"embeddable":true,"href":"https:\/\/elbschule.hamburg.de\/index.php?rest_route=\/wp\/v2\/users\/195"}],"replies":[{"embeddable":true,"href":"https:\/\/elbschule.hamburg.de\/index.php?rest_route=%2Fwp%2Fv2%2Fcomments&post=2221"}],"version-history":[{"count":0,"href":"https:\/\/elbschule.hamburg.de\/index.php?rest_route=\/wp\/v2\/pages\/2221\/revisions"}],"wp:attachment":[{"href":"https:\/\/elbschule.hamburg.de\/index.php?rest_route=%2Fwp%2Fv2%2Fmedia&parent=2221"}],"curies":[{"name":"wp","href":"https:\/\/api.w.org\/{rel}","templated":true}]}}