{"id":2201,"date":"2019-09-06T12:23:51","date_gmt":"2019-09-06T12:23:51","guid":{"rendered":"https:\/\/elbschule.hamburg.de\/?page_id=2201"},"modified":"2022-09-06T12:40:15","modified_gmt":"2022-09-06T12:40:15","slug":"schuljahr-2018-2019","status":"publish","type":"page","link":"https:\/\/elbschule.hamburg.de\/?page_id=2201","title":{"rendered":"Schuljahr 2018 \/ 2019"},"content":{"rendered":"<p>Hier finden Sie Beitr\u00e4ge aus dem Schuljahr 2018 \/ 2019.<\/p>\n<p>Viel Spa\u00df beim St\u00f6bern!<\/p>\n<p><a href=\"https:\/\/elbschule.hamburg.de\/?page_id=2186\" target=\"_blank\" rel=\"noopener\">Genug ist genug &#8211; Elbsch\u00fcler verlassen das Schiff<\/a><\/p>\n<p><a href=\"https:\/\/elbschule.hamburg.de\/?page_id=2170\" target=\"_blank\" rel=\"noopener\">Interview mit der Superklasse<\/a><\/p>\n<table>\n<tbody>\n<tr>\n<td><a href=\"https:\/\/elbschule.hamburg.de\/wp-content\/uploads\/sites\/127\/2019\/05\/Schlauch-abrollen.jpg\" data-rel=\"lightbox\" data-rl_title=\"\" data-rl_caption=\"\" title=\"\"><img loading=\"lazy\" decoding=\"async\" class=\"size-thumbnail wp-image-2104\" src=\"https:\/\/elbschule.hamburg.de\/wp-content\/uploads\/sites\/127\/2019\/05\/Schlauch-abrollen-150x150.jpg\" alt=\"\" width=\"150\" height=\"150\" srcset=\"https:\/\/elbschule.hamburg.de\/wp-content\/uploads\/sites\/127\/2019\/05\/Schlauch-abrollen-150x150.jpg 150w, https:\/\/elbschule.hamburg.de\/wp-content\/uploads\/sites\/127\/2019\/05\/Schlauch-abrollen-50x50.jpg 50w\" sizes=\"auto, (max-width: 150px) 100vw, 150px\" \/><\/a><\/td>\n<td><a href=\"https:\/\/elbschule.hamburg.de\/?page_id=2105\">POP &#8211; die Praxisorientierte Pr\u00fcfung<\/a><\/td>\n<\/tr>\n<tr>\n<td><a href=\"https:\/\/elbschule.hamburg.de\/wp-content\/uploads\/sites\/127\/2019\/05\/IMG_5258-2.jpg\" data-rel=\"lightbox\" data-rl_title=\"\" data-rl_caption=\"\" title=\"\"><img loading=\"lazy\" decoding=\"async\" class=\"size-thumbnail wp-image-2073\" src=\"https:\/\/elbschule.hamburg.de\/wp-content\/uploads\/sites\/127\/2019\/05\/IMG_5258-2-150x150.jpg\" alt=\"\" width=\"150\" height=\"150\" srcset=\"https:\/\/elbschule.hamburg.de\/wp-content\/uploads\/sites\/127\/2019\/05\/IMG_5258-2-150x150.jpg 150w, https:\/\/elbschule.hamburg.de\/wp-content\/uploads\/sites\/127\/2019\/05\/IMG_5258-2-50x50.jpg 50w\" sizes=\"auto, (max-width: 150px) 100vw, 150px\" \/><\/a><\/td>\n<td><a href=\"https:\/\/elbschule.hamburg.de\/?page_id=2098\">Die Sch\u00f6nen, die Lustigen und die Wilden<\/a><\/td>\n<\/tr>\n<tr>\n<td><a href=\"https:\/\/elbschule.hamburg.de\/wp-content\/uploads\/sites\/127\/2019\/04\/Frau-Wiese-Frau-Heine-Frau-Neumann-e1555229048984.jpg\" data-rel=\"lightbox\" data-rl_title=\"\" data-rl_caption=\"\" title=\"\"><img loading=\"lazy\" decoding=\"async\" class=\"size-thumbnail wp-image-2038\" src=\"https:\/\/elbschule.hamburg.de\/wp-content\/uploads\/sites\/127\/2019\/04\/Frau-Wiese-Frau-Heine-Frau-Neumann-150x150.jpg\" alt=\"\" width=\"150\" height=\"150\" \/><\/a><\/td>\n<td><a href=\"https:\/\/elbschule.hamburg.de\/?page_id=2039\">Herzlich Willkommen &#8211; die 4 neuen Kolleginnen stellen sich vor<\/a><\/td>\n<\/tr>\n<tr>\n<td><a href=\"https:\/\/elbschule.hamburg.de\/wp-content\/uploads\/sites\/127\/2019\/04\/IMG_4822-6.jpg\" data-rel=\"lightbox\" data-rl_title=\"\" data-rl_caption=\"\" title=\"\"><img loading=\"lazy\" decoding=\"async\" class=\"size-thumbnail wp-image-2028\" src=\"https:\/\/elbschule.hamburg.de\/wp-content\/uploads\/sites\/127\/2019\/04\/IMG_4822-6-150x150.jpg\" alt=\"\" width=\"150\" height=\"150\" srcset=\"https:\/\/elbschule.hamburg.de\/wp-content\/uploads\/sites\/127\/2019\/04\/IMG_4822-6-150x150.jpg 150w, https:\/\/elbschule.hamburg.de\/wp-content\/uploads\/sites\/127\/2019\/04\/IMG_4822-6-50x50.jpg 50w\" sizes=\"auto, (max-width: 150px) 100vw, 150px\" \/><\/a><\/td>\n<td><a href=\"https:\/\/elbschule.hamburg.de\/?page_id=2033\">Ein besonderer Lerngang<\/a><\/td>\n<\/tr>\n<tr>\n<td><a href=\"https:\/\/elbschule.hamburg.de\/wp-content\/uploads\/sites\/127\/2019\/02\/stolze-Sportasse-11-e1551279800677.jpg\" data-rel=\"lightbox\" data-rl_title=\"\" data-rl_caption=\"\" title=\"\"><img loading=\"lazy\" decoding=\"async\" class=\"size-thumbnail wp-image-2002\" src=\"https:\/\/elbschule.hamburg.de\/wp-content\/uploads\/sites\/127\/2019\/02\/stolze-Sportasse-11-e1551279800677-150x150.jpg\" alt=\"\" width=\"150\" height=\"150\" srcset=\"https:\/\/elbschule.hamburg.de\/wp-content\/uploads\/sites\/127\/2019\/02\/stolze-Sportasse-11-e1551279800677-150x150.jpg 150w, https:\/\/elbschule.hamburg.de\/wp-content\/uploads\/sites\/127\/2019\/02\/stolze-Sportasse-11-e1551279800677-50x50.jpg 50w\" sizes=\"auto, (max-width: 150px) 100vw, 150px\" \/><\/a><\/td>\n<td><a href=\"https:\/\/elbschule.hamburg.de\/?page_id=2018\">6-Tage-Rennen an der Elbschule<\/a><\/td>\n<\/tr>\n<tr>\n<td><\/td>\n<td><\/td>\n<\/tr>\n<\/tbody>\n<\/table>\n","protected":false},"excerpt":{"rendered":"<p>Hier finden Sie Beitr\u00e4ge aus dem Schuljahr 2018 \/ 2019. Viel Spa\u00df beim St\u00f6bern! Genug ist genug &#8211; Elbsch\u00fcler verlassen das Schiff Interview mit der Superklasse POP &#8211; die Praxisorientierte Pr\u00fcfung Die Sch\u00f6nen, die Lustigen und die Wilden Herzlich Willkommen &#8211; die 4 neuen Kolleginnen stellen sich vor Ein besonderer Lerngang 6-Tage-Rennen an der Elbschule<\/p>\n","protected":false},"author":195,"featured_media":0,"parent":0,"menu_order":0,"comment_status":"closed","ping_status":"closed","template":"","meta":{"_acf_changed":false,"footnotes":""},"class_list":["post-2201","page","type-page","status-publish","hentry"],"acf":[],"_links":{"self":[{"href":"https:\/\/elbschule.hamburg.de\/index.php?rest_route=\/wp\/v2\/pages\/2201","targetHints":{"allow":["GET"]}}],"collection":[{"href":"https:\/\/elbschule.hamburg.de\/index.php?rest_route=\/wp\/v2\/pages"}],"about":[{"href":"https:\/\/elbschule.hamburg.de\/index.php?rest_route=\/wp\/v2\/types\/page"}],"author":[{"embeddable":true,"href":"https:\/\/elbschule.hamburg.de\/index.php?rest_route=\/wp\/v2\/users\/195"}],"replies":[{"embeddable":true,"href":"https:\/\/elbschule.hamburg.de\/index.php?rest_route=%2Fwp%2Fv2%2Fcomments&post=2201"}],"version-history":[{"count":2,"href":"https:\/\/elbschule.hamburg.de\/index.php?rest_route=\/wp\/v2\/pages\/2201\/revisions"}],"predecessor-version":[{"id":3578,"href":"https:\/\/elbschule.hamburg.de\/index.php?rest_route=\/wp\/v2\/pages\/2201\/revisions\/3578"}],"wp:attachment":[{"href":"https:\/\/elbschule.hamburg.de\/index.php?rest_route=%2Fwp%2Fv2%2Fmedia&parent=2201"}],"curies":[{"name":"wp","href":"https:\/\/api.w.org\/{rel}","templated":true}]}}