{"id":2186,"date":"2019-08-05T08:21:17","date_gmt":"2019-08-05T08:21:17","guid":{"rendered":"https:\/\/elbschule.hamburg.de\/?page_id=2186"},"modified":"2019-08-07T16:06:19","modified_gmt":"2019-08-07T16:06:19","slug":"genug-ist-genug-elbschueler-verlassen-das-schiff","status":"publish","type":"page","link":"https:\/\/elbschule.hamburg.de\/?page_id=2186","title":{"rendered":"Genug ist genug \u2013 Elbsch\u00fcler verlassen das Schiff"},"content":{"rendered":"<p><img loading=\"lazy\" decoding=\"async\" class=\"aligncenter size-full wp-image-2189\" src=\"https:\/\/elbschule.hamburg.de\/wp-content\/uploads\/sites\/127\/2019\/08\/Entlassjahrgang_2019-e1565193942327.jpg\" alt=\"\" width=\"2012\" height=\"819\" srcset=\"https:\/\/elbschule.hamburg.de\/wp-content\/uploads\/sites\/127\/2019\/08\/Entlassjahrgang_2019-e1565193942327.jpg 2012w, https:\/\/elbschule.hamburg.de\/wp-content\/uploads\/sites\/127\/2019\/08\/Entlassjahrgang_2019-e1565193942327-300x122.jpg 300w, https:\/\/elbschule.hamburg.de\/wp-content\/uploads\/sites\/127\/2019\/08\/Entlassjahrgang_2019-e1565193942327-768x313.jpg 768w, https:\/\/elbschule.hamburg.de\/wp-content\/uploads\/sites\/127\/2019\/08\/Entlassjahrgang_2019-e1565193942327-1024x417.jpg 1024w\" sizes=\"auto, (max-width: 2012px) 100vw, 2012px\" \/>Wir gratulieren 31 Sch\u00fcler\/innen zum erfolgreichen Abschluss ihrer Schulzeit mit Mittlerem Schulabschluss (MSA), Erstem Allgemeinbildenden Schulabschluss (ESA) oder ohne Schulabschluss zum \u00dcbergang in weitere Bildungsma\u00dfnahmen: Alle guten W\u00fcnsche f\u00fcr euren weiteren Lebensweg! Jetzt hei\u00dft es \u201eAussteigen aus dem Elbschul-Schiff\u201c \u2013 das Festland wartet auf euch. AHOI!<\/p>\n<p><img loading=\"lazy\" decoding=\"async\" class=\"aligncenter size-full wp-image-2185\" src=\"https:\/\/elbschule.hamburg.de\/wp-content\/uploads\/sites\/127\/2019\/08\/IMG_0630.jpg\" alt=\"\" width=\"2048\" height=\"1536\" srcset=\"https:\/\/elbschule.hamburg.de\/wp-content\/uploads\/sites\/127\/2019\/08\/IMG_0630.jpg 2048w, https:\/\/elbschule.hamburg.de\/wp-content\/uploads\/sites\/127\/2019\/08\/IMG_0630-300x225.jpg 300w, https:\/\/elbschule.hamburg.de\/wp-content\/uploads\/sites\/127\/2019\/08\/IMG_0630-768x576.jpg 768w, https:\/\/elbschule.hamburg.de\/wp-content\/uploads\/sites\/127\/2019\/08\/IMG_0630-1024x768.jpg 1024w\" sizes=\"auto, (max-width: 2048px) 100vw, 2048px\" \/> <img loading=\"lazy\" decoding=\"async\" class=\"aligncenter size-full wp-image-2184\" src=\"https:\/\/elbschule.hamburg.de\/wp-content\/uploads\/sites\/127\/2019\/08\/10S-II.jpg\" alt=\"\" width=\"2048\" height=\"1536\" srcset=\"https:\/\/elbschule.hamburg.de\/wp-content\/uploads\/sites\/127\/2019\/08\/10S-II.jpg 2048w, https:\/\/elbschule.hamburg.de\/wp-content\/uploads\/sites\/127\/2019\/08\/10S-II-300x225.jpg 300w, https:\/\/elbschule.hamburg.de\/wp-content\/uploads\/sites\/127\/2019\/08\/10S-II-768x576.jpg 768w, https:\/\/elbschule.hamburg.de\/wp-content\/uploads\/sites\/127\/2019\/08\/10S-II-1024x768.jpg 1024w\" sizes=\"auto, (max-width: 2048px) 100vw, 2048px\" \/> <img loading=\"lazy\" decoding=\"async\" class=\"aligncenter size-full wp-image-2183\" src=\"https:\/\/elbschule.hamburg.de\/wp-content\/uploads\/sites\/127\/2019\/08\/10-I.jpg\" alt=\"\" width=\"2048\" height=\"1536\" srcset=\"https:\/\/elbschule.hamburg.de\/wp-content\/uploads\/sites\/127\/2019\/08\/10-I.jpg 2048w, https:\/\/elbschule.hamburg.de\/wp-content\/uploads\/sites\/127\/2019\/08\/10-I-300x225.jpg 300w, https:\/\/elbschule.hamburg.de\/wp-content\/uploads\/sites\/127\/2019\/08\/10-I-768x576.jpg 768w, https:\/\/elbschule.hamburg.de\/wp-content\/uploads\/sites\/127\/2019\/08\/10-I-1024x768.jpg 1024w\" sizes=\"auto, (max-width: 2048px) 100vw, 2048px\" \/> <img loading=\"lazy\" decoding=\"async\" class=\"aligncenter size-full wp-image-2182\" src=\"https:\/\/elbschule.hamburg.de\/wp-content\/uploads\/sites\/127\/2019\/08\/10F-I.jpg\" alt=\"\" width=\"2048\" height=\"1536\" srcset=\"https:\/\/elbschule.hamburg.de\/wp-content\/uploads\/sites\/127\/2019\/08\/10F-I.jpg 2048w, https:\/\/elbschule.hamburg.de\/wp-content\/uploads\/sites\/127\/2019\/08\/10F-I-300x225.jpg 300w, https:\/\/elbschule.hamburg.de\/wp-content\/uploads\/sites\/127\/2019\/08\/10F-I-768x576.jpg 768w, https:\/\/elbschule.hamburg.de\/wp-content\/uploads\/sites\/127\/2019\/08\/10F-I-1024x768.jpg 1024w\" sizes=\"auto, (max-width: 2048px) 100vw, 2048px\" \/><\/p>\n<p>Karin Perwo-A\u00dfmann<\/p>\n","protected":false},"excerpt":{"rendered":"<p>Wir gratulieren 31 Sch\u00fcler\/innen zum erfolgreichen Abschluss ihrer Schulzeit mit Mittlerem Schulabschluss (MSA), Erstem Allgemeinbildenden Schulabschluss (ESA) oder ohne Schulabschluss zum \u00dcbergang in weitere Bildungsma\u00dfnahmen: Alle guten W\u00fcnsche f\u00fcr euren weiteren Lebensweg! Jetzt hei\u00dft es \u201eAussteigen aus dem Elbschul-Schiff\u201c \u2013 das Festland wartet auf euch. AHOI! Karin Perwo-A\u00dfmann<\/p>\n","protected":false},"author":206,"featured_media":0,"parent":0,"menu_order":0,"comment_status":"closed","ping_status":"closed","template":"","meta":{"_acf_changed":false,"footnotes":""},"class_list":["post-2186","page","type-page","status-publish","hentry"],"acf":[],"_links":{"self":[{"href":"https:\/\/elbschule.hamburg.de\/index.php?rest_route=\/wp\/v2\/pages\/2186","targetHints":{"allow":["GET"]}}],"collection":[{"href":"https:\/\/elbschule.hamburg.de\/index.php?rest_route=\/wp\/v2\/pages"}],"about":[{"href":"https:\/\/elbschule.hamburg.de\/index.php?rest_route=\/wp\/v2\/types\/page"}],"author":[{"embeddable":true,"href":"https:\/\/elbschule.hamburg.de\/index.php?rest_route=\/wp\/v2\/users\/206"}],"replies":[{"embeddable":true,"href":"https:\/\/elbschule.hamburg.de\/index.php?rest_route=%2Fwp%2Fv2%2Fcomments&post=2186"}],"version-history":[{"count":1,"href":"https:\/\/elbschule.hamburg.de\/index.php?rest_route=\/wp\/v2\/pages\/2186\/revisions"}],"predecessor-version":[{"id":2187,"href":"https:\/\/elbschule.hamburg.de\/index.php?rest_route=\/wp\/v2\/pages\/2186\/revisions\/2187"}],"wp:attachment":[{"href":"https:\/\/elbschule.hamburg.de\/index.php?rest_route=%2Fwp%2Fv2%2Fmedia&parent=2186"}],"curies":[{"name":"wp","href":"https:\/\/api.w.org\/{rel}","templated":true}]}}