{"id":2168,"date":"2019-06-27T07:21:25","date_gmt":"2019-06-27T07:21:25","guid":{"rendered":"https:\/\/elbschule.hamburg.de\/?page_id=2168"},"modified":"2019-06-27T08:22:02","modified_gmt":"2019-06-27T08:22:02","slug":"elbschulkulturtag-am-24-mai-2019-zeig-deine-kreativitaet","status":"publish","type":"page","link":"https:\/\/elbschule.hamburg.de\/?page_id=2168","title":{"rendered":"Elbschulkulturtag am  24.Mai 2019 &#8211; Zeig deine Kreativit\u00e4t"},"content":{"rendered":"<div id=\"metaslider-id-2151\" style=\"max-width: 640px; margin: 0 auto;\" class=\"ml-slider-3-107-0 metaslider metaslider-nivo metaslider-2151 ml-slider ms-theme-disjoint\" role=\"region\" aria-label=\"ESKT 2019\" data-height=\"329\" data-width=\"640\">\n    <div id=\"metaslider_container_2151\">\n        <div class='slider-wrapper theme-default'><div class='ribbon'><\/div><div id='metaslider_2151' class='nivoSlider'><img loading=\"lazy\" decoding=\"async\" src=\"https:\/\/elbschule.hamburg.de\/wp-content\/uploads\/sites\/127\/2019\/06\/Willkommen-3-640x329.jpg\" height=\"329\" width=\"640\" data-caption=\"Willkommen\" title=\"Willkommen-3\" alt=\"\" class=\"slider-2151 slide-2152 msDefaultImage\" \/><img loading=\"lazy\" decoding=\"async\" src=\"https:\/\/elbschule.hamburg.de\/wp-content\/uploads\/sites\/127\/2019\/06\/Akrobatik-6-640x329.jpg\" height=\"329\" width=\"640\" data-caption=\"Akrobatik\" title=\"Akrobatik-6\" alt=\"\" class=\"slider-2151 slide-2167 msDefaultImage\" \/><img loading=\"lazy\" decoding=\"async\" src=\"https:\/\/elbschule.hamburg.de\/wp-content\/uploads\/sites\/127\/2019\/06\/Wer-sind-wir-5-640x329.jpg\" height=\"329\" width=\"640\" data-caption=\"Wer sind wir\" title=\"Wer sind wir-5\" alt=\"\" class=\"slider-2151 slide-2155 msDefaultImage\" \/><img loading=\"lazy\" decoding=\"async\" src=\"https:\/\/elbschule.hamburg.de\/wp-content\/uploads\/sites\/127\/2019\/06\/Manege-frei-8-640x329.jpg\" height=\"329\" width=\"640\" data-caption=\"Manege frei\" title=\"Manege frei-8\" alt=\"\" class=\"slider-2151 slide-2162 msDefaultImage\" \/><img loading=\"lazy\" decoding=\"async\" src=\"https:\/\/elbschule.hamburg.de\/wp-content\/uploads\/sites\/127\/2019\/06\/Werkstatt-2-640x329.jpg\" height=\"329\" width=\"640\" data-caption=\"Werkstatt\" title=\"Werkstatt-2\" alt=\"\" class=\"slider-2151 slide-2154 msDefaultImage\" \/><img loading=\"lazy\" decoding=\"async\" src=\"https:\/\/elbschule.hamburg.de\/wp-content\/uploads\/sites\/127\/2019\/06\/Verru\u0308ckte-Ideen-1-640x329.jpg\" height=\"329\" width=\"640\" data-caption=\"Verr&uuml;ckte Ideen\" title=\"Verru\u0308ckte Ideen-1\" alt=\"\" class=\"slider-2151 slide-2157 msDefaultImage\" \/><img loading=\"lazy\" decoding=\"async\" src=\"https:\/\/elbschule.hamburg.de\/wp-content\/uploads\/sites\/127\/2019\/06\/Trommelfell-15-640x329.jpg\" height=\"329\" width=\"640\" data-caption=\"Trommelfell\" title=\"Trommelfell-15\" alt=\"\" class=\"slider-2151 slide-2158 msDefaultImage\" \/><img loading=\"lazy\" decoding=\"async\" src=\"https:\/\/elbschule.hamburg.de\/wp-content\/uploads\/sites\/127\/2019\/06\/Stammbaum-der-Monsterfamilie-4-640x329.jpg\" height=\"329\" width=\"640\" data-caption=\"Stammbaum der Monsterfamilie\" title=\"Stammbaum der Monsterfamilie-4\" alt=\"\" class=\"slider-2151 slide-2159 msDefaultImage\" \/><img loading=\"lazy\" decoding=\"async\" src=\"https:\/\/elbschule.hamburg.de\/wp-content\/uploads\/sites\/127\/2019\/06\/Moderatorinnen-10-640x329.jpg\" height=\"329\" width=\"640\" data-caption=\"Moderatorinnen\" title=\"Moderatorinnen-10\" alt=\"\" class=\"slider-2151 slide-2161 msDefaultImage\" \/><img loading=\"lazy\" decoding=\"async\" src=\"https:\/\/elbschule.hamburg.de\/wp-content\/uploads\/sites\/127\/2019\/06\/Geisterbahn-im-Keller-13-640x329.jpg\" height=\"329\" width=\"640\" data-caption=\"Geisterbahn im Keller\" title=\"Geisterbahn im Keller-13\" alt=\"\" class=\"slider-2151 slide-2163 msDefaultImage\" \/><img loading=\"lazy\" decoding=\"async\" src=\"https:\/\/elbschule.hamburg.de\/wp-content\/uploads\/sites\/127\/2019\/06\/Kleine-feiern-gro\u00df-9-640x329.jpg\" height=\"329\" width=\"640\" data-caption=\"Kleine feiern gro&szlig;\" title=\"Kleine feiern gro\u00df-9\" alt=\"\" class=\"slider-2151 slide-2164 msDefaultImage\" \/><img loading=\"lazy\" decoding=\"async\" src=\"https:\/\/elbschule.hamburg.de\/wp-content\/uploads\/sites\/127\/2019\/06\/Eray-und-Dragica-an-den-Gitarren-11-640x329.jpg\" height=\"329\" width=\"640\" data-caption=\"Eray und Dragica an den Gitarren\" title=\"Eray und Dragica an den Gitarren-11\" alt=\"\" class=\"slider-2151 slide-2165 msDefaultImage\" \/><img loading=\"lazy\" decoding=\"async\" src=\"https:\/\/elbschule.hamburg.de\/wp-content\/uploads\/sites\/127\/2019\/06\/viele-Besucher-16-640x329.jpg\" height=\"329\" width=\"640\" data-caption=\"Viele Besucher\" title=\"viele Besucher-16\" alt=\"\" class=\"slider-2151 slide-2156 msDefaultImage\" \/><\/div><\/div>\n        \n    <\/div>\n<\/div>\n<p>&nbsp;<\/p>\n<p style=\"text-align: left\">Alle Jahre wieder: Zum f\u00fcnften Mal zeigten die Elbsch\u00fcler\/innen (in der Sporthalle, auf der B\u00fchne, in den Fluren und Klassenzimmern) ihre vielf\u00e4ltige Kreativit\u00e4t in Form von live-Auftritten, Vorf\u00fchrungen per Video und in Ausstellungen. Die G\u00e4ste konnten die Zirkus-Vorf\u00fchrungen der Grundschule in der Sporthalle bewundern, die Jahresband und die Percussiongruppe \u201eTrommelfell\u201c live, Schwarzlichttheater und Tanzeinlagen als Filme in der Aula erleben und die vielen Ausstellungen (der kreativen Werke) in den Fluren und ge\u00f6ffneten Klassenr\u00e4umen erkunden. Mitmachaktionen wie \u201eFest der lebenden Kunst\u201c und \u201e#Quatschfotos\u201c bereiteten Vielen sichtbaren Spa\u00df.<\/p>\n<p>&nbsp;<\/p>\n<div id='gallery-1' class='gallery galleryid-2168 gallery-columns-3 gallery-size-medium'><figure class='gallery-item'>\n\t\t\t<div class='gallery-icon portrait'>\n\t\t\t\t<img loading=\"lazy\" decoding=\"async\" width=\"225\" height=\"300\" src=\"https:\/\/elbschule.hamburg.de\/wp-content\/uploads\/sites\/127\/2019\/06\/Wilde-Tiere-in-der-Ho\u0308he-7-225x300.jpg\" class=\"attachment-medium size-medium\" alt=\"\" aria-describedby=\"gallery-1-2147\" srcset=\"https:\/\/elbschule.hamburg.de\/wp-content\/uploads\/sites\/127\/2019\/06\/Wilde-Tiere-in-der-Ho\u0308he-7-225x300.jpg 225w, https:\/\/elbschule.hamburg.de\/wp-content\/uploads\/sites\/127\/2019\/06\/Wilde-Tiere-in-der-Ho\u0308he-7.jpg 295w\" sizes=\"auto, (max-width: 225px) 100vw, 225px\" \/>\n\t\t\t<\/div>\n\t\t\t\t<figcaption class='wp-caption-text gallery-caption' id='gallery-1-2147'>\n\t\t\t\tH\u00f6henakrobatik\n\t\t\t\t<\/figcaption><\/figure><figure class='gallery-item'>\n\t\t\t<div class='gallery-icon portrait'>\n\t\t\t\t<img loading=\"lazy\" decoding=\"async\" width=\"199\" height=\"300\" src=\"https:\/\/elbschule.hamburg.de\/wp-content\/uploads\/sites\/127\/2019\/06\/Bewunderung-14-199x300.jpg\" class=\"attachment-medium size-medium\" alt=\"\" aria-describedby=\"gallery-1-2134\" srcset=\"https:\/\/elbschule.hamburg.de\/wp-content\/uploads\/sites\/127\/2019\/06\/Bewunderung-14-199x300.jpg 199w, https:\/\/elbschule.hamburg.de\/wp-content\/uploads\/sites\/127\/2019\/06\/Bewunderung-14.jpg 261w\" sizes=\"auto, (max-width: 199px) 100vw, 199px\" \/>\n\t\t\t<\/div>\n\t\t\t\t<figcaption class='wp-caption-text gallery-caption' id='gallery-1-2134'>\n\t\t\t\tBewunderung\n\t\t\t\t<\/figcaption><\/figure><figure class='gallery-item'>\n\t\t\t<div class='gallery-icon portrait'>\n\t\t\t\t<img loading=\"lazy\" decoding=\"async\" width=\"225\" height=\"300\" src=\"https:\/\/elbschule.hamburg.de\/wp-content\/uploads\/sites\/127\/2019\/06\/Schminkaktion-12-225x300.jpg\" class=\"attachment-medium size-medium\" alt=\"\" aria-describedby=\"gallery-1-2140\" srcset=\"https:\/\/elbschule.hamburg.de\/wp-content\/uploads\/sites\/127\/2019\/06\/Schminkaktion-12-225x300.jpg 225w, https:\/\/elbschule.hamburg.de\/wp-content\/uploads\/sites\/127\/2019\/06\/Schminkaktion-12.jpg 295w\" sizes=\"auto, (max-width: 225px) 100vw, 225px\" \/>\n\t\t\t<\/div>\n\t\t\t\t<figcaption class='wp-caption-text gallery-caption' id='gallery-1-2140'>\n\t\t\t\tSchminkaktion\n\t\t\t\t<\/figcaption><\/figure>\n\t\t<\/div>\n\n<p>Einige Beispiele aus den Ausstellungen:<\/p>\n<p><strong>Kreativer Brei \u2013 ein japanisches Erz\u00e4hltheater <\/strong><\/p>\n<p>Die Klasse 5\/6 -S-I erz\u00e4hlte ein M\u00e4rchen anhand von selbstgemalten Szenenbildern nach. Die Parallelklasse 6\/7- II hatte zuvor f\u00fcr das Vorhaben in der Werkstatt einen japanischen Holzrahmen gebaut, in den die einzelnen Bildkarten gesteckt und dazu die Geschichte vorgelesen wurde. Das Ganze konnten die Zuschauer in Form eines Videos erleben.<\/p>\n<figure id=\"attachment_2070\" aria-describedby=\"caption-attachment-2070\" style=\"width: 194px\" class=\"wp-caption aligncenter\"><img loading=\"lazy\" decoding=\"async\" class=\" wp-image-2070\" src=\"https:\/\/elbschule.hamburg.de\/wp-content\/uploads\/sites\/127\/2019\/04\/Bildschirmfoto-2019-04-26-um-18.49.53-213x300.png\" alt=\"\" width=\"194\" height=\"273\" srcset=\"https:\/\/elbschule.hamburg.de\/wp-content\/uploads\/sites\/127\/2019\/04\/Bildschirmfoto-2019-04-26-um-18.49.53-213x300.png 213w, https:\/\/elbschule.hamburg.de\/wp-content\/uploads\/sites\/127\/2019\/04\/Bildschirmfoto-2019-04-26-um-18.49.53.png 401w\" sizes=\"auto, (max-width: 194px) 100vw, 194px\" \/><figcaption id=\"caption-attachment-2070\" class=\"wp-caption-text\">Einladung<\/figcaption><\/figure>\n<p><strong>Es war einmal eine Monsterfamilie\u2026eine Geschichten in Bildern, Skulpturen und Texten<\/strong><\/p>\n<p>Die Besucher lernten die Monsterfamilie zun\u00e4chst anhand eines Stammbaumes und der Skulpturen kennen. Die Klassen 5-6 F-I und 5a F-II stellten die Familienmitglieder, deren Freunde, Feinde und Erlebnisse in ihren Geschichten vor. Zum Schluss wurden die Besucher aufgefordert, ihr eigenes Monster zu zeichnen. Diese Ergebnisse wurden auch ausgestellt.<\/p>\n<p><strong>Fest der lebenden Kunst \u2013 eine Mitmachaktion<\/strong><\/p>\n<p>Die Klasse 7\/8-I hatte ber\u00fchmte Gem\u00e4lde als Hintergrundkulissen auf gro\u00dfe Plakate gemalt. Die Besucher konnten die Figuren des Originalgem\u00e4ldes mit entsprechenden Requisiten nachstellen, so dass verbl\u00fcffende Fotos entstanden.<\/p>\n<p><strong>Schreibtanz \u2013 eine k\u00fcnstlerische Form des Schrifterwerbs<\/strong><\/p>\n<p>Die VSK-I (Vorschulklasse) zeigte mit ihren Bildern eine Methode zur F\u00f6rderung und Entwicklung der Schrift. Diese grobmotorische \u00dcbung wurde paarweise und zum Teil mit Musik durchgef\u00fchrt. Die Ergebnisse zeigten die individuelle Kreativit\u00e4t der Vorschulkinder.<\/p>\n<p><strong>POP POP Boot \u2013 Knatterboote selbst gemacht<\/strong><\/p>\n<p>Im Rahmen des Jahresprojektes \u201eMove it\u201c der Klassen 5-6 F-I und 5a F-II, in dem die Sch\u00fcler\/innen verschiedene Bewegungsarten kennenlernten und ausprobierten, hatten sie ihre selbst gebauten Knatterboote hergestellt. Die Boote knattern los, wenn ein Teelicht unter den Motor gestellt wird.<\/p>\n<p><strong>H\u00f6hle der verr\u00fcckten Ideen \u2013 Kreativ die Umwelt sch\u00fctzen<\/strong><\/p>\n<p>In einem Dokumentationstagebuch entwickelte Klasse 8-II verr\u00fcckte Ideen zum besseren Schutz der Umwelt. Die Ergebnisse wurden grafisch dargestellt und in ein Modell umgesetzt. Es gab u.a. eine \u201eSuper-Toilette\u201c, ein \u201eStromsparumwelt-Modell\u201c und ein \u201ewaterspeed-boat\u201c zu sehen. Die Ideen zeigten, wie Jugendliche sich kreativ mit dem Umweltthema auseinandersetzen k\u00f6nnen.<\/p>\n<p>Der bunte Nachmittag klang aus mit einer letzten Musikeinlage der \u201eTrommelfelle\u201c vor dem Schulgeb\u00e4ude, sodass wohl Jede\/r mit vielf\u00e4ltigen visuellen und akustischen Eindr\u00fccken den Heimweg antrat.<\/p>\n<p>Katharina von Puttkamer<\/p>\n<p>&nbsp;<\/p>\n<p>&nbsp;<\/p>\n<p><strong>\u00a0<\/strong><\/p>\n","protected":false},"excerpt":{"rendered":"<p>&nbsp; Alle Jahre wieder: Zum f\u00fcnften Mal zeigten die Elbsch\u00fcler\/innen (in der Sporthalle, auf der B\u00fchne, in den Fluren und Klassenzimmern) ihre vielf\u00e4ltige Kreativit\u00e4t in Form von live-Auftritten, Vorf\u00fchrungen per Video und in Ausstellungen. Die G\u00e4ste konnten die Zirkus-Vorf\u00fchrungen der Grundschule in der Sporthalle bewundern, die Jahresband und die Percussiongruppe \u201eTrommelfell\u201c live, Schwarzlichttheater und Tanzeinlagen &hellip; <a href=\"https:\/\/elbschule.hamburg.de\/?page_id=2168\" class=\"more-link\"><span class=\"screen-reader-text\">Elbschulkulturtag am  24.Mai 2019 &#8211; Zeig deine Kreativit\u00e4t<\/span> weiterlesen <span class=\"meta-nav\">&rarr;<\/span><\/a><\/p>\n","protected":false},"author":206,"featured_media":0,"parent":0,"menu_order":0,"comment_status":"closed","ping_status":"closed","template":"","meta":{"_acf_changed":false,"footnotes":""},"class_list":["post-2168","page","type-page","status-publish","hentry"],"acf":[],"_links":{"self":[{"href":"https:\/\/elbschule.hamburg.de\/index.php?rest_route=\/wp\/v2\/pages\/2168","targetHints":{"allow":["GET"]}}],"collection":[{"href":"https:\/\/elbschule.hamburg.de\/index.php?rest_route=\/wp\/v2\/pages"}],"about":[{"href":"https:\/\/elbschule.hamburg.de\/index.php?rest_route=\/wp\/v2\/types\/page"}],"author":[{"embeddable":true,"href":"https:\/\/elbschule.hamburg.de\/index.php?rest_route=\/wp\/v2\/users\/206"}],"replies":[{"embeddable":true,"href":"https:\/\/elbschule.hamburg.de\/index.php?rest_route=%2Fwp%2Fv2%2Fcomments&post=2168"}],"version-history":[{"count":1,"href":"https:\/\/elbschule.hamburg.de\/index.php?rest_route=\/wp\/v2\/pages\/2168\/revisions"}],"predecessor-version":[{"id":2169,"href":"https:\/\/elbschule.hamburg.de\/index.php?rest_route=\/wp\/v2\/pages\/2168\/revisions\/2169"}],"wp:attachment":[{"href":"https:\/\/elbschule.hamburg.de\/index.php?rest_route=%2Fwp%2Fv2%2Fmedia&parent=2168"}],"curies":[{"name":"wp","href":"https:\/\/api.w.org\/{rel}","templated":true}]}}