{"id":2105,"date":"2019-05-07T17:48:35","date_gmt":"2019-05-07T17:48:35","guid":{"rendered":"https:\/\/elbschule.hamburg.de\/?page_id=2105"},"modified":"2019-05-07T17:48:35","modified_gmt":"2019-05-07T17:48:35","slug":"pop-die-praxisorientierte-pruefung","status":"publish","type":"page","link":"https:\/\/elbschule.hamburg.de\/?page_id=2105","title":{"rendered":"PoP &#8211; die Praxisorientierte Pr\u00fcfung"},"content":{"rendered":"<p><a href=\"https:\/\/elbschule.hamburg.de\/wp-content\/uploads\/sites\/127\/2019\/05\/Schlauch-abrollen.jpg\" data-rel=\"lightbox\" data-rl_title=\"\" data-rl_caption=\"\" title=\"\"><img loading=\"lazy\" decoding=\"async\" class=\"alignleft wp-image-2104 size-medium\" src=\"https:\/\/elbschule.hamburg.de\/wp-content\/uploads\/sites\/127\/2019\/05\/Schlauch-abrollen-225x300.jpg\" alt=\"\" width=\"225\" height=\"300\" srcset=\"https:\/\/elbschule.hamburg.de\/wp-content\/uploads\/sites\/127\/2019\/05\/Schlauch-abrollen-225x300.jpg 225w, https:\/\/elbschule.hamburg.de\/wp-content\/uploads\/sites\/127\/2019\/05\/Schlauch-abrollen.jpg 640w\" sizes=\"auto, (max-width: 225px) 100vw, 225px\" \/><\/a>An allen Hamburger Stadtteilschulen ist die Praxisorientierte Pr\u00fcfung ein fester Bestandteil der Abschlusspr\u00fcfung zum ESA (Erster allgemeiner Schulabschluss). Auch die Neuntkl\u00e4ssler\/innen der Elbschule bereiteten sich in einem der Hauptf\u00e4cher darauf vor. Sie w\u00e4hlten ihre Themen in Zweier- bzw. Dreiergruppen je nach Kompetenzen und Vorlieben, aus den Erfahrungen im Praktikum oder Hobby. In diesem Jahr waren wieder interessante Gruppen-Themen dabei: Styling f\u00fcr die Abschlussfeier, Aufw\u00e4rmen beim Ballsport, Zubereitung von Gerichten in der Lehrk\u00fcche, Aufgaben in der Jugendfeuerwehr, Orthop\u00e4dietechnik, Hundetraining usw.<\/p>\n<p>Das jeweilige Gruppenthema wurde von den Pr\u00fcflingen in <a href=\"https:\/\/elbschule.hamburg.de\/wp-content\/uploads\/sites\/127\/2019\/05\/Hundetraining.jpg\" data-rel=\"lightbox\" data-rl_title=\"\" data-rl_caption=\"\" title=\"\"><img loading=\"lazy\" decoding=\"async\" class=\"alignright wp-image-2101 size-medium\" src=\"https:\/\/elbschule.hamburg.de\/wp-content\/uploads\/sites\/127\/2019\/05\/Hundetraining-225x300.jpg\" alt=\"\" width=\"225\" height=\"300\" srcset=\"https:\/\/elbschule.hamburg.de\/wp-content\/uploads\/sites\/127\/2019\/05\/Hundetraining-225x300.jpg 225w, https:\/\/elbschule.hamburg.de\/wp-content\/uploads\/sites\/127\/2019\/05\/Hundetraining.jpg 640w\" sizes=\"auto, (max-width: 225px) 100vw, 225px\" \/><\/a>unterschiedlicher Weise &#8211; mit Powerpoint oder in einem freien Vortrag &#8211;\u00a0 pr\u00e4sentiert und anschlie\u00dfend zeigte jede\/r einzeln ihr\/sein K\u00f6nnen anhand von praktischen Vorf\u00fchrungen. Beim Thema \u201eStyling f\u00fcr die Abschlussfeier\u201c\u00a0 wurde z.B. ein aufw\u00e4ndiges Make-up erstellt und eine besondere Frisur gestaltet. \u00a0Beim Thema \u201eHundetraining\u201c zeigten drei Sch\u00fclerinnen mit ihren eigenen Hunden einge\u00fcbte Tricks, Agilitytraining (Parcour f\u00fcr Hunde) mit z.T. selbst hergestellten Hindernissen und die F\u00e4hrtensuche. Bei den T\u00e4tigkeiten der Feuerwehr wurden Teile der \u201eErsten Hilfe\u201c, das fachgerechte Ab- und Aufrollen von Schl\u00e4uchen und besondere Knoten vorgef\u00fchrt.<\/p>\n<p><a href=\"https:\/\/elbschule.hamburg.de\/wp-content\/uploads\/sites\/127\/2019\/05\/Knoten.jpg\" data-rel=\"lightbox\" data-rl_title=\"\" data-rl_caption=\"\" title=\"\"><img loading=\"lazy\" decoding=\"async\" class=\"alignleft size-thumbnail wp-image-2103\" src=\"https:\/\/elbschule.hamburg.de\/wp-content\/uploads\/sites\/127\/2019\/05\/Knoten-150x150.jpg\" alt=\"\" width=\"150\" height=\"150\" srcset=\"https:\/\/elbschule.hamburg.de\/wp-content\/uploads\/sites\/127\/2019\/05\/Knoten-150x150.jpg 150w, https:\/\/elbschule.hamburg.de\/wp-content\/uploads\/sites\/127\/2019\/05\/Knoten-50x50.jpg 50w\" sizes=\"auto, (max-width: 150px) 100vw, 150px\" \/><\/a>Beeindruckend f\u00fcr die vierk\u00f6pfige Pr\u00fcfungskommission war das Fachwissen, das die Sch\u00fcler\/innen au\u00dferhalb des Unterrichts erworben hatten und \u00fcberzeugend vorf\u00fchren konnten.<\/p>\n<p>&nbsp;<\/p>\n<p>Diese Praxisorientierte Pr\u00fcfung gibt vor <a href=\"https:\/\/elbschule.hamburg.de\/wp-content\/uploads\/sites\/127\/2019\/05\/IMG_5042.jpg\" data-rel=\"lightbox\" data-rl_title=\"\" data-rl_caption=\"\" title=\"\"><img loading=\"lazy\" decoding=\"async\" class=\"alignright wp-image-2102 size-thumbnail\" src=\"https:\/\/elbschule.hamburg.de\/wp-content\/uploads\/sites\/127\/2019\/05\/IMG_5042-150x150.jpg\" alt=\"\" width=\"150\" height=\"150\" srcset=\"https:\/\/elbschule.hamburg.de\/wp-content\/uploads\/sites\/127\/2019\/05\/IMG_5042-150x150.jpg 150w, https:\/\/elbschule.hamburg.de\/wp-content\/uploads\/sites\/127\/2019\/05\/IMG_5042-50x50.jpg 50w\" sizes=\"auto, (max-width: 150px) 100vw, 150px\" \/><\/a>allem den Sch\u00fcler\/innen, die in der Theorie eher Schwierigkeiten haben, die M\u00f6glichkeit, ihre praktischen Kompetenzen zu zeigen. Sie bekommen somit die Chance, mit einer besonders guten Note aus der m\u00fcndlichen Pr\u00fcfung &#8211; in diesem Fall im Fach Deutsch- zu gehen.<\/p>\n<p><a href=\"https:\/\/elbschule.hamburg.de\/wp-content\/uploads\/sites\/127\/2019\/05\/Erste-Hilfe.jpg\" data-rel=\"lightbox\" data-rl_title=\"\" data-rl_caption=\"\" title=\"\"><img loading=\"lazy\" decoding=\"async\" class=\"alignleft size-thumbnail wp-image-2100\" src=\"https:\/\/elbschule.hamburg.de\/wp-content\/uploads\/sites\/127\/2019\/05\/Erste-Hilfe-150x150.jpg\" alt=\"\" width=\"150\" height=\"150\" srcset=\"https:\/\/elbschule.hamburg.de\/wp-content\/uploads\/sites\/127\/2019\/05\/Erste-Hilfe-150x150.jpg 150w, https:\/\/elbschule.hamburg.de\/wp-content\/uploads\/sites\/127\/2019\/05\/Erste-Hilfe-50x50.jpg 50w\" sizes=\"auto, (max-width: 150px) 100vw, 150px\" \/><\/a>Samira \u00e4u\u00dferte sich erleichtert: \u201eDiese Pr\u00fcfung war sehr entspannt f\u00fcr mich. Es hat mich sicher gemacht, weil mein Hund dabei war.\u201c \u201e F\u00fcr mich war das toll, weil ich \u00fcber mein Hobby reden konnte und zeigen, was ich alles wei\u00df \u00fcber die Feuerwehr,\u201c meinte Emma.<\/p>\n<p>&nbsp;<\/p>\n<p>Die schriftlichen Pr\u00fcfungen zum ESA finden im Mai statt. Den Pr\u00fcflingen daf\u00fcr viel Erfolg!<\/p>\n<p>Katharina von Puttkamer<\/p>\n","protected":false},"excerpt":{"rendered":"<p>An allen Hamburger Stadtteilschulen ist die Praxisorientierte Pr\u00fcfung ein fester Bestandteil der Abschlusspr\u00fcfung zum ESA (Erster allgemeiner Schulabschluss). Auch die Neuntkl\u00e4ssler\/innen der Elbschule bereiteten sich in einem der Hauptf\u00e4cher darauf vor. Sie w\u00e4hlten ihre Themen in Zweier- bzw. Dreiergruppen je nach Kompetenzen und Vorlieben, aus den Erfahrungen im Praktikum oder Hobby. In diesem Jahr waren &hellip; <a href=\"https:\/\/elbschule.hamburg.de\/?page_id=2105\" class=\"more-link\"><span class=\"screen-reader-text\">PoP &#8211; die Praxisorientierte Pr\u00fcfung<\/span> weiterlesen <span class=\"meta-nav\">&rarr;<\/span><\/a><\/p>\n","protected":false},"author":207,"featured_media":0,"parent":0,"menu_order":0,"comment_status":"closed","ping_status":"closed","template":"","meta":{"_acf_changed":false,"footnotes":""},"class_list":["post-2105","page","type-page","status-publish","hentry"],"acf":[],"_links":{"self":[{"href":"https:\/\/elbschule.hamburg.de\/index.php?rest_route=\/wp\/v2\/pages\/2105","targetHints":{"allow":["GET"]}}],"collection":[{"href":"https:\/\/elbschule.hamburg.de\/index.php?rest_route=\/wp\/v2\/pages"}],"about":[{"href":"https:\/\/elbschule.hamburg.de\/index.php?rest_route=\/wp\/v2\/types\/page"}],"author":[{"embeddable":true,"href":"https:\/\/elbschule.hamburg.de\/index.php?rest_route=\/wp\/v2\/users\/207"}],"replies":[{"embeddable":true,"href":"https:\/\/elbschule.hamburg.de\/index.php?rest_route=%2Fwp%2Fv2%2Fcomments&post=2105"}],"version-history":[{"count":0,"href":"https:\/\/elbschule.hamburg.de\/index.php?rest_route=\/wp\/v2\/pages\/2105\/revisions"}],"wp:attachment":[{"href":"https:\/\/elbschule.hamburg.de\/index.php?rest_route=%2Fwp%2Fv2%2Fmedia&parent=2105"}],"curies":[{"name":"wp","href":"https:\/\/api.w.org\/{rel}","templated":true}]}}