{"id":2039,"date":"2019-04-14T07:58:16","date_gmt":"2019-04-14T07:58:16","guid":{"rendered":"https:\/\/elbschule.hamburg.de\/?page_id=2039"},"modified":"2019-04-14T08:10:40","modified_gmt":"2019-04-14T08:10:40","slug":"herzlich-willkommen-die-neuen-kolleginnen-stellen-sich-vor","status":"publish","type":"page","link":"https:\/\/elbschule.hamburg.de\/?page_id=2039","title":{"rendered":"Herzlich willkommen \u2013 die 4 neuen Kolleginnen stellen sich vor"},"content":{"rendered":"<p><a href=\"https:\/\/elbschule.hamburg.de\/wp-content\/uploads\/sites\/127\/2019\/04\/Frau-Wiese-Frau-Heine-Frau-Neumann-e1555229048984.jpg\" data-rel=\"lightbox\" data-rl_title=\"\" data-rl_caption=\"\" title=\"\"><img loading=\"lazy\" decoding=\"async\" class=\"wp-image-2038 alignright\" src=\"https:\/\/elbschule.hamburg.de\/wp-content\/uploads\/sites\/127\/2019\/04\/Frau-Wiese-Frau-Heine-Frau-Neumann-768x1024.jpg\" alt=\"\" width=\"222\" height=\"296\" \/><\/a><span style=\"color: #339966\"><strong>1. Herzlich willkommen Frau Wiese!<\/strong><\/span><\/p>\n<p><strong>Woher kommen Sie?<\/strong><\/p>\n<p>Ich bin in Hamburg geboren und aufgewachsen. Ich liebe Hamburg und war nie ganz lange weg.<\/p>\n<p><strong>Warum wollten Sie an die Elbschule?<\/strong><\/p>\n<p>Ich habe mein Referendariat hier bereits gemacht und schon zu Beginn meines Studiums war es mein gro\u00dfer Wunsch hier an der Elbschule zu arbeiten.<\/p>\n<p><strong>In welchen Abteilungen der Elbschule sind Sie eingesetzt?<\/strong><\/p>\n<p>Ich bin in der Abteilung II und in der Ambulanz (Abteilung III) eingesetzt und sehr gl\u00fccklich damit.<\/p>\n<p><strong>Was war Ihr erster Eindruck von der Schule?<\/strong><\/p>\n<p>Mein erster Eindruck, ja, der war \u00fcberw\u00e4ltigend. Ich war sehr aufgeregt an meinem ersten Tag an der Elbschule und habe mich aber gleich wohl gef\u00fchlt. Viele lachende Kindergesichter haben mich aufgenommen und das Kollegium hat uns willkommen gehei\u00dfen.<\/p>\n<p><strong>Was gef\u00e4llt Ihnen an der Elbschule besonders?<\/strong><\/p>\n<p>Ich finde es, herrscht eine gemeinschaftliche und freundliche Atmosph\u00e4re, in der ich gerne arbeite. Die Elbschule bietet viele tolle Angebote, die Sch\u00fcler und Lehrerinnen wie mich zufrieden machen.<\/p>\n<p><strong>Was macht Ihnen an Ihrer Arbeit am meisten Spa\u00df?<\/strong><\/p>\n<p>Die abwechslungsreiche Arbeit, jeder Tag ist anders. Ich lerne durch die Ambulanz viele Sch\u00fclerInnen und andere LehrerInnen kennen. Auch die Arbeit im Unterricht an der Elbschule macht viel Spa\u00df, wenn die Sch\u00fclerInnen mit Freude im Unterricht arbeiten und man sich gegenseitig respektiert.<\/p>\n<p><strong>Was war fr\u00fcher Ihr liebstes Schulfach?<\/strong><\/p>\n<p>Meine liebsten Schulf\u00e4cher waren schon immer Biologie und Kunst. Biologie habe ich dann ja auch selbst als Unterrichtsfach studiert.<\/p>\n<p><strong>Was mochten Sie gar nicht, als Sie Sch\u00fclerin waren?<\/strong><\/p>\n<p>Also, wenn ich ganz ehrlich bin: Mathe. Und ich mochte es nicht von Lehrern vorgef\u00fchrt zu werden, wenn man etwas nicht konnte.<\/p>\n<p><strong>Was machen Sie gerne in Ihrer Freizeit?<\/strong><\/p>\n<p>Ich liebe die Natur. Am liebsten bin ich drau\u00dfen mit meinen Hunden und mache lange Spazierg\u00e4nge im Wald. Ich gehe an Sommertagen auch sehr gerne schwimmen und verbringe viel Zeit mit meiner Familie. Wenn es drau\u00dfen regnet, n\u00e4he oder zeichne ich ebenso gerne!<\/p>\n<p><strong>Auf was k\u00f6nnten Sie in Ihrem Leben nicht verzichten?<\/strong><\/p>\n<p>Auf Essen und frische Luft. Beides sind wichtige Bestandteile, damit meine Laune gut bleibt. Naja, und klar nat\u00fcrlich niemals auf meine Familie und Freunde.<\/p>\n<p><strong>Wenn Sie eine Sache auf der Welt ver\u00e4ndern d\u00fcrften: Was w\u00e4re das?<\/strong><\/p>\n<p>Das ist eine schwierige Frage. Ich glaube nicht, dass eine Sache das ver\u00e4ndern w\u00fcrde, was ich mir f\u00fcr alle Menschen und die Natur w\u00fcnsche. Mehr Frieden und einen respektvollen Umgang mit der wunderbaren Welt auf der wir leben.<\/p>\n<p><strong>Wenn Sie sich ein Land aussuchen k\u00f6nnten: In welchem w\u00fcrden Sie gerne leben?<\/strong><\/p>\n<p>Ich habe schon in Costa Rica gelebt. Das war auch sch\u00f6n. Ich bereise auch gerne viele L\u00e4nder, aber ich liebe es in Deutschland und vor allem in Hamburg zu leben.<\/p>\n<p><strong>Gibt es etwas, dass Sie sich von den Sch\u00fcler\/innen w\u00fcnschen?<\/strong><\/p>\n<p>Ja, gegenseitigen Respekt und ein L\u00e4cheln!<\/p>\n<p>&nbsp;<\/p>\n<p><span style=\"color: #339966\"><strong>2. Herzlich willkommen Frau Heine!<\/strong><\/span><\/p>\n<p><strong>Woher kommen Sie?<\/strong><\/p>\n<p>Urspr\u00fcnglich komme ich aus Nordrhein-Westfalen. Mittlerweile lebe ich aber schon seit \u00fcber zehn Jahren in Hamburg.<\/p>\n<p><strong>Warum wollten Sie an die Elbschule?<\/strong><\/p>\n<p>Weil ich an der Elbschule jeden Tag noch viel lernen kann.<\/p>\n<p><strong>In welchen Abteilungen der Elbschule sind Sie eingesetzt?<\/strong><\/p>\n<p>In der Abteilung I in der 10. Klasse und in der 5. und 6. Klasse<\/p>\n<p><strong>Was war Ihr erster Eindruck von der Schule?<\/strong><\/p>\n<p>Herzlich.<\/p>\n<p><strong>Was gef\u00e4llt Ihnen an der Elbschule besonders?<\/strong><\/p>\n<p>Die vielen kreativen und engagierten Sch\u00fclerinnen, Sch\u00fcler und Lehrkr\u00e4fte.<\/p>\n<p><strong>Was macht Ihnen an Ihrer Arbeit am meisten Spa\u00df?<\/strong><\/p>\n<p>Die t\u00e4gliche Herausforderung bei der Planung des Unterrichts und die spontane Umsetzung, wenn doch mal etwas nicht nach Plan l\u00e4uft.<\/p>\n<p><strong>Was war fr\u00fcher Ihr liebstes Schulfach?<\/strong><\/p>\n<p>Gesellschaft und Religion.<\/p>\n<p><strong>Was mochten Sie gar nicht, als Sie Sch\u00fclerin waren?<\/strong><\/p>\n<p>Das Essen in der Mensa. Das ist in der Elbschule schon gro\u00dfartig.<\/p>\n<p><strong>Was machen Sie gerne in Ihrer Freizeit?<\/strong><\/p>\n<p>Gerne gehe ich Joggen und Reiten. Ich mag es auch viel Zeit mit meinen Freunden zu verbringen.<\/p>\n<p><strong>Auf was k\u00f6nnten Sie in Ihrem Leben nicht verzichten?<\/strong><\/p>\n<p>Auf meine Liebsten.<\/p>\n<p><strong>Wenn Sie eine Sache auf der Welt ver\u00e4ndern d\u00fcrften: Was w\u00e4re das?<\/strong><\/p>\n<p>Ich w\u00fcrde mir w\u00fcnschen, dass die Kinder \u00fcberall auf der Welt einen Zugang zur Bildung bekommen.<\/p>\n<p><strong>Wenn Sie sich ein Land aussuchen k\u00f6nnten: In welchem w\u00fcrden Sie gerne leben?<\/strong><\/p>\n<p>In Deutschland. Sonst w\u00e4re ich schon umgezogen ;).<\/p>\n<p><strong>Gibt es etwas, dass Sie sich von den Sch\u00fcler\/innen w\u00fcnschen?<\/strong><\/p>\n<p>Eine eigene Meinung.<\/p>\n<p>&nbsp;<\/p>\n<p><strong><span style=\"color: #339966\">3. Herzlich willkommen Frau Neumann!<\/span><\/strong><\/p>\n<p><strong>Woher kommen Sie?<\/strong><\/p>\n<p>Ich komme aus L\u00fcneburg.<\/p>\n<p><strong>Warum wollten Sie an die Elbschule?<\/strong><\/p>\n<p>Ich habe an der Elbschule meinen Vorbereitungsdienst gemacht und mich hier sehr wohl gef\u00fchlt.<\/p>\n<p><strong>In welchen Abteilungen der Elbschule sind Sie eingesetzt?<\/strong><\/p>\n<p>Ich bin in der Abteilung I eingesetzt.<\/p>\n<p><strong>Was war Ihr erster Eindruck von der Schule?<\/strong><\/p>\n<p>Ich fand die Elbschule sehr modern und gut ausgestattet.<\/p>\n<p><strong>Was gef\u00e4llt Ihnen an der Elbschule besonders?<\/strong><\/p>\n<p>Mir gefallen das Schulgeb\u00e4ude, das Kollegium und die Sch\u00fcler besonders.<\/p>\n<p><strong>Was macht Ihnen an Ihrer Arbeit am meisten Spa\u00df?<\/strong><\/p>\n<p>Die Arbeit mit den Sch\u00fclern.<\/p>\n<p><strong>Was war fr\u00fcher Ihr liebstes Schulfach?<\/strong><\/p>\n<p>Deutsch<\/p>\n<p><strong>Was mochten Sie gar nicht, als Sie Sch\u00fclerin waren?<\/strong><\/p>\n<p>Physik<\/p>\n<p><strong>Was machen Sie gerne in Ihrer Freizeit?<\/strong><\/p>\n<p>Ich mache gerne Sport und ich koche und backe sehr gerne.<\/p>\n<p><strong>Wenn Sie eine Sache auf der Welt ver\u00e4ndern d\u00fcrften: Was w\u00e4re das?<\/strong><\/p>\n<p>Mehr Gerechtigkeit auf der Welt.<\/p>\n<p><strong>Wenn Sie sich ein Land aussuchen k\u00f6nnten: In welchem w\u00fcrden Sie gerne leben?<\/strong><\/p>\n<p>In Norwegen.<\/p>\n<p>&nbsp;<\/p>\n<p><span style=\"color: #339966\"><strong>4. Herzlich willkommen Frau Schaddach!<\/strong><\/span><\/p>\n<p><a href=\"https:\/\/elbschule.hamburg.de\/wp-content\/uploads\/sites\/127\/2019\/04\/Frau-Schaddach.jpg\" data-rel=\"lightbox\" data-rl_title=\"\" data-rl_caption=\"\" title=\"\"><img loading=\"lazy\" decoding=\"async\" class=\"wp-image-2037 alignright\" src=\"https:\/\/elbschule.hamburg.de\/wp-content\/uploads\/sites\/127\/2019\/04\/Frau-Schaddach.jpg\" alt=\"\" width=\"261\" height=\"263\" srcset=\"https:\/\/elbschule.hamburg.de\/wp-content\/uploads\/sites\/127\/2019\/04\/Frau-Schaddach.jpg 529w, https:\/\/elbschule.hamburg.de\/wp-content\/uploads\/sites\/127\/2019\/04\/Frau-Schaddach-150x150.jpg 150w, https:\/\/elbschule.hamburg.de\/wp-content\/uploads\/sites\/127\/2019\/04\/Frau-Schaddach-297x300.jpg 297w, https:\/\/elbschule.hamburg.de\/wp-content\/uploads\/sites\/127\/2019\/04\/Frau-Schaddach-50x50.jpg 50w\" sizes=\"auto, (max-width: 261px) 100vw, 261px\" \/><\/a><strong>Woher kommen Sie?<\/strong><\/p>\n<p>Ich bin eine rheinl\u00e4ndische Frohnatur. Ich bin in D\u00fcsseldorf geboren und habe in den letzten Jahren in K\u00f6ln gewohnt.<\/p>\n<p><strong>Warum wollten Sie an die Elbschule?<\/strong><\/p>\n<p>Neue Stadt, neue Schule, neue Herausforderung. Die Elbe ist sch\u00f6ner als der Rhein&#8230;<\/p>\n<p><strong>In welchen Abteilungen der Elbschule sind Sie eingesetzt?<\/strong><\/p>\n<p>Ich arbeite in der Abteilung II, in der Grundschule und in dem F\u00f6rderschulbereich.<\/p>\n<p><strong>Was war Ihr erster Eindruck von der Schule?<\/strong><\/p>\n<p>\u201eEine Elbperle.\u201c<\/p>\n<p><strong>Was gef\u00e4llt Ihnen an der Elbschule besonders?<\/strong><\/p>\n<p>Das dynamische, hilfsbereite und offene Kollegium.<\/p>\n<p><strong>Was macht Ihnen an Ihrer Arbeit am meisten Spa\u00df?<\/strong><\/p>\n<p>Kindern \u201eetwas\u201c mitzugeben. Zusammen kreative Ideen zu entwickeln.<\/p>\n<p><strong>Was war fr\u00fcher Ihr liebstes Schulfach?<\/strong><\/p>\n<p>Kunst.<\/p>\n<p><strong>Was mochten Sie gar nicht, als Sie Sch\u00fclerin waren?<\/strong><\/p>\n<p>Das Klingeln zum Pausenende. Die nullte Stunde um 07.00 Uhr morgens.<\/p>\n<p><strong>Was machen Sie gerne in Ihrer Freizeit?<\/strong><\/p>\n<p>Ich treffe mich gerne mit Freunden, ich genie\u00dfe guten Kaffee und mache gerne viel Sport. Sobald die Sonne heraus kommt, genie\u00dfe ich auch oft die steife Brise an der Ostsee.<\/p>\n<p><strong>Auf was k\u00f6nnten Sie in Ihrem Leben nicht verzichten?<\/strong><\/p>\n<p>Kaffee. Und &#8230; Schokolade J<\/p>\n<p><strong>Wenn Sie eine Sache auf der Welt ver\u00e4ndern d\u00fcrften: Was w\u00e4re das?<\/strong><\/p>\n<p>Eine Welt nur mit Fahrr\u00e4dern.<\/p>\n<p><strong>Wenn Sie sich ein Land aussuchen k\u00f6nnten: In welchem w\u00fcrden Sie gerne leben?<\/strong><\/p>\n<p>In Schweden, in Stockholm. Auch eine Stadt am Wasser J<\/p>\n<p><strong>Gibt es etwas, dass Sie sich von den Sch\u00fcler\/innen w\u00fcnschen?<\/strong><\/p>\n<p>Ein konstruktives und gutes Miteinander, so dass alle jeden Tag gerne in die Schule zu kommen.<\/p>\n<p>&nbsp;<\/p>\n<p><strong>Vielen Dank f\u00fcr Ihre Vorstellung und viel Freude in der Elbschule w\u00fcnscht Katharina von Puttkamer<\/strong><\/p>\n<p>&nbsp;<\/p>\n","protected":false},"excerpt":{"rendered":"<p>1. Herzlich willkommen Frau Wiese! Woher kommen Sie? Ich bin in Hamburg geboren und aufgewachsen. Ich liebe Hamburg und war nie ganz lange weg. Warum wollten Sie an die Elbschule? Ich habe mein Referendariat hier bereits gemacht und schon zu Beginn meines Studiums war es mein gro\u00dfer Wunsch hier an der Elbschule zu arbeiten. In &hellip; <a href=\"https:\/\/elbschule.hamburg.de\/?page_id=2039\" class=\"more-link\"><span class=\"screen-reader-text\">Herzlich willkommen \u2013 die 4 neuen Kolleginnen stellen sich vor<\/span> weiterlesen <span class=\"meta-nav\">&rarr;<\/span><\/a><\/p>\n","protected":false},"author":206,"featured_media":0,"parent":0,"menu_order":0,"comment_status":"closed","ping_status":"closed","template":"","meta":{"_acf_changed":false,"footnotes":""},"class_list":["post-2039","page","type-page","status-publish","hentry"],"acf":[],"_links":{"self":[{"href":"https:\/\/elbschule.hamburg.de\/index.php?rest_route=\/wp\/v2\/pages\/2039","targetHints":{"allow":["GET"]}}],"collection":[{"href":"https:\/\/elbschule.hamburg.de\/index.php?rest_route=\/wp\/v2\/pages"}],"about":[{"href":"https:\/\/elbschule.hamburg.de\/index.php?rest_route=\/wp\/v2\/types\/page"}],"author":[{"embeddable":true,"href":"https:\/\/elbschule.hamburg.de\/index.php?rest_route=\/wp\/v2\/users\/206"}],"replies":[{"embeddable":true,"href":"https:\/\/elbschule.hamburg.de\/index.php?rest_route=%2Fwp%2Fv2%2Fcomments&post=2039"}],"version-history":[{"count":1,"href":"https:\/\/elbschule.hamburg.de\/index.php?rest_route=\/wp\/v2\/pages\/2039\/revisions"}],"predecessor-version":[{"id":2040,"href":"https:\/\/elbschule.hamburg.de\/index.php?rest_route=\/wp\/v2\/pages\/2039\/revisions\/2040"}],"wp:attachment":[{"href":"https:\/\/elbschule.hamburg.de\/index.php?rest_route=%2Fwp%2Fv2%2Fmedia&parent=2039"}],"curies":[{"name":"wp","href":"https:\/\/api.w.org\/{rel}","templated":true}]}}