{"id":2018,"date":"2019-02-27T14:32:04","date_gmt":"2019-02-27T14:32:04","guid":{"rendered":"https:\/\/elbschule.hamburg.de\/?page_id=2018"},"modified":"2019-02-27T15:37:38","modified_gmt":"2019-02-27T15:37:38","slug":"das-sechs-tage-rennen-an-der-elbschule","status":"publish","type":"page","link":"https:\/\/elbschule.hamburg.de\/?page_id=2018","title":{"rendered":"Das \u201eSechs-Tage-Rennen\u201c an der Elbschule:"},"content":{"rendered":"<p><strong>Eine Pr\u00fcfung f\u00fcr die \u201eSportasse\u201c &#8211; eine Freude f\u00fcr die Grundschule!<\/strong><\/p>\n<p>Am 29.Januar waren alle Sch\u00fcler\/innen der Grundschule von den \u201eSportassen\u201c und den Sportassistenten-Coachs Frau Schroeder und Herr Finkelmeyer in die Sporthalle zu einem Staffellauf eingeladen. F\u00fcr die \u201eSportasse\u201c war es nach der Pr\u00fcfung zum Sportassistenten der erste Einsatz als Sportassistent\/innen. Die Sportasse hatten nach einem halben Jahr Ausbildung in der Woche zuvor ihre Pr\u00fcfung bestanden.<\/p>\n<p>Beim \u201eSechs-Tage-Rennen\u201c liefen je zwei Gruppen auf drei Feldern um die Wette und jeder L\u00e4ufer \u00fcbergab nach einer Runde einen Ring (statt eines Staffelholzes) seinem Mitl\u00e4ufer. Jede gelaufene Runde wurde mit einer W\u00e4scheklammer an einem Band angezeigt. Nach 4 Minuten wurden die Klammern von den Sportassistenten gez\u00e4hlt und in die Tabelle eingetragen. Die Regeln wurden den Sch\u00fcler\/innen zu Beginn so gut von den Sportassen Emma (gesprochen) und Noah (geb\u00e4rdet) erkl\u00e4rt, dass alle sie schnell begriffen. Die Sch\u00fcler\/innen hatten sichtlich Freude an dem Wettrennen! Gewonnen haben \u201eDie Drachen\u201c.<\/p>\n<p>Die Sportasse organisierten das Rennen, moderierten die Veranstaltung, werteten die Ergebnisse aus und halfen den Kleinen bei der Orientierung w\u00e4hrend des Laufs. Bemerkenswert war die Ernsthaftigkeit, die Verantwortungs\u00fcbernahme und Selbst\u00e4ndigkeit, die alle Sportasse zeigten. Sie motivierten die L\u00e4ufer\/innen immer wieder, sodass diese mit viel Spa\u00df ihre besten Laufleistungen zeigten.<\/p>\n<p>Da alle Sportasse ihre Pr\u00fcfung zum\/zur Sportassistentent\/in bestanden hatten, bekamen sie zum Schluss ihre wohlverdiente Urkunde von Frau Witte \u00fcberreicht und viel Applaus von allen!<\/p>\n<p>Die Ausbildung zum\/zur Sportassistenten\/in umfasst einen Erste-Hilfe-Kurs und viele Lerneinheiten mit folgenden Inhalten: die Rolle als Sportassistent\/in, Planung einer Sportstunde, Spiele erkl\u00e4ren, anleiten und betreuen, Kommunikation in einer Gruppe, Spielesammlung f\u00fcr drinnen und drau\u00dfen, Sicherheit im Sportunterricht sowie eine Einweisung in die aktive Pause. Somit k\u00f6nnen sie in das aktive Schulsportleben eingebunden werden und dieses mitgestalten. Eine tolle M\u00f6glichkeit der Pers\u00f6nlichkeitsentwicklung und Sch\u00fclermitbestimmung!<\/p>\n<p>Alle neuen Sportasse \u00fcbernehmen jetzt im 2. Halbjahr verschiedene Aufgaben, z.B. in den Pausen oder zur Unterst\u00fctzung in der Grundschule.<\/p>\n<p style=\"text-align: left\">Katharina von Puttkamer und die Reporter aus der Klasse 9I<\/p>\n<div id=\"metaslider-id-2003\" style=\"max-width: 640px; margin: 0 auto;\" class=\"ml-slider-3-108-0 metaslider metaslider-flex metaslider-2003 ml-slider ms-theme-default nav-hidden\" role=\"region\" aria-label=\"6 Tage Rennen\" data-height=\"329\" data-width=\"640\">\n    <div id=\"metaslider_container_2003\">\n        <div id=\"metaslider_2003\" class=\"flexslider\">\n            <ul class='slides'>\n                <li style=\"display: block; width: 100%;\" class=\"slide-2007 ms-image \" aria-roledescription=\"slide\" data-date=\"2019-02-27 14:18:39\" data-filename=\"Moderation-7-640x329.jpg\" data-slide-type=\"image\"><img loading=\"lazy\" decoding=\"async\" src=\"https:\/\/elbschule.hamburg.de\/wp-content\/uploads\/sites\/127\/2019\/02\/Moderation-7-640x329.jpg\" height=\"329\" width=\"640\" alt=\"\" class=\"slider-2003 slide-2007 msDefaultImage\" title=\"Moderation\" \/><div class=\"caption-wrap\"><div class=\"caption\">Moderation<\/div><\/div><\/li>\n                <li style=\"display: none; width: 100%;\" class=\"slide-2006 ms-image \" aria-roledescription=\"slide\" data-date=\"2019-02-27 14:18:39\" data-filename=\"Staffelu\u0308bergabe-10-640x329.jpg\" data-slide-type=\"image\"><img loading=\"lazy\" decoding=\"async\" src=\"https:\/\/elbschule.hamburg.de\/wp-content\/uploads\/sites\/127\/2019\/02\/Staffelu\u0308bergabe-10-640x329.jpg\" height=\"329\" width=\"640\" alt=\"\" class=\"slider-2003 slide-2006 msDefaultImage\" title=\"Staffelu\u0308bergabe\" \/><div class=\"caption-wrap\"><div class=\"caption\">Staffel\u00fcbergabe<\/div><\/div><\/li>\n                <li style=\"display: none; width: 100%;\" class=\"slide-2009 ms-image \" aria-roledescription=\"slide\" data-date=\"2019-02-27 14:18:40\" data-filename=\"Coach-Susanne-Schroeder-2-e1551279597638-640x329.jpg\" data-slide-type=\"image\"><img loading=\"lazy\" decoding=\"async\" src=\"https:\/\/elbschule.hamburg.de\/wp-content\/uploads\/sites\/127\/2019\/02\/Coach-Susanne-Schroeder-2-e1551279597638-640x329.jpg\" height=\"329\" width=\"640\" alt=\"\" class=\"slider-2003 slide-2009 msDefaultImage\" title=\"Coach Frau Schroeder\" \/><div class=\"caption-wrap\"><div class=\"caption\">Coach Frau Schroeder<\/div><\/div><\/li>\n                <li style=\"display: none; width: 100%;\" class=\"slide-2014 ms-image \" aria-roledescription=\"slide\" data-date=\"2019-02-27 14:18:40\" data-filename=\"Welche-Gruppe-la\u0308uft-gleich-13-e1551279752453-640x329.jpg\" data-slide-type=\"image\"><img loading=\"lazy\" decoding=\"async\" src=\"https:\/\/elbschule.hamburg.de\/wp-content\/uploads\/sites\/127\/2019\/02\/Welche-Gruppe-la\u0308uft-gleich-13-e1551279752453-640x329.jpg\" height=\"329\" width=\"640\" alt=\"\" class=\"slider-2003 slide-2014 msDefaultImage\" title=\"Welche Gruppe la\u0308uft gleich\" \/><div class=\"caption-wrap\"><div class=\"caption\">Welche Gruppe l\u00e4uft gleich?<\/div><\/div><\/li>\n                <li style=\"display: none; width: 100%;\" class=\"slide-2012 ms-image \" aria-roledescription=\"slide\" data-date=\"2019-02-27 14:18:40\" data-filename=\"Er-gibt-alles-5-640x329.jpg\" data-slide-type=\"image\"><img loading=\"lazy\" decoding=\"async\" src=\"https:\/\/elbschule.hamburg.de\/wp-content\/uploads\/sites\/127\/2019\/02\/Er-gibt-alles-5-640x329.jpg\" height=\"329\" width=\"640\" alt=\"\" class=\"slider-2003 slide-2012 msDefaultImage\" title=\"Er gibt alles\" \/><div class=\"caption-wrap\"><div class=\"caption\">Er gibt alles<\/div><\/div><\/li>\n                <li style=\"display: none; width: 100%;\" class=\"slide-2013 ms-image \" aria-roledescription=\"slide\" data-date=\"2019-02-27 14:18:40\" data-filename=\"Anklammern-1-640x329.jpg\" data-slide-type=\"image\"><img loading=\"lazy\" decoding=\"async\" src=\"https:\/\/elbschule.hamburg.de\/wp-content\/uploads\/sites\/127\/2019\/02\/Anklammern-1-640x329.jpg\" height=\"329\" width=\"640\" alt=\"\" class=\"slider-2003 slide-2013 msDefaultImage\" title=\"Anklammern\" \/><div class=\"caption-wrap\"><div class=\"caption\">Anklammern<\/div><\/div><\/li>\n                <li style=\"display: none; width: 100%;\" class=\"slide-2008 ms-image \" aria-roledescription=\"slide\" data-date=\"2019-02-27 14:18:40\" data-filename=\"Runden-za\u0308hlen-8-640x329.jpg\" data-slide-type=\"image\"><img loading=\"lazy\" decoding=\"async\" src=\"https:\/\/elbschule.hamburg.de\/wp-content\/uploads\/sites\/127\/2019\/02\/Runden-za\u0308hlen-8-640x329.jpg\" height=\"329\" width=\"640\" alt=\"\" class=\"slider-2003 slide-2008 msDefaultImage\" title=\"Runden za\u0308hlen\" \/><div class=\"caption-wrap\"><div class=\"caption\">Runden z\u00e4hlen<\/div><\/div><\/li>\n                <li style=\"display: none; width: 100%;\" class=\"slide-2005 ms-image \" aria-roledescription=\"slide\" data-date=\"2019-02-27 14:18:39\" data-filename=\"So-sehen-Sieger-aus-9-640x329.jpg\" data-slide-type=\"image\"><img loading=\"lazy\" decoding=\"async\" src=\"https:\/\/elbschule.hamburg.de\/wp-content\/uploads\/sites\/127\/2019\/02\/So-sehen-Sieger-aus-9-640x329.jpg\" height=\"329\" width=\"640\" alt=\"\" class=\"slider-2003 slide-2005 msDefaultImage\" title=\"So sehen Sieger aus\" \/><div class=\"caption-wrap\"><div class=\"caption\">So sehen Sieger aus<\/div><\/div><\/li>\n                <li style=\"display: none; width: 100%;\" class=\"slide-2015 ms-image \" aria-roledescription=\"slide\" data-date=\"2019-02-27 14:18:40\" data-filename=\"Urkundenu\u0308bergabe-12-640x329.jpg\" data-slide-type=\"image\"><img loading=\"lazy\" decoding=\"async\" src=\"https:\/\/elbschule.hamburg.de\/wp-content\/uploads\/sites\/127\/2019\/02\/Urkundenu\u0308bergabe-12-640x329.jpg\" height=\"329\" width=\"640\" alt=\"\" class=\"slider-2003 slide-2015 msDefaultImage\" title=\"Urkundenu\u0308bergabe\" \/><div class=\"caption-wrap\"><div class=\"caption\">Urkunden\u00fcbergabe<\/div><\/div><\/li>\n                <li style=\"display: none; width: 100%;\" class=\"slide-2004 ms-image \" aria-roledescription=\"slide\" data-date=\"2019-02-27 14:18:39\" data-filename=\"stolze-Sportasse-11-e1551279800677-640x329.jpg\" data-slide-type=\"image\"><img loading=\"lazy\" decoding=\"async\" src=\"https:\/\/elbschule.hamburg.de\/wp-content\/uploads\/sites\/127\/2019\/02\/stolze-Sportasse-11-e1551279800677-640x329.jpg\" height=\"329\" width=\"640\" alt=\"\" class=\"slider-2003 slide-2004 msDefaultImage\" title=\"stolze Sportasse\" \/><div class=\"caption-wrap\"><div class=\"caption\">stolze Sportasse<\/div><\/div><\/li>\n                <li style=\"display: none; width: 100%;\" class=\"slide-2010 ms-image \" aria-roledescription=\"slide\" data-date=\"2019-02-27 14:18:40\" data-filename=\"ku\u0308nftige-Arbeitskleidung-6-640x329.jpg\" data-slide-type=\"image\"><img loading=\"lazy\" decoding=\"async\" src=\"https:\/\/elbschule.hamburg.de\/wp-content\/uploads\/sites\/127\/2019\/02\/ku\u0308nftige-Arbeitskleidung-6-640x329.jpg\" height=\"329\" width=\"640\" alt=\"\" class=\"slider-2003 slide-2010 msDefaultImage\" title=\"ku\u0308nftige Arbeitskleidung\" \/><div class=\"caption-wrap\"><div class=\"caption\">k\u00fcnftige Arbeitskleidung<\/div><\/div><\/li>\n                <li style=\"display: none; width: 100%;\" class=\"slide-2011 ms-image \" aria-roledescription=\"slide\" data-date=\"2019-02-27 14:18:40\" data-filename=\"Die-Reporter-aus-Klasse-9I-4-640x329.jpg\" data-slide-type=\"image\"><img loading=\"lazy\" decoding=\"async\" src=\"https:\/\/elbschule.hamburg.de\/wp-content\/uploads\/sites\/127\/2019\/02\/Die-Reporter-aus-Klasse-9I-4-640x329.jpg\" height=\"329\" width=\"640\" alt=\"\" class=\"slider-2003 slide-2011 msDefaultImage\" title=\"Die Reporter aus Klasse 9I\" \/><div class=\"caption-wrap\"><div class=\"caption\">Die Reporter aus Klasse 9I<\/div><\/div><\/li>\n                <li style=\"display: none; width: 100%;\" class=\"slide-2017 ms-image \" aria-roledescription=\"slide\" data-date=\"2019-02-27 14:29:59\" data-filename=\"Dankesbrief-3-640x329.jpg\" data-slide-type=\"image\"><img loading=\"lazy\" decoding=\"async\" src=\"https:\/\/elbschule.hamburg.de\/wp-content\/uploads\/sites\/127\/2019\/02\/Dankesbrief-3-640x329.jpg\" height=\"329\" width=\"640\" alt=\"\" class=\"slider-2003 slide-2017 msDefaultImage\" title=\"Dankesbrief\" \/><div class=\"caption-wrap\"><div class=\"caption\">Dankesbrief<\/div><\/div><\/li>\n            <\/ul>\n        <\/div>\n        \n    <\/div>\n<\/div>\n<p>&nbsp;<\/p>\n","protected":false},"excerpt":{"rendered":"<p>Eine Pr\u00fcfung f\u00fcr die \u201eSportasse\u201c &#8211; eine Freude f\u00fcr die Grundschule! Am 29.Januar waren alle Sch\u00fcler\/innen der Grundschule von den \u201eSportassen\u201c und den Sportassistenten-Coachs Frau Schroeder und Herr Finkelmeyer in die Sporthalle zu einem Staffellauf eingeladen. F\u00fcr die \u201eSportasse\u201c war es nach der Pr\u00fcfung zum Sportassistenten der erste Einsatz als Sportassistent\/innen. Die Sportasse hatten nach &hellip; <a href=\"https:\/\/elbschule.hamburg.de\/?page_id=2018\" class=\"more-link\"><span class=\"screen-reader-text\">Das \u201eSechs-Tage-Rennen\u201c an der Elbschule:<\/span> weiterlesen <span class=\"meta-nav\">&rarr;<\/span><\/a><\/p>\n","protected":false},"author":206,"featured_media":0,"parent":0,"menu_order":0,"comment_status":"closed","ping_status":"closed","template":"","meta":{"_acf_changed":false,"footnotes":""},"class_list":["post-2018","page","type-page","status-publish","hentry"],"acf":[],"_links":{"self":[{"href":"https:\/\/elbschule.hamburg.de\/index.php?rest_route=\/wp\/v2\/pages\/2018","targetHints":{"allow":["GET"]}}],"collection":[{"href":"https:\/\/elbschule.hamburg.de\/index.php?rest_route=\/wp\/v2\/pages"}],"about":[{"href":"https:\/\/elbschule.hamburg.de\/index.php?rest_route=\/wp\/v2\/types\/page"}],"author":[{"embeddable":true,"href":"https:\/\/elbschule.hamburg.de\/index.php?rest_route=\/wp\/v2\/users\/206"}],"replies":[{"embeddable":true,"href":"https:\/\/elbschule.hamburg.de\/index.php?rest_route=%2Fwp%2Fv2%2Fcomments&post=2018"}],"version-history":[{"count":0,"href":"https:\/\/elbschule.hamburg.de\/index.php?rest_route=\/wp\/v2\/pages\/2018\/revisions"}],"wp:attachment":[{"href":"https:\/\/elbschule.hamburg.de\/index.php?rest_route=%2Fwp%2Fv2%2Fmedia&parent=2018"}],"curies":[{"name":"wp","href":"https:\/\/api.w.org\/{rel}","templated":true}]}}