{"id":1987,"date":"2019-02-12T11:59:36","date_gmt":"2019-02-12T11:59:36","guid":{"rendered":"https:\/\/elbschule.hamburg.de\/?page_id=1987"},"modified":"2019-02-12T11:59:36","modified_gmt":"2019-02-12T11:59:36","slug":"klasse-10-ii-wird-im-rathaus-geehrt","status":"publish","type":"page","link":"https:\/\/elbschule.hamburg.de\/?page_id=1987","title":{"rendered":"Klasse 10-II wird im Rathaus geehrt"},"content":{"rendered":"<p><a href=\"https:\/\/elbschule.hamburg.de\/wp-content\/uploads\/sites\/127\/2019\/02\/image004.jpg\" data-rel=\"lightbox\" data-rl_title=\"\" data-rl_caption=\"\" title=\"\"><img loading=\"lazy\" decoding=\"async\" class=\"alignleft size-thumbnail wp-image-1986\" src=\"https:\/\/elbschule.hamburg.de\/wp-content\/uploads\/sites\/127\/2019\/02\/image004-150x150.jpg\" alt=\"\" width=\"150\" height=\"150\" srcset=\"https:\/\/elbschule.hamburg.de\/wp-content\/uploads\/sites\/127\/2019\/02\/image004-150x150.jpg 150w, https:\/\/elbschule.hamburg.de\/wp-content\/uploads\/sites\/127\/2019\/02\/image004-50x50.jpg 50w\" sizes=\"auto, (max-width: 150px) 100vw, 150px\" \/><\/a><\/p>\n<p>\u201eGuten Morgen! Wir haben heute eine wichtige Nachricht f\u00fcr euch.\u201c\u00a0 Mit dieser Begr\u00fc\u00dfung beginnt die knapp viermin\u00fctige, im Herbst 2017 selbst produzierte Sondersendung zum Atomkonflikt zwischen Nordkorea und den USA. Die Sch\u00fcler\/innen hatten das damals brandaktuelle Thema im Gesellschaftsunterricht mit Frau Rajashekhar bearbeitet und in einem nachgebauten Studio im Stil des <em>heute journal<\/em>mit Hintergrundrecherchen und Interviews pr\u00e4sentiert. Es entstand eine Sendung, die komplett in Geb\u00e4rdensprache gehalten ist, f\u00fcr DGS-Unkundige jedoch mit voller Untertitelung. Als witziges Requisit wurde den geh\u00f6rlosen Gespr\u00e4chspartnern bei den Live-Interviews eine h\u00f6lzerne Hand statt eines obligatorischen Mikrofons entgegengestreckt.<\/p>\n<p>Der Film \u201eNordkorea\u201c wurde beim Sch\u00fclerwettbewerb 2017 von der Bundeszentrale zur politischen Bildung ausgezeichnet und die Arbeit der sieben Sch\u00fcler\/innen mit insgesamt 300 Euro gew\u00fcrdigt. Kurz vor Weihnachten, am 16. Dezember 2018, fand im Hamburger Rathaus der traditionelle Empfang aller schulischen Preistr\u00e4ger\/innen des Vorjahres statt. Aus der ersten Reihe hatten die Elbsch\u00fcler\/innen den besten Blick auf die Dolmetscherinnen und den Staatsrat Rainer Schulz, der gegen\u00fcber allen Hamburger Preistr\u00e4gern mit einer Urkunde seine Anerkennung ausdr\u00fcckte.<\/p>\n<p>Karin Perwo-A\u00dfmann<\/p>\n<p>&nbsp;<\/p>\n<p>&nbsp;<\/p>\n<p>&nbsp;<\/p>\n","protected":false},"excerpt":{"rendered":"<p>\u201eGuten Morgen! Wir haben heute eine wichtige Nachricht f\u00fcr euch.\u201c\u00a0 Mit dieser Begr\u00fc\u00dfung beginnt die knapp viermin\u00fctige, im Herbst 2017 selbst produzierte Sondersendung zum Atomkonflikt zwischen Nordkorea und den USA. Die Sch\u00fcler\/innen hatten das damals brandaktuelle Thema im Gesellschaftsunterricht mit Frau Rajashekhar bearbeitet und in einem nachgebauten Studio im Stil des heute journalmit Hintergrundrecherchen und &hellip; <a href=\"https:\/\/elbschule.hamburg.de\/?page_id=1987\" class=\"more-link\"><span class=\"screen-reader-text\">Klasse 10-II wird im Rathaus geehrt<\/span> weiterlesen <span class=\"meta-nav\">&rarr;<\/span><\/a><\/p>\n","protected":false},"author":207,"featured_media":0,"parent":0,"menu_order":0,"comment_status":"closed","ping_status":"closed","template":"","meta":{"_acf_changed":false,"footnotes":""},"class_list":["post-1987","page","type-page","status-publish","hentry"],"acf":[],"_links":{"self":[{"href":"https:\/\/elbschule.hamburg.de\/index.php?rest_route=\/wp\/v2\/pages\/1987","targetHints":{"allow":["GET"]}}],"collection":[{"href":"https:\/\/elbschule.hamburg.de\/index.php?rest_route=\/wp\/v2\/pages"}],"about":[{"href":"https:\/\/elbschule.hamburg.de\/index.php?rest_route=\/wp\/v2\/types\/page"}],"author":[{"embeddable":true,"href":"https:\/\/elbschule.hamburg.de\/index.php?rest_route=\/wp\/v2\/users\/207"}],"replies":[{"embeddable":true,"href":"https:\/\/elbschule.hamburg.de\/index.php?rest_route=%2Fwp%2Fv2%2Fcomments&post=1987"}],"version-history":[{"count":0,"href":"https:\/\/elbschule.hamburg.de\/index.php?rest_route=\/wp\/v2\/pages\/1987\/revisions"}],"wp:attachment":[{"href":"https:\/\/elbschule.hamburg.de\/index.php?rest_route=%2Fwp%2Fv2%2Fmedia&parent=1987"}],"curies":[{"name":"wp","href":"https:\/\/api.w.org\/{rel}","templated":true}]}}