{"id":1979,"date":"2019-01-16T19:34:33","date_gmt":"2019-01-16T19:34:33","guid":{"rendered":"https:\/\/elbschule.hamburg.de\/?page_id=1979"},"modified":"2019-01-16T19:36:17","modified_gmt":"2019-01-16T19:36:17","slug":"backen-in-der-fruehfoerderung-der-elbschule-der-rote-faden","status":"publish","type":"page","link":"https:\/\/elbschule.hamburg.de\/?page_id=1979","title":{"rendered":"Backen in der Fr\u00fchf\u00f6rderung der Elbschule \u2013 der \u201erote Faden\u201c"},"content":{"rendered":"<p><a href=\"https:\/\/elbschule.hamburg.de\/wp-content\/uploads\/sites\/127\/2019\/01\/Vorlesen1-1-2.jpg\" data-rel=\"lightbox\" data-rl_title=\"\" data-rl_caption=\"\" title=\"\"><img loading=\"lazy\" decoding=\"async\" class=\"aligncenter size-full wp-image-1978\" src=\"https:\/\/elbschule.hamburg.de\/wp-content\/uploads\/sites\/127\/2019\/01\/Vorlesen1-1-2.jpg\" alt=\"\" width=\"640\" height=\"360\" srcset=\"https:\/\/elbschule.hamburg.de\/wp-content\/uploads\/sites\/127\/2019\/01\/Vorlesen1-1-2.jpg 640w, https:\/\/elbschule.hamburg.de\/wp-content\/uploads\/sites\/127\/2019\/01\/Vorlesen1-1-2-300x169.jpg 300w\" sizes=\"auto, (max-width: 640px) 100vw, 640px\" \/><\/a><\/p>\n<p style=\"text-align: left\">Wie ein <span style=\"color: #ff0000\">\u201eroter Faden\u201c<\/span> zieht sich das Angebot des Backnachmittages durch die Jahre der Fr\u00fchf\u00f6rderung.<a href=\"https:\/\/elbschule.hamburg.de\/wp-content\/uploads\/sites\/127\/2018\/12\/IMG_4757.jpg\" data-rel=\"lightbox\" data-rl_title=\"\" data-rl_caption=\"\" title=\"\"><img loading=\"lazy\" decoding=\"async\" class=\" wp-image-1974 alignright\" src=\"https:\/\/elbschule.hamburg.de\/wp-content\/uploads\/sites\/127\/2018\/12\/IMG_4757.jpg\" alt=\"\" width=\"212\" height=\"377\" srcset=\"https:\/\/elbschule.hamburg.de\/wp-content\/uploads\/sites\/127\/2018\/12\/IMG_4757.jpg 360w, https:\/\/elbschule.hamburg.de\/wp-content\/uploads\/sites\/127\/2018\/12\/IMG_4757-169x300.jpg 169w\" sizes=\"auto, (max-width: 212px) 100vw, 212px\" \/><\/a><\/p>\n<p>An keinem Nachmittag im Jahr ist es so gem\u00fctlich, so eifrig, so vorweihnachtlich aufgeregt \ud83d\ude42<\/p>\n<p>Viele flei\u00dfige H\u00e4nde kneteten, rollten, stachen aus und verzierten mit <span style=\"color: #ff0000\">roten<\/span> Herzen und anderen S\u00fc\u00dfigkeiten. <span style=\"color: #ff0000\">Rote<\/span> Hemden im Weihnachtsdruck, <span style=\"color: #ff0000\">rote<\/span> Sch\u00fcrzen und die selbstgebastelten <span style=\"color: #ff0000\">roten<\/span> Weihnachtsklammern&#8230; zu guter Letzt das Buch \u201eWeihnachten nach Ma\u00df\u201c mit der Geschichte \u00fcber wundervolle Geschenke aus <span style=\"color: #ff0000\">rotem<\/span> Stoff.<\/p>\n<p><a href=\"https:\/\/elbschule.hamburg.de\/wp-content\/uploads\/sites\/127\/2018\/12\/IMG_4758.jpg\" data-rel=\"lightbox\" data-rl_title=\"\" data-rl_caption=\"\" title=\"\"><img loading=\"lazy\" decoding=\"async\" class=\"aligncenter size-full wp-image-1975\" src=\"https:\/\/elbschule.hamburg.de\/wp-content\/uploads\/sites\/127\/2018\/12\/IMG_4758.jpg\" alt=\"\" width=\"640\" height=\"360\" srcset=\"https:\/\/elbschule.hamburg.de\/wp-content\/uploads\/sites\/127\/2018\/12\/IMG_4758.jpg 640w, https:\/\/elbschule.hamburg.de\/wp-content\/uploads\/sites\/127\/2018\/12\/IMG_4758-300x169.jpg 300w\" sizes=\"auto, (max-width: 640px) 100vw, 640px\" \/><\/a><\/p>\n<p>Selbst der Alarm aus dem Fahrstuhl hat uns nicht <span style=\"color: #ff0000\">rot<\/span> sehen lassen&#8230;<\/p>\n<p><span style=\"color: #ff0000\">DANKE<\/span>, dass Sie dabei waren \u2013 und wir freuen uns schon auf das n\u00e4chste Jahr!<\/p>\n<p>Ch. Garvs<\/p>\n","protected":false},"excerpt":{"rendered":"<p>Wie ein \u201eroter Faden\u201c zieht sich das Angebot des Backnachmittages durch die Jahre der Fr\u00fchf\u00f6rderung. An keinem Nachmittag im Jahr ist es so gem\u00fctlich, so eifrig, so vorweihnachtlich aufgeregt \ud83d\ude42 Viele flei\u00dfige H\u00e4nde kneteten, rollten, stachen aus und verzierten mit roten Herzen und anderen S\u00fc\u00dfigkeiten. Rote Hemden im Weihnachtsdruck, rote Sch\u00fcrzen und die selbstgebastelten roten &hellip; <a href=\"https:\/\/elbschule.hamburg.de\/?page_id=1979\" class=\"more-link\"><span class=\"screen-reader-text\">Backen in der Fr\u00fchf\u00f6rderung der Elbschule \u2013 der \u201erote Faden\u201c<\/span> weiterlesen <span class=\"meta-nav\">&rarr;<\/span><\/a><\/p>\n","protected":false},"author":206,"featured_media":0,"parent":0,"menu_order":0,"comment_status":"closed","ping_status":"closed","template":"","meta":{"_acf_changed":false,"footnotes":""},"class_list":["post-1979","page","type-page","status-publish","hentry"],"acf":[],"_links":{"self":[{"href":"https:\/\/elbschule.hamburg.de\/index.php?rest_route=\/wp\/v2\/pages\/1979","targetHints":{"allow":["GET"]}}],"collection":[{"href":"https:\/\/elbschule.hamburg.de\/index.php?rest_route=\/wp\/v2\/pages"}],"about":[{"href":"https:\/\/elbschule.hamburg.de\/index.php?rest_route=\/wp\/v2\/types\/page"}],"author":[{"embeddable":true,"href":"https:\/\/elbschule.hamburg.de\/index.php?rest_route=\/wp\/v2\/users\/206"}],"replies":[{"embeddable":true,"href":"https:\/\/elbschule.hamburg.de\/index.php?rest_route=%2Fwp%2Fv2%2Fcomments&post=1979"}],"version-history":[{"count":1,"href":"https:\/\/elbschule.hamburg.de\/index.php?rest_route=\/wp\/v2\/pages\/1979\/revisions"}],"predecessor-version":[{"id":1980,"href":"https:\/\/elbschule.hamburg.de\/index.php?rest_route=\/wp\/v2\/pages\/1979\/revisions\/1980"}],"wp:attachment":[{"href":"https:\/\/elbschule.hamburg.de\/index.php?rest_route=%2Fwp%2Fv2%2Fmedia&parent=1979"}],"curies":[{"name":"wp","href":"https:\/\/api.w.org\/{rel}","templated":true}]}}