{"id":1886,"date":"2018-07-13T12:41:58","date_gmt":"2018-07-13T12:41:58","guid":{"rendered":"https:\/\/elbschule.hamburg.de\/?page_id=1886"},"modified":"2018-07-13T12:41:58","modified_gmt":"2018-07-13T12:41:58","slug":"die-elbschule-sagt-danke-der-kapitaen-geht-von-bord","status":"publish","type":"page","link":"https:\/\/elbschule.hamburg.de\/?page_id=1886","title":{"rendered":"Die Elbschule sagt Danke:  Der \u201eKapit\u00e4n\u201c geht von Bord"},"content":{"rendered":"<div id=\"metaslider-id-1862\" style=\"max-width: 640px; margin: 0 auto;\" class=\"ml-slider-3-109-0 metaslider metaslider-responsive metaslider-1862 ml-slider ms-theme-default\" role=\"region\" aria-label=\"Eitner Abschied 2018\" data-height=\"329\" data-width=\"640\">\n    <div id=\"metaslider_container_1862\">\n        <ul id='metaslider_1862' class='rslides'>\n            <li aria-roledescription='slide' aria-labelledby='slide-0'><img loading=\"lazy\" decoding=\"async\" src=\"https:\/\/elbschule.hamburg.de\/wp-content\/uploads\/sites\/127\/2018\/07\/Eitner-Abschied-a-640x329.jpg\" height=\"329\" width=\"640\" alt=\"\" class=\"slider-1862 slide-1863 msDefaultImage\" title=\"Eitner Abschied-a\" \/><\/li>\n            <li style='display: none;' aria-roledescription='slide' aria-labelledby='slide-1'><img loading=\"lazy\" decoding=\"async\" src=\"https:\/\/elbschule.hamburg.de\/wp-content\/uploads\/sites\/127\/2018\/07\/Eitner-Abschied-b-640x329.jpg\" height=\"329\" width=\"640\" alt=\"\" class=\"slider-1862 slide-1864 msDefaultImage\" title=\"Eitner Abschied-b\" \/><\/li>\n            <li style='display: none;' aria-roledescription='slide' aria-labelledby='slide-2'><img loading=\"lazy\" decoding=\"async\" src=\"https:\/\/elbschule.hamburg.de\/wp-content\/uploads\/sites\/127\/2018\/07\/Eitner-Abschied-k-640x329.jpg\" height=\"329\" width=\"640\" alt=\"\" class=\"slider-1862 slide-1865 msDefaultImage\" title=\"Eitner Abschied-k\" \/><\/li>\n            <li style='display: none;' aria-roledescription='slide' aria-labelledby='slide-3'><img loading=\"lazy\" decoding=\"async\" src=\"https:\/\/elbschule.hamburg.de\/wp-content\/uploads\/sites\/127\/2018\/07\/Eitner-Abschied-d-640x329.jpg\" height=\"329\" width=\"640\" alt=\"\" class=\"slider-1862 slide-1866 msDefaultImage\" title=\"Eitner Abschied-d\" \/><\/li>\n            <li style='display: none;' aria-roledescription='slide' aria-labelledby='slide-4'><img loading=\"lazy\" decoding=\"async\" src=\"https:\/\/elbschule.hamburg.de\/wp-content\/uploads\/sites\/127\/2018\/07\/Eitner-Abschied-c-640x329.jpg\" height=\"329\" width=\"640\" alt=\"\" class=\"slider-1862 slide-1867 msDefaultImage\" title=\"Eitner Abschied-c\" \/><\/li>\n            <li style='display: none;' aria-roledescription='slide' aria-labelledby='slide-5'><img loading=\"lazy\" decoding=\"async\" src=\"https:\/\/elbschule.hamburg.de\/wp-content\/uploads\/sites\/127\/2018\/07\/Eitner-Abschied-f-640x329.jpg\" height=\"329\" width=\"640\" alt=\"\" class=\"slider-1862 slide-1868 msDefaultImage\" title=\"Eitner Abschied-f\" \/><\/li>\n            <li style='display: none;' aria-roledescription='slide' aria-labelledby='slide-6'><img loading=\"lazy\" decoding=\"async\" src=\"https:\/\/elbschule.hamburg.de\/wp-content\/uploads\/sites\/127\/2018\/07\/Eitner-Abschied-e-640x329.jpg\" height=\"329\" width=\"640\" alt=\"\" class=\"slider-1862 slide-1869 msDefaultImage\" title=\"Eitner Abschied-e\" \/><\/li>\n            <li style='display: none;' aria-roledescription='slide' aria-labelledby='slide-7'><img loading=\"lazy\" decoding=\"async\" src=\"https:\/\/elbschule.hamburg.de\/wp-content\/uploads\/sites\/127\/2018\/07\/Eitner-Abschied-l-640x329.jpg\" height=\"329\" width=\"640\" alt=\"\" class=\"slider-1862 slide-1871 msDefaultImage\" title=\"Eitner Abschied-l\" \/><\/li>\n            <li style='display: none;' aria-roledescription='slide' aria-labelledby='slide-8'><img loading=\"lazy\" decoding=\"async\" src=\"https:\/\/elbschule.hamburg.de\/wp-content\/uploads\/sites\/127\/2018\/07\/Eitner-Abschied-h-640x329.jpg\" height=\"329\" width=\"640\" alt=\"\" class=\"slider-1862 slide-1872 msDefaultImage\" title=\"Eitner Abschied-h\" \/><\/li>\n            <li style='display: none;' aria-roledescription='slide' aria-labelledby='slide-9'><img loading=\"lazy\" decoding=\"async\" src=\"https:\/\/elbschule.hamburg.de\/wp-content\/uploads\/sites\/127\/2018\/07\/Eitner-Abschied-i-640x329.jpg\" height=\"329\" width=\"640\" alt=\"\" class=\"slider-1862 slide-1873 msDefaultImage\" title=\"Eitner Abschied-i\" \/><\/li>\n            <li style='display: none;' aria-roledescription='slide' aria-labelledby='slide-10'><img loading=\"lazy\" decoding=\"async\" src=\"https:\/\/elbschule.hamburg.de\/wp-content\/uploads\/sites\/127\/2018\/07\/Eitner-Abschied-j-640x329.jpg\" height=\"329\" width=\"640\" alt=\"\" class=\"slider-1862 slide-1874 msDefaultImage\" title=\"Eitner Abschied-j\" \/><\/li>\n            <li style='display: none;' aria-roledescription='slide' aria-labelledby='slide-11'><img loading=\"lazy\" decoding=\"async\" src=\"https:\/\/elbschule.hamburg.de\/wp-content\/uploads\/sites\/127\/2018\/07\/Eitner-Abschied-m-640x329.jpg\" height=\"329\" width=\"640\" alt=\"\" class=\"slider-1862 slide-1875 msDefaultImage\" title=\"Eitner Abschied-m\" \/><\/li>\n            <li style='display: none;' aria-roledescription='slide' aria-labelledby='slide-12'><img loading=\"lazy\" decoding=\"async\" src=\"https:\/\/elbschule.hamburg.de\/wp-content\/uploads\/sites\/127\/2018\/07\/Eitner-Abschied-n-640x329.jpg\" height=\"329\" width=\"640\" alt=\"\" class=\"slider-1862 slide-1876 msDefaultImage\" title=\"Eitner Abschied-n\" \/><\/li>\n            <li style='display: none;' aria-roledescription='slide' aria-labelledby='slide-13'><img loading=\"lazy\" decoding=\"async\" src=\"https:\/\/elbschule.hamburg.de\/wp-content\/uploads\/sites\/127\/2018\/07\/Eitner-Abschied-q-640x329.jpg\" height=\"329\" width=\"640\" alt=\"\" class=\"slider-1862 slide-1877 msDefaultImage\" title=\"Eitner Abschied-q\" \/><\/li>\n            <li style='display: none;' aria-roledescription='slide' aria-labelledby='slide-14'><img loading=\"lazy\" decoding=\"async\" src=\"https:\/\/elbschule.hamburg.de\/wp-content\/uploads\/sites\/127\/2018\/07\/Eitner-Abschied-p-640x329.jpg\" height=\"329\" width=\"640\" alt=\"\" class=\"slider-1862 slide-1878 msDefaultImage\" title=\"Eitner Abschied-p\" \/><\/li>\n            <li style='display: none;' aria-roledescription='slide' aria-labelledby='slide-15'><img loading=\"lazy\" decoding=\"async\" src=\"https:\/\/elbschule.hamburg.de\/wp-content\/uploads\/sites\/127\/2018\/07\/Eitner-Abschied-o-640x329.jpg\" height=\"329\" width=\"640\" alt=\"\" class=\"slider-1862 slide-1879 msDefaultImage\" title=\"Eitner Abschied-o\" \/><\/li>\n            <li style='display: none;' aria-roledescription='slide' aria-labelledby='slide-16'><img loading=\"lazy\" decoding=\"async\" src=\"https:\/\/elbschule.hamburg.de\/wp-content\/uploads\/sites\/127\/2018\/07\/Eitner-Abschied-rr-640x329.jpg\" height=\"329\" width=\"640\" alt=\"\" class=\"slider-1862 slide-1884 msDefaultImage\" title=\"Eitner Abschied-rr\" \/><\/li>\n            <li style='display: none;' aria-roledescription='slide' aria-labelledby='slide-17'><img loading=\"lazy\" decoding=\"async\" src=\"https:\/\/elbschule.hamburg.de\/wp-content\/uploads\/sites\/127\/2018\/07\/Eitner-Abschied-s-640x329.jpg\" height=\"329\" width=\"640\" alt=\"\" class=\"slider-1862 slide-1881 msDefaultImage\" title=\"Eitner Abschied-s\" \/><\/li>\n            <li style='display: none;' aria-roledescription='slide' aria-labelledby='slide-18'><img loading=\"lazy\" decoding=\"async\" src=\"https:\/\/elbschule.hamburg.de\/wp-content\/uploads\/sites\/127\/2018\/07\/Eitner-Abschied-t-640x329.jpg\" height=\"329\" width=\"640\" alt=\"\" class=\"slider-1862 slide-1882 msDefaultImage\" title=\"Eitner Abschied-t\" \/><\/li>\n        <\/ul>\n        \n    <\/div>\n<\/div>\n<p>&nbsp;<\/p>\n<p>Am 29.06.2018 fand mit der offiziellen Verabschiedung von Schulleiter Johannes Eitner eine 23-j\u00e4hrige erfolgreiche \u00c4ra der Bildung und Erziehung h\u00f6rgesch\u00e4digter Kinder in Hamburg ihren feierlichen Abschluss.<\/p>\n<p>Die komplette Mannschaft aus Sch\u00fclerschaft und Kollegium nahm an diesem Tag mit weiteren 90 geladenen G\u00e4sten in der maritim geschm\u00fcckten Aula an einem fast vierst\u00fcndigen Festprogramm teil.<\/p>\n<p>Lesen Sie mehr dazu in unserem aktuellen Newsletter.<\/p>\n","protected":false},"excerpt":{"rendered":"<p>&nbsp; Am 29.06.2018 fand mit der offiziellen Verabschiedung von Schulleiter Johannes Eitner eine 23-j\u00e4hrige erfolgreiche \u00c4ra der Bildung und Erziehung h\u00f6rgesch\u00e4digter Kinder in Hamburg ihren feierlichen Abschluss. Die komplette Mannschaft aus Sch\u00fclerschaft und Kollegium nahm an diesem Tag mit weiteren 90 geladenen G\u00e4sten in der maritim geschm\u00fcckten Aula an einem fast vierst\u00fcndigen Festprogramm teil. Lesen &hellip; <a href=\"https:\/\/elbschule.hamburg.de\/?page_id=1886\" class=\"more-link\"><span class=\"screen-reader-text\">Die Elbschule sagt Danke:  Der \u201eKapit\u00e4n\u201c geht von Bord<\/span> weiterlesen <span class=\"meta-nav\">&rarr;<\/span><\/a><\/p>\n","protected":false},"author":195,"featured_media":0,"parent":0,"menu_order":0,"comment_status":"closed","ping_status":"closed","template":"","meta":{"_acf_changed":false,"footnotes":""},"class_list":["post-1886","page","type-page","status-publish","hentry"],"acf":[],"_links":{"self":[{"href":"https:\/\/elbschule.hamburg.de\/index.php?rest_route=\/wp\/v2\/pages\/1886","targetHints":{"allow":["GET"]}}],"collection":[{"href":"https:\/\/elbschule.hamburg.de\/index.php?rest_route=\/wp\/v2\/pages"}],"about":[{"href":"https:\/\/elbschule.hamburg.de\/index.php?rest_route=\/wp\/v2\/types\/page"}],"author":[{"embeddable":true,"href":"https:\/\/elbschule.hamburg.de\/index.php?rest_route=\/wp\/v2\/users\/195"}],"replies":[{"embeddable":true,"href":"https:\/\/elbschule.hamburg.de\/index.php?rest_route=%2Fwp%2Fv2%2Fcomments&post=1886"}],"version-history":[{"count":0,"href":"https:\/\/elbschule.hamburg.de\/index.php?rest_route=\/wp\/v2\/pages\/1886\/revisions"}],"wp:attachment":[{"href":"https:\/\/elbschule.hamburg.de\/index.php?rest_route=%2Fwp%2Fv2%2Fmedia&parent=1886"}],"curies":[{"name":"wp","href":"https:\/\/api.w.org\/{rel}","templated":true}]}}