{"id":1805,"date":"2018-07-13T12:06:43","date_gmt":"2018-07-13T12:06:43","guid":{"rendered":"https:\/\/elbschule.hamburg.de\/?page_id=1805"},"modified":"2018-07-13T12:06:43","modified_gmt":"2018-07-13T12:06:43","slug":"schulkultur-kulturschule-2012-bis-2018","status":"publish","type":"page","link":"https:\/\/elbschule.hamburg.de\/?page_id=1805","title":{"rendered":"Schulkultur &#8211; Kulturschule 2012 bis 2018"},"content":{"rendered":"<div id=\"metaslider-id-1817\" style=\"max-width: 640px; margin: 0 auto;\" class=\"ml-slider-3-108-0 metaslider metaslider-responsive metaslider-1817 ml-slider ms-theme-default\" role=\"region\" aria-label=\"Kulturschule 2012-2018\" data-height=\"329\" data-width=\"640\">\n    <div id=\"metaslider_container_1817\">\n        <ul id='metaslider_1817' class='rslides'>\n            <li aria-roledescription='slide' aria-labelledby='slide-0'><img loading=\"lazy\" decoding=\"async\" src=\"https:\/\/elbschule.hamburg.de\/wp-content\/uploads\/sites\/127\/2018\/07\/Kulturschule-Juli2018e-640x329.jpg\" height=\"329\" width=\"640\" alt=\"\" class=\"slider-1817 slide-1818 msDefaultImage\" title=\"Kulturschule-Juli2018e\" \/><\/li>\n            <li style='display: none;' aria-roledescription='slide' aria-labelledby='slide-1'><img loading=\"lazy\" decoding=\"async\" src=\"https:\/\/elbschule.hamburg.de\/wp-content\/uploads\/sites\/127\/2018\/07\/Kulturschule-Juli2018b-640x329.jpg\" height=\"329\" width=\"640\" alt=\"\" class=\"slider-1817 slide-1821 msDefaultImage\" title=\"Kulturschule-Juli2018b\" \/><\/li>\n            <li style='display: none;' aria-roledescription='slide' aria-labelledby='slide-2'><img loading=\"lazy\" decoding=\"async\" src=\"https:\/\/elbschule.hamburg.de\/wp-content\/uploads\/sites\/127\/2018\/07\/Kulturschule-Juli2018a-604x311.jpg\" height=\"329\" width=\"640\" alt=\"\" class=\"slider-1817 slide-1822 msDefaultImage\" title=\"Kulturschule-Juli2018a\" \/><\/li>\n            <li style='display: none;' aria-roledescription='slide' aria-labelledby='slide-3'><img loading=\"lazy\" decoding=\"async\" src=\"https:\/\/elbschule.hamburg.de\/wp-content\/uploads\/sites\/127\/2018\/07\/Kulturschule-Juli2018d-424x217.jpg\" height=\"329\" width=\"640\" alt=\"\" class=\"slider-1817 slide-1823 msDefaultImage\" title=\"Kulturschule-Juli2018d\" \/><\/li>\n            <li style='display: none;' aria-roledescription='slide' aria-labelledby='slide-4'><img loading=\"lazy\" decoding=\"async\" src=\"https:\/\/elbschule.hamburg.de\/wp-content\/uploads\/sites\/127\/2018\/07\/Kulturschule-Juli2018c-424x217.jpg\" height=\"329\" width=\"640\" alt=\"\" class=\"slider-1817 slide-1824 msDefaultImage\" title=\"Kulturschule-Juli2018c\" \/><\/li>\n        <\/ul>\n        \n    <\/div>\n<\/div>\n<p>&nbsp;<\/p>\n<p>Heute m\u00f6chten wir die Gelegenheit wahrnehmen, uns geb\u00fchrend daf\u00fcr zu bedanken, dass wir uns in den vergangenen sieben Jahren zur Kulturschule entwickeln durften!<\/p>\n<p>Seit 2012 ist unsere Elbschule in der besonderen Position, eine von sieben Hamburger Kulturschulen sein zu d\u00fcrfen. Die Gabriele Fink Stiftung initiierte das Schulentwicklungsprogramm \u201eKulturschule Hamburg\u201c, in Kooperation mit der Beh\u00f6rde f\u00fcr Schule und Berufsbildung und der Kulturbeh\u00f6rde, durch das sieben ausgew\u00e4hlte Schulen f\u00fcr die Dauer von 7 Jahren, vielf\u00e4ltig unterst\u00fctzt und finanziell gef\u00f6rdert wurden.<\/p>\n<p>Wir m\u00f6chten uns f\u00fcr all das in aller Herzlichkeit bedanken, denn was uns dadurch erm\u00f6glicht worden ist, wird f\u00fcr manchen Sch\u00fcler ein Leben lang in Erinnerung bleiben.<\/p>\n<p>So hat sich seit dieser Zeit an manchem Schultag die Unterrichtsplanung und \u2013durchf\u00fchrung durch die Mitarbeit von kreativen Kulturschaffenden und die beiden KulturLotsinnen S. Tod und L. Hoven facettenreich ver\u00e4ndert. Diese vielseitige Zusammenarbeit zwischen Lehrkr\u00e4ften, Sch\u00fclern und K\u00fcnstlern, spiegeln sich u.a. in unterschiedlichen Projekten, Unterrichtseinheiten und Kooperationen wider, die hier nur beispielhaft Erw\u00e4hnung finden k\u00f6nnen, da es sich um eine so gro\u00dfe Vielzahl an individuellen Unternehmungen handelt.<\/p>\n<p>So gab es Sch\u00fcler und Kollegen, die mit Musikern f\u00fcr ein Songprojekt den Song \u201eSag es laut\u201c in Wort, Ton und Bild erarbeiteten, w\u00e4hrend eine andere Lerngruppe im Rahmen eines Tanz-und Theaterprojektes Kost\u00fcme, ein B\u00fchnenbild und eine Choreografie gestalteten. Des Weiteren erlernten manche Elbsch\u00fcler die Schabkarton-Technik und gestalteten in liebevoller Detailarbeit ein eigenes Kunstwerk sowie ein gemeinsames Buch mit der Illustratorin und KulturLotsin L. Hoven. Dar\u00fcber hinaus kreierten wiederum andere im Rahmen eines Projektions-Projektes mit Licht und Farben phantastische Welten, entwickelten experimentelle Musik mit einem Komponisten oder nahmen f\u00fcr das NDR Projekt \u201eH\u00f6rspiel in der Schule\u201c ein eigenes H\u00f6rspiel auf. Auch im Fremdsprachenunterricht wurde und wird kreativ gearbeitet &#8211; eine Englisch-Klasse \u00fcberlegte sich beispielsweise ein interaktives Krimispiel f\u00fcr Smartboards zum Thema London.<\/p>\n<p>Und auch unsere kleinsten Sch\u00fcler kamen immer wieder in den Genuss sich kreativ zu entfalten. Eine erste Klasse erarbeitete z.B. mit ihren Lieblingskuscheltieren eine eigene Geschichte, die in einem eigenen Bilderbuch abgedruckt wurde.<\/p>\n<p>Und im Gegensatz dazu durften einige von den Gro\u00dfen innerhalb unserer Kooperation mit dem Bundesjugendballett in die Ballettwelt eintauchen und gemeinsam mit professionellen T\u00e4nzern eine Choreografie erlernen. Auch zu benennen sind an dieser Stelle das \u201eSchwarzlicht Hip Hop\u201c \u2013Tanzprojekt, das \u201eGraphic Novels\u201c- Literaturprojekt, \u201edie Hexenpr\u00fcfung\u201c ein Theaterprojekt und die \u201eVitamin-Superhelden\u201c \u2013 ein Ern\u00e4hrungsprojekt.<\/p>\n<p>All das war m\u00f6glich, weil wir uns auf den Weg gemacht haben Kulturschule zu sein und Kreativen aus verschiedenen Professionen die T\u00fcren in unsere Klassenzimmer ge\u00f6ffnet haben bzw. unsere Klassenzimmer nach au\u00dfen verlegt haben. Dadurch entstanden viele individuelle Projekte und Unterrichtseinheiten, die getragen wurden durch kreative Zusammenarbeit zwischen Sch\u00fclern, Elbschulkollegen, KulturLotsen und K\u00fcnstlern.<\/p>\n<p>Es wurden abwechslungsreiche Fotos aufgenommen, Filme entstanden und es gab auch erfolgreiche Teilnahmen am Filmfestival \u201eabgedreht\u201c sowie am Fotowettbewerb in den Deichtorhallen \u2013 \u201eZwei begegnen sich!\u201c<\/p>\n<p>Nat\u00fcrlich wurden auch ernste Themen dabei bearbeitet \u2013 so besch\u00e4ftigte sich die Schulgemeinschaft beispielsweise im Rahmen einer einj\u00e4hrigen Kooperation mit der BERTINI-Initiative \u201eMut im Netz\u201c u.a. in verschiedenen Workshops mit dem Thema Internetverhalten und Cybermobbing.<\/p>\n<p>Und auch philosophische Aspekte sind uns nicht fremd. So haben sich in diesem Schuljahr Kinder durch Forschendes Lernen mit eigenen Fragestellungen auseinandergesetzt und haben dazu geforscht; die P\u00e4dagoginnen und die Kinderphilosophin Kristina Calvert standen nur als \u201eunterst\u00fctzende und nachfragende Begleitung\u201c zur Seite.<\/p>\n<p>Ferner haben wir das Gl\u00fcck als Kulturschule mit verschiedenen Partnern schon seit l\u00e4ngerem zu kooperieren wie z.B. mit dem Ernst Deutsch Theater (\u201eInklusiver Theaterjugendclub\u201c unter der Leitung der Theaterp\u00e4dagogin und KulturLotsin S. Tod), mit dem NDR (\u201eKindernachrichten in Geb\u00e4rdensprache\u201c) sowie mit dem Education-Team der Laeiszhalle \/ Elbphilharmonie und mit dem Stadtteil&amp;Kulturzentrum MOTTE.<\/p>\n<p>Eine weitere kulturelle Besonderheit unserer Elbschule, darf an dieser Stelle nicht unerw\u00e4hnt bleiben. Um der Schulgemeinschaft j\u00e4hrlich die M\u00f6glichkeit zu bieten die Arbeitsergebnisse und Arbeitsprozesse aus den kreativ-k\u00fcnstlerischen Unterrichtsprojekten, Kursen und Kooperationen zu pr\u00e4sentieren, wurde im Sommer 2015 der erste ELBSCHULKULTUR-Tag ins Leben gerufen, der sich im Sommer 2018 zum vierten Mal j\u00e4hrte.<\/p>\n<p>Nun neigt sich das Programm \u201eKulturschule\u201c dem Ende entgegen und unsere Elbschule wird gest\u00e4rkt durch die siebenj\u00e4hrige Unterst\u00fctzung auf eigenen F\u00fc\u00dfen stehen und weiter Kulturschule bleiben. Es werden auch weiterhin Projekte und Unterrichtseinheiten mit Kreativen stattfinden und es wird auch weiterhin mit den Kooperationspartnern an alten und neuen Ideen gearbeitet. Gedanken und Planungsans\u00e4tze zur Verstetigung kultureller Bildung und Weiterentwicklung der Schulkultur an der Elbschule \u00fcber das Programmende hinaus (Curriculare Weiterentwicklung, Raumkonzept u.a.) sind gestartet und vielf\u00e4ltige M\u00f6glichkeiten in der Denke.<\/p>\n<p>Bei all dem ist uns ein besonderes Anliegen, dass die Partizipation der Sch\u00fclerinnen und Sch\u00fcler am schulkulturellen Geschehen zuk\u00fcnftig noch st\u00e4rker gef\u00f6rdert wird und das Zusammenleben innerhalb der Elbschule f\u00fcr die gesamte Schulgemeinschaft sich auch in den n\u00e4chsten Jahren in kreativen facettenreichen Bereichen bewegt.<\/p>\n<p>&nbsp;<\/p>\n<p>Britta Visser (Kulturschul-Team)<\/p>\n<p><a href=\"http:\/\/www.gabrielefinkstiftung.de\/content\/kulturschule\/kulturschule-hamburg\/\" target=\"_blank\" rel=\"noopener\">http:\/\/www.gabrielefinkstiftung.de\/content\/kulturschule\/kulturschule-hamburg\/<\/a><\/p>\n<p><a href=\"http:\/\/kulturschulen.hamburg.de\/\" target=\"_blank\" rel=\"noopener\">http:\/\/kulturschulen.hamburg.de\/<\/a><\/p>\n","protected":false},"excerpt":{"rendered":"<p>&nbsp; Heute m\u00f6chten wir die Gelegenheit wahrnehmen, uns geb\u00fchrend daf\u00fcr zu bedanken, dass wir uns in den vergangenen sieben Jahren zur Kulturschule entwickeln durften! Seit 2012 ist unsere Elbschule in der besonderen Position, eine von sieben Hamburger Kulturschulen sein zu d\u00fcrfen. Die Gabriele Fink Stiftung initiierte das Schulentwicklungsprogramm \u201eKulturschule Hamburg\u201c, in Kooperation mit der Beh\u00f6rde &hellip; <a href=\"https:\/\/elbschule.hamburg.de\/?page_id=1805\" class=\"more-link\"><span class=\"screen-reader-text\">Schulkultur &#8211; Kulturschule 2012 bis 2018<\/span> weiterlesen <span class=\"meta-nav\">&rarr;<\/span><\/a><\/p>\n","protected":false},"author":195,"featured_media":0,"parent":0,"menu_order":0,"comment_status":"closed","ping_status":"closed","template":"","meta":{"_acf_changed":false,"footnotes":""},"class_list":["post-1805","page","type-page","status-publish","hentry"],"acf":[],"_links":{"self":[{"href":"https:\/\/elbschule.hamburg.de\/index.php?rest_route=\/wp\/v2\/pages\/1805","targetHints":{"allow":["GET"]}}],"collection":[{"href":"https:\/\/elbschule.hamburg.de\/index.php?rest_route=\/wp\/v2\/pages"}],"about":[{"href":"https:\/\/elbschule.hamburg.de\/index.php?rest_route=\/wp\/v2\/types\/page"}],"author":[{"embeddable":true,"href":"https:\/\/elbschule.hamburg.de\/index.php?rest_route=\/wp\/v2\/users\/195"}],"replies":[{"embeddable":true,"href":"https:\/\/elbschule.hamburg.de\/index.php?rest_route=%2Fwp%2Fv2%2Fcomments&post=1805"}],"version-history":[{"count":0,"href":"https:\/\/elbschule.hamburg.de\/index.php?rest_route=\/wp\/v2\/pages\/1805\/revisions"}],"wp:attachment":[{"href":"https:\/\/elbschule.hamburg.de\/index.php?rest_route=%2Fwp%2Fv2%2Fmedia&parent=1805"}],"curies":[{"name":"wp","href":"https:\/\/api.w.org\/{rel}","templated":true}]}}