{"id":1795,"date":"2018-06-26T15:25:07","date_gmt":"2018-06-26T15:25:07","guid":{"rendered":"https:\/\/elbschule.hamburg.de\/?page_id=1795"},"modified":"2018-06-26T15:35:59","modified_gmt":"2018-06-26T15:35:59","slug":"alt-und-jung","status":"publish","type":"page","link":"https:\/\/elbschule.hamburg.de\/?page_id=1795","title":{"rendered":"Alt und Jung"},"content":{"rendered":"<p><strong>Wor\u00fcber hast du dir vor dem 1. Tag mit den Senioren Gedanken <a href=\"https:\/\/elbschule.hamburg.de\/wp-content\/uploads\/sites\/127\/2018\/06\/DSC01005.jpg\" data-rel=\"lightbox\" data-rl_title=\"\" data-rl_caption=\"\" title=\"\"><img loading=\"lazy\" decoding=\"async\" class=\" wp-image-1790 alignright\" src=\"https:\/\/elbschule.hamburg.de\/wp-content\/uploads\/sites\/127\/2018\/06\/DSC01005.jpg\" alt=\"\" width=\"341\" height=\"227\" srcset=\"https:\/\/elbschule.hamburg.de\/wp-content\/uploads\/sites\/127\/2018\/06\/DSC01005.jpg 2048w, https:\/\/elbschule.hamburg.de\/wp-content\/uploads\/sites\/127\/2018\/06\/DSC01005-300x200.jpg 300w, https:\/\/elbschule.hamburg.de\/wp-content\/uploads\/sites\/127\/2018\/06\/DSC01005-768x512.jpg 768w, https:\/\/elbschule.hamburg.de\/wp-content\/uploads\/sites\/127\/2018\/06\/DSC01005-1024x683.jpg 1024w\" sizes=\"auto, (max-width: 341px) 100vw, 341px\" \/><\/a>gemacht?<\/p>\n<p><\/strong><em>\u201eDer erste Gedanke war, dass es nicht so spannend wird, weil die \u00e4lteren Leute entweder keine Lust haben, was zu machen oder kein Interesse an uns haben. Aber da habe ich mich get\u00e4uscht, die Senioren hatten viel Interesse und hatten auf jeden Fall Lust, alles mitzumachen.\u201c<br \/>\n<\/em>Anil<\/p>\n<p><strong>Was war dein sch\u00f6nster Moment?<\/strong><\/p>\n<p><em><a href=\"https:\/\/elbschule.hamburg.de\/wp-content\/uploads\/sites\/127\/2018\/06\/DSC00996.jpg\" data-rel=\"lightbox\" data-rl_title=\"\" data-rl_caption=\"\" title=\"\"><img loading=\"lazy\" decoding=\"async\" class=\" wp-image-1789 alignleft\" src=\"https:\/\/elbschule.hamburg.de\/wp-content\/uploads\/sites\/127\/2018\/06\/DSC00996.jpg\" alt=\"\" width=\"287\" height=\"191\" srcset=\"https:\/\/elbschule.hamburg.de\/wp-content\/uploads\/sites\/127\/2018\/06\/DSC00996.jpg 2048w, https:\/\/elbschule.hamburg.de\/wp-content\/uploads\/sites\/127\/2018\/06\/DSC00996-300x200.jpg 300w, https:\/\/elbschule.hamburg.de\/wp-content\/uploads\/sites\/127\/2018\/06\/DSC00996-768x512.jpg 768w, https:\/\/elbschule.hamburg.de\/wp-content\/uploads\/sites\/127\/2018\/06\/DSC00996-1024x683.jpg 1024w\" sizes=\"auto, (max-width: 287px) 100vw, 287px\" \/><\/a>\u201eDass Maria mir selbst gestrickte Socken geschenkt hat. Ich finde das so lieb, weil man die Wolle ja bezahlen muss. Und, weil Stricken nicht gerade einfach ist.\u201c<br \/>\n<\/em>Tijan<\/p>\n<p>&nbsp;<\/p>\n<p><em>\u201eF\u00fcr mich war der sch\u00f6nste Moment, als die Senioren \u00fcber die Geschichte erz\u00e4hlt haben. Also, was fr\u00fcher passiert ist, im Jahr 1935. Das hat mich ber\u00fchrt. Ein bisschen traurig hat es mich auch gemacht.\u201c<br \/>\n<\/em>Sela<\/p>\n<p><em>\u201eIch fand den spannendsten Moment, als ich erfahren habe, dass eine Seniorin das erste Mal einen Ball auf ein Fu\u00dfballtor geschossen hat. Ich hatte G\u00e4nsehaut.\u201c<br \/>\n<\/em>\u00a0Anil<\/p>\n<p>\u201e<em>Dass wir in der Aula getanzt haben. Warum mir das gefallen hat? Weil die Musik so laut war und lustig und alle zusammen getanzt haben.\u201c<br \/>\n<\/em>Alvin<\/p>\n<p><em>\u201eMein sch\u00f6nster Moment war, als die alte Frau uns ein Spiel beigebracht hat. Warum? Weil ich den 1. Platz gemacht habe.\u201c<br \/>\n<\/em>Lisa<\/p>\n<p><em>\u201eDas Fr\u00fchst\u00fcck am 1.Tag. Wir haben da viel mit den Senioren geredet und sie kennengelernt.\u201c<br \/>\n<\/em>Merle<\/p>\n<p><strong>\u00a0<\/strong><\/p>\n<p><strong>Was hast du Neues gelernt? <\/strong><\/p>\n<p><em>\u201eAlso f\u00fcr mich war neu, dass Maria mir Stricken beigebracht hat.\u201c<br \/>\n<\/em>Tijan<\/p>\n<p><em>\u201eWir haben die Alten gefragt, was ihre wertvollsten Momente waren. Und <a href=\"https:\/\/elbschule.hamburg.de\/wp-content\/uploads\/sites\/127\/2018\/06\/DSC00901.jpg\" data-rel=\"lightbox\" data-rl_title=\"\" data-rl_caption=\"\" title=\"\"><img loading=\"lazy\" decoding=\"async\" class=\" wp-image-1788 alignright\" src=\"https:\/\/elbschule.hamburg.de\/wp-content\/uploads\/sites\/127\/2018\/06\/DSC00901.jpg\" alt=\"\" width=\"258\" height=\"172\" srcset=\"https:\/\/elbschule.hamburg.de\/wp-content\/uploads\/sites\/127\/2018\/06\/DSC00901.jpg 2048w, https:\/\/elbschule.hamburg.de\/wp-content\/uploads\/sites\/127\/2018\/06\/DSC00901-300x200.jpg 300w, https:\/\/elbschule.hamburg.de\/wp-content\/uploads\/sites\/127\/2018\/06\/DSC00901-768x512.jpg 768w, https:\/\/elbschule.hamburg.de\/wp-content\/uploads\/sites\/127\/2018\/06\/DSC00901-1024x683.jpg 1024w\" sizes=\"auto, (max-width: 258px) 100vw, 258px\" \/><\/a>die alte Dame Angela hat ihr Foto mitgebracht und das war vom 2.Weltkrieg. Sie hat erz\u00e4hlt, dass sie da im Kindergarten war und zusammen mit ihren Freunden Fu\u00dfball und Puppen gespielt hat. Das war spannend anzuh\u00f6ren.\u201c<br \/>\n<\/em>Alvin<\/p>\n<p><em>\u201eDas wir von den Senioren viel \u00fcber ihre Vergangenheit erfahren haben.\u201c<br \/>\n<\/em>Yosuf<\/p>\n<p><em>\u201eDie Geschichten von den Alten und das Spiel, was die Eine uns beigebracht hat.\u201c<br \/>\n<\/em>Lisa und Walaa<\/p>\n<p><em>\u201eDass wir zusammen gepicknickt haben.\u201c<br \/>\n<\/em>Yosuf<\/p>\n<p><em>\u201eMit der einen alten Dame zu stricken. Weil ich jetzt nicht nur n\u00e4hen, sondern auch stricken kann\u201c.<br \/>\n<\/em>Walaa<\/p>\n<p>&nbsp;<\/p>\n<p><strong>Was haben die Senioren von dir gelernt?<\/strong><\/p>\n<p><em>\u201eDas mit dem Smartboard, also, dass das eine elektronische Tafel ist. Und die Sache mit der H\u00f6ranlage und der Geb\u00e4rdensprache.\u201c<br \/>\n<\/em>Tijan<\/p>\n<p><em>\u201eViele wussten nichts \u00fcber H\u00f6rger\u00e4te und CI\u00b4s und Geb\u00e4rdensprache. Dar\u00fcber haben wir ihnen viel erkl\u00e4rt.\u201c<br \/>\n<\/em>Sela<\/p>\n<p><em>\u201eF\u00fcr die Alten war unsere Schule und die Geb\u00e4rdensprache neu.\u201c<br \/>\n<\/em>Merle<\/p>\n<p><em>\u201eWir haben ihnen erkl\u00e4rt, was eine Audiometrie ist und das Fingeralphabet beigebracht.\u201c<\/em><br \/>\nWalaa, Lisa<\/p>\n<p>&nbsp;<\/p>\n<p><strong>Projekt \u201eAlt und Jung\u201c \u2013 ein kleiner Bericht <\/strong><\/p>\n<p>Interessierte Senioren zu finden, war nicht leicht.<\/p>\n<p>Wir haben viel Werbung gemacht mit unserem Flyer in vielen verschiedenen Altersheimen. Aber sie hatten leider kein Interesse. Es war nat\u00fcrlich schwer, einen neuen Plan zu machen. Dann haben wir beschlossen, es anders zu versuchen. Frau Offermann und Frau von Spreckelsen haben alle Kollegen gefragt, ob deren Freunde, Eltern oder Bekannte Interesse haben. Und so haben wir es geschafft, viele Senioren zu finden und zusammen das Projekt zu machen.<\/p>\n<p>&nbsp;<\/p>\n<p>Wir haben selber die Workshops mit den Senioren geplant, vorbereitet und durchgef\u00fchrt. Das hat ziemlich lange gedauert. Auch im Stadtteil beim UCI-Kino haben wir Interviews gef\u00fchrt und dort Menschen kennengelernt. Einmal ist sogar ein alter Mann in die Schule gekommen, weil er unseren Flyer entdeckt hatte und uns kennenlernen wollte.<\/p>\n<p>Als dann die Senioren das erste Mal kamen, waren wir ganz sch\u00f6n aufgeregt.<\/p>\n<p>Aber das ging ganz schnell vorbei! Schon beim Fr\u00fchst\u00fcck haben wir viel miteinander gequatscht! Und gelacht. Essen m\u00f6gen wir alle gerne\u2026!<\/p>\n<p>An den Tagen mit den Senioren haben wir viel voneinander gelernt und zusammen ganz viel Spa\u00df gehabt. Wir haben ihnen viel von unserer Welt gezeigt: Geb\u00e4rden zum Beispiel und das Fingeralphabet. Und ihnen gezeigt, was wir alles f\u00fcr besondere Dinge in der Schule haben. Unsere Audiometrie, einen Subwoofer in der Aula. Ganz spontan haben wir auf der B\u00fchne mit den Senioren getanzt! Die waren richtig gut drauf.<\/p>\n<p>Wir haben auch miteinander gespielt: Fu\u00dfball, Kicker, UNO, aber auch gemeinsam gebacken usw.<\/p>\n<p>Dann hatten wir noch einen Filmemacher und einen Fotografen dabei. Die haben uns geholfen, wundersch\u00f6ne Fotos und auch einen Film vom Projekt zu machen. Die haben wir auch beim Elbschulkultur-Tag ausgestellt.<\/p>\n<p>Wir hatten \u00fcbrigens lustige Ideen! Wir haben vorher besprochen, wer in eine Gruppe kommt mit der Hilfe von Schokoladenpapierfarben. Als die Senioren kamen, sollte sie sich eine Schokoladenfarbe aussuchen. Damit wurden sie in Gruppen eingeteilt. Das war dann direkt spannend.<\/p>\n<p>Wir hatten vor, am letzten Tag an die Elbe zu gehen und Picknick zu machen, aber das Wetter war leider zu schlecht. Aber wir haben uns das nicht kaputt machen lassen, daher haben wir beschlossen, in der Klasse Picknick zu machen. Dabei haben wir im Smartboard ein Video angemacht, wo man das Meer sieht und Wasserger\u00e4usche h\u00f6rt, als w\u00e4re man an der Elbe.<\/p>\n<p>Wir hatten alle viel Spa\u00df!<\/p>\n<p>Alvin wollte die Senioren sogar mit auf Abschlussreise nehmen.<\/p>\n<p>Wir sind dann aber doch alleine nach Holland gefahren\u00a0 \ud83d\ude42<\/p>\n<p><strong>Klasse 9\/10F-I und 10aF-I<\/strong><\/p>\n<p>&nbsp;<\/p>\n<p>&nbsp;<\/p>\n<p>&nbsp;<\/p>\n","protected":false},"excerpt":{"rendered":"<p>Wor\u00fcber hast du dir vor dem 1. Tag mit den Senioren Gedanken gemacht? \u201eDer erste Gedanke war, dass es nicht so spannend wird, weil die \u00e4lteren Leute entweder keine Lust haben, was zu machen oder kein Interesse an uns haben. Aber da habe ich mich get\u00e4uscht, die Senioren hatten viel Interesse und hatten auf jeden &hellip; <a href=\"https:\/\/elbschule.hamburg.de\/?page_id=1795\" class=\"more-link\"><span class=\"screen-reader-text\">Alt und Jung<\/span> weiterlesen <span class=\"meta-nav\">&rarr;<\/span><\/a><\/p>\n","protected":false},"author":207,"featured_media":0,"parent":0,"menu_order":0,"comment_status":"closed","ping_status":"closed","template":"","meta":{"_acf_changed":false,"footnotes":""},"class_list":["post-1795","page","type-page","status-publish","hentry"],"acf":[],"_links":{"self":[{"href":"https:\/\/elbschule.hamburg.de\/index.php?rest_route=\/wp\/v2\/pages\/1795","targetHints":{"allow":["GET"]}}],"collection":[{"href":"https:\/\/elbschule.hamburg.de\/index.php?rest_route=\/wp\/v2\/pages"}],"about":[{"href":"https:\/\/elbschule.hamburg.de\/index.php?rest_route=\/wp\/v2\/types\/page"}],"author":[{"embeddable":true,"href":"https:\/\/elbschule.hamburg.de\/index.php?rest_route=\/wp\/v2\/users\/207"}],"replies":[{"embeddable":true,"href":"https:\/\/elbschule.hamburg.de\/index.php?rest_route=%2Fwp%2Fv2%2Fcomments&post=1795"}],"version-history":[{"count":1,"href":"https:\/\/elbschule.hamburg.de\/index.php?rest_route=\/wp\/v2\/pages\/1795\/revisions"}],"predecessor-version":[{"id":1797,"href":"https:\/\/elbschule.hamburg.de\/index.php?rest_route=\/wp\/v2\/pages\/1795\/revisions\/1797"}],"wp:attachment":[{"href":"https:\/\/elbschule.hamburg.de\/index.php?rest_route=%2Fwp%2Fv2%2Fmedia&parent=1795"}],"curies":[{"name":"wp","href":"https:\/\/api.w.org\/{rel}","templated":true}]}}