{"id":1783,"date":"2018-06-23T09:20:28","date_gmt":"2018-06-23T09:20:28","guid":{"rendered":"https:\/\/elbschule.hamburg.de\/?page_id=1783"},"modified":"2018-10-22T07:59:05","modified_gmt":"2018-10-22T07:59:05","slug":"schoen-war-es-unser-fruehfoerder-sommerfest","status":"publish","type":"page","link":"https:\/\/elbschule.hamburg.de\/?page_id=1783","title":{"rendered":"2018 Sommerfest"},"content":{"rendered":"<p>Sch\u00f6n war es, unser Fr\u00fchf\u00f6rder-Sommerfest!<\/p>\n<p>&#8230; und es war, wie versprochen &#8222;sonnig&#8220;!<\/p>\n<p><img loading=\"lazy\" decoding=\"async\" class=\"aligncenter size-full wp-image-1782\" src=\"https:\/\/elbschule.hamburg.de\/wp-content\/uploads\/sites\/127\/2018\/06\/Max-und-Lotta-1.jpg\" alt=\"\" width=\"640\" height=\"360\" srcset=\"https:\/\/elbschule.hamburg.de\/wp-content\/uploads\/sites\/127\/2018\/06\/Max-und-Lotta-1.jpg 640w, https:\/\/elbschule.hamburg.de\/wp-content\/uploads\/sites\/127\/2018\/06\/Max-und-Lotta-1-300x169.jpg 300w\" sizes=\"auto, (max-width: 640px) 100vw, 640px\" \/><br \/>\nNicht nur die fr\u00f6hlichen Kindergesichter bei Spiel und Spa\u00df, die netten Gespr\u00e4che unter den Erwachsenen &#8230; tats\u00e4chlich auch das Wetter hat uns nicht im Stich gelassen (und 500m weiter Richtung Altona gab es richtig heftigen Regen&#8230;)<\/p>\n<p>&nbsp;<\/p>\n<p><img loading=\"lazy\" decoding=\"async\" class=\"size-full wp-image-1781 alignleft\" src=\"https:\/\/elbschule.hamburg.de\/wp-content\/uploads\/sites\/127\/2018\/06\/Lilo-3.jpg\" alt=\"\" width=\"222\" height=\"394\" srcset=\"https:\/\/elbschule.hamburg.de\/wp-content\/uploads\/sites\/127\/2018\/06\/Lilo-3.jpg 222w, https:\/\/elbschule.hamburg.de\/wp-content\/uploads\/sites\/127\/2018\/06\/Lilo-3-169x300.jpg 169w\" sizes=\"auto, (max-width: 222px) 100vw, 222px\" \/><\/p>\n<p>&nbsp;<\/p>\n<p>&nbsp;<\/p>\n<p>&nbsp;<\/p>\n<p>&nbsp;<\/p>\n<p>&nbsp;<\/p>\n<p>&nbsp;<\/p>\n<p>&nbsp;<\/p>\n<p>&nbsp;<\/p>\n<p>&nbsp;<\/p>\n<p>Wir freuen uns schon auf das n\u00e4chste Jahr \ud83d\ude42<\/p>\n","protected":false},"excerpt":{"rendered":"<p>Sch\u00f6n war es, unser Fr\u00fchf\u00f6rder-Sommerfest! &#8230; und es war, wie versprochen &#8222;sonnig&#8220;! Nicht nur die fr\u00f6hlichen Kindergesichter bei Spiel und Spa\u00df, die netten Gespr\u00e4che unter den Erwachsenen &#8230; tats\u00e4chlich auch das Wetter hat uns nicht im Stich gelassen (und 500m weiter Richtung Altona gab es richtig heftigen Regen&#8230;) &nbsp; &nbsp; &nbsp; &nbsp; &nbsp; &nbsp; &nbsp; &hellip; <a href=\"https:\/\/elbschule.hamburg.de\/?page_id=1783\" class=\"more-link\"><span class=\"screen-reader-text\">2018 Sommerfest<\/span> weiterlesen <span class=\"meta-nav\">&rarr;<\/span><\/a><\/p>\n","protected":false},"author":206,"featured_media":0,"parent":0,"menu_order":0,"comment_status":"closed","ping_status":"closed","template":"","meta":{"_acf_changed":false,"footnotes":""},"class_list":["post-1783","page","type-page","status-publish","hentry"],"acf":[],"_links":{"self":[{"href":"https:\/\/elbschule.hamburg.de\/index.php?rest_route=\/wp\/v2\/pages\/1783","targetHints":{"allow":["GET"]}}],"collection":[{"href":"https:\/\/elbschule.hamburg.de\/index.php?rest_route=\/wp\/v2\/pages"}],"about":[{"href":"https:\/\/elbschule.hamburg.de\/index.php?rest_route=\/wp\/v2\/types\/page"}],"author":[{"embeddable":true,"href":"https:\/\/elbschule.hamburg.de\/index.php?rest_route=\/wp\/v2\/users\/206"}],"replies":[{"embeddable":true,"href":"https:\/\/elbschule.hamburg.de\/index.php?rest_route=%2Fwp%2Fv2%2Fcomments&post=1783"}],"version-history":[{"count":0,"href":"https:\/\/elbschule.hamburg.de\/index.php?rest_route=\/wp\/v2\/pages\/1783\/revisions"}],"wp:attachment":[{"href":"https:\/\/elbschule.hamburg.de\/index.php?rest_route=%2Fwp%2Fv2%2Fmedia&parent=1783"}],"curies":[{"name":"wp","href":"https:\/\/api.w.org\/{rel}","templated":true}]}}