{"id":1727,"date":"2018-06-21T19:51:09","date_gmt":"2018-06-21T19:51:09","guid":{"rendered":"https:\/\/elbschule.hamburg.de\/?page_id=1727"},"modified":"2018-06-25T07:19:21","modified_gmt":"2018-06-25T07:19:21","slug":"elbschulkultur-tag-bewegte-gaeste-und-die-schulgemeinschaft-2","status":"publish","type":"page","link":"https:\/\/elbschule.hamburg.de\/?page_id=1727","title":{"rendered":"ELBSCHULKULTUR-Tag bewegte G\u00e4ste und die Schulgemeinschaft"},"content":{"rendered":"<div id=\"metaslider-id-1702\" style=\"max-width: 640px; margin: 0 auto;\" class=\"ml-slider-3-107-0 metaslider metaslider-coin metaslider-1702 ml-slider ms-theme-default\" role=\"region\" aria-label=\"ESKT 2018\" data-height=\"329\" data-width=\"640\">\n    <div id=\"metaslider_container_1702\">\n        <div id='metaslider_1702' class='coin-slider'>\n<a href=\"javascript:void(0)\" target=\"_self\"><img loading=\"lazy\" decoding=\"async\" src=\"https:\/\/elbschule.hamburg.de\/wp-content\/uploads\/sites\/127\/2018\/06\/Kartenlady-14-262x134.jpg\" height=\"329\" width=\"640\" alt=\"\" class=\"slider-1702 slide-1703 msDefaultImage\" title=\"Kartenlady-14\" style=\"display: none;\" \/><\/a>\n<a href=\"javascript:void(0)\" target=\"_self\"><img loading=\"lazy\" decoding=\"async\" src=\"https:\/\/elbschule.hamburg.de\/wp-content\/uploads\/sites\/127\/2018\/06\/Wild-und-Bunt-10-15-591x303.jpg\" height=\"329\" width=\"640\" alt=\"\" class=\"slider-1702 slide-1704 msDefaultImage\" title=\"Wild und Bunt 10-15\" style=\"display: none;\" \/><\/a>\n<a href=\"javascript:void(0)\" target=\"_self\"><img loading=\"lazy\" decoding=\"async\" src=\"https:\/\/elbschule.hamburg.de\/wp-content\/uploads\/sites\/127\/2018\/06\/Regenwald-6-13-591x303.jpg\" height=\"329\" width=\"640\" alt=\"\" class=\"slider-1702 slide-1705 msDefaultImage\" title=\"Regenwald 6-13\" style=\"display: none;\" \/><\/a>\n<a href=\"javascript:void(0)\" target=\"_self\"><img loading=\"lazy\" decoding=\"async\" src=\"https:\/\/elbschule.hamburg.de\/wp-content\/uploads\/sites\/127\/2018\/06\/Wild-und-Bunt-2-16-591x303.jpg\" height=\"329\" width=\"640\" alt=\"\" class=\"slider-1702 slide-1706 msDefaultImage\" title=\"Wild und Bunt 2-16\" style=\"display: none;\" \/><\/a>\n<a href=\"javascript:void(0)\" target=\"_self\"><img loading=\"lazy\" decoding=\"async\" src=\"https:\/\/elbschule.hamburg.de\/wp-content\/uploads\/sites\/127\/2018\/06\/Regenwald-5-18-591x303.jpg\" height=\"329\" width=\"640\" alt=\"\" class=\"slider-1702 slide-1707 msDefaultImage\" title=\"Regenwald 5-18\" style=\"display: none;\" \/><\/a>\n<a href=\"javascript:void(0)\" target=\"_self\"><img loading=\"lazy\" decoding=\"async\" src=\"https:\/\/elbschule.hamburg.de\/wp-content\/uploads\/sites\/127\/2018\/06\/ESKT_2018-2-594x305.jpg\" height=\"329\" width=\"640\" alt=\"\" class=\"slider-1702 slide-1708 msDefaultImage\" title=\"ESKT_2018-2\" style=\"display: none;\" \/><\/a>\n<a href=\"javascript:void(0)\" target=\"_self\"><img loading=\"lazy\" decoding=\"async\" src=\"https:\/\/elbschule.hamburg.de\/wp-content\/uploads\/sites\/127\/2018\/06\/Glu\u0308ck-1-11-591x303.jpg\" height=\"329\" width=\"640\" alt=\"\" class=\"slider-1702 slide-1709 msDefaultImage\" title=\"Glu\u0308ck 1-11\" style=\"display: none;\" \/><\/a>\n<a href=\"javascript:void(0)\" target=\"_self\"><img loading=\"lazy\" decoding=\"async\" src=\"https:\/\/elbschule.hamburg.de\/wp-content\/uploads\/sites\/127\/2018\/06\/EG-1-Kopie-10-591x303.jpg\" height=\"329\" width=\"640\" alt=\"\" class=\"slider-1702 slide-1710 msDefaultImage\" title=\"EG 1 - Kopie-10\" style=\"display: none;\" \/><\/a>\n<a href=\"javascript:void(0)\" target=\"_self\"><img loading=\"lazy\" decoding=\"async\" src=\"https:\/\/elbschule.hamburg.de\/wp-content\/uploads\/sites\/127\/2018\/06\/DSC_0507-8-594x305.jpg\" height=\"329\" width=\"640\" alt=\"\" class=\"slider-1702 slide-1711 msDefaultImage\" title=\"DSC_0507-8\" style=\"display: none;\" \/><\/a>\n<a href=\"javascript:void(0)\" target=\"_self\"><img loading=\"lazy\" decoding=\"async\" src=\"https:\/\/elbschule.hamburg.de\/wp-content\/uploads\/sites\/127\/2018\/06\/DSC_0458-7-594x305.jpg\" height=\"329\" width=\"640\" alt=\"\" class=\"slider-1702 slide-1712 msDefaultImage\" title=\"DSC_0458-7\" style=\"display: none;\" \/><\/a>\n<a href=\"javascript:void(0)\" target=\"_self\"><img loading=\"lazy\" decoding=\"async\" src=\"https:\/\/elbschule.hamburg.de\/wp-content\/uploads\/sites\/127\/2018\/06\/DSC_0247-20-594x305.jpg\" height=\"329\" width=\"640\" alt=\"\" class=\"slider-1702 slide-1713 msDefaultImage\" title=\"DSC_0247-20\" style=\"display: none;\" \/><\/a>\n<a href=\"javascript:void(0)\" target=\"_self\"><img loading=\"lazy\" decoding=\"async\" src=\"https:\/\/elbschule.hamburg.de\/wp-content\/uploads\/sites\/127\/2018\/06\/DSC_0241-6-594x305.jpg\" height=\"329\" width=\"640\" alt=\"\" class=\"slider-1702 slide-1714 msDefaultImage\" title=\"DSC_0241-6\" style=\"display: none;\" \/><\/a>\n<a href=\"javascript:void(0)\" target=\"_self\"><img loading=\"lazy\" decoding=\"async\" src=\"https:\/\/elbschule.hamburg.de\/wp-content\/uploads\/sites\/127\/2018\/06\/DSC_0231-5-594x305.jpg\" height=\"329\" width=\"640\" alt=\"\" class=\"slider-1702 slide-1715 msDefaultImage\" title=\"DSC_0231-5\" style=\"display: none;\" \/><\/a>\n<a href=\"javascript:void(0)\" target=\"_self\"><img loading=\"lazy\" decoding=\"async\" src=\"https:\/\/elbschule.hamburg.de\/wp-content\/uploads\/sites\/127\/2018\/06\/DSC_0194-19-594x305.jpg\" height=\"329\" width=\"640\" alt=\"\" class=\"slider-1702 slide-1716 msDefaultImage\" title=\"DSC_0194-19\" style=\"display: none;\" \/><\/a>\n<a href=\"javascript:void(0)\" target=\"_self\"><img loading=\"lazy\" decoding=\"async\" src=\"https:\/\/elbschule.hamburg.de\/wp-content\/uploads\/sites\/127\/2018\/06\/DSC_0180-4-594x305.jpg\" height=\"329\" width=\"640\" alt=\"\" class=\"slider-1702 slide-1717 msDefaultImage\" title=\"DSC_0180-4\" style=\"display: none;\" \/><\/a>\n<a href=\"javascript:void(0)\" target=\"_self\"><img loading=\"lazy\" decoding=\"async\" src=\"https:\/\/elbschule.hamburg.de\/wp-content\/uploads\/sites\/127\/2018\/06\/DSC_0098-3-594x305.jpg\" height=\"329\" width=\"640\" alt=\"\" class=\"slider-1702 slide-1718 msDefaultImage\" title=\"DSC_0098-3\" style=\"display: none;\" \/><\/a>\n<a href=\"javascript:void(0)\" target=\"_self\"><img loading=\"lazy\" decoding=\"async\" src=\"https:\/\/elbschule.hamburg.de\/wp-content\/uploads\/sites\/127\/2018\/06\/DSC_0119-17-594x305.jpg\" height=\"329\" width=\"640\" alt=\"\" class=\"slider-1702 slide-1719 msDefaultImage\" title=\"DSC_0119-17\" style=\"display: none;\" \/><\/a>\n<a href=\"javascript:void(0)\" target=\"_self\"><img loading=\"lazy\" decoding=\"async\" src=\"https:\/\/elbschule.hamburg.de\/wp-content\/uploads\/sites\/127\/2018\/06\/20180601_152135-12-604x311.jpg\" height=\"329\" width=\"640\" alt=\"\" class=\"slider-1702 slide-1720 msDefaultImage\" title=\"20180601_152135-12\" style=\"display: none;\" \/><\/a>\n<a href=\"javascript:void(0)\" target=\"_self\"><img loading=\"lazy\" decoding=\"async\" src=\"https:\/\/elbschule.hamburg.de\/wp-content\/uploads\/sites\/127\/2018\/06\/DSC_0014-1-594x305.jpg\" height=\"329\" width=\"640\" alt=\"\" class=\"slider-1702 slide-1721 msDefaultImage\" title=\"DSC_0014-1\" style=\"display: none;\" \/><\/a>\n<a href=\"javascript:void(0)\" target=\"_self\"><img loading=\"lazy\" decoding=\"async\" src=\"https:\/\/elbschule.hamburg.de\/wp-content\/uploads\/sites\/127\/2018\/06\/20180601_144043-9-604x311.jpg\" height=\"329\" width=\"640\" alt=\"\" class=\"slider-1702 slide-1722 msDefaultImage\" title=\"20180601_144043-9\" style=\"display: none;\" \/><\/a>\n        <\/div>\n        \n    <\/div>\n<\/div>\n<p>&nbsp;<\/p>\n<p>Zum vierten Mal \u00f6ffnete die Elbschule f\u00fcr alle Interessierten ihre T\u00fcren und pr\u00e4sentierte am 01.06.2018 eine anspruchsvolle Mischung aus Theater, Musik, Fotografie, Film, Bildender Kunst und vielen anderen spannenden Unterrichtsprojekten.<\/p>\n<p>Wer nicht dabei sein konnte, wird anhand der Bilderstrecke einen nachtr\u00e4glichen Eindruck erhalten. Wer aber dabei war, wird sich gerne erinnern an diesen gelungenen Tag voller ELBSCHULKULTUR!<\/p>\n<p>&#8230;noch mehr Elbschulkultur? Hier geht&#8217;s zum <a href=\"https:\/\/elbschule.hamburg.de\/?page_id=1776\" target=\"_blank\" rel=\"noopener\">Elbschulkultur-Tag 2017!<\/a><\/p>\n","protected":false},"excerpt":{"rendered":"<p>&nbsp; Zum vierten Mal \u00f6ffnete die Elbschule f\u00fcr alle Interessierten ihre T\u00fcren und pr\u00e4sentierte am 01.06.2018 eine anspruchsvolle Mischung aus Theater, Musik, Fotografie, Film, Bildender Kunst und vielen anderen spannenden Unterrichtsprojekten. Wer nicht dabei sein konnte, wird anhand der Bilderstrecke einen nachtr\u00e4glichen Eindruck erhalten. Wer aber dabei war, wird sich gerne erinnern an diesen gelungenen &hellip; <a href=\"https:\/\/elbschule.hamburg.de\/?page_id=1727\" class=\"more-link\"><span class=\"screen-reader-text\">ELBSCHULKULTUR-Tag bewegte G\u00e4ste und die Schulgemeinschaft<\/span> weiterlesen <span class=\"meta-nav\">&rarr;<\/span><\/a><\/p>\n","protected":false},"author":206,"featured_media":0,"parent":0,"menu_order":0,"comment_status":"closed","ping_status":"closed","template":"","meta":{"_acf_changed":false,"footnotes":""},"class_list":["post-1727","page","type-page","status-publish","hentry"],"acf":[],"_links":{"self":[{"href":"https:\/\/elbschule.hamburg.de\/index.php?rest_route=\/wp\/v2\/pages\/1727","targetHints":{"allow":["GET"]}}],"collection":[{"href":"https:\/\/elbschule.hamburg.de\/index.php?rest_route=\/wp\/v2\/pages"}],"about":[{"href":"https:\/\/elbschule.hamburg.de\/index.php?rest_route=\/wp\/v2\/types\/page"}],"author":[{"embeddable":true,"href":"https:\/\/elbschule.hamburg.de\/index.php?rest_route=\/wp\/v2\/users\/206"}],"replies":[{"embeddable":true,"href":"https:\/\/elbschule.hamburg.de\/index.php?rest_route=%2Fwp%2Fv2%2Fcomments&post=1727"}],"version-history":[{"count":0,"href":"https:\/\/elbschule.hamburg.de\/index.php?rest_route=\/wp\/v2\/pages\/1727\/revisions"}],"wp:attachment":[{"href":"https:\/\/elbschule.hamburg.de\/index.php?rest_route=%2Fwp%2Fv2%2Fmedia&parent=1727"}],"curies":[{"name":"wp","href":"https:\/\/api.w.org\/{rel}","templated":true}]}}