{"id":168,"date":"2015-06-27T11:48:11","date_gmt":"2015-06-27T11:48:11","guid":{"rendered":"http:\/\/elbschule.schulhomepages.hamburg.de\/?page_id=168"},"modified":"2025-09-10T15:56:42","modified_gmt":"2025-09-10T15:56:42","slug":"paedagogische-audiologische-beratungsstelle","status":"publish","type":"page","link":"https:\/\/elbschule.hamburg.de\/?page_id=168","title":{"rendered":"P\u00e4dagogische audiologische Beratungsstelle"},"content":{"rendered":"<h2><\/h2>\n<div class=\"maintext\">\n<p><img loading=\"lazy\" decoding=\"async\" class=\"alignleft wp-image-3882 size-full\" src=\"https:\/\/elbschule.hamburg.de\/wp-content\/uploads\/sites\/127\/2023\/02\/auswahl-4215.jpg\" alt=\"\" width=\"800\" height=\"533\" srcset=\"https:\/\/elbschule.hamburg.de\/wp-content\/uploads\/sites\/127\/2023\/02\/auswahl-4215.jpg 800w, https:\/\/elbschule.hamburg.de\/wp-content\/uploads\/sites\/127\/2023\/02\/auswahl-4215-300x200.jpg 300w, https:\/\/elbschule.hamburg.de\/wp-content\/uploads\/sites\/127\/2023\/02\/auswahl-4215-768x512.jpg 768w\" sizes=\"auto, (max-width: 800px) 100vw, 800px\" \/><\/p>\n<p><strong><br \/>\nWer sind wir?<\/strong><\/p>\n<p>Wir sind ein Team von H\u00f6rgesch\u00e4digtenp\u00e4dagogen mit langj\u00e4hriger Erfahrung in der p\u00e4dagogisch-audiologischen \u00dcberpr\u00fcfung von H\u00f6rst\u00f6rungen. H\u00f6rst\u00f6rungen k\u00f6nnen sich sowohl auf das periphere H\u00f6ren (Au\u00dfenohr, Mittelohr, Innenohr) wie auch auf das &#8222;zentrale&#8220; H\u00f6ren (= auditive Verarbeitung und Wahrnehmung ) beziehen.<br \/>\nDar\u00fcber hinaus haben wir umfangreiche Kenntnisse in der \u00dcberpr\u00fcfung von H\u00f6rhilfen (H\u00f6rger\u00e4ten, Cochlea-Implantaten = CI) und deren Eignung f\u00fcr die festgestellte H\u00f6rst\u00f6rung.<\/p>\n<p><strong>Wof\u00fcr sind wir zust\u00e4ndig?<\/strong><\/p>\n<p>F\u00fcr Kinder mit einer peripheren H\u00f6rsch\u00e4digung ist es sehr wichtig,\u00a0dass ihre H\u00f6<span class=\"Apple-style-span\">rsch\u00e4di<\/span>gung fr\u00fch erkannt und sie m\u00f6glichst schnell mit gut angepassten H\u00f6rhilfen versorgt werden. Dies ist insbesondere bei Kleinkindern und Schulkindern von gro\u00dfer Bedeutung, damit sie eine m\u00f6glichst nat\u00fcrliche H\u00f6r- und Sprachentwicklung durchlaufen, bzw. den individuellen M\u00f6glichkeiten entsprechend in der Schule erfolgreich mitarbeiten k\u00f6nnen.<\/p>\n<p>In unserer Schule \u00fcberpr\u00fcfen wir deshalb regelm\u00e4\u00dfig den H\u00f6rstatus aller durch uns unterrichteten und gef\u00f6rderten Kinder und Jugendlichen, um eine m\u00f6gliche Ver\u00e4nderung fr\u00fchzeitig zu erfassen. Ebenso ist es unsere Aufgabe, die H\u00f6rhilfen der Kinder und Jugendlichen auf ihre Funktionst\u00fcchtigkeit und auf ihre Effektivit\u00e4t hin konstruktiv-kritisch zu hinterfragen, um die auditiven Auswirkungen einer H\u00f6rsch\u00e4digung so gering wie m\u00f6glich zu halten. Die gewonnenen Daten und Erkenntnisse werden mit den Eltern bzw. den zust\u00e4ndigen P\u00e4dagogen\/innen er\u00f6rtert, damit entsprechende Verhaltensweisen bzw. methodische Zugehensweisen optimiert werden.<\/p>\n<p>Wir\u00a0sind auch Ansprechpartner f\u00fcr Lehrerinnen und Lehrer an allgemeinen Schulen, die Fragen bez\u00fcglich des H\u00f6rstatus bzw. der auditiven Verarbeitung und Wahrnehmung eines\/r ihrer Sch\u00fcler\/innen haben. Nach entsprechender Terminabsprache werden diese zusammen mit ihren Eltern zu einer p\u00e4dagogisch-audiologischen \u00dcberpr\u00fcfung eingeladen.<\/p>\n<p>Ansprechpartner sind wir ebenfalls f\u00fcr Eltern, deren Kinder mit einer H\u00f6rsch\u00e4digung in der allgemeinen Schule beschult werden. In diesen F\u00e4llen muss vorrangig abgekl\u00e4rt werden, inwieweit die H\u00f6rst\u00f6rung des Kindes und die h\u00f6rtechnische Versorgung ein Sprachverstehen unter St\u00f6rschallbedingungen (Umweltger\u00e4usche) erm\u00f6glicht. Eine p\u00e4dagogisch-audiologische \u00dcberpr\u00fcfung unter diesem Gesichtspunkt ist immer Voraussetzung f\u00fcr eine ambulante Beratung und Unterst\u00fctzung betroffener Sch\u00fcler\/innen in allgemeinen Schulen (siehe Integration).<\/p>\n<p><strong>Was machen wir?<\/strong><\/p>\n<p>Wir &#8230;<\/p>\n<ul>\n<li>\u00fcberpr\u00fcfen das H\u00f6rverm\u00f6gen mit und ohne H\u00f6rhilfen (= Audiogramm)<\/li>\n<li>\u00fcberpr\u00fcfen Kinder hinsichtlich einer zentralen H\u00f6rst\u00f6rung (= auditive Verarbeitungs- und Wahrnehmungsst\u00f6rung)<\/li>\n<li>\u00fcberpr\u00fcfen das Sprachverstehen mit den H\u00f6rhilfen sowohl in Ruhe als auch im St\u00f6rschall (=Sprachaudiometrie)<\/li>\n<li>arbeiten interdisziplin\u00e4r mit den diagnostizierenden Medizinern und den versorgenden Akustikern zusammen<\/li>\n<li>\u00fcberpr\u00fcfen H\u00f6rger\u00e4te und Cochlea Implantate hinsichtlich ihrer Funktionst\u00fcchtigkeit und ihrer Effektivit\u00e4t<\/li>\n<li>beraten Eltern in Bezug auf p\u00e4dagogische F\u00f6rderung und h\u00f6rtechnische Versorgung ihres Kindes<\/li>\n<\/ul>\n<p><strong>Wo finden Sie uns?<br \/>\n<\/strong><a href=\"https:\/\/elbschule.hamburg.de\/?page_id=48\" target=\"_blank\" rel=\"noopener noreferrer\">Lageplan<\/a><\/p>\n<\/div>\n<div class=\"maintext\"><img loading=\"lazy\" decoding=\"async\" class=\"alignleft size-full wp-image-674\" src=\"https:\/\/elbschule.hamburg.de\/wp-content\/uploads\/sites\/127\/2015\/09\/roth.jpg\" alt=\"roth\" width=\"370\" height=\"191\" srcset=\"https:\/\/elbschule.hamburg.de\/wp-content\/uploads\/sites\/127\/2015\/09\/roth.jpg 370w, https:\/\/elbschule.hamburg.de\/wp-content\/uploads\/sites\/127\/2015\/09\/roth-300x155.jpg 300w\" sizes=\"auto, (max-width: 370px) 100vw, 370px\" \/><\/div>\n<div class=\"maintext\"><\/div>\n<div class=\"maintext\"><\/div>\n<div class=\"maintext\">\n<p><strong><br \/>\nIngrid Roth<\/strong><br \/>\nLeiterin der Abteilung III<br \/>\nTel.: 040 &#8211; 428 485 -0<br \/>\nIngrid.Roth(at)bsfb.hamburg.de<\/p>\n<p>&nbsp;<\/p>\n<\/div>\n","protected":false},"excerpt":{"rendered":"<p>Wer sind wir? Wir sind ein Team von H\u00f6rgesch\u00e4digtenp\u00e4dagogen mit langj\u00e4hriger Erfahrung in der p\u00e4dagogisch-audiologischen \u00dcberpr\u00fcfung von H\u00f6rst\u00f6rungen. H\u00f6rst\u00f6rungen k\u00f6nnen sich sowohl auf das periphere H\u00f6ren (Au\u00dfenohr, Mittelohr, Innenohr) wie auch auf das &#8222;zentrale&#8220; H\u00f6ren (= auditive Verarbeitung und Wahrnehmung ) beziehen. Dar\u00fcber hinaus haben wir umfangreiche Kenntnisse in der \u00dcberpr\u00fcfung von H\u00f6rhilfen (H\u00f6rger\u00e4ten, Cochlea-Implantaten &hellip; <a href=\"https:\/\/elbschule.hamburg.de\/?page_id=168\" class=\"more-link\"><span class=\"screen-reader-text\">P\u00e4dagogische audiologische Beratungsstelle<\/span> weiterlesen <span class=\"meta-nav\">&rarr;<\/span><\/a><\/p>\n","protected":false},"author":207,"featured_media":0,"parent":0,"menu_order":0,"comment_status":"closed","ping_status":"closed","template":"","meta":{"_acf_changed":false,"footnotes":""},"class_list":["post-168","page","type-page","status-publish","hentry"],"acf":[],"_links":{"self":[{"href":"https:\/\/elbschule.hamburg.de\/index.php?rest_route=\/wp\/v2\/pages\/168","targetHints":{"allow":["GET"]}}],"collection":[{"href":"https:\/\/elbschule.hamburg.de\/index.php?rest_route=\/wp\/v2\/pages"}],"about":[{"href":"https:\/\/elbschule.hamburg.de\/index.php?rest_route=\/wp\/v2\/types\/page"}],"author":[{"embeddable":true,"href":"https:\/\/elbschule.hamburg.de\/index.php?rest_route=\/wp\/v2\/users\/207"}],"replies":[{"embeddable":true,"href":"https:\/\/elbschule.hamburg.de\/index.php?rest_route=%2Fwp%2Fv2%2Fcomments&post=168"}],"version-history":[{"count":8,"href":"https:\/\/elbschule.hamburg.de\/index.php?rest_route=\/wp\/v2\/pages\/168\/revisions"}],"predecessor-version":[{"id":5186,"href":"https:\/\/elbschule.hamburg.de\/index.php?rest_route=\/wp\/v2\/pages\/168\/revisions\/5186"}],"wp:attachment":[{"href":"https:\/\/elbschule.hamburg.de\/index.php?rest_route=%2Fwp%2Fv2%2Fmedia&parent=168"}],"curies":[{"name":"wp","href":"https:\/\/api.w.org\/{rel}","templated":true}]}}