{"id":1610,"date":"2018-05-01T11:45:47","date_gmt":"2018-05-01T11:45:47","guid":{"rendered":"http:\/\/elbschule.hamburg.de\/?page_id=1610"},"modified":"2018-05-01T11:45:47","modified_gmt":"2018-05-01T11:45:47","slug":"besuch-einer-berufsschulklasse","status":"publish","type":"page","link":"https:\/\/elbschule.hamburg.de\/?page_id=1610","title":{"rendered":"Besuch einer Berufsschulklasse"},"content":{"rendered":"<p><a href=\"https:\/\/elbschule.hamburg.de\/wp-content\/uploads\/sites\/127\/2018\/05\/IMG_7135.jpg\" data-rel=\"lightbox\" data-rl_title=\"\" data-rl_caption=\"\" title=\"\"><img loading=\"lazy\" decoding=\"async\" class=\"wp-image-1614 alignleft\" src=\"https:\/\/elbschule.hamburg.de\/wp-content\/uploads\/sites\/127\/2018\/05\/IMG_7135.jpg\" alt=\"\" width=\"317\" height=\"238\" srcset=\"https:\/\/elbschule.hamburg.de\/wp-content\/uploads\/sites\/127\/2018\/05\/IMG_7135.jpg 640w, https:\/\/elbschule.hamburg.de\/wp-content\/uploads\/sites\/127\/2018\/05\/IMG_7135-300x225.jpg 300w\" sizes=\"auto, (max-width: 317px) 100vw, 317px\" \/><\/a><\/p>\n<p>Am Donnerstag, den 19. April 2018 hatte die Elbschule Besuch von einer Klasse der Anna-Warburg-Schule \u2013 Berufliche Schule f\u00fcr Sozialp\u00e4dagogik.<\/p>\n<p>&nbsp;<\/p>\n<p>&nbsp;<\/p>\n<p>&nbsp;<\/p>\n<p>Die 22 Berufssch\u00fclerinnen und -sch\u00fcler machen gerade eine <a href=\"https:\/\/elbschule.hamburg.de\/wp-content\/uploads\/sites\/127\/2018\/05\/IMG_7139.jpg\" data-rel=\"lightbox\" data-rl_title=\"\" data-rl_caption=\"\" title=\"\"><img loading=\"lazy\" decoding=\"async\" class=\" wp-image-1616 alignright\" src=\"https:\/\/elbschule.hamburg.de\/wp-content\/uploads\/sites\/127\/2018\/05\/IMG_7139.jpg\" alt=\"\" width=\"186\" height=\"248\" srcset=\"https:\/\/elbschule.hamburg.de\/wp-content\/uploads\/sites\/127\/2018\/05\/IMG_7139.jpg 640w, https:\/\/elbschule.hamburg.de\/wp-content\/uploads\/sites\/127\/2018\/05\/IMG_7139-225x300.jpg 225w\" sizes=\"auto, (max-width: 186px) 100vw, 186px\" \/><\/a>Ausbildung zur Sozialp\u00e4dagogischen Assistentin bzw. zum Sozialp\u00e4dagogischen Assistenten (SPA). Das ist eine \u201eVorstufe\u201c zur Erzieherin bzw. zum Erzieher. Da in der Ausbildung auch Psychomotorik ein Bestandteil ist, wollten sie sich gemeinsam mit ihren beiden Lehrerinnen gern den Psychomotorik-Unterricht ansehen und haben dabei schnell Kontakt zu unseren Sch\u00fclerinnen und Sch\u00fclern aufgenommen.<\/p>\n<p>&nbsp;<\/p>\n<p><a href=\"https:\/\/elbschule.hamburg.de\/wp-content\/uploads\/sites\/127\/2018\/05\/IMG_7133.jpg\" data-rel=\"lightbox\" data-rl_title=\"\" data-rl_caption=\"\" title=\"\"><img loading=\"lazy\" decoding=\"async\" class=\"wp-image-1613 alignnone\" src=\"https:\/\/elbschule.hamburg.de\/wp-content\/uploads\/sites\/127\/2018\/05\/IMG_7133.jpg\" alt=\"\" width=\"316\" height=\"237\" srcset=\"https:\/\/elbschule.hamburg.de\/wp-content\/uploads\/sites\/127\/2018\/05\/IMG_7133.jpg 640w, https:\/\/elbschule.hamburg.de\/wp-content\/uploads\/sites\/127\/2018\/05\/IMG_7133-300x225.jpg 300w\" sizes=\"auto, (max-width: 316px) 100vw, 316px\" \/><\/a><\/p>\n<p>&nbsp;<\/p>\n<p><a href=\"https:\/\/elbschule.hamburg.de\/wp-content\/uploads\/sites\/127\/2018\/05\/IMG_7136.jpg\" data-rel=\"lightbox\" data-rl_title=\"\" data-rl_caption=\"\" title=\"\"><img loading=\"lazy\" decoding=\"async\" class=\"wp-image-1615 alignright\" src=\"https:\/\/elbschule.hamburg.de\/wp-content\/uploads\/sites\/127\/2018\/05\/IMG_7136.jpg\" alt=\"\" width=\"245\" height=\"327\" srcset=\"https:\/\/elbschule.hamburg.de\/wp-content\/uploads\/sites\/127\/2018\/05\/IMG_7136.jpg 640w, https:\/\/elbschule.hamburg.de\/wp-content\/uploads\/sites\/127\/2018\/05\/IMG_7136-225x300.jpg 225w\" sizes=\"auto, (max-width: 245px) 100vw, 245px\" \/><\/a>Au\u00dferdem haben sich die SPAs mit Sch\u00fclerinnen und Sch\u00fclern der Klassen 8-I, 9-I und 10-I zum Gespr\u00e4ch getroffen. Unsere Sch\u00fclerinnen hatten die Gelegenheit, Fragen zur Ausbildung zu stellen. Die SPAs waren daran interessiert, etwas \u00fcber das Leben mit einer H\u00f6rsch\u00e4digung zu erfahren. Schlie\u00dflich w\u00e4re es m\u00f6glich, dass sie in ihrer sp\u00e4teren T\u00e4tigkeit auch h\u00f6rgesch\u00e4digte Kinder betreuen. Einige von ihnen k\u00f6nnten sich gut vorstellen, sp\u00e4ter an der Elbschule zu arbeiten.<\/p>\n<p>&nbsp;<\/p>\n<p><a href=\"https:\/\/elbschule.hamburg.de\/wp-content\/uploads\/sites\/127\/2018\/05\/IMG_7132.jpg\" data-rel=\"lightbox\" data-rl_title=\"\" data-rl_caption=\"\" title=\"\"><img loading=\"lazy\" decoding=\"async\" class=\" wp-image-1612 alignleft\" src=\"https:\/\/elbschule.hamburg.de\/wp-content\/uploads\/sites\/127\/2018\/05\/IMG_7132.jpg\" alt=\"\" width=\"277\" height=\"207\" srcset=\"https:\/\/elbschule.hamburg.de\/wp-content\/uploads\/sites\/127\/2018\/05\/IMG_7132.jpg 640w, https:\/\/elbschule.hamburg.de\/wp-content\/uploads\/sites\/127\/2018\/05\/IMG_7132-300x225.jpg 300w\" sizes=\"auto, (max-width: 277px) 100vw, 277px\" \/><\/a><\/p>\n<p>Hoffentlich kann die Zusammenarbeit der beiden Schulen weitergef\u00fchrt werden. Eine Einladung zu einem Gegenbesuch in der Anna-Warburg-Schule wurde zumindest schon ausgesprochen.<\/p>\n<p><a href=\"https:\/\/elbschule.hamburg.de\/wp-content\/uploads\/sites\/127\/2018\/05\/IMG_7130.jpg\" data-rel=\"lightbox\" data-rl_title=\"\" data-rl_caption=\"\" title=\"\"><img loading=\"lazy\" decoding=\"async\" class=\"alignleft size-full wp-image-1611\" src=\"https:\/\/elbschule.hamburg.de\/wp-content\/uploads\/sites\/127\/2018\/05\/IMG_7130.jpg\" alt=\"\" width=\"640\" height=\"480\" srcset=\"https:\/\/elbschule.hamburg.de\/wp-content\/uploads\/sites\/127\/2018\/05\/IMG_7130.jpg 640w, https:\/\/elbschule.hamburg.de\/wp-content\/uploads\/sites\/127\/2018\/05\/IMG_7130-300x225.jpg 300w\" sizes=\"auto, (max-width: 640px) 100vw, 640px\" \/><\/a><\/p>\n<p>&nbsp;<\/p>\n","protected":false},"excerpt":{"rendered":"<p>Am Donnerstag, den 19. April 2018 hatte die Elbschule Besuch von einer Klasse der Anna-Warburg-Schule \u2013 Berufliche Schule f\u00fcr Sozialp\u00e4dagogik. &nbsp; &nbsp; &nbsp; Die 22 Berufssch\u00fclerinnen und -sch\u00fcler machen gerade eine Ausbildung zur Sozialp\u00e4dagogischen Assistentin bzw. zum Sozialp\u00e4dagogischen Assistenten (SPA). Das ist eine \u201eVorstufe\u201c zur Erzieherin bzw. zum Erzieher. Da in der Ausbildung auch Psychomotorik &hellip; <a href=\"https:\/\/elbschule.hamburg.de\/?page_id=1610\" class=\"more-link\"><span class=\"screen-reader-text\">Besuch einer Berufsschulklasse<\/span> weiterlesen <span class=\"meta-nav\">&rarr;<\/span><\/a><\/p>\n","protected":false},"author":207,"featured_media":0,"parent":0,"menu_order":0,"comment_status":"closed","ping_status":"closed","template":"","meta":{"_acf_changed":false,"footnotes":""},"class_list":["post-1610","page","type-page","status-publish","hentry"],"acf":[],"_links":{"self":[{"href":"https:\/\/elbschule.hamburg.de\/index.php?rest_route=\/wp\/v2\/pages\/1610","targetHints":{"allow":["GET"]}}],"collection":[{"href":"https:\/\/elbschule.hamburg.de\/index.php?rest_route=\/wp\/v2\/pages"}],"about":[{"href":"https:\/\/elbschule.hamburg.de\/index.php?rest_route=\/wp\/v2\/types\/page"}],"author":[{"embeddable":true,"href":"https:\/\/elbschule.hamburg.de\/index.php?rest_route=\/wp\/v2\/users\/207"}],"replies":[{"embeddable":true,"href":"https:\/\/elbschule.hamburg.de\/index.php?rest_route=%2Fwp%2Fv2%2Fcomments&post=1610"}],"version-history":[{"count":0,"href":"https:\/\/elbschule.hamburg.de\/index.php?rest_route=\/wp\/v2\/pages\/1610\/revisions"}],"wp:attachment":[{"href":"https:\/\/elbschule.hamburg.de\/index.php?rest_route=%2Fwp%2Fv2%2Fmedia&parent=1610"}],"curies":[{"name":"wp","href":"https:\/\/api.w.org\/{rel}","templated":true}]}}