{"id":1603,"date":"2018-04-17T06:46:08","date_gmt":"2018-04-17T06:46:08","guid":{"rendered":"http:\/\/elbschule.hamburg.de\/?page_id=1603"},"modified":"2018-05-15T08:43:49","modified_gmt":"2018-05-15T08:43:49","slug":"zwei-zeitzeugen-erzaehlen-ihre-geschichte","status":"publish","type":"page","link":"https:\/\/elbschule.hamburg.de\/?page_id=1603","title":{"rendered":"Zwei Zeitzeugen erz\u00e4hlen ihre Geschichte"},"content":{"rendered":"<p>Zwei Zeitzeugen waren zu Besuch bei uns in der Elbschule.<\/p>\n<figure id=\"attachment_1608\" aria-describedby=\"caption-attachment-1608\" style=\"width: 446px\" class=\"wp-caption alignleft\"><a href=\"https:\/\/elbschule.hamburg.de\/wp-content\/uploads\/sites\/127\/2018\/04\/Zeitleiste-von-Wilhelm-Simonsohn.jpg\" data-rel=\"lightbox\" data-rl_title=\"\" data-rl_caption=\"\" title=\"\"><img loading=\"lazy\" decoding=\"async\" class=\" wp-image-1608\" src=\"https:\/\/elbschule.hamburg.de\/wp-content\/uploads\/sites\/127\/2018\/04\/Zeitleiste-von-Wilhelm-Simonsohn.jpg\" alt=\"\" width=\"446\" height=\"188\" srcset=\"https:\/\/elbschule.hamburg.de\/wp-content\/uploads\/sites\/127\/2018\/04\/Zeitleiste-von-Wilhelm-Simonsohn.jpg 640w, https:\/\/elbschule.hamburg.de\/wp-content\/uploads\/sites\/127\/2018\/04\/Zeitleiste-von-Wilhelm-Simonsohn-300x127.jpg 300w\" sizes=\"auto, (max-width: 446px) 100vw, 446px\" \/><\/a><figcaption id=\"caption-attachment-1608\" class=\"wp-caption-text\">Zeitleiste von Wilhelm Simonsohn<\/figcaption><\/figure>\n<figure id=\"attachment_1607\" aria-describedby=\"caption-attachment-1607\" style=\"width: 241px\" class=\"wp-caption alignright\"><a href=\"https:\/\/elbschule.hamburg.de\/wp-content\/uploads\/sites\/127\/2018\/04\/Ingeborg-Brusberg-im-Jahre-1938.jpg\" data-rel=\"lightbox\" data-rl_title=\"\" data-rl_caption=\"\" title=\"\"><img loading=\"lazy\" decoding=\"async\" class=\" wp-image-1607\" src=\"https:\/\/elbschule.hamburg.de\/wp-content\/uploads\/sites\/127\/2018\/04\/Ingeborg-Brusberg-im-Jahre-1938.jpg\" alt=\"\" width=\"241\" height=\"220\" srcset=\"https:\/\/elbschule.hamburg.de\/wp-content\/uploads\/sites\/127\/2018\/04\/Ingeborg-Brusberg-im-Jahre-1938.jpg 640w, https:\/\/elbschule.hamburg.de\/wp-content\/uploads\/sites\/127\/2018\/04\/Ingeborg-Brusberg-im-Jahre-1938-300x275.jpg 300w\" sizes=\"auto, (max-width: 241px) 100vw, 241px\" \/><\/a><figcaption id=\"caption-attachment-1607\" class=\"wp-caption-text\">Ingeborg Brusberg im Jahre 1938<\/figcaption><\/figure>\n<p>&nbsp;<\/p>\n<p>&nbsp;<\/p>\n<p>&nbsp;<\/p>\n<p>&nbsp;<\/p>\n<p>&nbsp;<\/p>\n<p>Zeitzeugen sind Personen, die \u00fcber eine bestimmte Zeit, in der sie\u00a0gelebt haben, berichten. Die Zeitzeugen hei\u00dfen Wilhelm Simonsohn\u00a0und Ingeborg Brusberg.<\/p>\n<p>&nbsp;<\/p>\n<p>&nbsp;<\/p>\n<p>&nbsp;<\/p>\n<figure id=\"attachment_1604\" aria-describedby=\"caption-attachment-1604\" style=\"width: 221px\" class=\"wp-caption alignleft\"><a href=\"https:\/\/elbschule.hamburg.de\/wp-content\/uploads\/sites\/127\/2018\/04\/Die-Zeitzeugen.jpg\" data-rel=\"lightbox\" data-rl_title=\"\" data-rl_caption=\"\" title=\"\"><img loading=\"lazy\" decoding=\"async\" class=\" wp-image-1604\" src=\"https:\/\/elbschule.hamburg.de\/wp-content\/uploads\/sites\/127\/2018\/04\/Die-Zeitzeugen.jpg\" alt=\"\" width=\"221\" height=\"166\" srcset=\"https:\/\/elbschule.hamburg.de\/wp-content\/uploads\/sites\/127\/2018\/04\/Die-Zeitzeugen.jpg 640w, https:\/\/elbschule.hamburg.de\/wp-content\/uploads\/sites\/127\/2018\/04\/Die-Zeitzeugen-300x225.jpg 300w\" sizes=\"auto, (max-width: 221px) 100vw, 221px\" \/><\/a><figcaption id=\"caption-attachment-1604\" class=\"wp-caption-text\">Die zwei Zeitzeugen: Frau Brusberg, Herr Simonsohn und sein Begleiter Herr Schmidt.<\/figcaption><\/figure>\n<p>Sie haben uns \u00fcber den Zweiten Weltkrieg berichtet. Wir haben uns\u00a0sehr \u00fcber den Besuch gefreut, weil wir uns durch ihre Erz\u00e4hlungen\u00a0in ihre Situation hineinversetzen konnten und so mehr \u00fcber den Zweiten Weltkrieg erfahren konnten.<\/p>\n<p>&nbsp;<\/p>\n<p>&nbsp;<\/p>\n<p>Der Zeitzeuge Wilhelm Simonsohn wurde am 9. September 1919 in Altona geboren. Er ist 98 Jahre alt! Er wurde als kleines Kind aus dem Landespflegeheim Osdorf adoptiert. Sein Adoptivvater starb ein Jahr nachdem er aus dem Konzentrationslager frei kam. Sein Vater war Jude, seine Mutter nicht. Bei einer Zwangsuntersuchung wurde Herr Simonsohn als \u201eArier\u201c eingestuft, deswegen musste er zur Marine-Hitlerjugend. Mit 15 Jahren stieg er aus der Marine-Hitlerjugend aus. Im Zweiten Weltkrieg arbeitete er als Fliegerhorst-Offizier, danach machte er eine Ausbildung zum Nachtj\u00e4ger, weil er keine Menschen t\u00f6ten wollte. Herr Simonsohn war trotz seiner schweren Vergangenheit und seines Alters sehr sympathisch, lustig, offen und ehrlich. Das hat uns beeindruckt.<\/p>\n<figure id=\"attachment_1605\" aria-describedby=\"caption-attachment-1605\" style=\"width: 193px\" class=\"wp-caption alignright\"><a href=\"https:\/\/elbschule.hamburg.de\/wp-content\/uploads\/sites\/127\/2018\/04\/Frau-Brusberg.jpg\" data-rel=\"lightbox\" data-rl_title=\"\" data-rl_caption=\"\" title=\"\"><img loading=\"lazy\" decoding=\"async\" class=\" wp-image-1605\" src=\"https:\/\/elbschule.hamburg.de\/wp-content\/uploads\/sites\/127\/2018\/04\/Frau-Brusberg.jpg\" alt=\"\" width=\"193\" height=\"116\" srcset=\"https:\/\/elbschule.hamburg.de\/wp-content\/uploads\/sites\/127\/2018\/04\/Frau-Brusberg.jpg 640w, https:\/\/elbschule.hamburg.de\/wp-content\/uploads\/sites\/127\/2018\/04\/Frau-Brusberg-300x181.jpg 300w\" sizes=\"auto, (max-width: 193px) 100vw, 193px\" \/><\/a><figcaption id=\"caption-attachment-1605\" class=\"wp-caption-text\">Nach den Erz\u00e4hlungen bleibt Frau Brusberg noch in der Klasse und beantwortet ausf\u00fchrlich unsere Fragen.<\/figcaption><\/figure>\n<p>Die Zeitzeugin Ingeborg Brusberg erz\u00e4hlte uns von ihrer Kindheit im Zweiten Weltkrieg. Das Haus, in dem sie als Kind lebte, brannte aus. Es blieben nur Tr\u00fcmmer \u00fcbrig. Frau Brunsberg erlebte viele Bombenangriffe. Manche Dinge erinnern Frau Brunsberg noch an die Zeit damals. Die Laserstrahlen, die manchmal bei Festen in Hamburg \u00fcber den dunklen Himmel huschen, erinnern sie an die langen Strahlen den Suchscheinwerfer, die sie sah, wenn sie zum Luftschutzkeller \u00fcber die Stra\u00dfen laufen mussten.<\/p>\n<p>Wir bedanken uns bei Frau Brusberg und Herrn Simonsohn daf\u00fcr, dass sie sich als Zeitzeugen engagieren und uns ihre Geschichte erz\u00e4hlt haben. Ihre Geschichten haben uns sehr ber\u00fchrt und uns deutlich gemacht, welche Leiden mit Krieg verbunden sind und wie dankbar wir daher \u00fcber den Frieden in unserem Land sein k\u00f6nnen.<\/p>\n<figure id=\"attachment_1606\" aria-describedby=\"caption-attachment-1606\" style=\"width: 383px\" class=\"wp-caption aligncenter\"><a href=\"https:\/\/elbschule.hamburg.de\/wp-content\/uploads\/sites\/127\/2018\/04\/Gruppenfoto.jpg\" data-rel=\"lightbox\" data-rl_title=\"\" data-rl_caption=\"\" title=\"\"><img loading=\"lazy\" decoding=\"async\" class=\" wp-image-1606\" src=\"https:\/\/elbschule.hamburg.de\/wp-content\/uploads\/sites\/127\/2018\/04\/Gruppenfoto.jpg\" alt=\"\" width=\"383\" height=\"255\" srcset=\"https:\/\/elbschule.hamburg.de\/wp-content\/uploads\/sites\/127\/2018\/04\/Gruppenfoto.jpg 640w, https:\/\/elbschule.hamburg.de\/wp-content\/uploads\/sites\/127\/2018\/04\/Gruppenfoto-300x200.jpg 300w\" sizes=\"auto, (max-width: 383px) 100vw, 383px\" \/><\/a><figcaption id=\"caption-attachment-1606\" class=\"wp-caption-text\">Gruppenfoto mit den Zeitzeugen und der Klasse 10I, die auch bei dem Gespr\u00e4ch mit den Zeitzeugen dabei war.<\/figcaption><\/figure>\n<p>Artikel verfasst von den Sch\u00fclerinnen und Sch\u00fclern der Klasse 9I und Tina Heine<\/p>\n","protected":false},"excerpt":{"rendered":"<p>Zwei Zeitzeugen waren zu Besuch bei uns in der Elbschule. &nbsp; &nbsp; &nbsp; &nbsp; &nbsp; Zeitzeugen sind Personen, die \u00fcber eine bestimmte Zeit, in der sie\u00a0gelebt haben, berichten. Die Zeitzeugen hei\u00dfen Wilhelm Simonsohn\u00a0und Ingeborg Brusberg. &nbsp; &nbsp; &nbsp; Sie haben uns \u00fcber den Zweiten Weltkrieg berichtet. Wir haben uns\u00a0sehr \u00fcber den Besuch gefreut, weil wir &hellip; <a href=\"https:\/\/elbschule.hamburg.de\/?page_id=1603\" class=\"more-link\"><span class=\"screen-reader-text\">Zwei Zeitzeugen erz\u00e4hlen ihre Geschichte<\/span> weiterlesen <span class=\"meta-nav\">&rarr;<\/span><\/a><\/p>\n","protected":false},"author":207,"featured_media":0,"parent":0,"menu_order":0,"comment_status":"closed","ping_status":"closed","template":"","meta":{"_acf_changed":false,"footnotes":""},"class_list":["post-1603","page","type-page","status-publish","hentry"],"acf":[],"_links":{"self":[{"href":"https:\/\/elbschule.hamburg.de\/index.php?rest_route=\/wp\/v2\/pages\/1603","targetHints":{"allow":["GET"]}}],"collection":[{"href":"https:\/\/elbschule.hamburg.de\/index.php?rest_route=\/wp\/v2\/pages"}],"about":[{"href":"https:\/\/elbschule.hamburg.de\/index.php?rest_route=\/wp\/v2\/types\/page"}],"author":[{"embeddable":true,"href":"https:\/\/elbschule.hamburg.de\/index.php?rest_route=\/wp\/v2\/users\/207"}],"replies":[{"embeddable":true,"href":"https:\/\/elbschule.hamburg.de\/index.php?rest_route=%2Fwp%2Fv2%2Fcomments&post=1603"}],"version-history":[{"count":1,"href":"https:\/\/elbschule.hamburg.de\/index.php?rest_route=\/wp\/v2\/pages\/1603\/revisions"}],"predecessor-version":[{"id":1655,"href":"https:\/\/elbschule.hamburg.de\/index.php?rest_route=\/wp\/v2\/pages\/1603\/revisions\/1655"}],"wp:attachment":[{"href":"https:\/\/elbschule.hamburg.de\/index.php?rest_route=%2Fwp%2Fv2%2Fmedia&parent=1603"}],"curies":[{"name":"wp","href":"https:\/\/api.w.org\/{rel}","templated":true}]}}